{"id":21739,"date":"2025-01-06T16:49:09","date_gmt":"2025-01-06T14:49:09","guid":{"rendered":"https:\/\/uae.mosesexport.com\/salz-fuer-tierfutter\/"},"modified":"2026-02-03T14:11:00","modified_gmt":"2026-02-03T12:11:00","slug":"salz-fuer-tierfutter","status":"publish","type":"page","link":"https:\/\/uae.mosesexport.com\/de\/salz\/salz-fuer-tierfutter\/","title":{"rendered":"Salz f\u00fcr Tierfutter"},"content":{"rendered":"\t\t<div data-elementor-type=\"wp-page\" data-elementor-id=\"21739\" class=\"elementor elementor-21739 elementor-17519\">\n\t\t\t\t<div class=\"elementor-element elementor-element-1e9a286 e-flex e-con-boxed e-con e-parent\" data-id=\"1e9a286\" data-element_type=\"container\" data-e-type=\"container\" data-settings=\"{&quot;background_background&quot;:&quot;classic&quot;}\">\n\t\t\t\t\t<div class=\"e-con-inner\">\n\t\t\t\t<div class=\"elementor-element elementor-element-0f4b00d elementor-widget elementor-widget-heading\" data-id=\"0f4b00d\" data-element_type=\"widget\" data-e-type=\"widget\" data-settings=\"{&quot;wdt_animation_effect&quot;:&quot;none&quot;}\" data-widget_type=\"heading.default\">\n\t\t\t\t<div class=\"elementor-widget-container\">\n\t\t\t\t\t<h2 class=\"elementor-heading-title elementor-size-default\">MOSES\u00ae, Salz f\u00fcr die Tierern\u00e4hrung\n<\/h2>\t\t\t\t<\/div>\n\t\t\t\t<\/div>\n\t\t\t\t\t<\/div>\n\t\t\t\t<\/div>\n\t\t\t\t<section class=\"elementor-section elementor-top-section elementor-element elementor-element-540a36f wdt-no-full-section elementor-section-boxed elementor-section-height-default elementor-section-height-default\" data-id=\"540a36f\" data-element_type=\"section\" data-e-type=\"section\" data-settings=\"{&quot;background_background&quot;:&quot;classic&quot;,&quot;wdt_bg_image&quot;:{&quot;url&quot;:&quot;&quot;,&quot;id&quot;:&quot;&quot;,&quot;size&quot;:&quot;&quot;},&quot;wdt_bg_image_tablet&quot;:{&quot;url&quot;:&quot;&quot;,&quot;id&quot;:&quot;&quot;,&quot;size&quot;:&quot;&quot;},&quot;wdt_bg_image_mobile&quot;:{&quot;url&quot;:&quot;&quot;,&quot;id&quot;:&quot;&quot;,&quot;size&quot;:&quot;&quot;},&quot;wdt_bg_position&quot;:&quot;center center&quot;,&quot;wdt_animation_effect&quot;:&quot;none&quot;}\">\n\t\t\t\t\t\t<div class=\"elementor-container elementor-column-gap-no\">\n\t\t\t\t\t<div class=\"elementor-column elementor-col-50 elementor-top-column elementor-element elementor-element-5973225 animated-fast elementor-invisible\" data-id=\"5973225\" data-element_type=\"column\" data-e-type=\"column\" data-settings=\"{&quot;animation&quot;:&quot;fadeInLeft&quot;,&quot;animation_delay&quot;:&quot;100&quot;}\">\n\t\t\t<div class=\"elementor-widget-wrap elementor-element-populated\">\n\t\t\t\t\t\t<div class=\"elementor-element elementor-element-657478d start elementor-widget elementor-widget-wdt-heading\" data-id=\"657478d\" data-element_type=\"widget\" data-e-type=\"widget\" data-settings=\"{&quot;item_background_background&quot;:&quot;classic&quot;,&quot;wdt_animation_effect&quot;:&quot;none&quot;}\" data-widget_type=\"wdt-heading.default\">\n\t\t\t\t<div class=\"elementor-widget-container\">\n\t\t\t\t\t<div class=\"wdt-heading-holder \" id=\"wdt-heading-657478d\"><div class=\"wdt-heading-content-wrapper\">MOSES\u00ae, Salz f\u00fcr Tierfutter\n\nFuttersalz ist eine wichtige Erg\u00e4nzung zu Tierfutter. Es sorgt f\u00fcr einen ausgeglichenen Mineralstoffhaushalt und tr\u00e4gt zur Gesundheit Ihrer Tiere bei. Es kann als Leckstein oder als Futterzusatz eingesetzt werden, eignet sich aber auch als Konservierungsmittel in Gras- und Maissilage. Meersalz ist empfehlenswert, da es zus\u00e4tzlich wichtige Mineralien und Spurenelemente enth\u00e4lt. Ein weiterer Vorteil: Salz verleiht dem Futter Geschmack und regt den Appetit der Tiere an.<\/div><\/div>\t\t\t\t<\/div>\n\t\t\t\t<\/div>\n\t\t\t\t\t<\/div>\n\t\t<\/div>\n\t\t\t\t<div class=\"wdt-sticky-column elementor-column elementor-col-50 elementor-top-column elementor-element elementor-element-ff42158 wdt-cus-grid-img-counter\" data-wdt-settings=\"{&quot;id&quot;:&quot;ff42158&quot;,&quot;sticky&quot;:true,&quot;topSpacing&quot;:50,&quot;bottomSpacing&quot;:50,&quot;stickyOn&quot;:[&quot;laptop&quot;,&quot;tablet_extra&quot;],&quot;overflowHidden&quot;:false}\" data-id=\"ff42158\" data-element_type=\"column\" data-e-type=\"column\">\n\t\t\t<div class=\"elementor-widget-wrap elementor-element-populated\">\n\t\t\t\t\t\t<div class=\"elementor-element elementor-element-50ca059 elementor-widget elementor-widget-image\" data-id=\"50ca059\" data-element_type=\"widget\" data-e-type=\"widget\" data-settings=\"{&quot;wdt_animation_effect&quot;:&quot;none&quot;}\" data-widget_type=\"image.default\">\n\t\t\t\t<div class=\"elementor-widget-container\">\n\t\t\t\t\t\t\t\t\t\t\t\t\t\t\t<img fetchpriority=\"high\" decoding=\"async\" width=\"1024\" height=\"679\" src=\"https:\/\/uae.mosesexport.com\/wp-content\/uploads\/2025\/01\/\u062d\u064a\u0648\u0627\u0646.jpg\" class=\"attachment-full size-full wp-image-21680\" alt=\"MOSES\u00ae, Zout voor diervoeder\u200b\" srcset=\"https:\/\/uae.mosesexport.com\/wp-content\/uploads\/2025\/01\/\u062d\u064a\u0648\u0627\u0646.jpg 1024w, https:\/\/uae.mosesexport.com\/wp-content\/uploads\/2025\/01\/\u062d\u064a\u0648\u0627\u0646-1000x663.jpg 1000w, https:\/\/uae.mosesexport.com\/wp-content\/uploads\/2025\/01\/\u062d\u064a\u0648\u0627\u0646-300x199.jpg 300w, https:\/\/uae.mosesexport.com\/wp-content\/uploads\/2025\/01\/\u062d\u064a\u0648\u0627\u0646-768x509.jpg 768w\" sizes=\"(max-width: 1024px) 100vw, 1024px\" title=\"\">\t\t\t\t\t\t\t\t\t\t\t\t\t\t\t<\/div>\n\t\t\t\t<\/div>\n\t\t\t\t\t<\/div>\n\t\t<\/div>\n\t\t\t\t\t<\/div>\n\t\t<\/section>\n\t\t<div class=\"elementor-element elementor-element-f7390b4 e-flex e-con-boxed e-con e-parent\" data-id=\"f7390b4\" data-element_type=\"container\" data-e-type=\"container\" data-settings=\"{&quot;background_background&quot;:&quot;classic&quot;}\">\n\t\t\t\t\t<div class=\"e-con-inner\">\n\t\t\t\t<div class=\"elementor-element elementor-element-810858e elementor-widget elementor-widget-heading\" data-id=\"810858e\" data-element_type=\"widget\" data-e-type=\"widget\" data-settings=\"{&quot;wdt_animation_effect&quot;:&quot;none&quot;}\" data-widget_type=\"heading.default\">\n\t\t\t\t<div class=\"elementor-widget-container\">\n\t\t\t\t\t<p class=\"elementor-heading-title elementor-size-default\">PRODUKTE<\/p>\t\t\t\t<\/div>\n\t\t\t\t<\/div>\n\t\t\t\t\t<\/div>\n\t\t\t\t<\/div>\n\t\t<div class=\"elementor-element elementor-element-ec63dbd e-flex e-con-boxed e-con e-parent\" data-id=\"ec63dbd\" data-element_type=\"container\" data-e-type=\"container\">\n\t\t\t\t\t<div class=\"e-con-inner\">\n\t\t\t\t<div class=\"elementor-element elementor-element-ead6810 start start elementor-widget-mobile__width-inherit wdt-cus-service-style-01 elementor-widget elementor-widget-wdt-image-box\" data-id=\"ead6810\" data-element_type=\"widget\" data-e-type=\"widget\" data-settings=\"{&quot;button_normal_background_background&quot;:&quot;classic&quot;,&quot;button_normal_background_color&quot;:&quot;#FFC52700&quot;,&quot;button_hover_background_background&quot;:&quot;classic&quot;,&quot;button_hover_background_color&quot;:&quot;#FFC52700&quot;,&quot;columns&quot;:&quot;3&quot;,&quot;item_normal_background_background&quot;:&quot;classic&quot;,&quot;item_hover_background_background&quot;:&quot;gradient&quot;,&quot;_animation&quot;:&quot;none&quot;,&quot;columns_tablet&quot;:2,&quot;columns_mobile&quot;:1,&quot;carousel_arrows_prev_arrow_vertical_top_indent&quot;:{&quot;unit&quot;:&quot;%&quot;,&quot;size&quot;:&quot;&quot;,&quot;sizes&quot;:[]},&quot;carousel_arrows_prev_arrow_vertical_top_indent_tablet&quot;:{&quot;unit&quot;:&quot;%&quot;,&quot;size&quot;:&quot;&quot;,&quot;sizes&quot;:[]},&quot;carousel_arrows_prev_arrow_vertical_top_indent_mobile&quot;:{&quot;unit&quot;:&quot;%&quot;,&quot;size&quot;:&quot;&quot;,&quot;sizes&quot;:[]},&quot;carousel_arrows_prev_arrow_horizontal_left_indent&quot;:{&quot;unit&quot;:&quot;%&quot;,&quot;size&quot;:&quot;&quot;,&quot;sizes&quot;:[]},&quot;carousel_arrows_prev_arrow_horizontal_left_indent_tablet&quot;:{&quot;unit&quot;:&quot;%&quot;,&quot;size&quot;:&quot;&quot;,&quot;sizes&quot;:[]},&quot;carousel_arrows_prev_arrow_horizontal_left_indent_mobile&quot;:{&quot;unit&quot;:&quot;%&quot;,&quot;size&quot;:&quot;&quot;,&quot;sizes&quot;:[]},&quot;carousel_arrows_next_arrow_vertical_top_indent&quot;:{&quot;unit&quot;:&quot;%&quot;,&quot;size&quot;:&quot;&quot;,&quot;sizes&quot;:[]},&quot;carousel_arrows_next_arrow_vertical_top_indent_tablet&quot;:{&quot;unit&quot;:&quot;%&quot;,&quot;size&quot;:&quot;&quot;,&quot;sizes&quot;:[]},&quot;carousel_arrows_next_arrow_vertical_top_indent_mobile&quot;:{&quot;unit&quot;:&quot;%&quot;,&quot;size&quot;:&quot;&quot;,&quot;sizes&quot;:[]},&quot;carousel_arrows_next_arrow_horizontal_left_indent&quot;:{&quot;unit&quot;:&quot;%&quot;,&quot;size&quot;:&quot;&quot;,&quot;sizes&quot;:[]},&quot;carousel_arrows_next_arrow_horizontal_left_indent_tablet&quot;:{&quot;unit&quot;:&quot;%&quot;,&quot;size&quot;:&quot;&quot;,&quot;sizes&quot;:[]},&quot;carousel_arrows_next_arrow_horizontal_left_indent_mobile&quot;:{&quot;unit&quot;:&quot;%&quot;,&quot;size&quot;:&quot;&quot;,&quot;sizes&quot;:[]},&quot;wdt_animation_effect&quot;:&quot;none&quot;}\" data-widget_type=\"wdt-image-box.default\">\n\t\t\t\t<div class=\"elementor-widget-container\">\n\t\t\t\t\t<div class=\"wdt-image-box-holder wdt-content-item-holder wdt-column-holder wdt-rc-template-custom-template\" id=\"wdt-image-box-ead6810\" data-settings=\"{&quot;enable_popup&quot;:&quot;&quot;,&quot;enable_hover_class&quot;:&quot;&quot;}\"><div class=\"wdt-column-wrapper wdt-column-gap-wide \" data-column-settings=\"\" data-module-id=\"wdt-module-id-ead6810\" id=\"wdt-module-id-ead6810\"><div class=\"wdt-column\"><div class=\"wdt-content-item\"><div class=\"wdt-content-media-group\"><div class=\"wdt-content-elements-group wdt-media-group wdt-media-image-cover\"><div class=\"wdt-content-image-wrapper \"><div class=\"wdt-content-image\"><a href=\"https:\/\/uae.mosesexport.com\/de\/moses1-3-salz-fuer-tierfutter-und-fuer-die-landwirtschaft\/\"rel=\"nofollow\" ><img decoding=\"async\" width=\"800\" height=\"600\" src=\"https:\/\/uae.mosesexport.com\/wp-content\/uploads\/2025\/01\/\u0632\u0631\u0627\u0639\u064a-1-3.png\" class=\"attachment-full size-full wp-image-17529\" alt=\"MOSES1-3, zout voor diervoeder en voor de landbouw\" srcset=\"https:\/\/uae.mosesexport.com\/wp-content\/uploads\/2025\/01\/\u0632\u0631\u0627\u0639\u064a-1-3.png 800w, https:\/\/uae.mosesexport.com\/wp-content\/uploads\/2025\/01\/\u0632\u0631\u0627\u0639\u064a-1-3-600x450.png 600w, https:\/\/uae.mosesexport.com\/wp-content\/uploads\/2025\/01\/\u0632\u0631\u0627\u0639\u064a-1-3-300x225.png 300w, https:\/\/uae.mosesexport.com\/wp-content\/uploads\/2025\/01\/\u0632\u0631\u0627\u0639\u064a-1-3-768x576.png 768w\" sizes=\"(max-width: 800px) 100vw, 800px\" title=\"\"><\/a><\/div><\/div><div class=\"wdt-media-image-cover-container\"><div class=\"wdt-content-button wdt-button-clone\"><a href=\"https:\/\/uae.mosesexport.com\/de\/moses1-3-salz-fuer-tierfutter-und-fuer-die-landwirtschaft\/\"rel=\"nofollow\" ><div class=\"wdt-button-text\"><span>View<\/span><\/div><\/a><\/div><\/div><\/div><\/div><div class=\"wdt-content-detail-group\"><div class=\"wdt-content-title\"><h5><a href=\"https:\/\/uae.mosesexport.com\/de\/moses1-3-salz-fuer-tierfutter-und-fuer-die-landwirtschaft\/\"rel=\"nofollow\" >MOSES1-3, Salz f\u00fcr Tierfutter und f\u00fcr die Landwirtschaft<\/a><\/h5><\/div><div class=\"wdt-content-description\">Trockenes mittelgrobes Salz mit einer K\u00f6rnung zwischen 1 und 3 mm.<\/div><\/div><\/div><\/div><div class=\"wdt-column\"><div class=\"wdt-content-item\"><div class=\"wdt-content-media-group\"><div class=\"wdt-content-elements-group wdt-media-group wdt-media-image-cover\"><div class=\"wdt-content-image-wrapper \"><div class=\"wdt-content-image\"><a href=\"https:\/\/uae.mosesexport.com\/de\/moses-salz-leckt\/\"rel=\"nofollow\" ><img decoding=\"async\" width=\"800\" height=\"600\" src=\"https:\/\/uae.mosesexport.com\/wp-content\/uploads\/2025\/01\/\u0642\u0627\u0644\u0628-\u062d\u064a\u0648\u0627\u0646\u064a.png\" class=\"attachment-full size-full wp-image-17564\" alt=\"MOSES, Salt Block\" srcset=\"https:\/\/uae.mosesexport.com\/wp-content\/uploads\/2025\/01\/\u0642\u0627\u0644\u0628-\u062d\u064a\u0648\u0627\u0646\u064a.png 800w, https:\/\/uae.mosesexport.com\/wp-content\/uploads\/2025\/01\/\u0642\u0627\u0644\u0628-\u062d\u064a\u0648\u0627\u0646\u064a-600x450.png 600w, https:\/\/uae.mosesexport.com\/wp-content\/uploads\/2025\/01\/\u0642\u0627\u0644\u0628-\u062d\u064a\u0648\u0627\u0646\u064a-300x225.png 300w, https:\/\/uae.mosesexport.com\/wp-content\/uploads\/2025\/01\/\u0642\u0627\u0644\u0628-\u062d\u064a\u0648\u0627\u0646\u064a-768x576.png 768w\" sizes=\"(max-width: 800px) 100vw, 800px\" title=\"\"><\/a><\/div><\/div><div class=\"wdt-media-image-cover-container\"><div class=\"wdt-content-button wdt-button-clone\"><a href=\"https:\/\/uae.mosesexport.com\/de\/moses-salz-leckt\/\"rel=\"nofollow\" ><div class=\"wdt-button-text\"><span>View<\/span><\/div><\/a><\/div><\/div><\/div><\/div><div class=\"wdt-content-detail-group\"><div class=\"wdt-content-title\"><h5><a href=\"https:\/\/uae.mosesexport.com\/de\/moses-salz-leckt\/\"rel=\"nofollow\" >MOSES, Salzblock<\/a><\/h5><\/div><div class=\"wdt-content-description\">Nahrungserg\u00e4nzungsmittel f\u00fcr Wiederk\u00e4uer.<\/div><\/div><\/div><\/div><\/div><\/div>\t\t\t\t<\/div>\n\t\t\t\t<\/div>\n\t\t\t\t\t<\/div>\n\t\t\t\t<\/div>\n\t\t\t\t<\/div>\n\t\t","protected":false},"excerpt":{"rendered":"<p>MOSES\u00ae, Salz f\u00fcr die Tierern\u00e4hrung MOSES\u00ae, Salz f\u00fcr Tierfutter Futtersalz ist eine wichtige Erg\u00e4nzung zu Tierfutter. Es sorgt f\u00fcr einen ausgeglichenen Mineralstoffhaushalt und tr\u00e4gt zur Gesundheit Ihrer Tiere bei. Es kann als Leckstein oder als Futterzusatz eingesetzt werden, eignet sich aber auch als Konservierungsmittel in Gras- und Maissilage. Meersalz ist empfehlenswert, da es zus\u00e4tzlich wichtige [&hellip;]<\/p>\n","protected":false},"author":1,"featured_media":32064,"parent":22117,"menu_order":0,"comment_status":"closed","ping_status":"closed","template":"","meta":{"footnotes":""},"class_list":["post-21739","page","type-page","status-publish","has-post-thumbnail","hentry"],"_links":{"self":[{"href":"https:\/\/uae.mosesexport.com\/de\/wp-json\/wp\/v2\/pages\/21739","targetHints":{"allow":["GET"]}}],"collection":[{"href":"https:\/\/uae.mosesexport.com\/de\/wp-json\/wp\/v2\/pages"}],"about":[{"href":"https:\/\/uae.mosesexport.com\/de\/wp-json\/wp\/v2\/types\/page"}],"author":[{"embeddable":true,"href":"https:\/\/uae.mosesexport.com\/de\/wp-json\/wp\/v2\/users\/1"}],"replies":[{"embeddable":true,"href":"https:\/\/uae.mosesexport.com\/de\/wp-json\/wp\/v2\/comments?post=21739"}],"version-history":[{"count":0,"href":"https:\/\/uae.mosesexport.com\/de\/wp-json\/wp\/v2\/pages\/21739\/revisions"}],"up":[{"embeddable":true,"href":"https:\/\/uae.mosesexport.com\/de\/wp-json\/wp\/v2\/pages\/22117"}],"wp:featuredmedia":[{"embeddable":true,"href":"https:\/\/uae.mosesexport.com\/de\/wp-json\/wp\/v2\/media\/32064"}],"wp:attachment":[{"href":"https:\/\/uae.mosesexport.com\/de\/wp-json\/wp\/v2\/media?parent=21739"}],"curies":[{"name":"wp","href":"https:\/\/api.w.org\/{rel}","templated":true}]}}