{"id":22033,"date":"2024-12-24T13:52:20","date_gmt":"2024-12-24T11:52:20","guid":{"rendered":"https:\/\/uae.mosesexport.com\/moses-6-15-extra-gros-sel-technique\/"},"modified":"2025-12-01T16:04:48","modified_gmt":"2025-12-01T14:04:48","slug":"moses-6-15-extra-gros-sel-technique","status":"publish","type":"page","link":"https:\/\/uae.mosesexport.com\/fr\/sel\/sel-industriel\/moses-6-15-extra-gros-sel-technique\/","title":{"rendered":"MOSES 6-15, sel technique extra gros"},"content":{"rendered":"\t\t<div data-elementor-type=\"wp-page\" data-elementor-id=\"22033\" class=\"elementor elementor-22033 elementor-16708\">\n\t\t\t\t<div class=\"elementor-element elementor-element-74407273 e-flex e-con-boxed e-con e-parent\" data-id=\"74407273\" data-element_type=\"container\" data-e-type=\"container\">\n\t\t\t\t\t<div class=\"e-con-inner\">\n\t\t\t\t<div class=\"elementor-element elementor-element-3e02fd67 elementor-widget elementor-widget-text-editor\" data-id=\"3e02fd67\" data-element_type=\"widget\" data-e-type=\"widget\" data-settings=\"{&quot;wdt_animation_effect&quot;:&quot;none&quot;}\" data-widget_type=\"text-editor.default\">\n\t\t\t\t<div class=\"elementor-widget-container\">\n\t\t\t\t\t\t\t\t\t<p>MOSES 6-15, sel technique extra gros<br \/><img fetchpriority=\"high\" decoding=\"async\" src=\"https:\/\/uae.mosesexport.com\/wp-content\/uploads\/2024\/12\/f5c203e90310baa988191b2713ffa14dea5ecfe5_Korrel_MARSEL_SS_CRYSTALS_SALCO_5_15_1440x952px-1.png\" sizes=\"(max-width: 800px) 100vw, 800px\" srcset=\"https:\/\/uae.mosesexport.com\/wp-content\/uploads\/2024\/12\/f5c203e90310baa988191b2713ffa14dea5ecfe5_Korrel_MARSEL_SS_CRYSTALS_SALCO_5_15_1440x952px-1.png 800w, https:\/\/uae.mosesexport.com\/wp-content\/uploads\/2024\/12\/f5c203e90310baa988191b2713ffa14dea5ecfe5_Korrel_MARSEL_SS_CRYSTALS_SALCO_5_15_1440x952px-1-300x225.png 300w, https:\/\/uae.mosesexport.com\/wp-content\/uploads\/2024\/12\/f5c203e90310baa988191b2713ffa14dea5ecfe5_Korrel_MARSEL_SS_CRYSTALS_SALCO_5_15_1440x952px-1-768x576.png 768w\" alt=\"\" width=\"800\" height=\"600\" title=\"\"><br \/>Sel pur s\u00e9ch\u00e9 et extra-gros pour applications techniques.<br \/>MOSES, notre sel technique ou industriel, a de nombreuses applications. Il est notamment utilis\u00e9 comme sel de forage sur les plateformes p\u00e9troli\u00e8res ou pour le raffinage dans les raffineries de p\u00e9trole. Le sel industriel est \u00e9galement utilis\u00e9 dans la transformation du poisson, la p\u00eache et le traitement des peaux. Dans le secteur de la p\u00eache, le sel est utilis\u00e9 pour la salaison du poisson. Pour le traitement des peaux, plusieurs kilos de sel sont ajout\u00e9s afin d&rsquo;\u00e9liminer l&rsquo;humidit\u00e9 et de tuer les bact\u00e9ries.<\/p><h5>\u00c0 base de sel tr\u00e8s pur<\/h5><p>La plus haute qualit\u00e9 nutritionnelle.<\/p><h5>Produit naturel<\/h5><p>Mettez en valeur les propri\u00e9t\u00e9s naturelles du sel marin dans vos communications clients.<\/p><h5>S\u00e9ch\u00e9 et calibr\u00e9<\/h5><p>Derni\u00e8res machines et experts<\/p><h5>Sel sans num\u00e9ro E<\/h5><p>Parfait pour vos lignes de production conventionnelles et biologiques.<\/p><h5>Taille des grains<\/h5><p>2000-4500 \u00b5m<\/p><h5>Types de mati\u00e8res premi\u00e8res<\/h5><p>Sel de mer &#8211; Sel gemme<\/p><h5>Conditionnement<\/h5><p>5KG &#8211; 10 KG &#8211; 20 KG &#8211; 25KG (BAGS)<br \/>1000KG &#8211; 1250KG &#8211; 1500KG (JAMBO)<\/p><h5>Additifs<\/h5><p>Disponible sans additifs<br \/>(Disponible avec de l&rsquo;iodate de potassium (iode))<\/p><h5>Stockage<\/h5><p>Conserver dans un endroit sec<\/p><h5>Exp\u00e9dition<\/h5><p>camion remorque<br \/>Articles similaires<br \/><a href=\"https:\/\/uae.mosesexport.com\/fr\/moses-0-1-sel-fin-de-mer-2\/\"><img decoding=\"async\" src=\"https:\/\/uae.mosesexport.com\/wp-content\/uploads\/2024\/12\/a2ec6995cd284aeb7318468f7dbc1eb24788a3bd_Korrel_MARSEL_SALCO_0_1_1440x952px.png\" sizes=\"(max-width: 450px) 100vw, 450px\" srcset=\"https:\/\/uae.mosesexport.com\/wp-content\/uploads\/2024\/12\/a2ec6995cd284aeb7318468f7dbc1eb24788a3bd_Korrel_MARSEL_SALCO_0_1_1440x952px.png 450w, https:\/\/uae.mosesexport.com\/wp-content\/uploads\/2024\/12\/a2ec6995cd284aeb7318468f7dbc1eb24788a3bd_Korrel_MARSEL_SALCO_0_1_1440x952px-300x227.png 300w\" alt=\"MOSES\u00ae 0-1, fine Coarse sea salt\" width=\"450\" height=\"340\" title=\"\"><\/a><\/p><h5><a href=\"https:\/\/uae.mosesexport.com\/fr\/moses-0-1-sel-fin-de-mer-2\/\">Moses\u00ae 0-1, sel de mer fin<\/a><\/h5><p><a href=\"https:\/\/uae.mosesexport.com\/fr\/moses-1-3-gros-sel-de-mer-moyen-2\/\"><img decoding=\"async\" src=\"https:\/\/uae.mosesexport.com\/wp-content\/uploads\/2024\/12\/f1663efdfb1064d7a7346f0c68dd4d0b3237f637_Korrel_MARSEL_SALCO_VAATWASZOUT_1_3_1440x952px.png\" sizes=\"(max-width: 450px) 100vw, 450px\" srcset=\"https:\/\/uae.mosesexport.com\/wp-content\/uploads\/2024\/12\/f1663efdfb1064d7a7346f0c68dd4d0b3237f637_Korrel_MARSEL_SALCO_VAATWASZOUT_1_3_1440x952px.png 450w, https:\/\/uae.mosesexport.com\/wp-content\/uploads\/2024\/12\/f1663efdfb1064d7a7346f0c68dd4d0b3237f637_Korrel_MARSEL_SALCO_VAATWASZOUT_1_3_1440x952px-300x227.png 300w\" alt=\"MOSES\u00ae 1-3, medium coarse sea salt\" width=\"450\" height=\"340\" title=\"\"><\/a><\/p><h5><a href=\"https:\/\/uae.mosesexport.com\/fr\/moses-1-3-gros-sel-de-mer-moyen-2\/\">MOSES\u00ae 1-3, sel de mer moyennement grossier<\/a><\/h5><p><a href=\"https:\/\/uae.mosesexport.com\/fr\/moses-2-4-gros-sel-de-mer-2\/\"><img loading=\"lazy\" decoding=\"async\" src=\"https:\/\/uae.mosesexport.com\/wp-content\/uploads\/2024\/12\/d63eadae9f475324fc1e6510cb83aef2967549a3_Korrel_MARSEL_SALCO_VAATWASZOUT_2_4_1440x952px-1.png\" sizes=\"(max-width: 800px) 100vw, 800px\" srcset=\"https:\/\/uae.mosesexport.com\/wp-content\/uploads\/2024\/12\/d63eadae9f475324fc1e6510cb83aef2967549a3_Korrel_MARSEL_SALCO_VAATWASZOUT_2_4_1440x952px-1.png 800w, https:\/\/uae.mosesexport.com\/wp-content\/uploads\/2024\/12\/d63eadae9f475324fc1e6510cb83aef2967549a3_Korrel_MARSEL_SALCO_VAATWASZOUT_2_4_1440x952px-1-300x225.png 300w, https:\/\/uae.mosesexport.com\/wp-content\/uploads\/2024\/12\/d63eadae9f475324fc1e6510cb83aef2967549a3_Korrel_MARSEL_SALCO_VAATWASZOUT_2_4_1440x952px-1-768x576.png 768w\" alt=\"\" width=\"800\" height=\"600\" title=\"\"><\/a><\/p><h5><a href=\"https:\/\/uae.mosesexport.com\/fr\/moses-2-4-gros-sel-de-mer-2\/\">MOSES\u00ae 2-4, gros sel de mer<\/a><\/h5><p><a href=\"https:\/\/uae.mosesexport.com\/fr\/moses-4-6-sel-marin-extra-gros-2\/\"><img loading=\"lazy\" decoding=\"async\" src=\"https:\/\/uae.mosesexport.com\/wp-content\/uploads\/2024\/12\/0d7a1d4d232cf44b3600e62f4070a522c14b0449_Korrel_MARSEL_SALCO_VAATWASZOUT_SS_GRANULAR_4_6_1440x952px.png\" sizes=\"(max-width: 450px) 100vw, 450px\" srcset=\"https:\/\/uae.mosesexport.com\/wp-content\/uploads\/2024\/12\/0d7a1d4d232cf44b3600e62f4070a522c14b0449_Korrel_MARSEL_SALCO_VAATWASZOUT_SS_GRANULAR_4_6_1440x952px.png 450w, https:\/\/uae.mosesexport.com\/wp-content\/uploads\/2024\/12\/0d7a1d4d232cf44b3600e62f4070a522c14b0449_Korrel_MARSEL_SALCO_VAATWASZOUT_SS_GRANULAR_4_6_1440x952px-300x227.png 300w\" alt=\"MOSES\u00ae 4-6, extra coarse sea salt\" width=\"450\" height=\"340\" title=\"\"><\/a><\/p><h5><a href=\"https:\/\/uae.mosesexport.com\/fr\/moses-4-6-sel-marin-extra-gros-2\/\">MOSES\u00ae 4-6, sel de mer extra gros<\/a><\/h5><p><a href=\"https:\/\/uae.mosesexport.com\/fr\/moses-4-15-sel-marin-extra-gros-2\/\"><img loading=\"lazy\" decoding=\"async\" src=\"https:\/\/uae.mosesexport.com\/wp-content\/uploads\/2024\/12\/aaafb1d6a58d37e1e96890dcc17c9e63707177d5_Korrel_MARSEL_SS_CRYSTALS_5_15_1440x952px.png\" sizes=\"(max-width: 450px) 100vw, 450px\" srcset=\"https:\/\/uae.mosesexport.com\/wp-content\/uploads\/2024\/12\/aaafb1d6a58d37e1e96890dcc17c9e63707177d5_Korrel_MARSEL_SS_CRYSTALS_5_15_1440x952px.png 450w, https:\/\/uae.mosesexport.com\/wp-content\/uploads\/2024\/12\/aaafb1d6a58d37e1e96890dcc17c9e63707177d5_Korrel_MARSEL_SS_CRYSTALS_5_15_1440x952px-300x227.png 300w\" alt=\"MOSES\u00ae 4-15, extra coarse sea salt\" width=\"450\" height=\"340\" title=\"\"><\/a><\/p><h5><a href=\"https:\/\/uae.mosesexport.com\/fr\/moses-4-15-sel-marin-extra-gros-2\/\">MOSES\u00ae 4-15, sel de mer extra grost<\/a><\/h5><p><button>Previous<\/button><br \/><button>Next<\/button><\/p>\t\t\t\t\t\t\t\t<\/div>\n\t\t\t\t<\/div>\n\t\t\t\t\t<\/div>\n\t\t\t\t<\/div>\n\t\t\t\t<\/div>\n\t\t","protected":false},"excerpt":{"rendered":"<p>MOSES 6-15, sel technique extra grosSel pur s\u00e9ch\u00e9 et extra-gros pour applications techniques.MOSES, notre sel technique ou industriel, a de nombreuses applications. Il est notamment utilis\u00e9 comme sel de forage sur les plateformes p\u00e9troli\u00e8res ou pour le raffinage dans les raffineries de p\u00e9trole. Le sel industriel est \u00e9galement utilis\u00e9 dans la transformation du poisson, la [&hellip;]<\/p>\n","protected":false},"author":2,"featured_media":0,"parent":22090,"menu_order":0,"comment_status":"closed","ping_status":"closed","template":"","meta":{"footnotes":""},"class_list":["post-22033","page","type-page","status-publish","hentry"],"_links":{"self":[{"href":"https:\/\/uae.mosesexport.com\/fr\/wp-json\/wp\/v2\/pages\/22033","targetHints":{"allow":["GET"]}}],"collection":[{"href":"https:\/\/uae.mosesexport.com\/fr\/wp-json\/wp\/v2\/pages"}],"about":[{"href":"https:\/\/uae.mosesexport.com\/fr\/wp-json\/wp\/v2\/types\/page"}],"author":[{"embeddable":true,"href":"https:\/\/uae.mosesexport.com\/fr\/wp-json\/wp\/v2\/users\/2"}],"replies":[{"embeddable":true,"href":"https:\/\/uae.mosesexport.com\/fr\/wp-json\/wp\/v2\/comments?post=22033"}],"version-history":[{"count":0,"href":"https:\/\/uae.mosesexport.com\/fr\/wp-json\/wp\/v2\/pages\/22033\/revisions"}],"up":[{"embeddable":true,"href":"https:\/\/uae.mosesexport.com\/fr\/wp-json\/wp\/v2\/pages\/22090"}],"wp:attachment":[{"href":"https:\/\/uae.mosesexport.com\/fr\/wp-json\/wp\/v2\/media?parent=22033"}],"curies":[{"name":"wp","href":"https:\/\/api.w.org\/{rel}","templated":true}]}}