{"id":22102,"date":"2024-12-22T13:28:42","date_gmt":"2024-12-22T11:28:42","guid":{"rendered":"https:\/\/uae.mosesexport.com\/sel-pour-le-traitement-de-leau\/"},"modified":"2026-02-03T14:06:18","modified_gmt":"2026-02-03T12:06:18","slug":"sel-pour-le-traitement-de-leau","status":"publish","type":"page","link":"https:\/\/uae.mosesexport.com\/fr\/sel\/sel-pour-le-traitement-de-leau\/","title":{"rendered":"Sel pour le traitement de l&rsquo;eau"},"content":{"rendered":"\t\t<div data-elementor-type=\"wp-page\" data-elementor-id=\"22102\" class=\"elementor elementor-22102 elementor-16574\">\n\t\t\t\t<div class=\"elementor-element elementor-element-41bee14 e-flex e-con-boxed e-con e-parent\" data-id=\"41bee14\" data-element_type=\"container\" data-e-type=\"container\" data-settings=\"{&quot;background_background&quot;:&quot;classic&quot;}\">\n\t\t\t\t\t<div class=\"e-con-inner\">\n\t\t\t\t<div class=\"elementor-element elementor-element-0272542 elementor-widget elementor-widget-heading\" data-id=\"0272542\" data-element_type=\"widget\" data-e-type=\"widget\" data-settings=\"{&quot;wdt_animation_effect&quot;:&quot;none&quot;}\" data-widget_type=\"heading.default\">\n\t\t\t\t<div class=\"elementor-widget-container\">\n\t\t\t\t\t<h3 class=\"elementor-heading-title elementor-size-default\">Sel pour le traitement de l'eau Cat\u00e9gories<\/h3>\t\t\t\t<\/div>\n\t\t\t\t<\/div>\n\t\t\t\t<div class=\"elementor-element elementor-element-4adc56e elementor-widget elementor-widget-text-editor\" data-id=\"4adc56e\" data-element_type=\"widget\" data-e-type=\"widget\" data-settings=\"{&quot;wdt_animation_effect&quot;:&quot;none&quot;}\" data-widget_type=\"text-editor.default\">\n\t\t\t\t<div class=\"elementor-widget-container\">\n\t\t\t\t\t\t\t\t\t<p>Le sel est indispensable au traitement de l&rsquo;eau, notamment pour les adoucisseurs et les syst\u00e8mes de conditionnement d&rsquo;eau sans sel. Il permet de r\u00e9duire efficacement la duret\u00e9 de l&rsquo;eau en r\u00e9duisant la concentration de min\u00e9raux comme le calcium et le magn\u00e9sium. Il est id\u00e9al pour les syst\u00e8mes de filtration d&rsquo;eau sal\u00e9e pour toute la maison, les syst\u00e8mes de filtration d&rsquo;eau sal\u00e9e et les syst\u00e8mes d&rsquo;osmose inverse.<\/p>\t\t\t\t\t\t\t\t<\/div>\n\t\t\t\t<\/div>\n\t\t\t\t\t<\/div>\n\t\t\t\t<\/div>\n\t\t<div class=\"elementor-element elementor-element-e5ae213 e-flex e-con-boxed e-con e-parent\" data-id=\"e5ae213\" data-element_type=\"container\" data-e-type=\"container\">\n\t\t\t\t\t<div class=\"e-con-inner\">\n\t\t\t\t<div class=\"elementor-element elementor-element-1d42109 start start elementor-widget-mobile__width-inherit wdt-cus-service-style-01 elementor-widget elementor-widget-wdt-image-box\" data-id=\"1d42109\" data-element_type=\"widget\" data-e-type=\"widget\" data-settings=\"{&quot;button_normal_background_background&quot;:&quot;classic&quot;,&quot;button_normal_background_color&quot;:&quot;#FFC52700&quot;,&quot;button_hover_background_background&quot;:&quot;classic&quot;,&quot;button_hover_background_color&quot;:&quot;#FFC52700&quot;,&quot;columns&quot;:&quot;3&quot;,&quot;item_normal_background_background&quot;:&quot;gradient&quot;,&quot;item_normal_background_color&quot;:&quot;#003057&quot;,&quot;item_hover_background_background&quot;:&quot;gradient&quot;,&quot;_animation&quot;:&quot;none&quot;,&quot;columns_tablet&quot;:2,&quot;columns_mobile&quot;:1,&quot;carousel_arrows_prev_arrow_vertical_top_indent&quot;:{&quot;unit&quot;:&quot;%&quot;,&quot;size&quot;:&quot;&quot;,&quot;sizes&quot;:[]},&quot;carousel_arrows_prev_arrow_vertical_top_indent_tablet&quot;:{&quot;unit&quot;:&quot;%&quot;,&quot;size&quot;:&quot;&quot;,&quot;sizes&quot;:[]},&quot;carousel_arrows_prev_arrow_vertical_top_indent_mobile&quot;:{&quot;unit&quot;:&quot;%&quot;,&quot;size&quot;:&quot;&quot;,&quot;sizes&quot;:[]},&quot;carousel_arrows_prev_arrow_horizontal_left_indent&quot;:{&quot;unit&quot;:&quot;%&quot;,&quot;size&quot;:&quot;&quot;,&quot;sizes&quot;:[]},&quot;carousel_arrows_prev_arrow_horizontal_left_indent_tablet&quot;:{&quot;unit&quot;:&quot;%&quot;,&quot;size&quot;:&quot;&quot;,&quot;sizes&quot;:[]},&quot;carousel_arrows_prev_arrow_horizontal_left_indent_mobile&quot;:{&quot;unit&quot;:&quot;%&quot;,&quot;size&quot;:&quot;&quot;,&quot;sizes&quot;:[]},&quot;carousel_arrows_next_arrow_vertical_top_indent&quot;:{&quot;unit&quot;:&quot;%&quot;,&quot;size&quot;:&quot;&quot;,&quot;sizes&quot;:[]},&quot;carousel_arrows_next_arrow_vertical_top_indent_tablet&quot;:{&quot;unit&quot;:&quot;%&quot;,&quot;size&quot;:&quot;&quot;,&quot;sizes&quot;:[]},&quot;carousel_arrows_next_arrow_vertical_top_indent_mobile&quot;:{&quot;unit&quot;:&quot;%&quot;,&quot;size&quot;:&quot;&quot;,&quot;sizes&quot;:[]},&quot;carousel_arrows_next_arrow_horizontal_left_indent&quot;:{&quot;unit&quot;:&quot;%&quot;,&quot;size&quot;:&quot;&quot;,&quot;sizes&quot;:[]},&quot;carousel_arrows_next_arrow_horizontal_left_indent_tablet&quot;:{&quot;unit&quot;:&quot;%&quot;,&quot;size&quot;:&quot;&quot;,&quot;sizes&quot;:[]},&quot;carousel_arrows_next_arrow_horizontal_left_indent_mobile&quot;:{&quot;unit&quot;:&quot;%&quot;,&quot;size&quot;:&quot;&quot;,&quot;sizes&quot;:[]},&quot;wdt_animation_effect&quot;:&quot;none&quot;}\" data-widget_type=\"wdt-image-box.default\">\n\t\t\t\t<div class=\"elementor-widget-container\">\n\t\t\t\t\t<div class=\"wdt-image-box-holder wdt-content-item-holder wdt-column-holder wdt-rc-template-custom-template wdt-image-lightbox-popup wdt-image-active-class\" id=\"wdt-image-box-1d42109\" data-settings=\"{&quot;enable_popup&quot;:&quot;yes&quot;,&quot;enable_hover_class&quot;:&quot;yes&quot;}\"><div class=\"wdt-column-wrapper wdt-column-gap-wide wdt-snap-scroll-enabled\" data-column-settings=\"{&quot;columnDevices&quot;:[&quot;tablet&quot;,&quot;mobile&quot;]}\" data-module-id=\"wdt-module-id-1d42109\" id=\"wdt-module-id-1d42109\"><div class=\"wdt-column\"><div class=\"wdt-content-item\"><div class=\"wdt-content-media-group\"><div class=\"wdt-content-elements-group wdt-media-group wdt-media-image-cover\"><div class=\"wdt-content-image-wrapper \"><div class=\"wdt-content-image\"><a href=\"https:\/\/uae.mosesexport.com\/fr\/sel-pour-ladoucissement-de-leau\/\"><img fetchpriority=\"high\" decoding=\"async\" width=\"800\" height=\"433\" src=\"https:\/\/uae.mosesexport.com\/wp-content\/uploads\/2026\/01\/Untitled-design.png\" class=\"attachment-full size-full wp-image-33106\" alt=\"Salt For Water Softening\" srcset=\"https:\/\/uae.mosesexport.com\/wp-content\/uploads\/2026\/01\/Untitled-design.png 800w, https:\/\/uae.mosesexport.com\/wp-content\/uploads\/2026\/01\/Untitled-design-600x325.png 600w, https:\/\/uae.mosesexport.com\/wp-content\/uploads\/2026\/01\/Untitled-design-300x162.png 300w, https:\/\/uae.mosesexport.com\/wp-content\/uploads\/2026\/01\/Untitled-design-768x416.png 768w\" sizes=\"(max-width: 800px) 100vw, 800px\" title=\"\"><\/a><\/div><\/div><div class=\"wdt-media-image-cover-container\"><div class=\"wdt-content-button wdt-button-clone\"><a href=\"https:\/\/uae.mosesexport.com\/fr\/sel-pour-ladoucissement-de-leau\/\"><div class=\"wdt-button-text\"><span>View<\/span><\/div><\/a><\/div><\/div><\/div><\/div><div class=\"wdt-content-detail-group\"><div class=\"wdt-content-title\"><h5><a href=\"https:\/\/uae.mosesexport.com\/fr\/sel-pour-ladoucissement-de-leau\/\">Sel pour adoucir l'eau<\/a><\/h5><\/div><div class=\"wdt-content-description\">Le sel adoucissant r\u00e9duit la duret\u00e9 de l'eau et pr\u00e9vient l'entartrage des appareils \u00e9lectrom\u00e9nagers. Il est id\u00e9al pour les adoucisseurs d'eau Morton, BWT, Nuvo, Aquasana, ainsi que pour les syst\u00e8mes d'adoucissement d'eau sans sel.<\/div><\/div><\/div><\/div><div class=\"wdt-column\"><div class=\"wdt-content-item\"><div class=\"wdt-content-media-group\"><div class=\"wdt-content-elements-group wdt-media-group wdt-media-image-cover\"><div class=\"wdt-content-image-wrapper \"><div class=\"wdt-content-image\"><a href=\"https:\/\/uae.mosesexport.com\/fr\/sel-pour-lave-vaisselle\/\"><img decoding=\"async\" width=\"600\" height=\"402\" src=\"https:\/\/uae.mosesexport.com\/wp-content\/uploads\/2026\/01\/Dishwasher-Salt.png\" class=\"attachment-full size-full wp-image-33107\" alt=\"Dishwasher Salt\" srcset=\"https:\/\/uae.mosesexport.com\/wp-content\/uploads\/2026\/01\/Dishwasher-Salt.png 600w, https:\/\/uae.mosesexport.com\/wp-content\/uploads\/2026\/01\/Dishwasher-Salt-300x201.png 300w\" sizes=\"(max-width: 600px) 100vw, 600px\" title=\"\"><\/a><\/div><\/div><div class=\"wdt-media-image-cover-container\"><div class=\"wdt-content-button wdt-button-clone\"><a href=\"https:\/\/uae.mosesexport.com\/fr\/sel-pour-lave-vaisselle\/\"><div class=\"wdt-button-text\"><span>View<\/span><\/div><\/a><\/div><\/div><\/div><\/div><div class=\"wdt-content-detail-group\"><div class=\"wdt-content-title\"><h5><a href=\"https:\/\/uae.mosesexport.com\/fr\/sel-pour-lave-vaisselle\/\">Sel pour lave-vaisselle<\/a><\/h5><\/div><div class=\"wdt-content-description\">Le sel pour lave-vaisselle est sp\u00e9cialement formul\u00e9 pour pr\u00e9venir l'accumulation de calcaire dans votre lave-vaisselle, garantissant ainsi des performances optimales et une longue dur\u00e9e de vie. Il est parfaitement compatible avec les syst\u00e8mes de sel pour lave-vaisselle Miele, Finish et Bosch.<\/div><\/div><\/div><\/div><div class=\"wdt-column\"><div class=\"wdt-content-item\"><div class=\"wdt-content-media-group\"><div class=\"wdt-content-elements-group wdt-media-group wdt-media-image-cover\"><div class=\"wdt-content-image-wrapper \"><div class=\"wdt-content-image\"><a href=\"https:\/\/uae.mosesexport.com\/fr\/sel-pour-piscine\/\"><img decoding=\"async\" width=\"750\" height=\"500\" src=\"https:\/\/uae.mosesexport.com\/wp-content\/uploads\/2026\/01\/Swimming-Pool-Salt.png\" class=\"attachment-full size-full wp-image-33108\" alt=\"Swimming Pool Salt\" srcset=\"https:\/\/uae.mosesexport.com\/wp-content\/uploads\/2026\/01\/Swimming-Pool-Salt.png 750w, https:\/\/uae.mosesexport.com\/wp-content\/uploads\/2026\/01\/Swimming-Pool-Salt-600x400.png 600w, https:\/\/uae.mosesexport.com\/wp-content\/uploads\/2026\/01\/Swimming-Pool-Salt-300x200.png 300w\" sizes=\"(max-width: 750px) 100vw, 750px\" title=\"\"><\/a><\/div><\/div><div class=\"wdt-media-image-cover-container\"><div class=\"wdt-content-button wdt-button-clone\"><a href=\"https:\/\/uae.mosesexport.com\/fr\/sel-pour-piscine\/\"><div class=\"wdt-button-text\"><span>View<\/span><\/div><\/a><\/div><\/div><\/div><\/div><div class=\"wdt-content-detail-group\"><div class=\"wdt-content-title\"><h5><a href=\"https:\/\/uae.mosesexport.com\/fr\/sel-pour-piscine\/\">Sel pour piscine<\/a><\/h5><\/div><div class=\"wdt-content-description\">Le sel pour piscine Moses est le choix par excellence pour les piscines d'eau sal\u00e9e, offrant une qualit\u00e9 et une s\u00e9curit\u00e9 sup\u00e9rieures. Leader du march\u00e9 et reconnu pour sa fiabilit\u00e9, il r\u00e9pond aux normes les plus strictes pour une exp\u00e9rience de baignade propre et agr\u00e9able.<\/div><\/div><\/div><\/div><\/div><div class=\"wdt-column-pagination wdt-snap-scroll-pagination\">\n\t\t\t\t\t\t<button class=\"wdt-pagination-prev wdt-module-id-1d42109\">Pr\u00e9c\u00e9dent<\/button>\n\t\t\t\t\t\t<button class=\"wdt-pagination-next wdt-module-id-1d42109\">Suivant<\/button><\/div><\/div>\t\t\t\t<\/div>\n\t\t\t\t<\/div>\n\t\t\t\t\t<\/div>\n\t\t\t\t<\/div>\n\t\t<div class=\"elementor-element elementor-element-03aff1b e-flex e-con-boxed e-con e-parent\" data-id=\"03aff1b\" data-element_type=\"container\" data-e-type=\"container\">\n\t\t\t\t\t<div class=\"e-con-inner\">\n\t\t\t\t<div class=\"elementor-element elementor-element-378fc33 wdt-cus-accordion1 elementor-widget elementor-widget-wdt-accordion-and-toggle\" data-id=\"378fc33\" data-element_type=\"widget\" data-e-type=\"widget\" data-settings=\"{&quot;wdt_animation_effect&quot;:&quot;none&quot;}\" data-widget_type=\"wdt-accordion-and-toggle.default\">\n\t\t\t\t<div class=\"elementor-widget-container\">\n\t\t\t\t\t<div class=\"wdt-accordion-toggle-holder wdt-module-toggle wdt-template-classic wdt-expand-collapse-position-end\" id=\"wdt-accordion-and-toggle-378fc33\"><div class=\"wdt-accordion-toggle-wrapper\"><div class=\"wdt-accordion-toggle-title-holder\"><div class=\"wdt-accordion-toggle-title\"><div class=\"wdt-accordion-toggle-title-prefix number\">1<\/div>Qu&#039;est-ce que le sel de traitement de l&#039;eau ou le sel adoucisseur d&#039;eau\u00a0?<\/div><div class=\"wdt-accordion-toggle-icon\"><div class=\"wdt-accordion-toggle-icon-expand\"><svg aria-hidden=\"true\" class=\"e-font-icon-svg e-fas-chevron-down\" viewBox=\"0 0 448 512\" xmlns=\"http:\/\/www.w3.org\/2000\/svg\"><path d=\"M207.029 381.476L12.686 187.132c-9.373-9.373-9.373-24.569 0-33.941l22.667-22.667c9.357-9.357 24.522-9.375 33.901-.04L224 284.505l154.745-154.021c9.379-9.335 24.544-9.317 33.901.04l22.667 22.667c9.373 9.373 9.373 24.569 0 33.941L240.971 381.476c-9.373 9.372-24.569 9.372-33.942 0z\"><\/path><\/svg><\/div><div class=\"wdt-accordion-toggle-icon-collapse\"><svg aria-hidden=\"true\" class=\"e-font-icon-svg e-fas-chevron-right\" viewBox=\"0 0 320 512\" xmlns=\"http:\/\/www.w3.org\/2000\/svg\"><path d=\"M285.476 272.971L91.132 467.314c-9.373 9.373-24.569 9.373-33.941 0l-22.667-22.667c-9.357-9.357-9.375-24.522-.04-33.901L188.505 256 34.484 101.255c-9.335-9.379-9.317-24.544.04-33.901l22.667-22.667c9.373-9.373 24.569-9.373 33.941 0L285.475 239.03c9.373 9.372 9.373 24.568.001 33.941z\"><\/path><\/svg><\/div><\/div><\/div><div class=\"wdt-accordion-toggle-description\">Le sel de traitement de l'eau est utilis\u00e9 dans les adoucisseurs d'eau pour r\u00e9g\u00e9n\u00e9rer la r\u00e9sine \u00e9changeuse d'ions. Il contient des compos\u00e9s chimiques qui contribuent \u00e0 \u00e9liminer les min\u00e9raux en exc\u00e8s, comme le calcium et le magn\u00e9sium, responsables de la duret\u00e9 de l'eau. La r\u00e9g\u00e9n\u00e9ration de la r\u00e9sine \u00e9changeuse d'ions consiste \u00e0 remplacer les ions calcium et magn\u00e9sium par des ions sodium gr\u00e2ce \u00e0 un rin\u00e7age au sel. Le sel de traitement de l'eau permet de r\u00e9duire efficacement la duret\u00e9 de l'eau, am\u00e9liorant ainsi son go\u00fbt et pr\u00e9venant l'accumulation de tartre dans les canalisations et les appareils \u00e9lectrom\u00e9nagers. C'est un \u00e9l\u00e9ment essentiel du traitement de l'eau, notamment dans les r\u00e9gions o\u00f9 la duret\u00e9 de l'eau est un probl\u00e8me. Gr\u00e2ce au sel de traitement de l'eau, nous pouvons profiter d'une eau propre et adoucie pour boire, cuisiner et pour les usages domestiques.<\/div><\/div><div class=\"wdt-accordion-toggle-wrapper\"><div class=\"wdt-accordion-toggle-title-holder\"><div class=\"wdt-accordion-toggle-title\"><div class=\"wdt-accordion-toggle-title-prefix number\">2<\/div>Comment obtient-on le sel pour adoucisseur d&#039;eau\u00a0?<\/div><div class=\"wdt-accordion-toggle-icon\"><div class=\"wdt-accordion-toggle-icon-expand\"><svg aria-hidden=\"true\" class=\"e-font-icon-svg e-fas-chevron-down\" viewBox=\"0 0 448 512\" xmlns=\"http:\/\/www.w3.org\/2000\/svg\"><path d=\"M207.029 381.476L12.686 187.132c-9.373-9.373-9.373-24.569 0-33.941l22.667-22.667c9.357-9.357 24.522-9.375 33.901-.04L224 284.505l154.745-154.021c9.379-9.335 24.544-9.317 33.901.04l22.667 22.667c9.373 9.373 9.373 24.569 0 33.941L240.971 381.476c-9.373 9.372-24.569 9.372-33.942 0z\"><\/path><\/svg><\/div><div class=\"wdt-accordion-toggle-icon-collapse\"><svg aria-hidden=\"true\" class=\"e-font-icon-svg e-fas-chevron-right\" viewBox=\"0 0 320 512\" xmlns=\"http:\/\/www.w3.org\/2000\/svg\"><path d=\"M285.476 272.971L91.132 467.314c-9.373 9.373-24.569 9.373-33.941 0l-22.667-22.667c-9.357-9.357-9.375-24.522-.04-33.901L188.505 256 34.484 101.255c-9.335-9.379-9.317-24.544.04-33.901l22.667-22.667c9.373-9.373 24.569-9.373 33.941 0L285.475 239.03c9.373 9.372 9.373 24.568.001 33.941z\"><\/path><\/svg><\/div><\/div><\/div><div class=\"wdt-accordion-toggle-description\">Le sel adoucissant est principalement issu de gisements de sel gemme ou des mers et oc\u00e9ans. Son obtention commence par l'extraction de la mati\u00e8re premi\u00e8re dans les mines de sel ou par l'\u00e9vaporation de l'eau de mer dans des marais salants. Le sel subit ensuite un processus de purification et d'affinage afin d'atteindre le niveau de puret\u00e9 et de qualit\u00e9 souhait\u00e9. Des ingr\u00e9dients suppl\u00e9mentaires, tels que des agents anti-agglom\u00e9rants, sont souvent ajout\u00e9s pour am\u00e9liorer l'efficacit\u00e9 de l'adoucissement de l'eau. Le sel adoucissant peut se pr\u00e9senter sous forme de comprim\u00e9s, de cristaux ou de granul\u00e9s, selon les besoins. Enfin, il est utilis\u00e9 dans les filtres sp\u00e9cifiques des adoucisseurs d'eau.<\/div><\/div><div class=\"wdt-accordion-toggle-wrapper\"><div class=\"wdt-accordion-toggle-title-holder\"><div class=\"wdt-accordion-toggle-title\"><div class=\"wdt-accordion-toggle-title-prefix number\">3<\/div>Comment fonctionne le sel de traitement de l&#039;eau ?<\/div><div class=\"wdt-accordion-toggle-icon\"><div class=\"wdt-accordion-toggle-icon-expand\"><svg aria-hidden=\"true\" class=\"e-font-icon-svg e-fas-chevron-down\" viewBox=\"0 0 448 512\" xmlns=\"http:\/\/www.w3.org\/2000\/svg\"><path d=\"M207.029 381.476L12.686 187.132c-9.373-9.373-9.373-24.569 0-33.941l22.667-22.667c9.357-9.357 24.522-9.375 33.901-.04L224 284.505l154.745-154.021c9.379-9.335 24.544-9.317 33.901.04l22.667 22.667c9.373 9.373 9.373 24.569 0 33.941L240.971 381.476c-9.373 9.372-24.569 9.372-33.942 0z\"><\/path><\/svg><\/div><div class=\"wdt-accordion-toggle-icon-collapse\"><svg aria-hidden=\"true\" class=\"e-font-icon-svg e-fas-chevron-right\" viewBox=\"0 0 320 512\" xmlns=\"http:\/\/www.w3.org\/2000\/svg\"><path d=\"M285.476 272.971L91.132 467.314c-9.373 9.373-24.569 9.373-33.941 0l-22.667-22.667c-9.357-9.357-9.375-24.522-.04-33.901L188.505 256 34.484 101.255c-9.335-9.379-9.317-24.544.04-33.901l22.667-22.667c9.373-9.373 24.569-9.373 33.941 0L285.475 239.03c9.373 9.372 9.373 24.568.001 33.941z\"><\/path><\/svg><\/div><\/div><\/div><div class=\"wdt-accordion-toggle-description\">Le sel de traitement de l'eau agit principalement par \u00e9change d'ions. L'eau, en traversant une r\u00e9sine \u00e9changeuse d'ions (organique ou inorganique), lib\u00e8re des ions sodium. Cette r\u00e9sine absorbe ensuite les ions ind\u00e9sirables, tels que les ions magn\u00e9sium ou calcium. Ainsi, les impuret\u00e9s naturelles et les sels min\u00e9raux sont retenus, tandis que les ions cationiques associ\u00e9s aux ions sodium sont lib\u00e9r\u00e9s dans l'eau potable. Ce proc\u00e9d\u00e9 permet d'\u00e9liminer les substances nocives, d'adoucir l'eau, d'en am\u00e9liorer le go\u00fbt et de pr\u00e9venir la formation de tartre dans la plomberie. C'est une m\u00e9thode efficace de traitement de l'eau, utilis\u00e9e aussi bien dans les foyers que dans l'industrie et l'agriculture.<\/div><\/div><div class=\"wdt-accordion-toggle-wrapper\"><div class=\"wdt-accordion-toggle-title-holder\"><div class=\"wdt-accordion-toggle-title\"><div class=\"wdt-accordion-toggle-title-prefix number\">4<\/div>O\u00f9 utilise-t-on le sel de traitement et d&#039;adoucissement de l&#039;eau ?<\/div><div class=\"wdt-accordion-toggle-icon\"><div class=\"wdt-accordion-toggle-icon-expand\"><svg aria-hidden=\"true\" class=\"e-font-icon-svg e-fas-chevron-down\" viewBox=\"0 0 448 512\" xmlns=\"http:\/\/www.w3.org\/2000\/svg\"><path d=\"M207.029 381.476L12.686 187.132c-9.373-9.373-9.373-24.569 0-33.941l22.667-22.667c9.357-9.357 24.522-9.375 33.901-.04L224 284.505l154.745-154.021c9.379-9.335 24.544-9.317 33.901.04l22.667 22.667c9.373 9.373 9.373 24.569 0 33.941L240.971 381.476c-9.373 9.372-24.569 9.372-33.942 0z\"><\/path><\/svg><\/div><div class=\"wdt-accordion-toggle-icon-collapse\"><svg aria-hidden=\"true\" class=\"e-font-icon-svg e-fas-chevron-right\" viewBox=\"0 0 320 512\" xmlns=\"http:\/\/www.w3.org\/2000\/svg\"><path d=\"M285.476 272.971L91.132 467.314c-9.373 9.373-24.569 9.373-33.941 0l-22.667-22.667c-9.357-9.357-9.375-24.522-.04-33.901L188.505 256 34.484 101.255c-9.335-9.379-9.317-24.544.04-33.901l22.667-22.667c9.373-9.373 24.569-9.373 33.941 0L285.475 239.03c9.373 9.372 9.373 24.568.001 33.941z\"><\/path><\/svg><\/div><\/div><\/div><div class=\"wdt-accordion-toggle-description\">Le sel adoucissant est utilis\u00e9 dans de nombreux contextes o\u00f9 il est n\u00e9cessaire de maintenir une eau propre et adoucie. Il est principalement utilis\u00e9 dans les habitations et les appartements, o\u00f9 le probl\u00e8me de la duret\u00e9 de l'eau est fr\u00e9quent. Le sel adoucissant est \u00e9galement largement utilis\u00e9 dans l'industrie, notamment dans les secteurs chimique et agroalimentaire, o\u00f9 une eau propre pr\u00e9sentant la duret\u00e9 ad\u00e9quate est essentielle \u00e0 la production. De plus, dans les \u00e9tablissements de production tels que les blanchisseries, les stations de lavage automobile ou les h\u00f4tels, le sel adoucissant joue un r\u00f4le crucial dans le maintien de services de haute qualit\u00e9. Il est \u00e9galement utilis\u00e9 dans les processus de purification et de d\u00e9sinfection de l'eau, tant dans les stations d'\u00e9puration que dans les syst\u00e8mes de traitement de l'eau potable. Enfin, le sel adoucissant est indispensable en agriculture, o\u00f9 l'eau douce est utilis\u00e9e pour l'irrigation, la fertilisation des sols et le maintien de conditions optimales pour l'\u00e9levage. Par cons\u00e9quent, le sel adoucissant est un \u00e9l\u00e9ment extr\u00eamement important pour maintenir une eau de qualit\u00e9 dans divers domaines de la vie et des activit\u00e9s humaines.<\/div><\/div><\/div>\t\t\t\t<\/div>\n\t\t\t\t<\/div>\n\t\t\t\t\t<\/div>\n\t\t\t\t<\/div>\n\t\t\t\t<\/div>\n\t\t","protected":false},"excerpt":{"rendered":"<p>Sel pour le traitement de l&rsquo;eau Cat\u00e9gories Le sel est indispensable au traitement de l&rsquo;eau, notamment pour les adoucisseurs et les syst\u00e8mes de conditionnement d&rsquo;eau sans sel. Il permet de r\u00e9duire efficacement la duret\u00e9 de l&rsquo;eau en r\u00e9duisant la concentration de min\u00e9raux comme le calcium et le magn\u00e9sium. Il est id\u00e9al pour les syst\u00e8mes de [&hellip;]<\/p>\n","protected":false},"author":1,"featured_media":19510,"parent":22113,"menu_order":0,"comment_status":"closed","ping_status":"closed","template":"","meta":{"footnotes":""},"class_list":["post-22102","page","type-page","status-publish","has-post-thumbnail","hentry"],"_links":{"self":[{"href":"https:\/\/uae.mosesexport.com\/fr\/wp-json\/wp\/v2\/pages\/22102","targetHints":{"allow":["GET"]}}],"collection":[{"href":"https:\/\/uae.mosesexport.com\/fr\/wp-json\/wp\/v2\/pages"}],"about":[{"href":"https:\/\/uae.mosesexport.com\/fr\/wp-json\/wp\/v2\/types\/page"}],"author":[{"embeddable":true,"href":"https:\/\/uae.mosesexport.com\/fr\/wp-json\/wp\/v2\/users\/1"}],"replies":[{"embeddable":true,"href":"https:\/\/uae.mosesexport.com\/fr\/wp-json\/wp\/v2\/comments?post=22102"}],"version-history":[{"count":0,"href":"https:\/\/uae.mosesexport.com\/fr\/wp-json\/wp\/v2\/pages\/22102\/revisions"}],"up":[{"embeddable":true,"href":"https:\/\/uae.mosesexport.com\/fr\/wp-json\/wp\/v2\/pages\/22113"}],"wp:featuredmedia":[{"embeddable":true,"href":"https:\/\/uae.mosesexport.com\/fr\/wp-json\/wp\/v2\/media\/19510"}],"wp:attachment":[{"href":"https:\/\/uae.mosesexport.com\/fr\/wp-json\/wp\/v2\/media?parent=22102"}],"curies":[{"name":"wp","href":"https:\/\/api.w.org\/{rel}","templated":true}]}}