{"id":28667,"date":"2024-12-22T13:28:42","date_gmt":"2024-12-22T11:28:42","guid":{"rendered":"https:\/\/uae.mosesexport.com\/so-vizkezeleshez\/"},"modified":"2026-02-03T14:41:12","modified_gmt":"2026-02-03T12:41:12","slug":"so-vizkezeleshez","status":"publish","type":"page","link":"https:\/\/uae.mosesexport.com\/hu\/so\/so-vizkezeleshez\/","title":{"rendered":"S\u00f3 v\u00edzkezel\u00e9shez"},"content":{"rendered":"\t\t<div data-elementor-type=\"wp-page\" data-elementor-id=\"28667\" class=\"elementor elementor-28667 elementor-16574\">\n\t\t\t\t<div class=\"elementor-element elementor-element-41bee14 e-flex e-con-boxed e-con e-parent\" data-id=\"41bee14\" data-element_type=\"container\" data-e-type=\"container\" data-settings=\"{&quot;background_background&quot;:&quot;classic&quot;}\">\n\t\t\t\t\t<div class=\"e-con-inner\">\n\t\t\t\t<div class=\"elementor-element elementor-element-0272542 elementor-widget elementor-widget-heading\" data-id=\"0272542\" data-element_type=\"widget\" data-e-type=\"widget\" data-settings=\"{&quot;wdt_animation_effect&quot;:&quot;none&quot;}\" data-widget_type=\"heading.default\">\n\t\t\t\t<div class=\"elementor-widget-container\">\n\t\t\t\t\t<h2 class=\"elementor-heading-title elementor-size-default\">S\u00f3 v\u00edzkezel\u00e9shez Kateg\u00f3ri\u00e1k<\/h2>\t\t\t\t<\/div>\n\t\t\t\t<\/div>\n\t\t\t\t<div class=\"elementor-element elementor-element-4adc56e elementor-widget elementor-widget-text-editor\" data-id=\"4adc56e\" data-element_type=\"widget\" data-e-type=\"widget\" data-settings=\"{&quot;wdt_animation_effect&quot;:&quot;none&quot;}\" data-widget_type=\"text-editor.default\">\n\t\t\t\t<div class=\"elementor-widget-container\">\n\t\t\t\t\t\t\t\t\t<p>A v\u00edzkezel\u00e9shez sz\u00fcks\u00e9ges s\u00f3 elengedhetetlen a s\u00f3mentes v\u00edzl\u00e1gy\u00edt\u00f3 \u00e9s s\u00f3mentes v\u00edzkondicion\u00e1l\u00f3 rendszerekhez, mivel hat\u00e9konyan cs\u00f6kkenti a kem\u00e9nys\u00e9get okoz\u00f3 \u00e1sv\u00e1nyi anyagokat, p\u00e9ld\u00e1ul a kalciumot \u00e9s a magn\u00e9ziumot. Ide\u00e1lis teljes h\u00e1z s\u00f3sv\u00edz-sz\u0171r\u0151rendszerekhez, s\u00f3sv\u00edz-sz\u0171r\u0151rendszerekhez \u00e9s s\u00f3sv\u00edz-ford\u00edtott ozm\u00f3zis rendszerekhez. <\/p>\t\t\t\t\t\t\t\t<\/div>\n\t\t\t\t<\/div>\n\t\t\t\t\t<\/div>\n\t\t\t\t<\/div>\n\t\t<div class=\"elementor-element elementor-element-e5ae213 e-flex e-con-boxed e-con e-parent\" data-id=\"e5ae213\" data-element_type=\"container\" data-e-type=\"container\">\n\t\t\t\t\t<div class=\"e-con-inner\">\n\t\t\t\t<div class=\"elementor-element elementor-element-1d42109 start start elementor-widget-mobile__width-inherit wdt-cus-service-style-01 elementor-widget elementor-widget-wdt-image-box\" data-id=\"1d42109\" data-element_type=\"widget\" data-e-type=\"widget\" data-settings=\"{&quot;button_normal_background_background&quot;:&quot;classic&quot;,&quot;button_normal_background_color&quot;:&quot;#FFC52700&quot;,&quot;button_hover_background_background&quot;:&quot;classic&quot;,&quot;button_hover_background_color&quot;:&quot;#FFC52700&quot;,&quot;columns&quot;:&quot;3&quot;,&quot;item_normal_background_background&quot;:&quot;gradient&quot;,&quot;item_normal_background_color&quot;:&quot;#003057&quot;,&quot;item_hover_background_background&quot;:&quot;gradient&quot;,&quot;_animation&quot;:&quot;none&quot;,&quot;columns_tablet&quot;:2,&quot;columns_mobile&quot;:1,&quot;carousel_arrows_prev_arrow_vertical_top_indent&quot;:{&quot;unit&quot;:&quot;%&quot;,&quot;size&quot;:&quot;&quot;,&quot;sizes&quot;:[]},&quot;carousel_arrows_prev_arrow_vertical_top_indent_tablet&quot;:{&quot;unit&quot;:&quot;%&quot;,&quot;size&quot;:&quot;&quot;,&quot;sizes&quot;:[]},&quot;carousel_arrows_prev_arrow_vertical_top_indent_mobile&quot;:{&quot;unit&quot;:&quot;%&quot;,&quot;size&quot;:&quot;&quot;,&quot;sizes&quot;:[]},&quot;carousel_arrows_prev_arrow_horizontal_left_indent&quot;:{&quot;unit&quot;:&quot;%&quot;,&quot;size&quot;:&quot;&quot;,&quot;sizes&quot;:[]},&quot;carousel_arrows_prev_arrow_horizontal_left_indent_tablet&quot;:{&quot;unit&quot;:&quot;%&quot;,&quot;size&quot;:&quot;&quot;,&quot;sizes&quot;:[]},&quot;carousel_arrows_prev_arrow_horizontal_left_indent_mobile&quot;:{&quot;unit&quot;:&quot;%&quot;,&quot;size&quot;:&quot;&quot;,&quot;sizes&quot;:[]},&quot;carousel_arrows_next_arrow_vertical_top_indent&quot;:{&quot;unit&quot;:&quot;%&quot;,&quot;size&quot;:&quot;&quot;,&quot;sizes&quot;:[]},&quot;carousel_arrows_next_arrow_vertical_top_indent_tablet&quot;:{&quot;unit&quot;:&quot;%&quot;,&quot;size&quot;:&quot;&quot;,&quot;sizes&quot;:[]},&quot;carousel_arrows_next_arrow_vertical_top_indent_mobile&quot;:{&quot;unit&quot;:&quot;%&quot;,&quot;size&quot;:&quot;&quot;,&quot;sizes&quot;:[]},&quot;carousel_arrows_next_arrow_horizontal_left_indent&quot;:{&quot;unit&quot;:&quot;%&quot;,&quot;size&quot;:&quot;&quot;,&quot;sizes&quot;:[]},&quot;carousel_arrows_next_arrow_horizontal_left_indent_tablet&quot;:{&quot;unit&quot;:&quot;%&quot;,&quot;size&quot;:&quot;&quot;,&quot;sizes&quot;:[]},&quot;carousel_arrows_next_arrow_horizontal_left_indent_mobile&quot;:{&quot;unit&quot;:&quot;%&quot;,&quot;size&quot;:&quot;&quot;,&quot;sizes&quot;:[]},&quot;wdt_animation_effect&quot;:&quot;none&quot;}\" data-widget_type=\"wdt-image-box.default\">\n\t\t\t\t<div class=\"elementor-widget-container\">\n\t\t\t\t\t<div class=\"wdt-image-box-holder wdt-content-item-holder wdt-column-holder wdt-rc-template-custom-template wdt-image-lightbox-popup wdt-image-active-class\" id=\"wdt-image-box-1d42109\" data-settings=\"{&quot;enable_popup&quot;:&quot;yes&quot;,&quot;enable_hover_class&quot;:&quot;yes&quot;}\"><div class=\"wdt-column-wrapper wdt-column-gap-wide wdt-snap-scroll-enabled\" data-column-settings=\"{&quot;columnDevices&quot;:[&quot;tablet&quot;,&quot;mobile&quot;]}\" data-module-id=\"wdt-module-id-1d42109\" id=\"wdt-module-id-1d42109\"><div class=\"wdt-column\"><div class=\"wdt-content-item\"><div class=\"wdt-content-media-group\"><div class=\"wdt-content-elements-group wdt-media-group wdt-media-image-cover\"><div class=\"wdt-content-image-wrapper \"><div class=\"wdt-content-image\"><a href=\"https:\/\/uae.mosesexport.com\/hu\/so-vizlagyitashoz\/\"><img fetchpriority=\"high\" decoding=\"async\" width=\"800\" height=\"433\" src=\"https:\/\/uae.mosesexport.com\/wp-content\/uploads\/2026\/01\/Untitled-design.png\" class=\"attachment-full size-full wp-image-33106\" alt=\"Salt For Water Softening\" srcset=\"https:\/\/uae.mosesexport.com\/wp-content\/uploads\/2026\/01\/Untitled-design.png 800w, https:\/\/uae.mosesexport.com\/wp-content\/uploads\/2026\/01\/Untitled-design-600x325.png 600w, https:\/\/uae.mosesexport.com\/wp-content\/uploads\/2026\/01\/Untitled-design-300x162.png 300w, https:\/\/uae.mosesexport.com\/wp-content\/uploads\/2026\/01\/Untitled-design-768x416.png 768w\" sizes=\"(max-width: 800px) 100vw, 800px\" title=\"\"><\/a><\/div><\/div><div class=\"wdt-media-image-cover-container\"><div class=\"wdt-content-button wdt-button-clone\"><a href=\"https:\/\/uae.mosesexport.com\/hu\/so-vizlagyitashoz\/\"><div class=\"wdt-button-text\"><span>View<\/span><\/div><\/a><\/div><\/div><\/div><\/div><div class=\"wdt-content-detail-group\"><div class=\"wdt-content-title\"><h5><a href=\"https:\/\/uae.mosesexport.com\/hu\/so-vizlagyitashoz\/\">S\u00f3 v\u00edzl\u00e1gy\u00edt\u00e1shoz<\/a><\/h5><\/div><div class=\"wdt-content-description\">A v\u00edzl\u00e1gy\u00edt\u00f3 s\u00f3 cs\u00f6kkenti a v\u00edz kem\u00e9nys\u00e9g\u00e9t \u00e9s megakad\u00e1lyozza a v\u00edzk\u0151lerak\u00f3d\u00e1st a k\u00e9sz\u00fcl\u00e9kekben. Ide\u00e1lis l\u00e1gy\u00edt\u00f3 s\u00f3 Morton, BWT, Nuvo, Aquasana vagy s\u00f3 n\u00e9lk\u00fcli v\u00edzl\u00e1gy\u00edt\u00f3khoz.<\/div><\/div><\/div><\/div><div class=\"wdt-column\"><div class=\"wdt-content-item\"><div class=\"wdt-content-media-group\"><div class=\"wdt-content-elements-group wdt-media-group wdt-media-image-cover\"><div class=\"wdt-content-image-wrapper \"><div class=\"wdt-content-image\"><a href=\"https:\/\/uae.mosesexport.com\/hu\/mosogatogep-so\/\"><img decoding=\"async\" width=\"600\" height=\"402\" src=\"https:\/\/uae.mosesexport.com\/wp-content\/uploads\/2026\/01\/Dishwasher-Salt.png\" class=\"attachment-full size-full wp-image-33107\" alt=\"Dishwasher Salt\" srcset=\"https:\/\/uae.mosesexport.com\/wp-content\/uploads\/2026\/01\/Dishwasher-Salt.png 600w, https:\/\/uae.mosesexport.com\/wp-content\/uploads\/2026\/01\/Dishwasher-Salt-300x201.png 300w\" sizes=\"(max-width: 600px) 100vw, 600px\" title=\"\"><\/a><\/div><\/div><div class=\"wdt-media-image-cover-container\"><div class=\"wdt-content-button wdt-button-clone\"><a href=\"https:\/\/uae.mosesexport.com\/hu\/mosogatogep-so\/\"><div class=\"wdt-button-text\"><span>View<\/span><\/div><\/a><\/div><\/div><\/div><\/div><div class=\"wdt-content-detail-group\"><div class=\"wdt-content-title\"><h5><a href=\"https:\/\/uae.mosesexport.com\/hu\/mosogatogep-so\/\">Mosogat\u00f3g\u00e9p s\u00f3<\/a><\/h5><\/div><div class=\"wdt-content-description\">A mosogat\u00f3g\u00e9p s\u00f3t kifejezetten a mosogat\u00f3g\u00e9pben a v\u00edzk\u0151lerak\u00f3d\u00e1s megakad\u00e1lyoz\u00e1s\u00e1ra fejlesztett\u00e9k ki, \u00edgy biztos\u00edtva az optim\u00e1lis teljes\u00edtm\u00e9nyt \u00e9s a hossz\u00fa \u00e9lettartamot. T\u00f6k\u00e9letesen m\u0171k\u00f6dik a Miele mosogat\u00f3g\u00e9p s\u00f3val, a Finish mosogat\u00f3g\u00e9p s\u00f3val \u00e9s a Bosch mosogat\u00f3g\u00e9p s\u00f3rendszerekkel.<\/div><\/div><\/div><\/div><div class=\"wdt-column\"><div class=\"wdt-content-item\"><div class=\"wdt-content-media-group\"><div class=\"wdt-content-elements-group wdt-media-group wdt-media-image-cover\"><div class=\"wdt-content-image-wrapper \"><div class=\"wdt-content-image\"><a href=\"https:\/\/uae.mosesexport.com\/hu\/uszomedence-so\/\"><img decoding=\"async\" width=\"750\" height=\"500\" src=\"https:\/\/uae.mosesexport.com\/wp-content\/uploads\/2026\/01\/Swimming-Pool-Salt.png\" class=\"attachment-full size-full wp-image-33108\" alt=\"Swimming Pool Salt\" srcset=\"https:\/\/uae.mosesexport.com\/wp-content\/uploads\/2026\/01\/Swimming-Pool-Salt.png 750w, https:\/\/uae.mosesexport.com\/wp-content\/uploads\/2026\/01\/Swimming-Pool-Salt-600x400.png 600w, https:\/\/uae.mosesexport.com\/wp-content\/uploads\/2026\/01\/Swimming-Pool-Salt-300x200.png 300w\" sizes=\"(max-width: 750px) 100vw, 750px\" title=\"\"><\/a><\/div><\/div><div class=\"wdt-media-image-cover-container\"><div class=\"wdt-content-button wdt-button-clone\"><a href=\"https:\/\/uae.mosesexport.com\/hu\/uszomedence-so\/\"><div class=\"wdt-button-text\"><span>View<\/span><\/div><\/a><\/div><\/div><\/div><\/div><div class=\"wdt-content-detail-group\"><div class=\"wdt-content-title\"><h5><a href=\"https:\/\/uae.mosesexport.com\/hu\/uszomedence-so\/\">\u00dasz\u00f3medence s\u00f3<\/a><\/h5><\/div><div class=\"wdt-content-description\">A Moses Swimming Pool Salt a legjobb v\u00e1laszt\u00e1s s\u00f3s vizes medenc\u00e9kbe, kiv\u00e1l\u00f3 min\u0151s\u00e9get \u00e9s biztons\u00e1got ny\u00fajtva. Megb\u00edzhat\u00f3 piacvezet\u0151k\u00e9nt megfelel a legszigor\u00fabb szabv\u00e1nyoknak a tiszta \u00e9s k\u00e9nyelmes \u00fasz\u00e1si \u00e9lm\u00e9ny \u00e9rdek\u00e9ben.<\/div><\/div><\/div><\/div><\/div><div class=\"wdt-column-pagination wdt-snap-scroll-pagination\">\n\t\t\t\t\t\t<button class=\"wdt-pagination-prev wdt-module-id-1d42109\">Previous<\/button>\n\t\t\t\t\t\t<button class=\"wdt-pagination-next wdt-module-id-1d42109\">Next<\/button><\/div><\/div>\t\t\t\t<\/div>\n\t\t\t\t<\/div>\n\t\t\t\t\t<\/div>\n\t\t\t\t<\/div>\n\t\t<div class=\"elementor-element elementor-element-03aff1b e-flex e-con-boxed e-con e-parent\" data-id=\"03aff1b\" data-element_type=\"container\" data-e-type=\"container\">\n\t\t\t\t\t<div class=\"e-con-inner\">\n\t\t\t\t<div class=\"elementor-element elementor-element-378fc33 wdt-cus-accordion1 elementor-widget elementor-widget-wdt-accordion-and-toggle\" data-id=\"378fc33\" data-element_type=\"widget\" data-e-type=\"widget\" data-settings=\"{&quot;wdt_animation_effect&quot;:&quot;none&quot;}\" data-widget_type=\"wdt-accordion-and-toggle.default\">\n\t\t\t\t<div class=\"elementor-widget-container\">\n\t\t\t\t\t<div class=\"wdt-accordion-toggle-holder wdt-module-toggle wdt-template-classic wdt-expand-collapse-position-end\" id=\"wdt-accordion-and-toggle-378fc33\"><div class=\"wdt-accordion-toggle-wrapper\"><div class=\"wdt-accordion-toggle-title-holder\"><div class=\"wdt-accordion-toggle-title\"><div class=\"wdt-accordion-toggle-title-prefix number\">1<\/div>Mi az a v\u00edzl\u00e1gy\u00edt\u00f3 s\u00f3 vagy v\u00edztiszt\u00edt\u00f3 s\u00f3?<\/div><div class=\"wdt-accordion-toggle-icon\"><div class=\"wdt-accordion-toggle-icon-expand\"><svg aria-hidden=\"true\" class=\"e-font-icon-svg e-fas-chevron-down\" viewBox=\"0 0 448 512\" xmlns=\"http:\/\/www.w3.org\/2000\/svg\"><path d=\"M207.029 381.476L12.686 187.132c-9.373-9.373-9.373-24.569 0-33.941l22.667-22.667c9.357-9.357 24.522-9.375 33.901-.04L224 284.505l154.745-154.021c9.379-9.335 24.544-9.317 33.901.04l22.667 22.667c9.373 9.373 9.373 24.569 0 33.941L240.971 381.476c-9.373 9.372-24.569 9.372-33.942 0z\"><\/path><\/svg><\/div><div class=\"wdt-accordion-toggle-icon-collapse\"><svg aria-hidden=\"true\" class=\"e-font-icon-svg e-fas-chevron-right\" viewBox=\"0 0 320 512\" xmlns=\"http:\/\/www.w3.org\/2000\/svg\"><path d=\"M285.476 272.971L91.132 467.314c-9.373 9.373-24.569 9.373-33.941 0l-22.667-22.667c-9.357-9.357-9.375-24.522-.04-33.901L188.505 256 34.484 101.255c-9.335-9.379-9.317-24.544.04-33.901l22.667-22.667c9.373-9.373 24.569-9.373 33.941 0L285.475 239.03c9.373 9.372 9.373 24.568.001 33.941z\"><\/path><\/svg><\/div><\/div><\/div><div class=\"wdt-accordion-toggle-description\">A v\u00edzl\u00e1gy\u00edt\u00f3 s\u00f3 egy olyan anyag, amelyet a v\u00edzl\u00e1gy\u00edt\u00f3kban haszn\u00e1lnak az ioncser\u00e9l\u0151 gyanta regener\u00e1l\u00e1si folyamat\u00e1ban. Olyan k\u00e9miai vegy\u00fcleteket tartalmaz, amelyek seg\u00edtenek elt\u00e1vol\u00edtani a felesleges \u00e1sv\u00e1nyi anyagokat, p\u00e9ld\u00e1ul a kalciumot \u00e9s a magn\u00e9ziumot, amelyek kem\u00e9nny\u00e9 teszik a vizet. Az ioncser\u00e9l\u0151 gyanta regener\u00e1l\u00e1si folyamata sor\u00e1n a kalcium- \u00e9s magn\u00e9ziumionokat n\u00e1triumionokra cser\u00e9lik s\u00f3val t\u00f6rt\u00e9n\u0151 \u00f6bl\u00edt\u00e9s r\u00e9v\u00e9n. A v\u00edzl\u00e1gy\u00edt\u00f3 s\u00f3 lehet\u0151v\u00e9 teszi a v\u00edz kem\u00e9nys\u00e9g\u00e9nek hat\u00e9kony cs\u00f6kkent\u00e9s\u00e9t, hozz\u00e1j\u00e1rul a jobb \u00edzhez \u00e9s megakad\u00e1lyozza a v\u00edzk\u0151lerak\u00f3d\u00e1st a cs\u00f6vekben \u00e9s k\u00e9sz\u00fcl\u00e9kekben. Kulcsfontoss\u00e1g\u00fa eleme a v\u00edzkezel\u00e9si folyamatnak, k\u00fcl\u00f6n\u00f6sen azokon a ter\u00fcleteken, ahol a kem\u00e9ny v\u00edz probl\u00e9m\u00e1t jelent. A v\u00edzkezel\u0151 s\u00f3 haszn\u00e1lat\u00e1val tiszta \u00e9s l\u00e1gy\u00edtott vizet \u00e9lvezhet\u00fcnk iv\u00f3v\u00edzk\u00e9nt, f\u0151z\u00e9shez \u00e9s h\u00e1ztart\u00e1si haszn\u00e1latra.<\/div><\/div><div class=\"wdt-accordion-toggle-wrapper\"><div class=\"wdt-accordion-toggle-title-holder\"><div class=\"wdt-accordion-toggle-title\"><div class=\"wdt-accordion-toggle-title-prefix number\">2<\/div>Hogyan nyerik a v\u00edzl\u00e1gy\u00edt\u00f3 s\u00f3t?<\/div><div class=\"wdt-accordion-toggle-icon\"><div class=\"wdt-accordion-toggle-icon-expand\"><svg aria-hidden=\"true\" class=\"e-font-icon-svg e-fas-chevron-down\" viewBox=\"0 0 448 512\" xmlns=\"http:\/\/www.w3.org\/2000\/svg\"><path d=\"M207.029 381.476L12.686 187.132c-9.373-9.373-9.373-24.569 0-33.941l22.667-22.667c9.357-9.357 24.522-9.375 33.901-.04L224 284.505l154.745-154.021c9.379-9.335 24.544-9.317 33.901.04l22.667 22.667c9.373 9.373 9.373 24.569 0 33.941L240.971 381.476c-9.373 9.372-24.569 9.372-33.942 0z\"><\/path><\/svg><\/div><div class=\"wdt-accordion-toggle-icon-collapse\"><svg aria-hidden=\"true\" class=\"e-font-icon-svg e-fas-chevron-right\" viewBox=\"0 0 320 512\" xmlns=\"http:\/\/www.w3.org\/2000\/svg\"><path d=\"M285.476 272.971L91.132 467.314c-9.373 9.373-24.569 9.373-33.941 0l-22.667-22.667c-9.357-9.357-9.375-24.522-.04-33.901L188.505 256 34.484 101.255c-9.335-9.379-9.317-24.544.04-33.901l22.667-22.667c9.373-9.373 24.569-9.373 33.941 0L285.475 239.03c9.373 9.372 9.373 24.568.001 33.941z\"><\/path><\/svg><\/div><\/div><\/div><div class=\"wdt-accordion-toggle-description\">A v\u00edzl\u00e1gy\u00edt\u00f3 s\u00f3t f\u0151k\u00e9nt k\u0151s\u00f3 lel\u0151helyekr\u0151l, tengerekb\u0151l \u00e9s \u00f3ce\u00e1nokb\u00f3l nyerik. A s\u00f3 kinyer\u00e9s\u00e9nek folyamata a nyersanyag s\u00f3b\u00e1ny\u00e1kb\u00f3l t\u00f6rt\u00e9n\u0151 kinyer\u00e9s\u00e9vel vagy a tengerv\u00edz speci\u00e1lis s\u00f3medenc\u00e9kben t\u00f6rt\u00e9n\u0151 bep\u00e1rl\u00e1s\u00e1val kezd\u0151dik. Ezut\u00e1n a s\u00f3 tiszt\u00edt\u00e1si \u00e9s finom\u00edt\u00e1si folyamaton megy kereszt\u00fcl, hogy el\u00e9rje a k\u00edv\u00e1nt tisztas\u00e1got \u00e9s min\u0151s\u00e9get. A v\u00edzl\u00e1gy\u00edt\u00e1si folyamat hat\u00e9konys\u00e1g\u00e1nak jav\u00edt\u00e1sa \u00e9rdek\u00e9ben gyakran tov\u00e1bbi \u00f6sszetev\u0151ket adnak hozz\u00e1, p\u00e9ld\u00e1ul csom\u00f3sod\u00e1sg\u00e1tl\u00f3kat. A v\u00edzl\u00e1gy\u00edt\u00f3 s\u00f3 tabletta, krist\u00e1ly vagy granul\u00e1tum form\u00e1j\u00e1ban kaphat\u00f3, az ig\u00e9nyekt\u0151l f\u00fcgg\u0151en. V\u00e9gs\u0151 soron ezt a s\u00f3t speci\u00e1lis v\u00edzl\u00e1gy\u00edt\u00f3 sz\u0171r\u0151kben haszn\u00e1lj\u00e1k.<\/div><\/div><div class=\"wdt-accordion-toggle-wrapper\"><div class=\"wdt-accordion-toggle-title-holder\"><div class=\"wdt-accordion-toggle-title\"><div class=\"wdt-accordion-toggle-title-prefix number\">3<\/div>Hogyan m\u0171k\u00f6dik a v\u00edzkezel\u0151 s\u00f3?<\/div><div class=\"wdt-accordion-toggle-icon\"><div class=\"wdt-accordion-toggle-icon-expand\"><svg aria-hidden=\"true\" class=\"e-font-icon-svg e-fas-chevron-down\" viewBox=\"0 0 448 512\" xmlns=\"http:\/\/www.w3.org\/2000\/svg\"><path d=\"M207.029 381.476L12.686 187.132c-9.373-9.373-9.373-24.569 0-33.941l22.667-22.667c9.357-9.357 24.522-9.375 33.901-.04L224 284.505l154.745-154.021c9.379-9.335 24.544-9.317 33.901.04l22.667 22.667c9.373 9.373 9.373 24.569 0 33.941L240.971 381.476c-9.373 9.372-24.569 9.372-33.942 0z\"><\/path><\/svg><\/div><div class=\"wdt-accordion-toggle-icon-collapse\"><svg aria-hidden=\"true\" class=\"e-font-icon-svg e-fas-chevron-right\" viewBox=\"0 0 320 512\" xmlns=\"http:\/\/www.w3.org\/2000\/svg\"><path d=\"M285.476 272.971L91.132 467.314c-9.373 9.373-24.569 9.373-33.941 0l-22.667-22.667c-9.357-9.357-9.375-24.522-.04-33.901L188.505 256 34.484 101.255c-9.335-9.379-9.317-24.544.04-33.901l22.667-22.667c9.373-9.373 24.569-9.373 33.941 0L285.475 239.03c9.373 9.372 9.373 24.568.001 33.941z\"><\/path><\/svg><\/div><\/div><\/div><div class=\"wdt-accordion-toggle-description\">A v\u00edzkezel\u0151 s\u00f3 els\u0151sorban ioncsere \u00fatj\u00e1n fejti ki hat\u00e1s\u00e1t. Az ioncser\u00e9l\u0151 gyant\u00e1n \u2013 amely szerves vagy szervetlen form\u00e1ban l\u00e9tezik \u2013 \u00e1thalad\u00f3 v\u00edz n\u00e1triumionok felszabadul\u00e1s\u00e1t okozza a gyant\u00e1b\u00f3l. Ezt k\u00f6vet\u0151en az ioncser\u00e9l\u0151 gyanta elnyeli a nem k\u00edv\u00e1nt ionokat, p\u00e9ld\u00e1ul a magn\u00e9zium- vagy kalciumionokat. Ennek eredm\u00e9nyek\u00e9nt a term\u00e9szetes szennyez\u0151d\u00e9seket \u00e9s \u00e1sv\u00e1nyi s\u00f3kat a gyanta visszatartja, \u00e9s a n\u00e1triumionokhoz kapcsol\u00f3d\u00f3 kationos ionok a fogyaszt\u00e1sra sz\u00e1nt v\u00edzbe ker\u00fclnek. Ezzel a folyamattal a v\u00edzkezel\u0151 s\u00f3 lehet\u0151v\u00e9 teszi a k\u00e1ros anyagok elt\u00e1vol\u00edt\u00e1s\u00e1t \u00e9s a v\u00edz l\u00e1gy\u00edt\u00e1s\u00e1t, jav\u00edtja az \u00edz\u00e9t \u00e9s megakad\u00e1lyozza a v\u00edzk\u0151lerak\u00f3d\u00e1st a v\u00edzvezet\u00e9k-szerel\u00e9sekben. Ez egy hat\u00e9kony v\u00edzkezel\u00e9si m\u00f3dszer, amelyet mind a mag\u00e1nh\u00e1ztart\u00e1sokban, mind az iparban vagy a mez\u0151gazdas\u00e1gban haszn\u00e1lnak.<\/div><\/div><div class=\"wdt-accordion-toggle-wrapper\"><div class=\"wdt-accordion-toggle-title-holder\"><div class=\"wdt-accordion-toggle-title\"><div class=\"wdt-accordion-toggle-title-prefix number\">4<\/div>Hol haszn\u00e1lj\u00e1k a v\u00edztiszt\u00edt\u00f3 \u00e9s l\u00e1gy\u00edt\u00f3 s\u00f3t?<\/div><div class=\"wdt-accordion-toggle-icon\"><div class=\"wdt-accordion-toggle-icon-expand\"><svg aria-hidden=\"true\" class=\"e-font-icon-svg e-fas-chevron-down\" viewBox=\"0 0 448 512\" xmlns=\"http:\/\/www.w3.org\/2000\/svg\"><path d=\"M207.029 381.476L12.686 187.132c-9.373-9.373-9.373-24.569 0-33.941l22.667-22.667c9.357-9.357 24.522-9.375 33.901-.04L224 284.505l154.745-154.021c9.379-9.335 24.544-9.317 33.901.04l22.667 22.667c9.373 9.373 9.373 24.569 0 33.941L240.971 381.476c-9.373 9.372-24.569 9.372-33.942 0z\"><\/path><\/svg><\/div><div class=\"wdt-accordion-toggle-icon-collapse\"><svg aria-hidden=\"true\" class=\"e-font-icon-svg e-fas-chevron-right\" viewBox=\"0 0 320 512\" xmlns=\"http:\/\/www.w3.org\/2000\/svg\"><path d=\"M285.476 272.971L91.132 467.314c-9.373 9.373-24.569 9.373-33.941 0l-22.667-22.667c-9.357-9.357-9.375-24.522-.04-33.901L188.505 256 34.484 101.255c-9.335-9.379-9.317-24.544.04-33.901l22.667-22.667c9.373-9.373 24.569-9.373 33.941 0L285.475 239.03c9.373 9.372 9.373 24.568.001 33.941z\"><\/path><\/svg><\/div><\/div><\/div><div class=\"wdt-accordion-toggle-description\">A v\u00edztiszt\u00edt\u00f3 \u00e9s v\u00edzl\u00e1gy\u00edt\u00f3 s\u00f3t sz\u00e1mos helyen alkalmazz\u00e1k, ahol a tiszta \u00e9s l\u00e1gy v\u00edz fenntart\u00e1sa sz\u00fcks\u00e9ges. Els\u0151sorban otthonokban \u00e9s lak\u00e1sokban haszn\u00e1lj\u00e1k, ahol gyakori a v\u00edzkem\u00e9nys\u00e9g probl\u00e9m\u00e1ja. A v\u00edztiszt\u00edt\u00f3 s\u00f3t sz\u00e9les k\u00f6rben haszn\u00e1lj\u00e1k az iparban is, k\u00fcl\u00f6n\u00f6sen a vegyiparban \u00e9s az \u00e9lelmiszeriparban, ahol a megfelel\u0151 kem\u00e9nys\u00e9g\u0171 tiszta v\u00edz elengedhetetlen a termel\u00e9shez. A gy\u00e1rt\u00f3\u00fczemekben, p\u00e9ld\u00e1ul mosod\u00e1kban, aut\u00f3mos\u00f3kban vagy sz\u00e1llod\u00e1kban a v\u00edzl\u00e1gy\u00edt\u00f3 s\u00f3 kulcsszerepet j\u00e1tszik a magas sz\u00ednvonal\u00fa szolg\u00e1ltat\u00e1sok fenntart\u00e1s\u00e1ban. Ezenk\u00edv\u00fcl v\u00edztiszt\u00edt\u00e1si \u00e9s fert\u0151tlen\u00edt\u00e9si folyamatokban is haszn\u00e1lj\u00e1k, mind a szennyv\u00edztiszt\u00edt\u00f3 telepeken, mind az iv\u00f3v\u00edzkezel\u0151 rendszerekben. V\u00e9g\u00fcl a v\u00edzl\u00e1gy\u00edt\u00f3 s\u00f3 n\u00e9lk\u00fcl\u00f6zhetetlen a mez\u0151gazdas\u00e1gban, ahol a l\u00e1gy vizet \u00f6nt\u00f6z\u00e9sre, talajtr\u00e1gy\u00e1z\u00e1sra \u00e9s az \u00e1llatteny\u00e9szt\u00e9s megfelel\u0151 felt\u00e9teleinek fenntart\u00e1s\u00e1ra haszn\u00e1lj\u00e1k. Ez\u00e9rt a v\u00edztiszt\u00edt\u00f3 s\u00f3 hihetetlen\u00fcl fontos eleme a v\u00edz megfelel\u0151 min\u0151s\u00e9g\u00e9nek fenntart\u00e1s\u00e1ban az emberi \u00e9let \u00e9s tev\u00e9kenys\u00e9g k\u00fcl\u00f6nb\u00f6z\u0151 ter\u00fcletein.<\/div><\/div><\/div>\t\t\t\t<\/div>\n\t\t\t\t<\/div>\n\t\t\t\t\t<\/div>\n\t\t\t\t<\/div>\n\t\t\t\t<\/div>\n\t\t","protected":false},"excerpt":{"rendered":"<p>S\u00f3 v\u00edzkezel\u00e9shez Kateg\u00f3ri\u00e1k A v\u00edzkezel\u00e9shez sz\u00fcks\u00e9ges s\u00f3 elengedhetetlen a s\u00f3mentes v\u00edzl\u00e1gy\u00edt\u00f3 \u00e9s s\u00f3mentes v\u00edzkondicion\u00e1l\u00f3 rendszerekhez, mivel hat\u00e9konyan cs\u00f6kkenti a kem\u00e9nys\u00e9get okoz\u00f3 \u00e1sv\u00e1nyi anyagokat, p\u00e9ld\u00e1ul a kalciumot \u00e9s a magn\u00e9ziumot. Ide\u00e1lis teljes h\u00e1z s\u00f3sv\u00edz-sz\u0171r\u0151rendszerekhez, s\u00f3sv\u00edz-sz\u0171r\u0151rendszerekhez \u00e9s s\u00f3sv\u00edz-ford\u00edtott ozm\u00f3zis rendszerekhez. View S\u00f3 v\u00edzl\u00e1gy\u00edt\u00e1shoz A v\u00edzl\u00e1gy\u00edt\u00f3 s\u00f3 cs\u00f6kkenti a v\u00edz kem\u00e9nys\u00e9g\u00e9t \u00e9s megakad\u00e1lyozza a v\u00edzk\u0151lerak\u00f3d\u00e1st a k\u00e9sz\u00fcl\u00e9kekben. Ide\u00e1lis [&hellip;]<\/p>\n","protected":false},"author":1,"featured_media":32106,"parent":28687,"menu_order":0,"comment_status":"closed","ping_status":"closed","template":"","meta":{"footnotes":""},"class_list":["post-28667","page","type-page","status-publish","has-post-thumbnail","hentry"],"_links":{"self":[{"href":"https:\/\/uae.mosesexport.com\/hu\/wp-json\/wp\/v2\/pages\/28667","targetHints":{"allow":["GET"]}}],"collection":[{"href":"https:\/\/uae.mosesexport.com\/hu\/wp-json\/wp\/v2\/pages"}],"about":[{"href":"https:\/\/uae.mosesexport.com\/hu\/wp-json\/wp\/v2\/types\/page"}],"author":[{"embeddable":true,"href":"https:\/\/uae.mosesexport.com\/hu\/wp-json\/wp\/v2\/users\/1"}],"replies":[{"embeddable":true,"href":"https:\/\/uae.mosesexport.com\/hu\/wp-json\/wp\/v2\/comments?post=28667"}],"version-history":[{"count":0,"href":"https:\/\/uae.mosesexport.com\/hu\/wp-json\/wp\/v2\/pages\/28667\/revisions"}],"up":[{"embeddable":true,"href":"https:\/\/uae.mosesexport.com\/hu\/wp-json\/wp\/v2\/pages\/28687"}],"wp:featuredmedia":[{"embeddable":true,"href":"https:\/\/uae.mosesexport.com\/hu\/wp-json\/wp\/v2\/media\/32106"}],"wp:attachment":[{"href":"https:\/\/uae.mosesexport.com\/hu\/wp-json\/wp\/v2\/media?parent=28667"}],"curies":[{"name":"wp","href":"https:\/\/api.w.org\/{rel}","templated":true}]}}