{"id":28734,"date":"2024-12-19T12:54:26","date_gmt":"2024-12-19T10:54:26","guid":{"rendered":"https:\/\/uae.mosesexport.com\/sale-stradale\/"},"modified":"2025-09-29T15:39:32","modified_gmt":"2025-09-29T12:39:32","slug":"sale-stradale","status":"publish","type":"page","link":"https:\/\/uae.mosesexport.com\/it\/sale\/sale-stradale\/","title":{"rendered":"Sale stradale"},"content":{"rendered":"\t\t<div data-elementor-type=\"wp-page\" data-elementor-id=\"28734\" class=\"elementor elementor-28734 elementor-16549\">\n\t\t\t\t<div class=\"elementor-element elementor-element-6048ffb e-flex e-con-boxed e-con e-parent\" data-id=\"6048ffb\" data-element_type=\"container\" data-e-type=\"container\" data-settings=\"{&quot;background_background&quot;:&quot;classic&quot;}\">\n\t\t\t\t\t<div class=\"e-con-inner\">\n\t\t\t\t<div class=\"elementor-element elementor-element-04c4b03 elementor-widget elementor-widget-heading\" data-id=\"04c4b03\" data-element_type=\"widget\" data-e-type=\"widget\" data-settings=\"{&quot;wdt_animation_effect&quot;:&quot;none&quot;}\" data-widget_type=\"heading.default\">\n\t\t\t\t<div class=\"elementor-widget-container\">\n\t\t\t\t\t<h2 class=\"elementor-heading-title elementor-size-default\"><a href=\"https:\/\/uae.mosesexport.com\/it\/sale-stradale\/\">MOSES\u00ae Sale stradale<\/a><\/h2>\t\t\t\t<\/div>\n\t\t\t\t<\/div>\n\t\t\t\t\t<\/div>\n\t\t\t\t<\/div>\n\t\t\t\t<section class=\"elementor-section elementor-top-section elementor-element elementor-element-cd5d985 wdt-no-full-section elementor-section-boxed elementor-section-height-default elementor-section-height-default\" data-id=\"cd5d985\" data-element_type=\"section\" data-e-type=\"section\" data-settings=\"{&quot;background_background&quot;:&quot;classic&quot;,&quot;wdt_bg_image&quot;:{&quot;url&quot;:&quot;&quot;,&quot;id&quot;:&quot;&quot;,&quot;size&quot;:&quot;&quot;},&quot;wdt_bg_image_tablet&quot;:{&quot;url&quot;:&quot;&quot;,&quot;id&quot;:&quot;&quot;,&quot;size&quot;:&quot;&quot;},&quot;wdt_bg_image_mobile&quot;:{&quot;url&quot;:&quot;&quot;,&quot;id&quot;:&quot;&quot;,&quot;size&quot;:&quot;&quot;},&quot;wdt_bg_position&quot;:&quot;center center&quot;,&quot;wdt_animation_effect&quot;:&quot;none&quot;}\">\n\t\t\t\t\t\t<div class=\"elementor-container elementor-column-gap-no\">\n\t\t\t\t\t<div class=\"elementor-column elementor-col-50 elementor-top-column elementor-element elementor-element-0dc7431 animated-fast elementor-invisible\" data-id=\"0dc7431\" data-element_type=\"column\" data-e-type=\"column\" data-settings=\"{&quot;animation&quot;:&quot;fadeInLeft&quot;,&quot;animation_delay&quot;:&quot;100&quot;}\">\n\t\t\t<div class=\"elementor-widget-wrap elementor-element-populated\">\n\t\t\t\t\t\t<div class=\"elementor-element elementor-element-df96fc3 start elementor-widget elementor-widget-wdt-heading\" data-id=\"df96fc3\" data-element_type=\"widget\" data-e-type=\"widget\" data-settings=\"{&quot;item_background_background&quot;:&quot;classic&quot;,&quot;wdt_animation_effect&quot;:&quot;none&quot;}\" data-widget_type=\"wdt-heading.default\">\n\t\t\t\t<div class=\"elementor-widget-container\">\n\t\t\t\t\t<div class=\"wdt-heading-holder \" id=\"wdt-heading-df96fc3\"><div class=\"wdt-heading-content-wrapper\">Sale da neve Non tutto il sale stradale \u00e8 della stessa qualit\u00e0. Innanzitutto, la granulometria del sale varia notevolmente, il che pu\u00f2 avere un impatto enorme sul tempo necessario per sgomberare la neve dai vostri locali. Il sale stradale composto da granelli eccessivamente piccoli agir\u00e0 rapidamente, ma perder\u00e0 rapidamente il suo effetto. In tal caso, vi ritroverete con una sgradevole melma di neve e ghiaccio non sciolta. Usate granelli di sale troppo grossi e la neve impiegher\u00e0 pi\u00f9 tempo a sciogliersi. D'altro canto, i vostri locali rimarranno liberi dal ghiaccio pi\u00f9 a lungo. Il sale stradale di qualit\u00e0, come il MOSES ROAD SALT, ha il perfetto mix di granelli fini e grossi, assicurando che il vialetto e i locali siano rapidamente sghiacciati pi\u00f9 a lungo.<\/div><\/div>\t\t\t\t<\/div>\n\t\t\t\t<\/div>\n\t\t\t\t\t<\/div>\n\t\t<\/div>\n\t\t\t\t<div class=\"wdt-sticky-column elementor-column elementor-col-50 elementor-top-column elementor-element elementor-element-cc0e283 wdt-cus-grid-img-counter\" data-wdt-settings=\"{&quot;id&quot;:&quot;cc0e283&quot;,&quot;sticky&quot;:true,&quot;topSpacing&quot;:50,&quot;bottomSpacing&quot;:50,&quot;stickyOn&quot;:[&quot;laptop&quot;,&quot;tablet_extra&quot;],&quot;overflowHidden&quot;:false}\" data-id=\"cc0e283\" data-element_type=\"column\" data-e-type=\"column\">\n\t\t\t<div class=\"elementor-widget-wrap elementor-element-populated\">\n\t\t\t\t\t\t<div class=\"elementor-element elementor-element-4d681eb elementor-widget elementor-widget-image\" data-id=\"4d681eb\" data-element_type=\"widget\" data-e-type=\"widget\" data-settings=\"{&quot;wdt_animation_effect&quot;:&quot;none&quot;}\" data-widget_type=\"image.default\">\n\t\t\t\t<div class=\"elementor-widget-container\">\n\t\t\t\t\t\t\t\t\t\t\t\t\t\t\t<img fetchpriority=\"high\" decoding=\"async\" width=\"905\" height=\"573\" src=\"https:\/\/uae.mosesexport.com\/wp-content\/uploads\/2024\/05\/82d8439aba70e804340636d6ac56fe49ebdf090b.jpeg\" class=\"attachment-full size-full wp-image-26249\" alt=\"road salt\" srcset=\"https:\/\/uae.mosesexport.com\/wp-content\/uploads\/2024\/05\/82d8439aba70e804340636d6ac56fe49ebdf090b.jpeg 905w, https:\/\/uae.mosesexport.com\/wp-content\/uploads\/2024\/05\/82d8439aba70e804340636d6ac56fe49ebdf090b-600x380.jpeg 600w, https:\/\/uae.mosesexport.com\/wp-content\/uploads\/2024\/05\/82d8439aba70e804340636d6ac56fe49ebdf090b-300x190.jpeg 300w, https:\/\/uae.mosesexport.com\/wp-content\/uploads\/2024\/05\/82d8439aba70e804340636d6ac56fe49ebdf090b-768x486.jpeg 768w\" sizes=\"(max-width: 905px) 100vw, 905px\" title=\"\">\t\t\t\t\t\t\t\t\t\t\t\t\t\t\t<\/div>\n\t\t\t\t<\/div>\n\t\t\t\t\t<\/div>\n\t\t<\/div>\n\t\t\t\t\t<\/div>\n\t\t<\/section>\n\t\t<div class=\"elementor-element elementor-element-2663e42 e-flex e-con-boxed e-con e-parent\" data-id=\"2663e42\" data-element_type=\"container\" data-e-type=\"container\" data-settings=\"{&quot;background_background&quot;:&quot;classic&quot;}\">\n\t\t\t\t\t<div class=\"e-con-inner\">\n\t\t\t\t<div class=\"elementor-element elementor-element-99ade0e elementor-widget elementor-widget-heading\" data-id=\"99ade0e\" data-element_type=\"widget\" data-e-type=\"widget\" data-settings=\"{&quot;wdt_animation_effect&quot;:&quot;none&quot;}\" data-widget_type=\"heading.default\">\n\t\t\t\t<div class=\"elementor-widget-container\">\n\t\t\t\t\t<h3 class=\"elementor-heading-title elementor-size-default\"><a href=\"https:\/\/uae.mosesexport.com\/it\/sale-stradale\/\">sale strade<\/a><\/h3>\t\t\t\t<\/div>\n\t\t\t\t<\/div>\n\t\t\t\t\t<\/div>\n\t\t\t\t<\/div>\n\t\t<div class=\"elementor-element elementor-element-342fe50 e-flex e-con-boxed e-con e-parent\" data-id=\"342fe50\" data-element_type=\"container\" data-e-type=\"container\">\n\t\t\t\t\t<div class=\"e-con-inner\">\n\t\t\t\t<div class=\"elementor-element elementor-element-3a4367e start start elementor-widget-mobile__width-inherit wdt-cus-service-style-01 elementor-widget elementor-widget-wdt-image-box\" data-id=\"3a4367e\" data-element_type=\"widget\" data-e-type=\"widget\" data-settings=\"{&quot;button_normal_background_background&quot;:&quot;classic&quot;,&quot;button_normal_background_color&quot;:&quot;#FFC52700&quot;,&quot;button_hover_background_background&quot;:&quot;classic&quot;,&quot;button_hover_background_color&quot;:&quot;#FFC52700&quot;,&quot;columns&quot;:&quot;3&quot;,&quot;item_normal_background_background&quot;:&quot;gradient&quot;,&quot;item_normal_background_color&quot;:&quot;#003057&quot;,&quot;item_hover_background_background&quot;:&quot;gradient&quot;,&quot;_animation&quot;:&quot;none&quot;,&quot;columns_tablet&quot;:2,&quot;columns_mobile&quot;:1,&quot;carousel_arrows_prev_arrow_vertical_top_indent&quot;:{&quot;unit&quot;:&quot;%&quot;,&quot;size&quot;:&quot;&quot;,&quot;sizes&quot;:[]},&quot;carousel_arrows_prev_arrow_vertical_top_indent_tablet&quot;:{&quot;unit&quot;:&quot;%&quot;,&quot;size&quot;:&quot;&quot;,&quot;sizes&quot;:[]},&quot;carousel_arrows_prev_arrow_vertical_top_indent_mobile&quot;:{&quot;unit&quot;:&quot;%&quot;,&quot;size&quot;:&quot;&quot;,&quot;sizes&quot;:[]},&quot;carousel_arrows_prev_arrow_horizontal_left_indent&quot;:{&quot;unit&quot;:&quot;%&quot;,&quot;size&quot;:&quot;&quot;,&quot;sizes&quot;:[]},&quot;carousel_arrows_prev_arrow_horizontal_left_indent_tablet&quot;:{&quot;unit&quot;:&quot;%&quot;,&quot;size&quot;:&quot;&quot;,&quot;sizes&quot;:[]},&quot;carousel_arrows_prev_arrow_horizontal_left_indent_mobile&quot;:{&quot;unit&quot;:&quot;%&quot;,&quot;size&quot;:&quot;&quot;,&quot;sizes&quot;:[]},&quot;carousel_arrows_next_arrow_vertical_top_indent&quot;:{&quot;unit&quot;:&quot;%&quot;,&quot;size&quot;:&quot;&quot;,&quot;sizes&quot;:[]},&quot;carousel_arrows_next_arrow_vertical_top_indent_tablet&quot;:{&quot;unit&quot;:&quot;%&quot;,&quot;size&quot;:&quot;&quot;,&quot;sizes&quot;:[]},&quot;carousel_arrows_next_arrow_vertical_top_indent_mobile&quot;:{&quot;unit&quot;:&quot;%&quot;,&quot;size&quot;:&quot;&quot;,&quot;sizes&quot;:[]},&quot;carousel_arrows_next_arrow_horizontal_left_indent&quot;:{&quot;unit&quot;:&quot;%&quot;,&quot;size&quot;:&quot;&quot;,&quot;sizes&quot;:[]},&quot;carousel_arrows_next_arrow_horizontal_left_indent_tablet&quot;:{&quot;unit&quot;:&quot;%&quot;,&quot;size&quot;:&quot;&quot;,&quot;sizes&quot;:[]},&quot;carousel_arrows_next_arrow_horizontal_left_indent_mobile&quot;:{&quot;unit&quot;:&quot;%&quot;,&quot;size&quot;:&quot;&quot;,&quot;sizes&quot;:[]},&quot;wdt_animation_effect&quot;:&quot;none&quot;}\" data-widget_type=\"wdt-image-box.default\">\n\t\t\t\t<div class=\"elementor-widget-container\">\n\t\t\t\t\t<div class=\"wdt-image-box-holder wdt-content-item-holder wdt-column-holder wdt-rc-template-custom-template\" id=\"wdt-image-box-3a4367e\" data-settings=\"{&quot;enable_popup&quot;:&quot;&quot;,&quot;enable_hover_class&quot;:&quot;&quot;}\"><div class=\"wdt-column-wrapper wdt-column-gap-wide \" data-column-settings=\"\" data-module-id=\"wdt-module-id-3a4367e\" id=\"wdt-module-id-3a4367e\"><div class=\"wdt-column\"><div class=\"wdt-content-item\"><div class=\"wdt-content-media-group\"><div class=\"wdt-content-elements-group wdt-media-group wdt-media-image-cover\"><div class=\"wdt-content-image-wrapper \"><div class=\"wdt-content-image\"><a href=\"https:\/\/uae.mosesexport.com\/it\/sale-stradale-fine-moses-0-1\/\"><img decoding=\"async\" width=\"450\" height=\"340\" src=\"https:\/\/uae.mosesexport.com\/wp-content\/uploads\/2024\/12\/f1663efdfb1064d7a7346f0c68dd4d0b3237f637_Korrel_MARSEL_SALCO_VAATWASZOUT_1_3_1440x952px.png\" class=\"attachment-full size-full wp-image-16624\" alt=\"MOSES\u00ae 1-3, medium coarse sea salt\" srcset=\"https:\/\/uae.mosesexport.com\/wp-content\/uploads\/2024\/12\/f1663efdfb1064d7a7346f0c68dd4d0b3237f637_Korrel_MARSEL_SALCO_VAATWASZOUT_1_3_1440x952px.png 450w, https:\/\/uae.mosesexport.com\/wp-content\/uploads\/2024\/12\/f1663efdfb1064d7a7346f0c68dd4d0b3237f637_Korrel_MARSEL_SALCO_VAATWASZOUT_1_3_1440x952px-300x227.png 300w\" sizes=\"(max-width: 450px) 100vw, 450px\" title=\"\"><\/a><\/div><\/div><div class=\"wdt-media-image-cover-container\"><div class=\"wdt-content-button wdt-button-clone\"><a href=\"https:\/\/uae.mosesexport.com\/it\/sale-stradale-fine-moses-0-1\/\"><div class=\"wdt-button-text\"><span>View<\/span><\/div><\/a><\/div><\/div><\/div><\/div><div class=\"wdt-content-detail-group\"><div class=\"wdt-content-title\"><h5><a href=\"https:\/\/uae.mosesexport.com\/it\/sale-stradale-fine-moses-0-1\/\">Moses\u00ae 0-1 Sale stradale fine<\/a><\/h5><\/div><div class=\"wdt-content-description\">sale con una granulometria dura e pura compresa tra 0 e 1 mm<\/div><\/div><\/div><\/div><div class=\"wdt-column\"><div class=\"wdt-content-item\"><div class=\"wdt-content-media-group\"><div class=\"wdt-content-elements-group wdt-media-group wdt-media-image-cover\"><div class=\"wdt-content-image-wrapper \"><div class=\"wdt-content-image\"><a href=\"https:\/\/uae.mosesexport.com\/it\/moses-1-4-sale-stradale-grosso\/\"><img decoding=\"async\" width=\"800\" height=\"600\" src=\"https:\/\/uae.mosesexport.com\/wp-content\/uploads\/2025\/01\/1-4-RODE-SALT.png\" class=\"attachment-full size-full wp-image-17190\" alt=\"\" srcset=\"https:\/\/uae.mosesexport.com\/wp-content\/uploads\/2025\/01\/1-4-RODE-SALT.png 800w, https:\/\/uae.mosesexport.com\/wp-content\/uploads\/2025\/01\/1-4-RODE-SALT-600x450.png 600w, https:\/\/uae.mosesexport.com\/wp-content\/uploads\/2025\/01\/1-4-RODE-SALT-300x225.png 300w, https:\/\/uae.mosesexport.com\/wp-content\/uploads\/2025\/01\/1-4-RODE-SALT-768x576.png 768w\" sizes=\"(max-width: 800px) 100vw, 800px\" title=\"\"><\/a><\/div><\/div><div class=\"wdt-media-image-cover-container\"><div class=\"wdt-content-button wdt-button-clone\"><a href=\"https:\/\/uae.mosesexport.com\/it\/moses-1-4-sale-stradale-grosso\/\"><div class=\"wdt-button-text\"><span>View<\/span><\/div><\/a><\/div><\/div><\/div><\/div><div class=\"wdt-content-detail-group\"><div class=\"wdt-content-title\"><h5><a href=\"https:\/\/uae.mosesexport.com\/it\/moses-1-4-sale-stradale-grosso\/\">MOSES\u00ae 1-4, Sale stradale grosso<\/a><\/h5><\/div><div class=\"wdt-content-description\">sale con una granulometria dura e pura compresa tra 1 e 4 mm<\/div><\/div><\/div><\/div><div class=\"wdt-column\"><div class=\"wdt-content-item\"><div class=\"wdt-content-media-group\"><div class=\"wdt-content-elements-group wdt-media-group wdt-media-image-cover\"><div class=\"wdt-content-image-wrapper \"><div class=\"wdt-content-image\"><a href=\"https:\/\/uae.mosesexport.com\/it\/moses-road-salt-de-icing-salt\/\"><img loading=\"lazy\" decoding=\"async\" width=\"800\" height=\"600\" src=\"https:\/\/uae.mosesexport.com\/wp-content\/uploads\/2025\/01\/RODE-SALT-5MM.png\" class=\"attachment-full size-full wp-image-17206\" alt=\"RODE SALT 5MM\" srcset=\"https:\/\/uae.mosesexport.com\/wp-content\/uploads\/2025\/01\/RODE-SALT-5MM.png 800w, https:\/\/uae.mosesexport.com\/wp-content\/uploads\/2025\/01\/RODE-SALT-5MM-600x450.png 600w, https:\/\/uae.mosesexport.com\/wp-content\/uploads\/2025\/01\/RODE-SALT-5MM-300x225.png 300w, https:\/\/uae.mosesexport.com\/wp-content\/uploads\/2025\/01\/RODE-SALT-5MM-768x576.png 768w\" sizes=\"(max-width: 800px) 100vw, 800px\" title=\"\"><\/a><\/div><\/div><div class=\"wdt-media-image-cover-container\"><div class=\"wdt-content-button wdt-button-clone\"><a href=\"https:\/\/uae.mosesexport.com\/it\/moses-road-salt-de-icing-salt\/\"><div class=\"wdt-button-text\"><span>View<\/span><\/div><\/a><\/div><\/div><\/div><\/div><div class=\"wdt-content-detail-group\"><div class=\"wdt-content-title\"><h5><a href=\"https:\/\/uae.mosesexport.com\/it\/moses-road-salt-de-icing-salt\/\">MOSES ROAD SALT\u00ae Sale antighiaccio<\/a><\/h5><\/div><div class=\"wdt-content-description\">Sale antighiaccio secco e facile da distribuire, con granulometria fino a 5 mm.<\/div><\/div><\/div><\/div><\/div><\/div>\t\t\t\t<\/div>\n\t\t\t\t<\/div>\n\t\t\t\t\t<\/div>\n\t\t\t\t<\/div>\n\t\t<div class=\"elementor-element elementor-element-280af6e e-flex e-con-boxed e-con e-parent\" data-id=\"280af6e\" data-element_type=\"container\" data-e-type=\"container\">\n\t\t\t\t\t<div class=\"e-con-inner\">\n\t\t\t\t<div class=\"elementor-element elementor-element-e368153 wdt-cus-accordion1 elementor-widget elementor-widget-wdt-accordion-and-toggle\" data-id=\"e368153\" data-element_type=\"widget\" data-e-type=\"widget\" data-settings=\"{&quot;wdt_animation_effect&quot;:&quot;none&quot;}\" data-widget_type=\"wdt-accordion-and-toggle.default\">\n\t\t\t\t<div class=\"elementor-widget-container\">\n\t\t\t\t\t<div class=\"wdt-accordion-toggle-holder wdt-module-accordion wdt-template-classic wdt-expand-collapse-position-end\" id=\"wdt-accordion-and-toggle-e368153\"><div class=\"wdt-accordion-toggle-wrapper\"><div class=\"wdt-accordion-toggle-title-holder\"><div class=\"wdt-accordion-toggle-title\">come viene prodotto il sale stradale?<\/div><div class=\"wdt-accordion-toggle-icon\"><div class=\"wdt-accordion-toggle-icon-expand\"><svg aria-hidden=\"true\" class=\"e-font-icon-svg e-fas-chevron-down\" viewBox=\"0 0 448 512\" xmlns=\"http:\/\/www.w3.org\/2000\/svg\"><path d=\"M207.029 381.476L12.686 187.132c-9.373-9.373-9.373-24.569 0-33.941l22.667-22.667c9.357-9.357 24.522-9.375 33.901-.04L224 284.505l154.745-154.021c9.379-9.335 24.544-9.317 33.901.04l22.667 22.667c9.373 9.373 9.373 24.569 0 33.941L240.971 381.476c-9.373 9.372-24.569 9.372-33.942 0z\"><\/path><\/svg><\/div><div class=\"wdt-accordion-toggle-icon-collapse\"><svg aria-hidden=\"true\" class=\"e-font-icon-svg e-fas-chevron-right\" viewBox=\"0 0 320 512\" xmlns=\"http:\/\/www.w3.org\/2000\/svg\"><path d=\"M285.476 272.971L91.132 467.314c-9.373 9.373-24.569 9.373-33.941 0l-22.667-22.667c-9.357-9.357-9.375-24.522-.04-33.901L188.505 256 34.484 101.255c-9.335-9.379-9.317-24.544.04-33.901l22.667-22.667c9.373-9.373 24.569-9.373 33.941 0L285.475 239.03c9.373 9.372 9.373 24.568.001 33.941z\"><\/path><\/svg><\/div><\/div><\/div><div class=\"wdt-accordion-toggle-description\">In Egitto, il sale stradale \u00e8 prodotto con sale naturale, raccolto dall'acqua di mare tramite evaporazione solare o estratto da giacimenti di sale locali. Il sale, composto principalmente da cloruro di sodio (NaCl), viene raccolto, lavato per rimuovere le impurit\u00e0, essiccato e quindi frantumato e setacciato in granuli uniformi. A volte vengono aggiunti agenti antiagglomeranti o additivi come il cloruro di calcio per migliorarne le prestazioni in condizioni di freddo prima di essere confezionato e distribuito per l'uso sulle strade, al fine di prevenire l'accumulo di ghiaccio e neve.<\/div><\/div><div class=\"wdt-accordion-toggle-wrapper\"><div class=\"wdt-accordion-toggle-title-holder\"><div class=\"wdt-accordion-toggle-title\">a cosa serve il sale stradale?<\/div><div class=\"wdt-accordion-toggle-icon\"><div class=\"wdt-accordion-toggle-icon-expand\"><svg aria-hidden=\"true\" class=\"e-font-icon-svg e-fas-chevron-down\" viewBox=\"0 0 448 512\" xmlns=\"http:\/\/www.w3.org\/2000\/svg\"><path d=\"M207.029 381.476L12.686 187.132c-9.373-9.373-9.373-24.569 0-33.941l22.667-22.667c9.357-9.357 24.522-9.375 33.901-.04L224 284.505l154.745-154.021c9.379-9.335 24.544-9.317 33.901.04l22.667 22.667c9.373 9.373 9.373 24.569 0 33.941L240.971 381.476c-9.373 9.372-24.569 9.372-33.942 0z\"><\/path><\/svg><\/div><div class=\"wdt-accordion-toggle-icon-collapse\"><svg aria-hidden=\"true\" class=\"e-font-icon-svg e-fas-chevron-right\" viewBox=\"0 0 320 512\" xmlns=\"http:\/\/www.w3.org\/2000\/svg\"><path d=\"M285.476 272.971L91.132 467.314c-9.373 9.373-24.569 9.373-33.941 0l-22.667-22.667c-9.357-9.357-9.375-24.522-.04-33.901L188.505 256 34.484 101.255c-9.335-9.379-9.317-24.544.04-33.901l22.667-22.667c9.373-9.373 24.569-9.373 33.941 0L285.475 239.03c9.373 9.372 9.373 24.568.001 33.941z\"><\/path><\/svg><\/div><\/div><\/div><div class=\"wdt-accordion-toggle-description\">Il sale stradale, solitamente sale grosso (cloruro di sodio), viene utilizzato in inverno per sbrinare le strade e prevenirne la formazione abbassando il punto di congelamento dell'acqua. Scioglie il ghiaccio formando una soluzione salina, che aiuta a mantenere le strade pulite. Viene sparso su strade e autostrade per migliorare la trazione, creando una superficie ghiaiosa e impedendo a neve e ghiaccio di aderire alla carreggiata.<\/div><\/div><div class=\"wdt-accordion-toggle-wrapper\"><div class=\"wdt-accordion-toggle-title-holder\"><div class=\"wdt-accordion-toggle-title\">chi ha del sale stradale vicino a me?<\/div><div class=\"wdt-accordion-toggle-icon\"><div class=\"wdt-accordion-toggle-icon-expand\"><svg aria-hidden=\"true\" class=\"e-font-icon-svg e-fas-chevron-down\" viewBox=\"0 0 448 512\" xmlns=\"http:\/\/www.w3.org\/2000\/svg\"><path d=\"M207.029 381.476L12.686 187.132c-9.373-9.373-9.373-24.569 0-33.941l22.667-22.667c9.357-9.357 24.522-9.375 33.901-.04L224 284.505l154.745-154.021c9.379-9.335 24.544-9.317 33.901.04l22.667 22.667c9.373 9.373 9.373 24.569 0 33.941L240.971 381.476c-9.373 9.372-24.569 9.372-33.942 0z\"><\/path><\/svg><\/div><div class=\"wdt-accordion-toggle-icon-collapse\"><svg aria-hidden=\"true\" class=\"e-font-icon-svg e-fas-chevron-right\" viewBox=\"0 0 320 512\" xmlns=\"http:\/\/www.w3.org\/2000\/svg\"><path d=\"M285.476 272.971L91.132 467.314c-9.373 9.373-24.569 9.373-33.941 0l-22.667-22.667c-9.357-9.357-9.375-24.522-.04-33.901L188.505 256 34.484 101.255c-9.335-9.379-9.317-24.544.04-33.901l22.667-22.667c9.373-9.373 24.569-9.373 33.941 0L285.475 239.03c9.373 9.372 9.373 24.568.001 33.941z\"><\/path><\/svg><\/div><\/div><\/div><div class=\"wdt-accordion-toggle-description\">Acquista sale stradale di alta qualit\u00e0 direttamente dall'Egitto. Disponibile in grandi quantit\u00e0 per l'esportazione, pronto per la spedizione per soddisfare le tue esigenze di disgelo.<\/div><\/div><div class=\"wdt-accordion-toggle-wrapper\"><div class=\"wdt-accordion-toggle-title-holder\"><div class=\"wdt-accordion-toggle-title\">il sale stradale pu\u00f2 uccidere le erbacce?<\/div><div class=\"wdt-accordion-toggle-icon\"><div class=\"wdt-accordion-toggle-icon-expand\"><svg aria-hidden=\"true\" class=\"e-font-icon-svg e-fas-chevron-down\" viewBox=\"0 0 448 512\" xmlns=\"http:\/\/www.w3.org\/2000\/svg\"><path d=\"M207.029 381.476L12.686 187.132c-9.373-9.373-9.373-24.569 0-33.941l22.667-22.667c9.357-9.357 24.522-9.375 33.901-.04L224 284.505l154.745-154.021c9.379-9.335 24.544-9.317 33.901.04l22.667 22.667c9.373 9.373 9.373 24.569 0 33.941L240.971 381.476c-9.373 9.372-24.569 9.372-33.942 0z\"><\/path><\/svg><\/div><div class=\"wdt-accordion-toggle-icon-collapse\"><svg aria-hidden=\"true\" class=\"e-font-icon-svg e-fas-chevron-right\" viewBox=\"0 0 320 512\" xmlns=\"http:\/\/www.w3.org\/2000\/svg\"><path d=\"M285.476 272.971L91.132 467.314c-9.373 9.373-24.569 9.373-33.941 0l-22.667-22.667c-9.357-9.357-9.375-24.522-.04-33.901L188.505 256 34.484 101.255c-9.335-9.379-9.317-24.544.04-33.901l22.667-22.667c9.373-9.373 24.569-9.373 33.941 0L285.475 239.03c9.373 9.372 9.373 24.568.001 33.941z\"><\/path><\/svg><\/div><\/div><\/div><div class=\"wdt-accordion-toggle-description\">S\u00ec, il sale stradale, o salgemma, uccide le erbacce estraendo l'umidit\u00e0 dalle loro cellule, ma sala anche il terreno, impedendo la futura crescita delle piante in quella zona per un periodo prolungato. \u00c8 un diserbante efficace per punti come crepe nel marciapiede o vialetti di ghiaia, ma non dovrebbe essere utilizzato in giardini o prati dove si desidera far crescere nuove piante.<\/div><\/div><div class=\"wdt-accordion-toggle-wrapper\"><div class=\"wdt-accordion-toggle-title-holder\"><div class=\"wdt-accordion-toggle-title\">chi vende il sale stradale?<\/div><div class=\"wdt-accordion-toggle-icon\"><div class=\"wdt-accordion-toggle-icon-expand\"><svg aria-hidden=\"true\" class=\"e-font-icon-svg e-fas-chevron-down\" viewBox=\"0 0 448 512\" xmlns=\"http:\/\/www.w3.org\/2000\/svg\"><path d=\"M207.029 381.476L12.686 187.132c-9.373-9.373-9.373-24.569 0-33.941l22.667-22.667c9.357-9.357 24.522-9.375 33.901-.04L224 284.505l154.745-154.021c9.379-9.335 24.544-9.317 33.901.04l22.667 22.667c9.373 9.373 9.373 24.569 0 33.941L240.971 381.476c-9.373 9.372-24.569 9.372-33.942 0z\"><\/path><\/svg><\/div><div class=\"wdt-accordion-toggle-icon-collapse\"><svg aria-hidden=\"true\" class=\"e-font-icon-svg e-fas-chevron-right\" viewBox=\"0 0 320 512\" xmlns=\"http:\/\/www.w3.org\/2000\/svg\"><path d=\"M285.476 272.971L91.132 467.314c-9.373 9.373-24.569 9.373-33.941 0l-22.667-22.667c-9.357-9.357-9.375-24.522-.04-33.901L188.505 256 34.484 101.255c-9.335-9.379-9.317-24.544.04-33.901l22.667-22.667c9.373-9.373 24.569-9.373 33.941 0L285.475 239.03c9.373 9.372 9.373 24.568.001 33.941z\"><\/path><\/svg><\/div><\/div><\/div><div class=\"wdt-accordion-toggle-description\">La Moses Company fornisce ed esporta sale di alta qualit\u00e0 di tutti i tipi in tutto il mondo.<\/div><\/div><\/div>\t\t\t\t<\/div>\n\t\t\t\t<\/div>\n\t\t\t\t\t<\/div>\n\t\t\t\t<\/div>\n\t\t\t\t<\/div>\n\t\t","protected":false},"excerpt":{"rendered":"<p>MOSES\u00ae Sale stradale Sale da neve Non tutto il sale stradale \u00e8 della stessa qualit\u00e0. Innanzitutto, la granulometria del sale varia notevolmente, il che pu\u00f2 avere un impatto enorme sul tempo necessario per sgomberare la neve dai vostri locali. Il sale stradale composto da granelli eccessivamente piccoli agir\u00e0 rapidamente, ma perder\u00e0 rapidamente il suo effetto. [&hellip;]<\/p>\n","protected":false},"author":2,"featured_media":32046,"parent":28732,"menu_order":0,"comment_status":"closed","ping_status":"closed","template":"","meta":{"footnotes":""},"class_list":["post-28734","page","type-page","status-publish","has-post-thumbnail","hentry"],"_links":{"self":[{"href":"https:\/\/uae.mosesexport.com\/it\/wp-json\/wp\/v2\/pages\/28734","targetHints":{"allow":["GET"]}}],"collection":[{"href":"https:\/\/uae.mosesexport.com\/it\/wp-json\/wp\/v2\/pages"}],"about":[{"href":"https:\/\/uae.mosesexport.com\/it\/wp-json\/wp\/v2\/types\/page"}],"author":[{"embeddable":true,"href":"https:\/\/uae.mosesexport.com\/it\/wp-json\/wp\/v2\/users\/2"}],"replies":[{"embeddable":true,"href":"https:\/\/uae.mosesexport.com\/it\/wp-json\/wp\/v2\/comments?post=28734"}],"version-history":[{"count":0,"href":"https:\/\/uae.mosesexport.com\/it\/wp-json\/wp\/v2\/pages\/28734\/revisions"}],"up":[{"embeddable":true,"href":"https:\/\/uae.mosesexport.com\/it\/wp-json\/wp\/v2\/pages\/28732"}],"wp:featuredmedia":[{"embeddable":true,"href":"https:\/\/uae.mosesexport.com\/it\/wp-json\/wp\/v2\/media\/32046"}],"wp:attachment":[{"href":"https:\/\/uae.mosesexport.com\/it\/wp-json\/wp\/v2\/media?parent=28734"}],"curies":[{"name":"wp","href":"https:\/\/api.w.org\/{rel}","templated":true}]}}