{"id":28754,"date":"2024-12-22T13:28:42","date_gmt":"2024-12-22T11:28:42","guid":{"rendered":"https:\/\/uae.mosesexport.com\/sale-per-il-trattamento-dellacqua\/"},"modified":"2026-02-03T14:44:18","modified_gmt":"2026-02-03T12:44:18","slug":"sale-per-il-trattamento-dellacqua","status":"publish","type":"page","link":"https:\/\/uae.mosesexport.com\/it\/sale\/sale-per-il-trattamento-dellacqua\/","title":{"rendered":"Sale per il trattamento dell&#8217;acqua"},"content":{"rendered":"\t\t<div data-elementor-type=\"wp-page\" data-elementor-id=\"28754\" class=\"elementor elementor-28754 elementor-16574\">\n\t\t\t\t<div class=\"elementor-element elementor-element-41bee14 e-flex e-con-boxed e-con e-parent\" data-id=\"41bee14\" data-element_type=\"container\" data-e-type=\"container\" data-settings=\"{&quot;background_background&quot;:&quot;classic&quot;}\">\n\t\t\t\t\t<div class=\"e-con-inner\">\n\t\t\t\t<div class=\"elementor-element elementor-element-0272542 elementor-widget elementor-widget-heading\" data-id=\"0272542\" data-element_type=\"widget\" data-e-type=\"widget\" data-settings=\"{&quot;wdt_animation_effect&quot;:&quot;none&quot;}\" data-widget_type=\"heading.default\">\n\t\t\t\t<div class=\"elementor-widget-container\">\n\t\t\t\t\t<h3 class=\"elementor-heading-title elementor-size-default\">Sale per il trattamento dell'acqua Categorie<\/h3>\t\t\t\t<\/div>\n\t\t\t\t<\/div>\n\t\t\t\t<div class=\"elementor-element elementor-element-4adc56e elementor-widget elementor-widget-text-editor\" data-id=\"4adc56e\" data-element_type=\"widget\" data-e-type=\"widget\" data-settings=\"{&quot;wdt_animation_effect&quot;:&quot;none&quot;}\" data-widget_type=\"text-editor.default\">\n\t\t\t\t<div class=\"elementor-widget-container\">\n\t\t\t\t\t\t\t\t\t<p>Il sale per il trattamento dell&#8217;acqua \u00e8 essenziale per gli addolcitori e i sistemi di trattamento dell&#8217;acqua senza sale, poich\u00e9 riduce efficacemente i minerali che causano la durezza come calcio e magnesio. Ideale per sistemi di filtrazione dell&#8217;acqua salata per tutta la casa, sistemi di filtraggio dell&#8217;acqua salata e sistemi di osmosi inversa dell&#8217;acqua salata. <\/p>\t\t\t\t\t\t\t\t<\/div>\n\t\t\t\t<\/div>\n\t\t\t\t\t<\/div>\n\t\t\t\t<\/div>\n\t\t<div class=\"elementor-element elementor-element-e5ae213 e-flex e-con-boxed e-con e-parent\" data-id=\"e5ae213\" data-element_type=\"container\" data-e-type=\"container\">\n\t\t\t\t\t<div class=\"e-con-inner\">\n\t\t\t\t<div class=\"elementor-element elementor-element-1d42109 start start elementor-widget-mobile__width-inherit wdt-cus-service-style-01 elementor-widget elementor-widget-wdt-image-box\" data-id=\"1d42109\" data-element_type=\"widget\" data-e-type=\"widget\" data-settings=\"{&quot;button_normal_background_background&quot;:&quot;classic&quot;,&quot;button_normal_background_color&quot;:&quot;#FFC52700&quot;,&quot;button_hover_background_background&quot;:&quot;classic&quot;,&quot;button_hover_background_color&quot;:&quot;#FFC52700&quot;,&quot;columns&quot;:&quot;3&quot;,&quot;item_normal_background_background&quot;:&quot;gradient&quot;,&quot;item_normal_background_color&quot;:&quot;#003057&quot;,&quot;item_hover_background_background&quot;:&quot;gradient&quot;,&quot;_animation&quot;:&quot;none&quot;,&quot;columns_tablet&quot;:2,&quot;columns_mobile&quot;:1,&quot;carousel_arrows_prev_arrow_vertical_top_indent&quot;:{&quot;unit&quot;:&quot;%&quot;,&quot;size&quot;:&quot;&quot;,&quot;sizes&quot;:[]},&quot;carousel_arrows_prev_arrow_vertical_top_indent_tablet&quot;:{&quot;unit&quot;:&quot;%&quot;,&quot;size&quot;:&quot;&quot;,&quot;sizes&quot;:[]},&quot;carousel_arrows_prev_arrow_vertical_top_indent_mobile&quot;:{&quot;unit&quot;:&quot;%&quot;,&quot;size&quot;:&quot;&quot;,&quot;sizes&quot;:[]},&quot;carousel_arrows_prev_arrow_horizontal_left_indent&quot;:{&quot;unit&quot;:&quot;%&quot;,&quot;size&quot;:&quot;&quot;,&quot;sizes&quot;:[]},&quot;carousel_arrows_prev_arrow_horizontal_left_indent_tablet&quot;:{&quot;unit&quot;:&quot;%&quot;,&quot;size&quot;:&quot;&quot;,&quot;sizes&quot;:[]},&quot;carousel_arrows_prev_arrow_horizontal_left_indent_mobile&quot;:{&quot;unit&quot;:&quot;%&quot;,&quot;size&quot;:&quot;&quot;,&quot;sizes&quot;:[]},&quot;carousel_arrows_next_arrow_vertical_top_indent&quot;:{&quot;unit&quot;:&quot;%&quot;,&quot;size&quot;:&quot;&quot;,&quot;sizes&quot;:[]},&quot;carousel_arrows_next_arrow_vertical_top_indent_tablet&quot;:{&quot;unit&quot;:&quot;%&quot;,&quot;size&quot;:&quot;&quot;,&quot;sizes&quot;:[]},&quot;carousel_arrows_next_arrow_vertical_top_indent_mobile&quot;:{&quot;unit&quot;:&quot;%&quot;,&quot;size&quot;:&quot;&quot;,&quot;sizes&quot;:[]},&quot;carousel_arrows_next_arrow_horizontal_left_indent&quot;:{&quot;unit&quot;:&quot;%&quot;,&quot;size&quot;:&quot;&quot;,&quot;sizes&quot;:[]},&quot;carousel_arrows_next_arrow_horizontal_left_indent_tablet&quot;:{&quot;unit&quot;:&quot;%&quot;,&quot;size&quot;:&quot;&quot;,&quot;sizes&quot;:[]},&quot;carousel_arrows_next_arrow_horizontal_left_indent_mobile&quot;:{&quot;unit&quot;:&quot;%&quot;,&quot;size&quot;:&quot;&quot;,&quot;sizes&quot;:[]},&quot;wdt_animation_effect&quot;:&quot;none&quot;}\" data-widget_type=\"wdt-image-box.default\">\n\t\t\t\t<div class=\"elementor-widget-container\">\n\t\t\t\t\t<div class=\"wdt-image-box-holder wdt-content-item-holder wdt-column-holder wdt-rc-template-custom-template wdt-image-lightbox-popup wdt-image-active-class\" id=\"wdt-image-box-1d42109\" data-settings=\"{&quot;enable_popup&quot;:&quot;yes&quot;,&quot;enable_hover_class&quot;:&quot;yes&quot;}\"><div class=\"wdt-column-wrapper wdt-column-gap-wide wdt-snap-scroll-enabled\" data-column-settings=\"{&quot;columnDevices&quot;:[&quot;tablet&quot;,&quot;mobile&quot;]}\" data-module-id=\"wdt-module-id-1d42109\" id=\"wdt-module-id-1d42109\"><div class=\"wdt-column\"><div class=\"wdt-content-item\"><div class=\"wdt-content-media-group\"><div class=\"wdt-content-elements-group wdt-media-group wdt-media-image-cover\"><div class=\"wdt-content-image-wrapper \"><div class=\"wdt-content-image\"><a href=\"https:\/\/uae.mosesexport.com\/it\/sale-per-addolcire-lacqua\/\"><img fetchpriority=\"high\" decoding=\"async\" width=\"800\" height=\"433\" src=\"https:\/\/uae.mosesexport.com\/wp-content\/uploads\/2026\/01\/Untitled-design.png\" class=\"attachment-full size-full wp-image-33106\" alt=\"Salt For Water Softening\" srcset=\"https:\/\/uae.mosesexport.com\/wp-content\/uploads\/2026\/01\/Untitled-design.png 800w, https:\/\/uae.mosesexport.com\/wp-content\/uploads\/2026\/01\/Untitled-design-600x325.png 600w, https:\/\/uae.mosesexport.com\/wp-content\/uploads\/2026\/01\/Untitled-design-300x162.png 300w, https:\/\/uae.mosesexport.com\/wp-content\/uploads\/2026\/01\/Untitled-design-768x416.png 768w\" sizes=\"(max-width: 800px) 100vw, 800px\" title=\"\"><\/a><\/div><\/div><div class=\"wdt-media-image-cover-container\"><div class=\"wdt-content-button wdt-button-clone\"><a href=\"https:\/\/uae.mosesexport.com\/it\/sale-per-addolcire-lacqua\/\"><div class=\"wdt-button-text\"><span>View<\/span><\/div><\/a><\/div><\/div><\/div><\/div><div class=\"wdt-content-detail-group\"><div class=\"wdt-content-title\"><h5><a href=\"https:\/\/uae.mosesexport.com\/it\/sale-per-addolcire-lacqua\/\">Sale per addolcire l'acqua<\/a><\/h5><\/div><div class=\"wdt-content-description\">Il sale per addolcire l'acqua riduce la durezza dell'acqua e previene la formazione di calcare negli elettrodomestici. Ideale come sale per addolcitori Morton, BWT, Nuvo, Aquasana o sistemi senza sale.<\/div><\/div><\/div><\/div><div class=\"wdt-column\"><div class=\"wdt-content-item\"><div class=\"wdt-content-media-group\"><div class=\"wdt-content-elements-group wdt-media-group wdt-media-image-cover\"><div class=\"wdt-content-image-wrapper \"><div class=\"wdt-content-image\"><a href=\"https:\/\/uae.mosesexport.com\/it\/sale-per-lavastoviglie\/\"><img decoding=\"async\" width=\"600\" height=\"402\" src=\"https:\/\/uae.mosesexport.com\/wp-content\/uploads\/2026\/01\/Dishwasher-Salt.png\" class=\"attachment-full size-full wp-image-33107\" alt=\"Dishwasher Salt\" srcset=\"https:\/\/uae.mosesexport.com\/wp-content\/uploads\/2026\/01\/Dishwasher-Salt.png 600w, https:\/\/uae.mosesexport.com\/wp-content\/uploads\/2026\/01\/Dishwasher-Salt-300x201.png 300w\" sizes=\"(max-width: 600px) 100vw, 600px\" title=\"\"><\/a><\/div><\/div><div class=\"wdt-media-image-cover-container\"><div class=\"wdt-content-button wdt-button-clone\"><a href=\"https:\/\/uae.mosesexport.com\/it\/sale-per-lavastoviglie\/\"><div class=\"wdt-button-text\"><span>View<\/span><\/div><\/a><\/div><\/div><\/div><\/div><div class=\"wdt-content-detail-group\"><div class=\"wdt-content-title\"><h5><a href=\"https:\/\/uae.mosesexport.com\/it\/sale-per-lavastoviglie\/\">Sale per lavastoviglie<\/a><\/h5><\/div><div class=\"wdt-content-description\">Il sale per lavastoviglie \u00e8 specificamente formulato per prevenire la formazione di calcare nella lavastoviglie, garantendo prestazioni ottimali e lunga durata. Funziona perfettamente con i sistemi di sale per lavastoviglie Miele, Finish e Bosch.<\/div><\/div><\/div><\/div><div class=\"wdt-column\"><div class=\"wdt-content-item\"><div class=\"wdt-content-media-group\"><div class=\"wdt-content-elements-group wdt-media-group wdt-media-image-cover\"><div class=\"wdt-content-image-wrapper \"><div class=\"wdt-content-image\"><a href=\"https:\/\/uae.mosesexport.com\/it\/sale-per-piscine\/\"><img decoding=\"async\" width=\"750\" height=\"500\" src=\"https:\/\/uae.mosesexport.com\/wp-content\/uploads\/2026\/01\/Swimming-Pool-Salt.png\" class=\"attachment-full size-full wp-image-33108\" alt=\"Swimming Pool Salt\" srcset=\"https:\/\/uae.mosesexport.com\/wp-content\/uploads\/2026\/01\/Swimming-Pool-Salt.png 750w, https:\/\/uae.mosesexport.com\/wp-content\/uploads\/2026\/01\/Swimming-Pool-Salt-600x400.png 600w, https:\/\/uae.mosesexport.com\/wp-content\/uploads\/2026\/01\/Swimming-Pool-Salt-300x200.png 300w\" sizes=\"(max-width: 750px) 100vw, 750px\" title=\"\"><\/a><\/div><\/div><div class=\"wdt-media-image-cover-container\"><div class=\"wdt-content-button wdt-button-clone\"><a href=\"https:\/\/uae.mosesexport.com\/it\/sale-per-piscine\/\"><div class=\"wdt-button-text\"><span>View<\/span><\/div><\/a><\/div><\/div><\/div><\/div><div class=\"wdt-content-detail-group\"><div class=\"wdt-content-title\"><h5><a href=\"https:\/\/uae.mosesexport.com\/it\/sale-per-piscine\/\">Sale per piscina<\/a><\/h5><\/div><div class=\"wdt-content-description\">Il sale per piscine Moses \u00e8 la scelta migliore per le piscine ad acqua salata, offrendo qualit\u00e0 e sicurezza superiori. Riconosciuto come leader di mercato, soddisfa i pi\u00f9 severi standard per un'esperienza di nuoto pulita e confortevole.<\/div><\/div><\/div><\/div><\/div><div class=\"wdt-column-pagination wdt-snap-scroll-pagination\">\n\t\t\t\t\t\t<button class=\"wdt-pagination-prev wdt-module-id-1d42109\">Previous<\/button>\n\t\t\t\t\t\t<button class=\"wdt-pagination-next wdt-module-id-1d42109\">Next<\/button><\/div><\/div>\t\t\t\t<\/div>\n\t\t\t\t<\/div>\n\t\t\t\t\t<\/div>\n\t\t\t\t<\/div>\n\t\t<div class=\"elementor-element elementor-element-03aff1b e-flex e-con-boxed e-con e-parent\" data-id=\"03aff1b\" data-element_type=\"container\" data-e-type=\"container\">\n\t\t\t\t\t<div class=\"e-con-inner\">\n\t\t\t\t<div class=\"elementor-element elementor-element-378fc33 wdt-cus-accordion1 elementor-widget elementor-widget-wdt-accordion-and-toggle\" data-id=\"378fc33\" data-element_type=\"widget\" data-e-type=\"widget\" data-settings=\"{&quot;wdt_animation_effect&quot;:&quot;none&quot;}\" data-widget_type=\"wdt-accordion-and-toggle.default\">\n\t\t\t\t<div class=\"elementor-widget-container\">\n\t\t\t\t\t<div class=\"wdt-accordion-toggle-holder wdt-module-toggle wdt-template-classic wdt-expand-collapse-position-end\" id=\"wdt-accordion-and-toggle-378fc33\"><div class=\"wdt-accordion-toggle-wrapper\"><div class=\"wdt-accordion-toggle-title-holder\"><div class=\"wdt-accordion-toggle-title\"><div class=\"wdt-accordion-toggle-title-prefix number\">1<\/div>Che cosa sono i sali per il trattamento dell&#039;acqua o i sali per addolcitori d&#039;acqua?<\/div><div class=\"wdt-accordion-toggle-icon\"><div class=\"wdt-accordion-toggle-icon-expand\"><svg aria-hidden=\"true\" class=\"e-font-icon-svg e-fas-chevron-down\" viewBox=\"0 0 448 512\" xmlns=\"http:\/\/www.w3.org\/2000\/svg\"><path d=\"M207.029 381.476L12.686 187.132c-9.373-9.373-9.373-24.569 0-33.941l22.667-22.667c9.357-9.357 24.522-9.375 33.901-.04L224 284.505l154.745-154.021c9.379-9.335 24.544-9.317 33.901.04l22.667 22.667c9.373 9.373 9.373 24.569 0 33.941L240.971 381.476c-9.373 9.372-24.569 9.372-33.942 0z\"><\/path><\/svg><\/div><div class=\"wdt-accordion-toggle-icon-collapse\"><svg aria-hidden=\"true\" class=\"e-font-icon-svg e-fas-chevron-right\" viewBox=\"0 0 320 512\" xmlns=\"http:\/\/www.w3.org\/2000\/svg\"><path d=\"M285.476 272.971L91.132 467.314c-9.373 9.373-24.569 9.373-33.941 0l-22.667-22.667c-9.357-9.357-9.375-24.522-.04-33.901L188.505 256 34.484 101.255c-9.335-9.379-9.317-24.544.04-33.901l22.667-22.667c9.373-9.373 24.569-9.373 33.941 0L285.475 239.03c9.373 9.372 9.373 24.568.001 33.941z\"><\/path><\/svg><\/div><\/div><\/div><div class=\"wdt-accordion-toggle-description\">Il sale per il trattamento dell'acqua \u00e8 una sostanza utilizzata negli addolcitori d'acqua nel processo di rigenerazione delle resine a scambio ionico. Contiene composti chimici che aiutano a rimuovere i minerali in eccesso, come calcio e magnesio, che rendono l'acqua dura. Il processo di rigenerazione delle resine a scambio ionico prevede la sostituzione degli ioni calcio e magnesio con ioni sodio tramite risciacquo con sale. Il sale per addolcitori d'acqua consente un'efficace riduzione della durezza dell'acqua, contribuendo a migliorarne il sapore e prevenendo la formazione di calcare in tubi ed elettrodomestici. \u00c8 un componente chiave nel processo di trattamento dell'acqua, soprattutto nelle aree in cui l'acqua dura \u00e8 un problema. Con l'uso del sale per il trattamento dell'acqua, possiamo godere di acqua pulita e addolcita per bere, cucinare e per uso domestico.<\/div><\/div><div class=\"wdt-accordion-toggle-wrapper\"><div class=\"wdt-accordion-toggle-title-holder\"><div class=\"wdt-accordion-toggle-title\"><div class=\"wdt-accordion-toggle-title-prefix number\">2<\/div>Come si ottiene il sale per addolcitori d&#039;acqua?<\/div><div class=\"wdt-accordion-toggle-icon\"><div class=\"wdt-accordion-toggle-icon-expand\"><svg aria-hidden=\"true\" class=\"e-font-icon-svg e-fas-chevron-down\" viewBox=\"0 0 448 512\" xmlns=\"http:\/\/www.w3.org\/2000\/svg\"><path d=\"M207.029 381.476L12.686 187.132c-9.373-9.373-9.373-24.569 0-33.941l22.667-22.667c9.357-9.357 24.522-9.375 33.901-.04L224 284.505l154.745-154.021c9.379-9.335 24.544-9.317 33.901.04l22.667 22.667c9.373 9.373 9.373 24.569 0 33.941L240.971 381.476c-9.373 9.372-24.569 9.372-33.942 0z\"><\/path><\/svg><\/div><div class=\"wdt-accordion-toggle-icon-collapse\"><svg aria-hidden=\"true\" class=\"e-font-icon-svg e-fas-chevron-right\" viewBox=\"0 0 320 512\" xmlns=\"http:\/\/www.w3.org\/2000\/svg\"><path d=\"M285.476 272.971L91.132 467.314c-9.373 9.373-24.569 9.373-33.941 0l-22.667-22.667c-9.357-9.357-9.375-24.522-.04-33.901L188.505 256 34.484 101.255c-9.335-9.379-9.317-24.544.04-33.901l22.667-22.667c9.373-9.373 24.569-9.373 33.941 0L285.475 239.03c9.373 9.372 9.373 24.568.001 33.941z\"><\/path><\/svg><\/div><\/div><\/div><div class=\"wdt-accordion-toggle-description\">Il sale per addolcitori d'acqua si ottiene principalmente da giacimenti di salgemma o da mari e oceani. Il processo di produzione del sale inizia con l'estrazione della materia prima dalle miniere di sale o l'evaporazione dell'acqua di mare in apposite saline. Successivamente, il sale viene sottoposto a un processo di purificazione e raffinazione per raggiungere la purezza e la qualit\u00e0 desiderate. Spesso vengono aggiunti ingredienti aggiuntivi per migliorare l'efficienza del processo di addolcimento dell'acqua, come agenti antiagglomeranti. Il sale per addolcitori d'acqua pu\u00f2 essere disponibile sotto forma di compresse, cristalli o granuli, a seconda delle esigenze. Infine, questo sale viene utilizzato in speciali filtri per addolcitori d'acqua.<\/div><\/div><div class=\"wdt-accordion-toggle-wrapper\"><div class=\"wdt-accordion-toggle-title-holder\"><div class=\"wdt-accordion-toggle-title\"><div class=\"wdt-accordion-toggle-title-prefix number\">3<\/div>Come funziona il sale per il trattamento dell&#039;acqua?<\/div><div class=\"wdt-accordion-toggle-icon\"><div class=\"wdt-accordion-toggle-icon-expand\"><svg aria-hidden=\"true\" class=\"e-font-icon-svg e-fas-chevron-down\" viewBox=\"0 0 448 512\" xmlns=\"http:\/\/www.w3.org\/2000\/svg\"><path d=\"M207.029 381.476L12.686 187.132c-9.373-9.373-9.373-24.569 0-33.941l22.667-22.667c9.357-9.357 24.522-9.375 33.901-.04L224 284.505l154.745-154.021c9.379-9.335 24.544-9.317 33.901.04l22.667 22.667c9.373 9.373 9.373 24.569 0 33.941L240.971 381.476c-9.373 9.372-24.569 9.372-33.942 0z\"><\/path><\/svg><\/div><div class=\"wdt-accordion-toggle-icon-collapse\"><svg aria-hidden=\"true\" class=\"e-font-icon-svg e-fas-chevron-right\" viewBox=\"0 0 320 512\" xmlns=\"http:\/\/www.w3.org\/2000\/svg\"><path d=\"M285.476 272.971L91.132 467.314c-9.373 9.373-24.569 9.373-33.941 0l-22.667-22.667c-9.357-9.357-9.375-24.522-.04-33.901L188.505 256 34.484 101.255c-9.335-9.379-9.317-24.544.04-33.901l22.667-22.667c9.373-9.373 24.569-9.373 33.941 0L285.475 239.03c9.373 9.372 9.373 24.568.001 33.941z\"><\/path><\/svg><\/div><\/div><\/div><div class=\"wdt-accordion-toggle-description\">Il sale per il trattamento dell'acqua funziona principalmente attraverso il processo di scambio ionico. L'acqua che passa attraverso la resina a scambio ionico, che esiste in forma organica o inorganica, provoca il rilascio di ioni sodio dalla resina. Successivamente, la resina a scambio ionico assorbe ioni indesiderati, come ioni magnesio o calcio. Di conseguenza, le impurit\u00e0 naturali e i sali minerali vengono trattenuti dalla resina e gli ioni cationici associati agli ioni sodio vengono rilasciati nell'acqua destinata al consumo. Attraverso questo processo, il sale per il trattamento dell'acqua consente la rimozione di sostanze nocive e l'addolcimento dell'acqua, migliorandone il sapore e prevenendo la formazione di calcare negli impianti idraulici. \u00c8 un metodo efficace per il trattamento dell'acqua utilizzato sia nelle abitazioni private che in ambito industriale o agricolo.<\/div><\/div><div class=\"wdt-accordion-toggle-wrapper\"><div class=\"wdt-accordion-toggle-title-holder\"><div class=\"wdt-accordion-toggle-title\"><div class=\"wdt-accordion-toggle-title-prefix number\">4<\/div>Dove vengono utilizzati i sali per il trattamento dell&#039;acqua e per l&#039;addolcimento?<\/div><div class=\"wdt-accordion-toggle-icon\"><div class=\"wdt-accordion-toggle-icon-expand\"><svg aria-hidden=\"true\" class=\"e-font-icon-svg e-fas-chevron-down\" viewBox=\"0 0 448 512\" xmlns=\"http:\/\/www.w3.org\/2000\/svg\"><path d=\"M207.029 381.476L12.686 187.132c-9.373-9.373-9.373-24.569 0-33.941l22.667-22.667c9.357-9.357 24.522-9.375 33.901-.04L224 284.505l154.745-154.021c9.379-9.335 24.544-9.317 33.901.04l22.667 22.667c9.373 9.373 9.373 24.569 0 33.941L240.971 381.476c-9.373 9.372-24.569 9.372-33.942 0z\"><\/path><\/svg><\/div><div class=\"wdt-accordion-toggle-icon-collapse\"><svg aria-hidden=\"true\" class=\"e-font-icon-svg e-fas-chevron-right\" viewBox=\"0 0 320 512\" xmlns=\"http:\/\/www.w3.org\/2000\/svg\"><path d=\"M285.476 272.971L91.132 467.314c-9.373 9.373-24.569 9.373-33.941 0l-22.667-22.667c-9.357-9.357-9.375-24.522-.04-33.901L188.505 256 34.484 101.255c-9.335-9.379-9.317-24.544.04-33.901l22.667-22.667c9.373-9.373 24.569-9.373 33.941 0L285.475 239.03c9.373 9.372 9.373 24.568.001 33.941z\"><\/path><\/svg><\/div><\/div><\/div><div class=\"wdt-accordion-toggle-description\">Il sale per il trattamento dell'acqua e l'addolcimento vengono utilizzati in molti luoghi diversi in cui \u00e8 necessario mantenere acqua pulita e addolcita. Principalmente, viene utilizzato in case e appartamenti dove il problema della durezza dell'acqua \u00e8 comune. Il sale per il trattamento dell'acqua \u00e8 ampiamente utilizzato anche nell'industria, in particolare nell'industria chimica e alimentare, dove l'acqua pulita con la giusta durezza \u00e8 essenziale per la produzione. Inoltre, in impianti di produzione come lavanderie, autolavaggi o hotel, il sale per l'addolcimento dell'acqua svolge un ruolo cruciale nel mantenimento di servizi di alta qualit\u00e0. Viene inoltre utilizzato nei processi di purificazione e disinfezione dell'acqua, sia negli impianti di trattamento delle acque reflue che nei sistemi di trattamento dell'acqua potabile. Infine, il sale per l'addolcimento dell'acqua \u00e8 indispensabile in agricoltura, dove l'acqua addolcita viene utilizzata per l'irrigazione, la fertilizzazione del terreno e il mantenimento di condizioni idonee per l'allevamento. Pertanto, il sale per il trattamento dell'acqua \u00e8 una componente estremamente importante per mantenere la corretta qualit\u00e0 dell'acqua in vari ambiti della vita e delle attivit\u00e0 umane.<\/div><\/div><\/div>\t\t\t\t<\/div>\n\t\t\t\t<\/div>\n\t\t\t\t\t<\/div>\n\t\t\t\t<\/div>\n\t\t\t\t<\/div>\n\t\t","protected":false},"excerpt":{"rendered":"<p>Sale per il trattamento dell&#8217;acqua Categorie Il sale per il trattamento dell&#8217;acqua \u00e8 essenziale per gli addolcitori e i sistemi di trattamento dell&#8217;acqua senza sale, poich\u00e9 riduce efficacemente i minerali che causano la durezza come calcio e magnesio. Ideale per sistemi di filtrazione dell&#8217;acqua salata per tutta la casa, sistemi di filtraggio dell&#8217;acqua salata e [&hellip;]<\/p>\n","protected":false},"author":1,"featured_media":32108,"parent":28732,"menu_order":0,"comment_status":"closed","ping_status":"closed","template":"","meta":{"footnotes":""},"class_list":["post-28754","page","type-page","status-publish","has-post-thumbnail","hentry"],"_links":{"self":[{"href":"https:\/\/uae.mosesexport.com\/it\/wp-json\/wp\/v2\/pages\/28754","targetHints":{"allow":["GET"]}}],"collection":[{"href":"https:\/\/uae.mosesexport.com\/it\/wp-json\/wp\/v2\/pages"}],"about":[{"href":"https:\/\/uae.mosesexport.com\/it\/wp-json\/wp\/v2\/types\/page"}],"author":[{"embeddable":true,"href":"https:\/\/uae.mosesexport.com\/it\/wp-json\/wp\/v2\/users\/1"}],"replies":[{"embeddable":true,"href":"https:\/\/uae.mosesexport.com\/it\/wp-json\/wp\/v2\/comments?post=28754"}],"version-history":[{"count":0,"href":"https:\/\/uae.mosesexport.com\/it\/wp-json\/wp\/v2\/pages\/28754\/revisions"}],"up":[{"embeddable":true,"href":"https:\/\/uae.mosesexport.com\/it\/wp-json\/wp\/v2\/pages\/28732"}],"wp:featuredmedia":[{"embeddable":true,"href":"https:\/\/uae.mosesexport.com\/it\/wp-json\/wp\/v2\/media\/32108"}],"wp:attachment":[{"href":"https:\/\/uae.mosesexport.com\/it\/wp-json\/wp\/v2\/media?parent=28754"}],"curies":[{"name":"wp","href":"https:\/\/api.w.org\/{rel}","templated":true}]}}