{"id":21228,"date":"2025-01-06T16:47:25","date_gmt":"2025-01-06T14:47:25","guid":{"rendered":"https:\/\/uae.mosesexport.com\/sol-rolnicza\/"},"modified":"2025-10-30T15:52:10","modified_gmt":"2025-10-30T12:52:10","slug":"sol-rolnicza","status":"publish","type":"page","link":"https:\/\/uae.mosesexport.com\/pl\/sol\/sol-rolnicza\/","title":{"rendered":"S\u00f3l rolnicza"},"content":{"rendered":"\t\t<div data-elementor-type=\"wp-page\" data-elementor-id=\"21228\" class=\"elementor elementor-21228 elementor-17517\">\n\t\t\t\t<div class=\"elementor-element elementor-element-59c2499 e-flex e-con-boxed e-con e-parent\" data-id=\"59c2499\" data-element_type=\"container\" data-e-type=\"container\" data-settings=\"{&quot;background_background&quot;:&quot;classic&quot;}\">\n\t\t\t\t\t<div class=\"e-con-inner\">\n\t\t\t\t<div class=\"elementor-element elementor-element-f46668a elementor-widget elementor-widget-heading\" data-id=\"f46668a\" data-element_type=\"widget\" data-e-type=\"widget\" data-settings=\"{&quot;wdt_animation_effect&quot;:&quot;none&quot;}\" data-widget_type=\"heading.default\">\n\t\t\t\t<div class=\"elementor-widget-container\">\n\t\t\t\t\t<h2 class=\"elementor-heading-title elementor-size-default\"><a href=\"https:\/\/uae.mosesexport.com\/pl\/sol-rolnicza\/\">MOSES, s\u00f3l rolnicza<\/a><\/h2>\t\t\t\t<\/div>\n\t\t\t\t<\/div>\n\t\t\t\t\t<\/div>\n\t\t\t\t<\/div>\n\t\t\t\t<section class=\"elementor-section elementor-top-section elementor-element elementor-element-e6bc9ce wdt-no-full-section elementor-section-boxed elementor-section-height-default elementor-section-height-default\" data-id=\"e6bc9ce\" data-element_type=\"section\" data-e-type=\"section\" data-settings=\"{&quot;background_background&quot;:&quot;classic&quot;,&quot;wdt_bg_image&quot;:{&quot;url&quot;:&quot;&quot;,&quot;id&quot;:&quot;&quot;,&quot;size&quot;:&quot;&quot;},&quot;wdt_bg_image_tablet&quot;:{&quot;url&quot;:&quot;&quot;,&quot;id&quot;:&quot;&quot;,&quot;size&quot;:&quot;&quot;},&quot;wdt_bg_image_mobile&quot;:{&quot;url&quot;:&quot;&quot;,&quot;id&quot;:&quot;&quot;,&quot;size&quot;:&quot;&quot;},&quot;wdt_bg_position&quot;:&quot;center center&quot;,&quot;wdt_animation_effect&quot;:&quot;none&quot;}\">\n\t\t\t\t\t\t<div class=\"elementor-container elementor-column-gap-no\">\n\t\t\t\t\t<div class=\"elementor-column elementor-col-50 elementor-top-column elementor-element elementor-element-c6cd588 animated-fast elementor-invisible\" data-id=\"c6cd588\" data-element_type=\"column\" data-e-type=\"column\" data-settings=\"{&quot;animation&quot;:&quot;fadeInLeft&quot;,&quot;animation_delay&quot;:&quot;100&quot;}\">\n\t\t\t<div class=\"elementor-widget-wrap elementor-element-populated\">\n\t\t\t\t\t\t<div class=\"elementor-element elementor-element-ae539d1 start elementor-widget elementor-widget-wdt-heading\" data-id=\"ae539d1\" data-element_type=\"widget\" data-e-type=\"widget\" data-settings=\"{&quot;item_background_background&quot;:&quot;classic&quot;,&quot;wdt_animation_effect&quot;:&quot;none&quot;}\" data-widget_type=\"wdt-heading.default\">\n\t\t\t\t<div class=\"elementor-widget-container\">\n\t\t\t\t\t<div class=\"wdt-heading-holder \" id=\"wdt-heading-ae539d1\"><div class=\"wdt-heading-content-wrapper\">S\u00f3l rolnicza MOSES to sucha s\u00f3l do pasz dla zwierz\u0105t i rolnictwa. Nasza oferta soli paszowej obejmuje s\u00f3l drobno- i \u015bredniogrub\u0105, lizawki solne o wadze 10 kg oraz s\u00f3l pr\u00f3\u017cniow\u0105. Nasza oferta soli rolniczej obejmuje dwa rodzaje soli: s\u00f3l \u015bredniogrub\u0105 i s\u00f3l gruboziarnist\u0105.<\/div><\/div>\t\t\t\t<\/div>\n\t\t\t\t<\/div>\n\t\t\t\t\t<\/div>\n\t\t<\/div>\n\t\t\t\t<div class=\"wdt-sticky-column elementor-column elementor-col-50 elementor-top-column elementor-element elementor-element-b8c53ba wdt-cus-grid-img-counter\" data-wdt-settings=\"{&quot;id&quot;:&quot;b8c53ba&quot;,&quot;sticky&quot;:true,&quot;topSpacing&quot;:50,&quot;bottomSpacing&quot;:50,&quot;stickyOn&quot;:[&quot;laptop&quot;,&quot;tablet_extra&quot;],&quot;overflowHidden&quot;:false}\" data-id=\"b8c53ba\" data-element_type=\"column\" data-e-type=\"column\">\n\t\t\t<div class=\"elementor-widget-wrap elementor-element-populated\">\n\t\t\t\t\t\t<div class=\"elementor-element elementor-element-e40f7fe elementor-widget elementor-widget-image\" data-id=\"e40f7fe\" data-element_type=\"widget\" data-e-type=\"widget\" data-settings=\"{&quot;wdt_animation_effect&quot;:&quot;none&quot;}\" data-widget_type=\"image.default\">\n\t\t\t\t<div class=\"elementor-widget-container\">\n\t\t\t\t\t\t\t\t\t\t\t\t\t\t\t<img fetchpriority=\"high\" decoding=\"async\" width=\"690\" height=\"388\" src=\"https:\/\/uae.mosesexport.com\/wp-content\/uploads\/2025\/01\/\u0632\u0631\u0627\u0639\u064a\u0629.jpg\" class=\"attachment-full size-full wp-image-21266\" alt=\"Agricultural salt\" srcset=\"https:\/\/uae.mosesexport.com\/wp-content\/uploads\/2025\/01\/\u0632\u0631\u0627\u0639\u064a\u0629.jpg 690w, https:\/\/uae.mosesexport.com\/wp-content\/uploads\/2025\/01\/\u0632\u0631\u0627\u0639\u064a\u0629-600x337.jpg 600w, https:\/\/uae.mosesexport.com\/wp-content\/uploads\/2025\/01\/\u0632\u0631\u0627\u0639\u064a\u0629-300x169.jpg 300w\" sizes=\"(max-width: 690px) 100vw, 690px\" title=\"\">\t\t\t\t\t\t\t\t\t\t\t\t\t\t\t<\/div>\n\t\t\t\t<\/div>\n\t\t\t\t\t<\/div>\n\t\t<\/div>\n\t\t\t\t\t<\/div>\n\t\t<\/section>\n\t\t<div class=\"elementor-element elementor-element-450ef61 e-flex e-con-boxed e-con e-parent\" data-id=\"450ef61\" data-element_type=\"container\" data-e-type=\"container\" data-settings=\"{&quot;background_background&quot;:&quot;classic&quot;}\">\n\t\t\t\t\t<div class=\"e-con-inner\">\n\t\t\t\t<div class=\"elementor-element elementor-element-0c46cfc elementor-widget elementor-widget-heading\" data-id=\"0c46cfc\" data-element_type=\"widget\" data-e-type=\"widget\" data-settings=\"{&quot;wdt_animation_effect&quot;:&quot;none&quot;}\" data-widget_type=\"heading.default\">\n\t\t\t\t<div class=\"elementor-widget-container\">\n\t\t\t\t\t<p class=\"elementor-heading-title elementor-size-default\">PRODUKTY<\/p>\t\t\t\t<\/div>\n\t\t\t\t<\/div>\n\t\t\t\t\t<\/div>\n\t\t\t\t<\/div>\n\t\t<div class=\"elementor-element elementor-element-2e33e32 e-flex e-con-boxed e-con e-parent\" data-id=\"2e33e32\" data-element_type=\"container\" data-e-type=\"container\">\n\t\t\t\t\t<div class=\"e-con-inner\">\n\t\t\t\t<div class=\"elementor-element elementor-element-e60004f start start elementor-widget-mobile__width-inherit wdt-cus-service-style-01 elementor-widget elementor-widget-wdt-image-box\" data-id=\"e60004f\" data-element_type=\"widget\" data-e-type=\"widget\" data-settings=\"{&quot;button_normal_background_background&quot;:&quot;classic&quot;,&quot;button_normal_background_color&quot;:&quot;#FFC52700&quot;,&quot;button_hover_background_background&quot;:&quot;classic&quot;,&quot;button_hover_background_color&quot;:&quot;#FFC52700&quot;,&quot;columns&quot;:&quot;3&quot;,&quot;item_normal_background_background&quot;:&quot;classic&quot;,&quot;item_hover_background_background&quot;:&quot;gradient&quot;,&quot;_animation&quot;:&quot;none&quot;,&quot;columns_tablet&quot;:2,&quot;columns_mobile&quot;:1,&quot;carousel_arrows_prev_arrow_vertical_top_indent&quot;:{&quot;unit&quot;:&quot;%&quot;,&quot;size&quot;:&quot;&quot;,&quot;sizes&quot;:[]},&quot;carousel_arrows_prev_arrow_vertical_top_indent_tablet&quot;:{&quot;unit&quot;:&quot;%&quot;,&quot;size&quot;:&quot;&quot;,&quot;sizes&quot;:[]},&quot;carousel_arrows_prev_arrow_vertical_top_indent_mobile&quot;:{&quot;unit&quot;:&quot;%&quot;,&quot;size&quot;:&quot;&quot;,&quot;sizes&quot;:[]},&quot;carousel_arrows_prev_arrow_horizontal_left_indent&quot;:{&quot;unit&quot;:&quot;%&quot;,&quot;size&quot;:&quot;&quot;,&quot;sizes&quot;:[]},&quot;carousel_arrows_prev_arrow_horizontal_left_indent_tablet&quot;:{&quot;unit&quot;:&quot;%&quot;,&quot;size&quot;:&quot;&quot;,&quot;sizes&quot;:[]},&quot;carousel_arrows_prev_arrow_horizontal_left_indent_mobile&quot;:{&quot;unit&quot;:&quot;%&quot;,&quot;size&quot;:&quot;&quot;,&quot;sizes&quot;:[]},&quot;carousel_arrows_next_arrow_vertical_top_indent&quot;:{&quot;unit&quot;:&quot;%&quot;,&quot;size&quot;:&quot;&quot;,&quot;sizes&quot;:[]},&quot;carousel_arrows_next_arrow_vertical_top_indent_tablet&quot;:{&quot;unit&quot;:&quot;%&quot;,&quot;size&quot;:&quot;&quot;,&quot;sizes&quot;:[]},&quot;carousel_arrows_next_arrow_vertical_top_indent_mobile&quot;:{&quot;unit&quot;:&quot;%&quot;,&quot;size&quot;:&quot;&quot;,&quot;sizes&quot;:[]},&quot;carousel_arrows_next_arrow_horizontal_left_indent&quot;:{&quot;unit&quot;:&quot;%&quot;,&quot;size&quot;:&quot;&quot;,&quot;sizes&quot;:[]},&quot;carousel_arrows_next_arrow_horizontal_left_indent_tablet&quot;:{&quot;unit&quot;:&quot;%&quot;,&quot;size&quot;:&quot;&quot;,&quot;sizes&quot;:[]},&quot;carousel_arrows_next_arrow_horizontal_left_indent_mobile&quot;:{&quot;unit&quot;:&quot;%&quot;,&quot;size&quot;:&quot;&quot;,&quot;sizes&quot;:[]},&quot;wdt_animation_effect&quot;:&quot;none&quot;}\" data-widget_type=\"wdt-image-box.default\">\n\t\t\t\t<div class=\"elementor-widget-container\">\n\t\t\t\t\t<div class=\"wdt-image-box-holder wdt-content-item-holder wdt-column-holder wdt-rc-template-custom-template\" id=\"wdt-image-box-e60004f\" data-settings=\"{&quot;enable_popup&quot;:&quot;&quot;,&quot;enable_hover_class&quot;:&quot;&quot;}\"><div class=\"wdt-column-wrapper wdt-column-gap-wide \" data-column-settings=\"\" data-module-id=\"wdt-module-id-e60004f\" id=\"wdt-module-id-e60004f\"><div class=\"wdt-column\"><div class=\"wdt-content-item\"><div class=\"wdt-content-media-group\"><div class=\"wdt-content-elements-group wdt-media-group wdt-media-image-cover\"><div class=\"wdt-content-image-wrapper \"><div class=\"wdt-content-image\"><a href=\"https:\/\/uae.mosesexport.com\/pl\/moses1-3-sol-do-pasz-dla-zwierzat-i-dla-rolnictwa-2\/\"><img decoding=\"async\" width=\"800\" height=\"600\" src=\"https:\/\/uae.mosesexport.com\/wp-content\/uploads\/2025\/01\/\u0632\u0631\u0627\u0639\u064a-1-3.png\" class=\"attachment-full size-full wp-image-17529\" alt=\"MOSES1-3, zout voor diervoeder en voor de landbouw\" srcset=\"https:\/\/uae.mosesexport.com\/wp-content\/uploads\/2025\/01\/\u0632\u0631\u0627\u0639\u064a-1-3.png 800w, https:\/\/uae.mosesexport.com\/wp-content\/uploads\/2025\/01\/\u0632\u0631\u0627\u0639\u064a-1-3-600x450.png 600w, https:\/\/uae.mosesexport.com\/wp-content\/uploads\/2025\/01\/\u0632\u0631\u0627\u0639\u064a-1-3-300x225.png 300w, https:\/\/uae.mosesexport.com\/wp-content\/uploads\/2025\/01\/\u0632\u0631\u0627\u0639\u064a-1-3-768x576.png 768w\" sizes=\"(max-width: 800px) 100vw, 800px\" title=\"\"><\/a><\/div><\/div><div class=\"wdt-media-image-cover-container\"><div class=\"wdt-content-button wdt-button-clone\"><a href=\"https:\/\/uae.mosesexport.com\/pl\/moses1-3-sol-do-pasz-dla-zwierzat-i-dla-rolnictwa-2\/\"><div class=\"wdt-button-text\"><span>View<\/span><\/div><\/a><\/div><\/div><\/div><\/div><div class=\"wdt-content-detail-group\"><div class=\"wdt-content-title\"><h5><a href=\"https:\/\/uae.mosesexport.com\/pl\/moses1-3-sol-do-pasz-dla-zwierzat-i-dla-rolnictwa-2\/\">MOSES1-3, s\u00f3l na pasz\u0119 dla zwierz\u0105t i do rolnictwa<\/a><\/h5><\/div><div class=\"wdt-content-description\">Sucha, \u015brednio gruba s\u00f3l o wielko\u015bci ziaren od 1 do 3 mm.<\/div><\/div><\/div><\/div><div class=\"wdt-column\"><div class=\"wdt-content-item\"><div class=\"wdt-content-media-group\"><div class=\"wdt-content-elements-group wdt-media-group wdt-media-image-cover\"><div class=\"wdt-content-image-wrapper \"><div class=\"wdt-content-image\"><a href=\"https:\/\/uae.mosesexport.com\/pl\/moses-2-4-sol-dla-rolnictwa\/\"><img decoding=\"async\" width=\"800\" height=\"600\" src=\"https:\/\/uae.mosesexport.com\/wp-content\/uploads\/2025\/01\/\u0632\u0631\u0627\u0639\u064a-2-4.png\" class=\"attachment-full size-full wp-image-17530\" alt=\"MOZES 2-4, zout voor de landbouw\" srcset=\"https:\/\/uae.mosesexport.com\/wp-content\/uploads\/2025\/01\/\u0632\u0631\u0627\u0639\u064a-2-4.png 800w, https:\/\/uae.mosesexport.com\/wp-content\/uploads\/2025\/01\/\u0632\u0631\u0627\u0639\u064a-2-4-600x450.png 600w, https:\/\/uae.mosesexport.com\/wp-content\/uploads\/2025\/01\/\u0632\u0631\u0627\u0639\u064a-2-4-300x225.png 300w, https:\/\/uae.mosesexport.com\/wp-content\/uploads\/2025\/01\/\u0632\u0631\u0627\u0639\u064a-2-4-768x576.png 768w\" sizes=\"(max-width: 800px) 100vw, 800px\" title=\"\"><\/a><\/div><\/div><div class=\"wdt-media-image-cover-container\"><div class=\"wdt-content-button wdt-button-clone\"><a href=\"https:\/\/uae.mosesexport.com\/pl\/moses-2-4-sol-dla-rolnictwa\/\"><div class=\"wdt-button-text\"><span>View<\/span><\/div><\/a><\/div><\/div><\/div><\/div><div class=\"wdt-content-detail-group\"><div class=\"wdt-content-title\"><h5><a href=\"https:\/\/uae.mosesexport.com\/pl\/moses-2-4-sol-dla-rolnictwa\/\">MOSES 2-4, s\u00f3l dla rolnictwa<\/a><\/h5><\/div><div class=\"wdt-content-description\">Suszona s\u00f3l gruboziarnista o wielko\u015bci ziaren od 2 do 4 mm.<\/div><\/div><\/div><\/div><\/div><\/div>\t\t\t\t<\/div>\n\t\t\t\t<\/div>\n\t\t\t\t\t<\/div>\n\t\t\t\t<\/div>\n\t\t\t\t<\/div>\n\t\t","protected":false},"excerpt":{"rendered":"<p>MOSES, s\u00f3l rolnicza S\u00f3l rolnicza MOSES to sucha s\u00f3l do pasz dla zwierz\u0105t i rolnictwa. Nasza oferta soli paszowej obejmuje s\u00f3l drobno- i \u015bredniogrub\u0105, lizawki solne o wadze 10 kg oraz s\u00f3l pr\u00f3\u017cniow\u0105. Nasza oferta soli rolniczej obejmuje dwa rodzaje soli: s\u00f3l \u015bredniogrub\u0105 i s\u00f3l gruboziarnist\u0105. PRODUKTY View MOSES1-3, s\u00f3l na pasz\u0119 dla zwierz\u0105t i [&hellip;]<\/p>\n","protected":false},"author":1,"featured_media":0,"parent":22105,"menu_order":0,"comment_status":"closed","ping_status":"closed","template":"","meta":{"footnotes":""},"class_list":["post-21228","page","type-page","status-publish","hentry"],"_links":{"self":[{"href":"https:\/\/uae.mosesexport.com\/pl\/wp-json\/wp\/v2\/pages\/21228","targetHints":{"allow":["GET"]}}],"collection":[{"href":"https:\/\/uae.mosesexport.com\/pl\/wp-json\/wp\/v2\/pages"}],"about":[{"href":"https:\/\/uae.mosesexport.com\/pl\/wp-json\/wp\/v2\/types\/page"}],"author":[{"embeddable":true,"href":"https:\/\/uae.mosesexport.com\/pl\/wp-json\/wp\/v2\/users\/1"}],"replies":[{"embeddable":true,"href":"https:\/\/uae.mosesexport.com\/pl\/wp-json\/wp\/v2\/comments?post=21228"}],"version-history":[{"count":0,"href":"https:\/\/uae.mosesexport.com\/pl\/wp-json\/wp\/v2\/pages\/21228\/revisions"}],"up":[{"embeddable":true,"href":"https:\/\/uae.mosesexport.com\/pl\/wp-json\/wp\/v2\/pages\/22105"}],"wp:attachment":[{"href":"https:\/\/uae.mosesexport.com\/pl\/wp-json\/wp\/v2\/media?parent=21228"}],"curies":[{"name":"wp","href":"https:\/\/api.w.org\/{rel}","templated":true}]}}