{"id":21751,"date":"2025-01-06T17:16:22","date_gmt":"2025-01-06T15:16:22","guid":{"rendered":"https:\/\/uae.mosesexport.com\/moses1-3-sol-do-pasz-dla-zwierzat-i-dla-rolnictwa\/"},"modified":"2025-05-25T15:24:26","modified_gmt":"2025-05-25T12:24:26","slug":"moses1-3-sol-do-pasz-dla-zwierzat-i-dla-rolnictwa-2","status":"publish","type":"page","link":"https:\/\/uae.mosesexport.com\/pl\/sol\/sol-rolnicza\/moses1-3-sol-do-pasz-dla-zwierzat-i-dla-rolnictwa-2\/","title":{"rendered":"MOSES\u00ae1-3, s\u00f3l do pasz dla zwierz\u0105t i dla rolnictwa"},"content":{"rendered":"\t\t<div data-elementor-type=\"wp-page\" data-elementor-id=\"21751\" class=\"elementor elementor-21751 elementor-17527\">\n\t\t\t\t\t\t<section class=\"elementor-section elementor-top-section elementor-element elementor-element-8ecff2b wdt-no-full-section elementor-section-height-min-height elementor-section-boxed elementor-section-height-default elementor-section-items-middle\" data-id=\"8ecff2b\" data-element_type=\"section\" data-e-type=\"section\" data-settings=\"{&quot;background_background&quot;:&quot;classic&quot;,&quot;wdt_bg_image&quot;:{&quot;url&quot;:&quot;&quot;,&quot;id&quot;:&quot;&quot;,&quot;size&quot;:&quot;&quot;},&quot;wdt_bg_image_tablet&quot;:{&quot;url&quot;:&quot;&quot;,&quot;id&quot;:&quot;&quot;,&quot;size&quot;:&quot;&quot;},&quot;wdt_bg_image_mobile&quot;:{&quot;url&quot;:&quot;&quot;,&quot;id&quot;:&quot;&quot;,&quot;size&quot;:&quot;&quot;},&quot;wdt_bg_position&quot;:&quot;center center&quot;,&quot;wdt_animation_effect&quot;:&quot;none&quot;}\">\n\t\t\t\t\t\t<div class=\"elementor-container elementor-column-gap-default\">\n\t\t\t\t\t<div class=\"elementor-column elementor-col-50 elementor-top-column elementor-element elementor-element-6f7427b animated-fast elementor-invisible\" data-id=\"6f7427b\" data-element_type=\"column\" data-e-type=\"column\" data-settings=\"{&quot;animation&quot;:&quot;fadeInLeft&quot;,&quot;animation_delay&quot;:&quot;100&quot;}\">\n\t\t\t<div class=\"elementor-widget-wrap elementor-element-populated\">\n\t\t\t\t\t\t<div class=\"elementor-element elementor-element-8d739ed start elementor-widget elementor-widget-wdt-heading\" data-id=\"8d739ed\" data-element_type=\"widget\" data-e-type=\"widget\" data-settings=\"{&quot;wdt_animation_effect&quot;:&quot;none&quot;}\" data-widget_type=\"wdt-heading.default\">\n\t\t\t\t<div class=\"elementor-widget-container\">\n\t\t\t\t\t<div class=\"wdt-heading-holder \" id=\"wdt-heading-8d739ed\"><div class=\"wdt-heading-content-wrapper\">MOSES\u00ae1-3, s\u00f3l na pasze dla zwierz\u0105t i do rolnictwa<\/div><\/div>\t\t\t\t<\/div>\n\t\t\t\t<\/div>\n\t\t\t\t\t<\/div>\n\t\t<\/div>\n\t\t\t\t<div class=\"wdt-sticky-column elementor-column elementor-col-50 elementor-top-column elementor-element elementor-element-9214b8e wdt-cus-grid-img-counter\" data-wdt-settings=\"{&quot;id&quot;:&quot;9214b8e&quot;,&quot;sticky&quot;:true,&quot;topSpacing&quot;:50,&quot;bottomSpacing&quot;:50,&quot;stickyOn&quot;:[&quot;laptop&quot;,&quot;tablet_extra&quot;],&quot;overflowHidden&quot;:false}\" data-id=\"9214b8e\" data-element_type=\"column\" data-e-type=\"column\">\n\t\t\t<div class=\"elementor-widget-wrap elementor-element-populated\">\n\t\t\t\t\t\t<div class=\"elementor-element elementor-element-4fbd9ea elementor-widget elementor-widget-image\" data-id=\"4fbd9ea\" data-element_type=\"widget\" data-e-type=\"widget\" data-settings=\"{&quot;wdt_animation_effect&quot;:&quot;none&quot;}\" data-widget_type=\"image.default\">\n\t\t\t\t<div class=\"elementor-widget-container\">\n\t\t\t\t\t\t\t\t\t\t\t\t\t\t\t<img decoding=\"async\" src=\"https:\/\/uae.mosesexport.com\/wp-content\/uploads\/2025\/01\/\u0632\u0631\u0627\u0639\u064a-1-3.png\" title=\"\" alt=\"\" loading=\"lazy\">\t\t\t\t\t\t\t\t\t\t\t\t\t\t\t<\/div>\n\t\t\t\t<\/div>\n\t\t\t\t\t<\/div>\n\t\t<\/div>\n\t\t\t\t\t<\/div>\n\t\t<\/section>\n\t\t\t\t<section class=\"elementor-section elementor-top-section elementor-element elementor-element-92b9a34 elementor-section-boxed elementor-section-height-default elementor-section-height-default\" data-id=\"92b9a34\" data-element_type=\"section\" data-e-type=\"section\" data-settings=\"{&quot;background_background&quot;:&quot;classic&quot;,&quot;wdt_bg_image&quot;:{&quot;url&quot;:&quot;&quot;,&quot;id&quot;:&quot;&quot;,&quot;size&quot;:&quot;&quot;},&quot;wdt_bg_image_tablet&quot;:{&quot;url&quot;:&quot;&quot;,&quot;id&quot;:&quot;&quot;,&quot;size&quot;:&quot;&quot;},&quot;wdt_bg_image_mobile&quot;:{&quot;url&quot;:&quot;&quot;,&quot;id&quot;:&quot;&quot;,&quot;size&quot;:&quot;&quot;},&quot;wdt_bg_position&quot;:&quot;center center&quot;,&quot;wdt_animation_effect&quot;:&quot;none&quot;}\">\n\t\t\t\t\t\t<div class=\"elementor-container elementor-column-gap-default\">\n\t\t\t\t\t<div class=\"elementor-column elementor-col-100 elementor-top-column elementor-element elementor-element-76409f3\" data-id=\"76409f3\" data-element_type=\"column\" data-e-type=\"column\">\n\t\t\t<div class=\"elementor-widget-wrap elementor-element-populated\">\n\t\t\t\t\t\t<div class=\"elementor-element elementor-element-d358b66 elementor-widget elementor-widget-spacer\" data-id=\"d358b66\" data-element_type=\"widget\" data-e-type=\"widget\" data-settings=\"{&quot;wdt_animation_effect&quot;:&quot;none&quot;}\" data-widget_type=\"spacer.default\">\n\t\t\t\t<div class=\"elementor-widget-container\">\n\t\t\t\t\t\t\t<div class=\"elementor-spacer\">\n\t\t\t<div class=\"elementor-spacer-inner\"><\/div>\n\t\t<\/div>\n\t\t\t\t\t\t<\/div>\n\t\t\t\t<\/div>\n\t\t\t\t<section class=\"elementor-section elementor-inner-section elementor-element elementor-element-e1273a8 elementor-section-full_width elementor-section-height-default elementor-section-height-default\" data-id=\"e1273a8\" data-element_type=\"section\" data-e-type=\"section\" data-settings=\"{&quot;wdt_bg_image&quot;:{&quot;url&quot;:&quot;&quot;,&quot;id&quot;:&quot;&quot;,&quot;size&quot;:&quot;&quot;},&quot;wdt_bg_image_tablet&quot;:{&quot;url&quot;:&quot;&quot;,&quot;id&quot;:&quot;&quot;,&quot;size&quot;:&quot;&quot;},&quot;wdt_bg_image_mobile&quot;:{&quot;url&quot;:&quot;&quot;,&quot;id&quot;:&quot;&quot;,&quot;size&quot;:&quot;&quot;},&quot;wdt_bg_position&quot;:&quot;center center&quot;,&quot;wdt_animation_effect&quot;:&quot;none&quot;}\">\n\t\t\t\t\t\t<div class=\"elementor-container elementor-column-gap-no\">\n\t\t\t\t\t<div class=\"wdt-sticky-column elementor-column elementor-col-50 elementor-inner-column elementor-element elementor-element-f43df38\" data-wdt-settings=\"{&quot;id&quot;:&quot;f43df38&quot;,&quot;sticky&quot;:true,&quot;topSpacing&quot;:50,&quot;bottomSpacing&quot;:50,&quot;stickyOn&quot;:[&quot;laptop&quot;,&quot;tablet_extra&quot;],&quot;overflowHidden&quot;:false}\" data-id=\"f43df38\" data-element_type=\"column\" data-e-type=\"column\">\n\t\t\t<div class=\"elementor-widget-wrap elementor-element-populated\">\n\t\t\t\t\t\t<div class=\"elementor-element elementor-element-e48cb7e start elementor-widget__width-initial elementor-widget elementor-widget-wdt-heading\" data-id=\"e48cb7e\" data-element_type=\"widget\" data-e-type=\"widget\" data-settings=\"{&quot;wdt_animation_effect&quot;:&quot;none&quot;}\" data-widget_type=\"wdt-heading.default\">\n\t\t\t\t<div class=\"elementor-widget-container\">\n\t\t\t\t\t<div class=\"wdt-heading-holder \" id=\"wdt-heading-e48cb7e\"><div class=\"wdt-heading-content-wrapper\">Sucha s\u00f3l \u015brednio-gruba o wielko\u015bci ziarna od 1 do 3 mm. MOSES 1-3 nadaje si\u0119 jako dodatek do pasz, jako s\u00f3l rolnicza i jako s\u00f3l pastwiskowa.\n\nMOSES to sucha s\u00f3l do pasz dla zwierz\u0105t i rolnictwa. Nasza gama soli paszowych dla zwierz\u0105t sk\u0142ada si\u0119 z soli morskiej drobno- i \u015brednio-grubej, lizawek solnych o wadze 10 kg i soli pr\u00f3\u017cniowej. Nasza gama soli do rolnictwa sk\u0142ada si\u0119 z dw\u00f3ch rodzaj\u00f3w soli: soli \u015brednio-grubej i soli grubej.\nMOSES 1-3 nadaje si\u0119 jako dodatek do pasz, jako s\u00f3l rolnicza i jako s\u00f3l pastwiskowa.<\/div><\/div>\t\t\t\t<\/div>\n\t\t\t\t<\/div>\n\t\t\t\t\t<\/div>\n\t\t<\/div>\n\t\t\t\t<div class=\"elementor-column elementor-col-50 elementor-inner-column elementor-element elementor-element-b1f58b4 animated-fast elementor-invisible\" data-id=\"b1f58b4\" data-element_type=\"column\" data-e-type=\"column\" data-settings=\"{&quot;animation&quot;:&quot;fadeInRight&quot;,&quot;animation_delay&quot;:&quot;100&quot;}\">\n\t\t\t<div class=\"elementor-widget-wrap elementor-element-populated\">\n\t\t\t\t\t\t<div class=\"elementor-element elementor-element-5e15d81 start wdt-cus-about1-iconbox wdt-cus-about1-iconbox-top elementor-widget__width-initial elementor-widget elementor-widget-wdt-icon-box\" data-id=\"5e15d81\" data-element_type=\"widget\" data-e-type=\"widget\" data-settings=\"{&quot;icon_default_normal_background_background&quot;:&quot;classic&quot;,&quot;icon_default_normal_background_color&quot;:&quot;#EDEDED&quot;,&quot;icon_default_hover_background_background&quot;:&quot;classic&quot;,&quot;icon_default_hover_background_color&quot;:&quot;#54595F&quot;,&quot;columns&quot;:&quot;2&quot;,&quot;columns_tablet&quot;:&quot;1&quot;,&quot;columns_mobile&quot;:1,&quot;carousel_arrows_prev_arrow_vertical_top_indent&quot;:{&quot;unit&quot;:&quot;%&quot;,&quot;size&quot;:&quot;&quot;,&quot;sizes&quot;:[]},&quot;carousel_arrows_prev_arrow_vertical_top_indent_tablet&quot;:{&quot;unit&quot;:&quot;%&quot;,&quot;size&quot;:&quot;&quot;,&quot;sizes&quot;:[]},&quot;carousel_arrows_prev_arrow_vertical_top_indent_mobile&quot;:{&quot;unit&quot;:&quot;%&quot;,&quot;size&quot;:&quot;&quot;,&quot;sizes&quot;:[]},&quot;carousel_arrows_prev_arrow_horizontal_left_indent&quot;:{&quot;unit&quot;:&quot;%&quot;,&quot;size&quot;:&quot;&quot;,&quot;sizes&quot;:[]},&quot;carousel_arrows_prev_arrow_horizontal_left_indent_tablet&quot;:{&quot;unit&quot;:&quot;%&quot;,&quot;size&quot;:&quot;&quot;,&quot;sizes&quot;:[]},&quot;carousel_arrows_prev_arrow_horizontal_left_indent_mobile&quot;:{&quot;unit&quot;:&quot;%&quot;,&quot;size&quot;:&quot;&quot;,&quot;sizes&quot;:[]},&quot;carousel_arrows_next_arrow_vertical_top_indent&quot;:{&quot;unit&quot;:&quot;%&quot;,&quot;size&quot;:&quot;&quot;,&quot;sizes&quot;:[]},&quot;carousel_arrows_next_arrow_vertical_top_indent_tablet&quot;:{&quot;unit&quot;:&quot;%&quot;,&quot;size&quot;:&quot;&quot;,&quot;sizes&quot;:[]},&quot;carousel_arrows_next_arrow_vertical_top_indent_mobile&quot;:{&quot;unit&quot;:&quot;%&quot;,&quot;size&quot;:&quot;&quot;,&quot;sizes&quot;:[]},&quot;carousel_arrows_next_arrow_horizontal_left_indent&quot;:{&quot;unit&quot;:&quot;%&quot;,&quot;size&quot;:&quot;&quot;,&quot;sizes&quot;:[]},&quot;carousel_arrows_next_arrow_horizontal_left_indent_tablet&quot;:{&quot;unit&quot;:&quot;%&quot;,&quot;size&quot;:&quot;&quot;,&quot;sizes&quot;:[]},&quot;carousel_arrows_next_arrow_horizontal_left_indent_mobile&quot;:{&quot;unit&quot;:&quot;%&quot;,&quot;size&quot;:&quot;&quot;,&quot;sizes&quot;:[]},&quot;wdt_animation_effect&quot;:&quot;none&quot;}\" data-widget_type=\"wdt-icon-box.default\">\n\t\t\t\t<div class=\"elementor-widget-container\">\n\t\t\t\t\t<div class=\"wdt-icon-box-holder wdt-content-item-holder wdt-column-holder wdt-rc-template-ico-content-aside\" id=\"wdt-icon-box-5e15d81\" data-settings=\"\"><div class=\"wdt-column-wrapper wdt-column-gap-custom \" data-column-settings=\"\" data-module-id=\"wdt-module-id-5e15d81\" id=\"wdt-module-id-5e15d81\"><div class=\"wdt-column\"><div class=\"wdt-content-item\"><div class=\"wdt-content-media-group\"><\/div><div class=\"wdt-content-detail-group\"><div class=\"wdt-content-title\"><h5>Bogaty w minera\u0142y i pierwiastki \u015bladowe<\/h5><\/div><div class=\"wdt-content-separator separator-1\"><span><\/span><\/div><div class=\"wdt-content-description\">Niezb\u0119dne dla zdrowia zwierz\u0105t.\n\n<\/div><\/div><\/div><\/div><div class=\"wdt-column\"><div class=\"wdt-content-item\"><div class=\"wdt-content-media-group\"><\/div><div class=\"wdt-content-detail-group\"><div class=\"wdt-content-title\"><h5>Produkt naturalny<\/h5><\/div><div class=\"wdt-content-separator separator-1\"><span><\/span><\/div><div class=\"wdt-content-description\">Pochodzi ze \u017ar\u00f3de\u0142 odnawialnych.\n\n<\/div><\/div><\/div><\/div><div class=\"wdt-column\"><div class=\"wdt-content-item\"><div class=\"wdt-content-media-group\"><\/div><div class=\"wdt-content-detail-group\"><div class=\"wdt-content-title\"><h5>S\u00f3l bez numer\u00f3w E<\/h5><\/div><div class=\"wdt-content-separator separator-1\"><span><\/span><\/div><div class=\"wdt-content-description\">Idealny do linii produkcyjnych zar\u00f3wno konwencjonalnych, jak i ekologicznych.\n<\/div><\/div><\/div><\/div><\/div><\/div>\t\t\t\t<\/div>\n\t\t\t\t<\/div>\n\t\t\t\t\t<\/div>\n\t\t<\/div>\n\t\t\t\t\t<\/div>\n\t\t<\/section>\n\t\t\t\t\t<\/div>\n\t\t<\/div>\n\t\t\t\t\t<\/div>\n\t\t<\/section>\n\t\t<div class=\"elementor-element elementor-element-9d10b67 e-flex e-con-boxed e-con e-parent\" data-id=\"9d10b67\" data-element_type=\"container\" data-e-type=\"container\">\n\t\t\t\t\t<div class=\"e-con-inner\">\n\t\t\t\t<div class=\"elementor-element elementor-element-b8c28fb wdt-cus-our-policy wdt-cus-home2-iconbox center elementor-widget elementor-widget-wdt-icon-box\" data-id=\"b8c28fb\" data-element_type=\"widget\" data-e-type=\"widget\" data-settings=\"{&quot;slides_to_show_opts&quot;:&quot;3&quot;,&quot;gap&quot;:{&quot;unit&quot;:&quot;dpt&quot;,&quot;size&quot;:30,&quot;sizes&quot;:[]},&quot;item_normal_background_background&quot;:&quot;classic&quot;,&quot;item_hover_background_background&quot;:&quot;classic&quot;,&quot;carousel_dots_default_normal_background_background&quot;:&quot;classic&quot;,&quot;carousel_dots_default_hover_background_background&quot;:&quot;classic&quot;,&quot;direction&quot;:&quot;horizontal&quot;,&quot;effect&quot;:&quot;default&quot;,&quot;slides_to_show_opts_tablet&quot;:2,&quot;slides_to_show_opts_mobile&quot;:1,&quot;slides_to_scroll_opts&quot;:&quot;single&quot;,&quot;mouse_wheel_scroll&quot;:&quot;false&quot;,&quot;pagination&quot;:&quot;bullets&quot;,&quot;speed&quot;:300,&quot;gap_tablet&quot;:{&quot;unit&quot;:&quot;px&quot;,&quot;size&quot;:&quot;&quot;,&quot;sizes&quot;:[]},&quot;gap_mobile&quot;:{&quot;unit&quot;:&quot;px&quot;,&quot;size&quot;:&quot;&quot;,&quot;sizes&quot;:[]},&quot;allow_touch&quot;:&quot;yes&quot;,&quot;loop&quot;:&quot;yes&quot;,&quot;centered_slides&quot;:&quot;no&quot;,&quot;carousel_arrows_prev_arrow_vertical_top_indent&quot;:{&quot;unit&quot;:&quot;%&quot;,&quot;size&quot;:&quot;&quot;,&quot;sizes&quot;:[]},&quot;carousel_arrows_prev_arrow_vertical_top_indent_tablet&quot;:{&quot;unit&quot;:&quot;%&quot;,&quot;size&quot;:&quot;&quot;,&quot;sizes&quot;:[]},&quot;carousel_arrows_prev_arrow_vertical_top_indent_mobile&quot;:{&quot;unit&quot;:&quot;%&quot;,&quot;size&quot;:&quot;&quot;,&quot;sizes&quot;:[]},&quot;carousel_arrows_prev_arrow_horizontal_left_indent&quot;:{&quot;unit&quot;:&quot;%&quot;,&quot;size&quot;:&quot;&quot;,&quot;sizes&quot;:[]},&quot;carousel_arrows_prev_arrow_horizontal_left_indent_tablet&quot;:{&quot;unit&quot;:&quot;%&quot;,&quot;size&quot;:&quot;&quot;,&quot;sizes&quot;:[]},&quot;carousel_arrows_prev_arrow_horizontal_left_indent_mobile&quot;:{&quot;unit&quot;:&quot;%&quot;,&quot;size&quot;:&quot;&quot;,&quot;sizes&quot;:[]},&quot;carousel_arrows_next_arrow_vertical_top_indent&quot;:{&quot;unit&quot;:&quot;%&quot;,&quot;size&quot;:&quot;&quot;,&quot;sizes&quot;:[]},&quot;carousel_arrows_next_arrow_vertical_top_indent_tablet&quot;:{&quot;unit&quot;:&quot;%&quot;,&quot;size&quot;:&quot;&quot;,&quot;sizes&quot;:[]},&quot;carousel_arrows_next_arrow_vertical_top_indent_mobile&quot;:{&quot;unit&quot;:&quot;%&quot;,&quot;size&quot;:&quot;&quot;,&quot;sizes&quot;:[]},&quot;carousel_arrows_next_arrow_horizontal_left_indent&quot;:{&quot;unit&quot;:&quot;%&quot;,&quot;size&quot;:&quot;&quot;,&quot;sizes&quot;:[]},&quot;carousel_arrows_next_arrow_horizontal_left_indent_tablet&quot;:{&quot;unit&quot;:&quot;%&quot;,&quot;size&quot;:&quot;&quot;,&quot;sizes&quot;:[]},&quot;carousel_arrows_next_arrow_horizontal_left_indent_mobile&quot;:{&quot;unit&quot;:&quot;%&quot;,&quot;size&quot;:&quot;&quot;,&quot;sizes&quot;:[]},&quot;wdt_animation_effect&quot;:&quot;none&quot;}\" data-widget_type=\"wdt-icon-box.default\">\n\t\t\t\t<div class=\"elementor-widget-container\">\n\t\t\t\t\t<div class=\"wdt-icon-box-holder  wdt-content-item-holder wdt-carousel-holder wdt-rc-template-custom-template\" id=\"wdt-icon-box-b8c28fb\" data-id=\"b8c28fb\" data-settings=\"\"><div class=\"wdt-icon-box-container swiper\" data-settings=\"{&quot;direction&quot;:&quot;horizontal&quot;,&quot;effect&quot;:&quot;default&quot;,&quot;slides_to_show&quot;:&quot;3&quot;,&quot;slides_to_scroll&quot;:1,&quot;arrows&quot;:&quot;&quot;,&quot;pagination&quot;:&quot;bullets&quot;,&quot;mouse_wheel_scroll&quot;:&quot;false&quot;,&quot;speed&quot;:300,&quot;autoplay&quot;:&quot;&quot;,&quot;autoplay_speed&quot;:null,&quot;autoplay_direction&quot;:null,&quot;allow_touch&quot;:&quot;yes&quot;,&quot;loop&quot;:&quot;yes&quot;,&quot;centered_slides&quot;:&quot;no&quot;,&quot;pause_on_interaction&quot;:null,&quot;overflow_type&quot;:&quot;&quot;,&quot;overflow_opacity&quot;:&quot;&quot;,&quot;unequal_height_compatability&quot;:null,&quot;gap&quot;:30,&quot;responsive&quot;:[{&quot;breakpoint&quot;:319,&quot;toshow&quot;:1,&quot;toscroll&quot;:1},{&quot;breakpoint&quot;:768,&quot;toshow&quot;:2,&quot;toscroll&quot;:1},{&quot;breakpoint&quot;:1025,&quot;toshow&quot;:3,&quot;toscroll&quot;:1}],&quot;space_between_gaps&quot;:{&quot;desktop&quot;:30,&quot;mobile&quot;:30,&quot;tablet&quot;:30}}\" id=\"wdt-icon-box-swiper-b8c28fb\"><div class=\"wdt-icon-box-wrapper swiper-wrapper\"><div class=\"swiper-slide\"><div class=\"wdt-content-item\"><div class=\"wdt-content-media-group\"><\/div><div class=\"wdt-content-detail-group\"><div class=\"wdt-content-title\"><h5>Wielko\u015b\u0107 ziarna<\/h5><\/div><div class=\"wdt-content-description\">500\u20134000 \u00b5m\n\n\n\n<\/div><\/div><\/div><\/div><div class=\"swiper-slide\"><div class=\"wdt-content-item\"><div class=\"wdt-content-media-group\"><\/div><div class=\"wdt-content-detail-group\"><div class=\"wdt-content-title\"><h5>Rodzaje surowc\u00f3w<\/h5><\/div><div class=\"wdt-content-description\">S\u00f3l morska - S\u00f3l kamienna<\/div><\/div><\/div><\/div><div class=\"swiper-slide\"><div class=\"wdt-content-item\"><div class=\"wdt-content-media-group\"><\/div><div class=\"wdt-content-detail-group\"><div class=\"wdt-content-title\"><h5>Packaging<\/h5><\/div><div class=\"wdt-content-description\">5KG - 10KG - 20KG - 25KG (WORKI)\n1000KG - 1250KG - 1500KG (JAMBO)<\/div><\/div><\/div><\/div><div class=\"swiper-slide\"><div class=\"wdt-content-item\"><div class=\"wdt-content-media-group\"><\/div><div class=\"wdt-content-detail-group\"><div class=\"wdt-content-title\"><h5>Dodatki<\/h5><\/div><div class=\"wdt-content-description\">Dost\u0119pne bez dodatk\u00f3w\n(Dost\u0119pne z jodanem potasu (jod)<\/div><\/div><\/div><\/div><div class=\"swiper-slide\"><div class=\"wdt-content-item\"><div class=\"wdt-content-media-group\"><\/div><div class=\"wdt-content-detail-group\"><div class=\"wdt-content-title\"><h5>Sk\u0142adowanie<\/h5><\/div><div class=\"wdt-content-description\">Przechowywa\u0107 w suchym miejscu.<\/div><\/div><\/div><\/div><div class=\"swiper-slide\"><div class=\"wdt-content-item\"><div class=\"wdt-content-media-group\"><\/div><div class=\"wdt-content-detail-group\"><div class=\"wdt-content-title\"><h5>Wysy\u0142ka<\/h5><\/div><div class=\"wdt-content-description\">Ci\u0119\u017car\u00f3wka z przyczep\u0105<\/div><\/div><\/div><\/div><\/div><\/div><div class=\"wdt-carousel-pagination-wrapper\"><div class=\"wdt-swiper-pagination wdt-swiper-pagination-b8c28fb\"><\/div><\/div><\/div>\t\t\t\t<\/div>\n\t\t\t\t<\/div>\n\t\t\t\t\t<\/div>\n\t\t\t\t<\/div>\n\t\t\t\t<section class=\"elementor-section elementor-top-section elementor-element elementor-element-648bad9 wdt-no-full-section elementor-section-height-min-height elementor-section-boxed elementor-section-height-default elementor-section-items-middle\" data-id=\"648bad9\" data-element_type=\"section\" data-e-type=\"section\" data-settings=\"{&quot;background_background&quot;:&quot;classic&quot;,&quot;wdt_bg_position&quot;:&quot;center left&quot;,&quot;wdt_bg_image&quot;:{&quot;url&quot;:&quot;&quot;,&quot;id&quot;:&quot;&quot;,&quot;size&quot;:&quot;&quot;},&quot;wdt_bg_image_tablet&quot;:{&quot;url&quot;:&quot;&quot;,&quot;id&quot;:&quot;&quot;,&quot;size&quot;:&quot;&quot;},&quot;wdt_bg_image_mobile&quot;:{&quot;url&quot;:&quot;&quot;,&quot;id&quot;:&quot;&quot;,&quot;size&quot;:&quot;&quot;},&quot;wdt_animation_effect&quot;:&quot;none&quot;}\">\n\t\t\t\t\t\t<div class=\"elementor-container elementor-column-gap-default\">\n\t\t\t\t\t<div class=\"elementor-column elementor-col-100 elementor-top-column elementor-element elementor-element-75937a0 animated-fast elementor-invisible\" data-id=\"75937a0\" data-element_type=\"column\" data-e-type=\"column\" data-settings=\"{&quot;animation&quot;:&quot;fadeInLeft&quot;,&quot;animation_delay&quot;:&quot;100&quot;}\">\n\t\t\t<div class=\"elementor-widget-wrap elementor-element-populated\">\n\t\t\t\t\t\t<div class=\"elementor-element elementor-element-80f1692 elementor-widget__width-initial center elementor-widget elementor-widget-wdt-heading\" data-id=\"80f1692\" data-element_type=\"widget\" data-e-type=\"widget\" data-settings=\"{&quot;wdt_animation_effect&quot;:&quot;none&quot;}\" data-widget_type=\"wdt-heading.default\">\n\t\t\t\t<div class=\"elementor-widget-container\">\n\t\t\t\t\t<div class=\"wdt-heading-holder \" id=\"wdt-heading-80f1692\"><div class=\"wdt-heading-content-wrapper\">Podobne przedmioty<\/div><\/div>\t\t\t\t<\/div>\n\t\t\t\t<\/div>\n\t\t\t\t\t<\/div>\n\t\t<\/div>\n\t\t\t\t\t<\/div>\n\t\t<\/section>\n\t\t<div class=\"elementor-element elementor-element-ae167ee e-flex e-con-boxed e-con e-parent\" data-id=\"ae167ee\" data-element_type=\"container\" data-e-type=\"container\" data-settings=\"{&quot;background_background&quot;:&quot;classic&quot;}\">\n\t\t\t\t\t<div class=\"e-con-inner\">\n\t\t\t\t<div class=\"elementor-element elementor-element-6d3b08f wdt-cus-services-imgbox animated-fast elementor-widget__width-initial center elementor-invisible elementor-widget elementor-widget-wdt-image-box\" data-id=\"6d3b08f\" data-element_type=\"widget\" data-e-type=\"widget\" data-settings=\"{&quot;_animation&quot;:&quot;fadeInUp&quot;,&quot;_animation_delay&quot;:&quot;100&quot;,&quot;carousel_arrows_prev_arrow_vertical_top_indent&quot;:{&quot;unit&quot;:&quot;%&quot;,&quot;size&quot;:&quot;&quot;,&quot;sizes&quot;:[]},&quot;carousel_arrows_prev_arrow_vertical_top_indent_tablet&quot;:{&quot;unit&quot;:&quot;%&quot;,&quot;size&quot;:&quot;&quot;,&quot;sizes&quot;:[]},&quot;carousel_arrows_prev_arrow_vertical_top_indent_mobile&quot;:{&quot;unit&quot;:&quot;%&quot;,&quot;size&quot;:&quot;&quot;,&quot;sizes&quot;:[]},&quot;carousel_arrows_prev_arrow_horizontal_left_indent&quot;:{&quot;unit&quot;:&quot;%&quot;,&quot;size&quot;:&quot;&quot;,&quot;sizes&quot;:[]},&quot;carousel_arrows_prev_arrow_horizontal_left_indent_tablet&quot;:{&quot;unit&quot;:&quot;%&quot;,&quot;size&quot;:&quot;&quot;,&quot;sizes&quot;:[]},&quot;carousel_arrows_prev_arrow_horizontal_left_indent_mobile&quot;:{&quot;unit&quot;:&quot;%&quot;,&quot;size&quot;:&quot;&quot;,&quot;sizes&quot;:[]},&quot;carousel_arrows_next_arrow_vertical_top_indent&quot;:{&quot;unit&quot;:&quot;%&quot;,&quot;size&quot;:&quot;&quot;,&quot;sizes&quot;:[]},&quot;carousel_arrows_next_arrow_vertical_top_indent_tablet&quot;:{&quot;unit&quot;:&quot;%&quot;,&quot;size&quot;:&quot;&quot;,&quot;sizes&quot;:[]},&quot;carousel_arrows_next_arrow_vertical_top_indent_mobile&quot;:{&quot;unit&quot;:&quot;%&quot;,&quot;size&quot;:&quot;&quot;,&quot;sizes&quot;:[]},&quot;carousel_arrows_next_arrow_horizontal_left_indent&quot;:{&quot;unit&quot;:&quot;%&quot;,&quot;size&quot;:&quot;&quot;,&quot;sizes&quot;:[]},&quot;carousel_arrows_next_arrow_horizontal_left_indent_tablet&quot;:{&quot;unit&quot;:&quot;%&quot;,&quot;size&quot;:&quot;&quot;,&quot;sizes&quot;:[]},&quot;carousel_arrows_next_arrow_horizontal_left_indent_mobile&quot;:{&quot;unit&quot;:&quot;%&quot;,&quot;size&quot;:&quot;&quot;,&quot;sizes&quot;:[]},&quot;wdt_animation_effect&quot;:&quot;none&quot;}\" data-widget_type=\"wdt-image-box.default\">\n\t\t\t\t<div class=\"elementor-widget-container\">\n\t\t\t\t\t<div class=\"wdt-image-box-holder wdt-content-item-holder wdt-column-holder wdt-rc-template-custom-template\" id=\"wdt-image-box-6d3b08f\"><div class=\"wdt-content-item\"><div class=\"wdt-content-media-group\"><div class=\"wdt-content-image-wrapper \"><div class=\"wdt-content-image\"><a href=\"https:\/\/uae.mosesexport.com\/moses-2-4-salt-for-agriculture\/\"><img fetchpriority=\"high\" decoding=\"async\" width=\"800\" height=\"600\" src=\"https:\/\/uae.mosesexport.com\/wp-content\/uploads\/2025\/01\/\u0632\u0631\u0627\u0639\u064a-2-4.png\" class=\"attachment-full size-full wp-image-17530\" alt=\"MOZES 2-4, zout voor de landbouw\" srcset=\"https:\/\/uae.mosesexport.com\/wp-content\/uploads\/2025\/01\/\u0632\u0631\u0627\u0639\u064a-2-4.png 800w, https:\/\/uae.mosesexport.com\/wp-content\/uploads\/2025\/01\/\u0632\u0631\u0627\u0639\u064a-2-4-600x450.png 600w, https:\/\/uae.mosesexport.com\/wp-content\/uploads\/2025\/01\/\u0632\u0631\u0627\u0639\u064a-2-4-300x225.png 300w, https:\/\/uae.mosesexport.com\/wp-content\/uploads\/2025\/01\/\u0632\u0631\u0627\u0639\u064a-2-4-768x576.png 768w\" sizes=\"(max-width: 800px) 100vw, 800px\" title=\"\"><\/a><\/div><\/div><\/div><div class=\"wdt-content-detail-group\"><div class=\"wdt-content-title\"><h5><a href=\"https:\/\/uae.mosesexport.com\/moses-2-4-salt-for-agriculture\/\">MOSES\u00ae 2-4, s\u00f3l do rolnictwa<\/a><\/h5><\/div><\/div><\/div><\/div>\t\t\t\t<\/div>\n\t\t\t\t<\/div>\n\t\t\t\t\t<\/div>\n\t\t\t\t<\/div>\n\t\t\t\t<\/div>\n\t\t","protected":false},"excerpt":{"rendered":"<p>MOSES\u00ae1-3, s\u00f3l na pasze dla zwierz\u0105t i do rolnictwa Sucha s\u00f3l \u015brednio-gruba o wielko\u015bci ziarna od 1 do 3 mm. MOSES 1-3 nadaje si\u0119 jako dodatek do pasz, jako s\u00f3l rolnicza i jako s\u00f3l pastwiskowa. MOSES to sucha s\u00f3l do pasz dla zwierz\u0105t i rolnictwa. Nasza gama soli paszowych dla zwierz\u0105t sk\u0142ada si\u0119 z soli [&hellip;]<\/p>\n","protected":false},"author":1,"featured_media":31994,"parent":21228,"menu_order":0,"comment_status":"closed","ping_status":"closed","template":"","meta":{"footnotes":""},"class_list":["post-21751","page","type-page","status-publish","has-post-thumbnail","hentry"],"_links":{"self":[{"href":"https:\/\/uae.mosesexport.com\/pl\/wp-json\/wp\/v2\/pages\/21751","targetHints":{"allow":["GET"]}}],"collection":[{"href":"https:\/\/uae.mosesexport.com\/pl\/wp-json\/wp\/v2\/pages"}],"about":[{"href":"https:\/\/uae.mosesexport.com\/pl\/wp-json\/wp\/v2\/types\/page"}],"author":[{"embeddable":true,"href":"https:\/\/uae.mosesexport.com\/pl\/wp-json\/wp\/v2\/users\/1"}],"replies":[{"embeddable":true,"href":"https:\/\/uae.mosesexport.com\/pl\/wp-json\/wp\/v2\/comments?post=21751"}],"version-history":[{"count":0,"href":"https:\/\/uae.mosesexport.com\/pl\/wp-json\/wp\/v2\/pages\/21751\/revisions"}],"up":[{"embeddable":true,"href":"https:\/\/uae.mosesexport.com\/pl\/wp-json\/wp\/v2\/pages\/21228"}],"wp:featuredmedia":[{"embeddable":true,"href":"https:\/\/uae.mosesexport.com\/pl\/wp-json\/wp\/v2\/media\/31994"}],"wp:attachment":[{"href":"https:\/\/uae.mosesexport.com\/pl\/wp-json\/wp\/v2\/media?parent=21751"}],"curies":[{"name":"wp","href":"https:\/\/api.w.org\/{rel}","templated":true}]}}