{"id":21985,"date":"2024-12-26T15:04:27","date_gmt":"2024-12-26T13:04:27","guid":{"rendered":"https:\/\/uae.mosesexport.com\/sol-do-zmiekczania-wody\/"},"modified":"2026-01-15T16:26:29","modified_gmt":"2026-01-15T14:26:29","slug":"sol-do-zmiekczania-wody","status":"publish","type":"page","link":"https:\/\/uae.mosesexport.com\/pl\/sol\/sol-do-uzdatniania-wody\/sol-do-zmiekczania-wody\/","title":{"rendered":"S\u00f3l do zmi\u0119kczania wody"},"content":{"rendered":"\t\t<div data-elementor-type=\"wp-page\" data-elementor-id=\"21985\" class=\"elementor elementor-21985 elementor-16866\">\n\t\t\t\t<div class=\"elementor-element elementor-element-f5593c4 e-flex e-con-boxed e-con e-parent\" data-id=\"f5593c4\" data-element_type=\"container\" data-e-type=\"container\" data-settings=\"{&quot;background_background&quot;:&quot;classic&quot;}\">\n\t\t\t\t\t<div class=\"e-con-inner\">\n\t\t\t\t<div class=\"elementor-element elementor-element-c145dc6 elementor-widget elementor-widget-heading\" data-id=\"c145dc6\" data-element_type=\"widget\" data-e-type=\"widget\" data-settings=\"{&quot;wdt_animation_effect&quot;:&quot;none&quot;}\" data-widget_type=\"heading.default\">\n\t\t\t\t<div class=\"elementor-widget-container\">\n\t\t\t\t\t<h3 class=\"elementor-heading-title elementor-size-default\">MOSES, S\u00f3l do zmi\u0119kczania wody<\/h3>\t\t\t\t<\/div>\n\t\t\t\t<\/div>\n\t\t\t\t<div class=\"elementor-element elementor-element-5800ac6 elementor-widget elementor-widget-heading\" data-id=\"5800ac6\" data-element_type=\"widget\" data-e-type=\"widget\" data-settings=\"{&quot;wdt_animation_effect&quot;:&quot;none&quot;}\" data-widget_type=\"heading.default\">\n\t\t\t\t<div class=\"elementor-widget-container\">\n\t\t\t\t\t<p class=\"elementor-heading-title elementor-size-default\">Co sprawia, \u017ce \u200b\u200bmi\u0119kka woda jest lepsza? I jak pomaga s\u00f3l do zmi\u0119kczania wody? Woda zmi\u0119kczona przez zmi\u0119kczacz pozostawia w\u0142osy i sk\u00f3r\u0119 mi\u0119kk\u0105 po porannym prysznicu i mo\u017ce poprawi\u0107 smak wody pitnej. S\u00f3l do zmi\u0119kczaczy wody pomaga utrzyma\u0107 zmi\u0119kczacze w doskona\u0142ym stanie, aby mog\u0142y nadal dostarcza\u0107 mi\u0119kk\u0105 wod\u0119.<\/p>\t\t\t\t<\/div>\n\t\t\t\t<\/div>\n\t\t\t\t\t<\/div>\n\t\t\t\t<\/div>\n\t\t\t\t<section class=\"elementor-section elementor-top-section elementor-element elementor-element-73e3c6d wdt-no-full-section elementor-section-boxed elementor-section-height-default elementor-section-height-default\" data-id=\"73e3c6d\" data-element_type=\"section\" data-e-type=\"section\" data-settings=\"{&quot;background_background&quot;:&quot;classic&quot;,&quot;wdt_bg_image&quot;:{&quot;url&quot;:&quot;&quot;,&quot;id&quot;:&quot;&quot;,&quot;size&quot;:&quot;&quot;},&quot;wdt_bg_image_tablet&quot;:{&quot;url&quot;:&quot;&quot;,&quot;id&quot;:&quot;&quot;,&quot;size&quot;:&quot;&quot;},&quot;wdt_bg_image_mobile&quot;:{&quot;url&quot;:&quot;&quot;,&quot;id&quot;:&quot;&quot;,&quot;size&quot;:&quot;&quot;},&quot;wdt_bg_position&quot;:&quot;center center&quot;,&quot;wdt_animation_effect&quot;:&quot;none&quot;}\">\n\t\t\t\t\t\t<div class=\"elementor-container elementor-column-gap-no\">\n\t\t\t\t\t<div class=\"elementor-column elementor-col-50 elementor-top-column elementor-element elementor-element-5647eac animated-fast elementor-invisible\" data-id=\"5647eac\" data-element_type=\"column\" data-e-type=\"column\" data-settings=\"{&quot;animation&quot;:&quot;fadeInLeft&quot;,&quot;animation_delay&quot;:&quot;100&quot;}\">\n\t\t\t<div class=\"elementor-widget-wrap elementor-element-populated\">\n\t\t\t\t\t\t<div class=\"elementor-element elementor-element-9f85b57 start elementor-widget elementor-widget-wdt-heading\" data-id=\"9f85b57\" data-element_type=\"widget\" data-e-type=\"widget\" data-settings=\"{&quot;item_background_background&quot;:&quot;classic&quot;,&quot;wdt_animation_effect&quot;:&quot;none&quot;}\" data-widget_type=\"wdt-heading.default\">\n\t\t\t\t<div class=\"elementor-widget-container\">\n\t\t\t\t\t<div class=\"wdt-heading-holder \" id=\"wdt-heading-9f85b57\"><div class=\"wdt-heading-content-wrapper\">Nie wybieraj byle jakiej soli do zmi\u0119kczania wody. W ko\u0144cu jako\u015b\u0107 wody w du\u017cej mierze zale\u017cy od u\u017cytej soli. MOSESu00ae to s\u00f3l spo\u017cywcza. Zapewnia mi\u0119kk\u0105 i czyst\u0105 wod\u0119 bez \u017cadnych obaw przez ca\u0142y czas. Wysoki poziom czysto\u015bci MOSESu00ae zapewnia, \u017ce \u200b\u200bzmi\u0119kczacz wody dzia\u0142a lepiej i ma d\u0142u\u017csz\u0105 \u017cywotno\u015b\u0107.<\/div><\/div>\t\t\t\t<\/div>\n\t\t\t\t<\/div>\n\t\t\t\t\t<\/div>\n\t\t<\/div>\n\t\t\t\t<div class=\"wdt-sticky-column elementor-column elementor-col-50 elementor-top-column elementor-element elementor-element-796fc76 wdt-cus-grid-img-counter\" data-wdt-settings=\"{&quot;id&quot;:&quot;796fc76&quot;,&quot;sticky&quot;:true,&quot;topSpacing&quot;:50,&quot;bottomSpacing&quot;:50,&quot;stickyOn&quot;:[&quot;laptop&quot;,&quot;tablet_extra&quot;],&quot;overflowHidden&quot;:false}\" data-id=\"796fc76\" data-element_type=\"column\" data-e-type=\"column\">\n\t\t\t<div class=\"elementor-widget-wrap elementor-element-populated\">\n\t\t\t\t\t\t<div class=\"elementor-element elementor-element-3e2e91b elementor-widget elementor-widget-image\" data-id=\"3e2e91b\" data-element_type=\"widget\" data-e-type=\"widget\" data-settings=\"{&quot;wdt_animation_effect&quot;:&quot;none&quot;}\" data-widget_type=\"image.default\">\n\t\t\t\t<div class=\"elementor-widget-container\">\n\t\t\t\t\t\t\t\t\t\t\t\t\t\t\t<img fetchpriority=\"high\" decoding=\"async\" width=\"1138\" height=\"1200\" src=\"https:\/\/uae.mosesexport.com\/wp-content\/uploads\/2024\/12\/\u0628\u062f\u0648\u0646-\u062e\u0644\u0641\u064a\u0629-\u062c\u0647\u0627\u0632-\u062a\u0646\u0642\u064a\u0629-\u0627\u0644\u0645\u064a\u0627\u06471.png\" class=\"attachment-full size-full wp-image-21559\" alt=\"zmi\u0119kczacz wody bez soli\" srcset=\"https:\/\/uae.mosesexport.com\/wp-content\/uploads\/2024\/12\/\u0628\u062f\u0648\u0646-\u062e\u0644\u0641\u064a\u0629-\u062c\u0647\u0627\u0632-\u062a\u0646\u0642\u064a\u0629-\u0627\u0644\u0645\u064a\u0627\u06471.png 1138w, https:\/\/uae.mosesexport.com\/wp-content\/uploads\/2024\/12\/\u0628\u062f\u0648\u0646-\u062e\u0644\u0641\u064a\u0629-\u062c\u0647\u0627\u0632-\u062a\u0646\u0642\u064a\u0629-\u0627\u0644\u0645\u064a\u0627\u06471-1000x1054.png 1000w, https:\/\/uae.mosesexport.com\/wp-content\/uploads\/2024\/12\/\u0628\u062f\u0648\u0646-\u062e\u0644\u0641\u064a\u0629-\u062c\u0647\u0627\u0632-\u062a\u0646\u0642\u064a\u0629-\u0627\u0644\u0645\u064a\u0627\u06471-285x300.png 285w, https:\/\/uae.mosesexport.com\/wp-content\/uploads\/2024\/12\/\u0628\u062f\u0648\u0646-\u062e\u0644\u0641\u064a\u0629-\u062c\u0647\u0627\u0632-\u062a\u0646\u0642\u064a\u0629-\u0627\u0644\u0645\u064a\u0627\u06471-971x1024.png 971w, https:\/\/uae.mosesexport.com\/wp-content\/uploads\/2024\/12\/\u0628\u062f\u0648\u0646-\u062e\u0644\u0641\u064a\u0629-\u062c\u0647\u0627\u0632-\u062a\u0646\u0642\u064a\u0629-\u0627\u0644\u0645\u064a\u0627\u06471-768x810.png 768w\" sizes=\"(max-width: 1138px) 100vw, 1138px\" title=\"\">\t\t\t\t\t\t\t\t\t\t\t\t\t\t\t<\/div>\n\t\t\t\t<\/div>\n\t\t\t\t\t<\/div>\n\t\t<\/div>\n\t\t\t\t\t<\/div>\n\t\t<\/section>\n\t\t<div class=\"elementor-element elementor-element-5e15de5 e-flex e-con-boxed e-con e-parent\" data-id=\"5e15de5\" data-element_type=\"container\" data-e-type=\"container\" data-settings=\"{&quot;background_background&quot;:&quot;classic&quot;}\">\n\t\t\t\t\t<div class=\"e-con-inner\">\n\t\t\t\t<div class=\"elementor-element elementor-element-6d94779 elementor-widget elementor-widget-heading\" data-id=\"6d94779\" data-element_type=\"widget\" data-e-type=\"widget\" data-settings=\"{&quot;wdt_animation_effect&quot;:&quot;none&quot;}\" data-widget_type=\"heading.default\">\n\t\t\t\t<div class=\"elementor-widget-container\">\n\t\t\t\t\t<h4 class=\"elementor-heading-title elementor-size-default\">s\u00f3l zmi\u0119kczaj\u0105ca<\/h4>\t\t\t\t<\/div>\n\t\t\t\t<\/div>\n\t\t\t\t<div class=\"elementor-element elementor-element-095208e elementor-widget elementor-widget-heading\" data-id=\"095208e\" data-element_type=\"widget\" data-e-type=\"widget\" data-settings=\"{&quot;wdt_animation_effect&quot;:&quot;none&quot;}\" data-widget_type=\"heading.default\">\n\t\t\t\t<div class=\"elementor-widget-container\">\n\t\t\t\t\t<p class=\"elementor-heading-title elementor-size-default\">R\u00f3\u017cnica mi\u0119dzy mi\u0119kk\u0105 a tward\u0105 wod\u0105 to ja\u015bniejsze pranie, bardziej mi\u0119kkie r\u0119czniki, l\u015bni\u0105ce naczynia i mniej osad\u00f3w na rurach i urz\u0105dzeniach domowych. Dzi\u0119ki mi\u0119kkiej wodzie mo\u017cesz cieszy\u0107 si\u0119 bardziej przytulnym domem.<\/p>\t\t\t\t<\/div>\n\t\t\t\t<\/div>\n\t\t\t\t\t<\/div>\n\t\t\t\t<\/div>\n\t\t<div class=\"elementor-element elementor-element-5d13082 e-flex e-con-boxed e-con e-parent\" data-id=\"5d13082\" data-element_type=\"container\" data-e-type=\"container\">\n\t\t\t\t\t<div class=\"e-con-inner\">\n\t\t\t\t<div class=\"elementor-element elementor-element-8ae8894 start start wdt-cus-service-style-01 elementor-widget elementor-widget-wdt-image-box\" data-id=\"8ae8894\" data-element_type=\"widget\" data-e-type=\"widget\" data-settings=\"{&quot;button_normal_background_background&quot;:&quot;classic&quot;,&quot;button_normal_background_color&quot;:&quot;#FFC52700&quot;,&quot;button_hover_background_background&quot;:&quot;classic&quot;,&quot;button_hover_background_color&quot;:&quot;#FFC52700&quot;,&quot;columns&quot;:&quot;3&quot;,&quot;item_normal_background_background&quot;:&quot;classic&quot;,&quot;item_hover_background_background&quot;:&quot;gradient&quot;,&quot;_animation&quot;:&quot;none&quot;,&quot;columns_tablet&quot;:2,&quot;columns_mobile&quot;:1,&quot;carousel_arrows_prev_arrow_vertical_top_indent&quot;:{&quot;unit&quot;:&quot;%&quot;,&quot;size&quot;:&quot;&quot;,&quot;sizes&quot;:[]},&quot;carousel_arrows_prev_arrow_vertical_top_indent_tablet&quot;:{&quot;unit&quot;:&quot;%&quot;,&quot;size&quot;:&quot;&quot;,&quot;sizes&quot;:[]},&quot;carousel_arrows_prev_arrow_vertical_top_indent_mobile&quot;:{&quot;unit&quot;:&quot;%&quot;,&quot;size&quot;:&quot;&quot;,&quot;sizes&quot;:[]},&quot;carousel_arrows_prev_arrow_horizontal_left_indent&quot;:{&quot;unit&quot;:&quot;%&quot;,&quot;size&quot;:&quot;&quot;,&quot;sizes&quot;:[]},&quot;carousel_arrows_prev_arrow_horizontal_left_indent_tablet&quot;:{&quot;unit&quot;:&quot;%&quot;,&quot;size&quot;:&quot;&quot;,&quot;sizes&quot;:[]},&quot;carousel_arrows_prev_arrow_horizontal_left_indent_mobile&quot;:{&quot;unit&quot;:&quot;%&quot;,&quot;size&quot;:&quot;&quot;,&quot;sizes&quot;:[]},&quot;carousel_arrows_next_arrow_vertical_top_indent&quot;:{&quot;unit&quot;:&quot;%&quot;,&quot;size&quot;:&quot;&quot;,&quot;sizes&quot;:[]},&quot;carousel_arrows_next_arrow_vertical_top_indent_tablet&quot;:{&quot;unit&quot;:&quot;%&quot;,&quot;size&quot;:&quot;&quot;,&quot;sizes&quot;:[]},&quot;carousel_arrows_next_arrow_vertical_top_indent_mobile&quot;:{&quot;unit&quot;:&quot;%&quot;,&quot;size&quot;:&quot;&quot;,&quot;sizes&quot;:[]},&quot;carousel_arrows_next_arrow_horizontal_left_indent&quot;:{&quot;unit&quot;:&quot;%&quot;,&quot;size&quot;:&quot;&quot;,&quot;sizes&quot;:[]},&quot;carousel_arrows_next_arrow_horizontal_left_indent_tablet&quot;:{&quot;unit&quot;:&quot;%&quot;,&quot;size&quot;:&quot;&quot;,&quot;sizes&quot;:[]},&quot;carousel_arrows_next_arrow_horizontal_left_indent_mobile&quot;:{&quot;unit&quot;:&quot;%&quot;,&quot;size&quot;:&quot;&quot;,&quot;sizes&quot;:[]},&quot;wdt_animation_effect&quot;:&quot;none&quot;}\" data-widget_type=\"wdt-image-box.default\">\n\t\t\t\t<div class=\"elementor-widget-container\">\n\t\t\t\t\t<div class=\"wdt-image-box-holder wdt-content-item-holder wdt-column-holder wdt-rc-template-custom-template\" id=\"wdt-image-box-8ae8894\" data-settings=\"{&quot;enable_popup&quot;:&quot;&quot;,&quot;enable_hover_class&quot;:&quot;&quot;}\"><div class=\"wdt-column-wrapper wdt-column-gap-wide wdt-snap-scroll-enabled\" data-column-settings=\"{&quot;columnDevices&quot;:[&quot;tablet&quot;,&quot;mobile&quot;]}\" data-module-id=\"wdt-module-id-8ae8894\" id=\"wdt-module-id-8ae8894\"><div class=\"wdt-column\"><div class=\"wdt-content-item\"><div class=\"wdt-content-media-group\"><div class=\"wdt-content-elements-group wdt-media-group wdt-media-image-cover\"><div class=\"wdt-content-image-wrapper \"><div class=\"wdt-content-image\"><a href=\"https:\/\/uae.mosesexport.com\/pl\/moses-regular-tabletki-solne-2\/\"><img decoding=\"async\" width=\"800\" height=\"600\" src=\"https:\/\/uae.mosesexport.com\/wp-content\/uploads\/2024\/12\/\u0627\u0642\u0631\u0627\u0635.png\" class=\"attachment-full size-full wp-image-15943\" alt=\"MOSES\u00ae REGULAR, Salt Tablets\" srcset=\"https:\/\/uae.mosesexport.com\/wp-content\/uploads\/2024\/12\/\u0627\u0642\u0631\u0627\u0635.png 800w, https:\/\/uae.mosesexport.com\/wp-content\/uploads\/2024\/12\/\u0627\u0642\u0631\u0627\u0635-600x450.png 600w, https:\/\/uae.mosesexport.com\/wp-content\/uploads\/2024\/12\/\u0627\u0642\u0631\u0627\u0635-300x225.png 300w, https:\/\/uae.mosesexport.com\/wp-content\/uploads\/2024\/12\/\u0627\u0642\u0631\u0627\u0635-768x576.png 768w\" sizes=\"(max-width: 800px) 100vw, 800px\" title=\"\"><\/a><\/div><\/div><div class=\"wdt-media-image-cover-container\"><div class=\"wdt-content-button wdt-button-clone\"><a href=\"https:\/\/uae.mosesexport.com\/pl\/moses-regular-tabletki-solne-2\/\"><div class=\"wdt-button-text\"><span>View<\/span><\/div><\/a><\/div><\/div><\/div><\/div><div class=\"wdt-content-detail-group\"><div class=\"wdt-content-title\"><h5><a href=\"https:\/\/uae.mosesexport.com\/pl\/moses-regular-tabletki-solne-2\/\">MOSES REGULAR, Tabletki solne<\/a><\/h5><\/div><div class=\"wdt-content-description\">Wysokiej jako\u015bci tabletki solne do wszystkich typ\u00f3w zmi\u0119kczaczy wody.<\/div><\/div><\/div><\/div><div class=\"wdt-column\"><div class=\"wdt-content-item\"><div class=\"wdt-content-media-group\"><div class=\"wdt-content-elements-group wdt-media-group wdt-media-image-cover\"><div class=\"wdt-content-image-wrapper \"><div class=\"wdt-content-image\"><a href=\"https:\/\/uae.mosesexport.com\/pl\/moses-crystals-krysztaly-soli\/\"><img decoding=\"async\" width=\"800\" height=\"600\" src=\"https:\/\/uae.mosesexport.com\/wp-content\/uploads\/2024\/12\/\u0645\u0644\u062d-\u0628\u062d\u0631.png\" class=\"attachment-full size-full wp-image-16308\" alt=\"\" srcset=\"https:\/\/uae.mosesexport.com\/wp-content\/uploads\/2024\/12\/\u0645\u0644\u062d-\u0628\u062d\u0631.png 800w, https:\/\/uae.mosesexport.com\/wp-content\/uploads\/2024\/12\/\u0645\u0644\u062d-\u0628\u062d\u0631-600x450.png 600w, https:\/\/uae.mosesexport.com\/wp-content\/uploads\/2024\/12\/\u0645\u0644\u062d-\u0628\u062d\u0631-300x225.png 300w, https:\/\/uae.mosesexport.com\/wp-content\/uploads\/2024\/12\/\u0645\u0644\u062d-\u0628\u062d\u0631-768x576.png 768w\" sizes=\"(max-width: 800px) 100vw, 800px\" title=\"\"><\/a><\/div><\/div><div class=\"wdt-media-image-cover-container\"><div class=\"wdt-content-button wdt-button-clone\"><a href=\"https:\/\/uae.mosesexport.com\/pl\/moses-crystals-krysztaly-soli\/\"><div class=\"wdt-button-text\"><span>View<\/span><\/div><\/a><\/div><\/div><\/div><\/div><div class=\"wdt-content-detail-group\"><div class=\"wdt-content-title\"><h5><a href=\"https:\/\/uae.mosesexport.com\/pl\/moses-crystals-krysztaly-soli\/\">MOSES KRYSZTA\u0141Y, Kryszta\u0142y soli<\/a><\/h5><\/div><div class=\"wdt-content-description\">100% naturalne kryszta\u0142ki soli. Najlepszy wyb\u00f3r soli zmi\u0119kczaj\u0105cej wod\u0119.<\/div><\/div><\/div><\/div><\/div><div class=\"wdt-column-pagination wdt-snap-scroll-pagination\">\n\t\t\t\t\t\t<button class=\"wdt-pagination-prev wdt-module-id-8ae8894\">Poprzedni<\/button>\n\t\t\t\t\t\t<button class=\"wdt-pagination-next wdt-module-id-8ae8894\">Nast\u0119pny<\/button><\/div><\/div>\t\t\t\t<\/div>\n\t\t\t\t<\/div>\n\t\t\t\t\t<\/div>\n\t\t\t\t<\/div>\n\t\t<div class=\"elementor-element elementor-element-5496e84 e-flex e-con-boxed e-con e-parent\" data-id=\"5496e84\" data-element_type=\"container\" data-e-type=\"container\">\n\t\t\t\t\t<div class=\"e-con-inner\">\n\t\t\t\t<div class=\"elementor-element elementor-element-125031a wdt-cus-accordion1 elementor-widget elementor-widget-wdt-accordion-and-toggle\" data-id=\"125031a\" data-element_type=\"widget\" data-e-type=\"widget\" data-settings=\"{&quot;wdt_animation_effect&quot;:&quot;none&quot;}\" data-widget_type=\"wdt-accordion-and-toggle.default\">\n\t\t\t\t<div class=\"elementor-widget-container\">\n\t\t\t\t\t<div class=\"wdt-accordion-toggle-holder wdt-module-toggle wdt-template-classic wdt-expand-collapse-position-end\" id=\"wdt-accordion-and-toggle-125031a\"><div class=\"wdt-accordion-toggle-wrapper\"><div class=\"wdt-accordion-toggle-title-holder\"><div class=\"wdt-accordion-toggle-title\"><div class=\"wdt-accordion-toggle-title-prefix number\">1<\/div>Dlaczego s\u00f3l?<\/div><div class=\"wdt-accordion-toggle-icon\"><div class=\"wdt-accordion-toggle-icon-expand\"><svg aria-hidden=\"true\" class=\"e-font-icon-svg e-fas-chevron-down\" viewBox=\"0 0 448 512\" xmlns=\"http:\/\/www.w3.org\/2000\/svg\"><path d=\"M207.029 381.476L12.686 187.132c-9.373-9.373-9.373-24.569 0-33.941l22.667-22.667c9.357-9.357 24.522-9.375 33.901-.04L224 284.505l154.745-154.021c9.379-9.335 24.544-9.317 33.901.04l22.667 22.667c9.373 9.373 9.373 24.569 0 33.941L240.971 381.476c-9.373 9.372-24.569 9.372-33.942 0z\"><\/path><\/svg><\/div><div class=\"wdt-accordion-toggle-icon-collapse\"><svg aria-hidden=\"true\" class=\"e-font-icon-svg e-fas-chevron-right\" viewBox=\"0 0 320 512\" xmlns=\"http:\/\/www.w3.org\/2000\/svg\"><path d=\"M285.476 272.971L91.132 467.314c-9.373 9.373-24.569 9.373-33.941 0l-22.667-22.667c-9.357-9.357-9.375-24.522-.04-33.901L188.505 256 34.484 101.255c-9.335-9.379-9.317-24.544.04-33.901l22.667-22.667c9.373-9.373 24.569-9.373 33.941 0L285.475 239.03c9.373 9.372 9.373 24.568.001 33.941z\"><\/path><\/svg><\/div><\/div><\/div><div class=\"wdt-accordion-toggle-description\">S\u00f3l s\u0142u\u017cy do przygotowania solanki, kt\u00f3ra oczyszcza, czyli regeneruje, kulki \u017cywicy. nnZawsze nale\u017cy u\u017cywa\u0107 soli o wysokiej czysto\u015bci, specjalnie zaprojektowanej do stosowania w zmi\u0119kczaczach wody. Drobnoziarnista s\u00f3l kuchenna lub sto\u0142owa mo\u017ce zak\u0142\u00f3ca\u0107 dzia\u0142anie zmi\u0119kczacza, natomiast gruboziarnista s\u00f3l morska lub kamienna mo\u017ce zawiera\u0107 zanieczyszczenia. nnSzczeg\u00f3lnie wa\u017cne jest stosowanie zmi\u0119kczacza wody z wymian\u0105 jon\u00f3w, kt\u00f3ry wykorzystuje s\u00f3l do oczyszczania \u017cywicy, kt\u00f3ra wychwytuje minera\u0142y powoduj\u0105ce twardo\u015b\u0107. Urz\u0105dzenia wykorzystuj\u0105ce si\u0142y magnetyczne lub elektryczne mog\u0105 by\u0107 ta\u0144sze, ale nie usuwaj\u0105 twardo\u015bci.<\/div><\/div><div class=\"wdt-accordion-toggle-wrapper\"><div class=\"wdt-accordion-toggle-title-holder\"><div class=\"wdt-accordion-toggle-title\"><div class=\"wdt-accordion-toggle-title-prefix number\">2<\/div>Co powoduje twardo\u015b\u0107 wody?<\/div><div class=\"wdt-accordion-toggle-icon\"><div class=\"wdt-accordion-toggle-icon-expand\"><svg aria-hidden=\"true\" class=\"e-font-icon-svg e-fas-chevron-down\" viewBox=\"0 0 448 512\" xmlns=\"http:\/\/www.w3.org\/2000\/svg\"><path d=\"M207.029 381.476L12.686 187.132c-9.373-9.373-9.373-24.569 0-33.941l22.667-22.667c9.357-9.357 24.522-9.375 33.901-.04L224 284.505l154.745-154.021c9.379-9.335 24.544-9.317 33.901.04l22.667 22.667c9.373 9.373 9.373 24.569 0 33.941L240.971 381.476c-9.373 9.372-24.569 9.372-33.942 0z\"><\/path><\/svg><\/div><div class=\"wdt-accordion-toggle-icon-collapse\"><svg aria-hidden=\"true\" class=\"e-font-icon-svg e-fas-chevron-right\" viewBox=\"0 0 320 512\" xmlns=\"http:\/\/www.w3.org\/2000\/svg\"><path d=\"M285.476 272.971L91.132 467.314c-9.373 9.373-24.569 9.373-33.941 0l-22.667-22.667c-9.357-9.357-9.375-24.522-.04-33.901L188.505 256 34.484 101.255c-9.335-9.379-9.317-24.544.04-33.901l22.667-22.667c9.373-9.373 24.569-9.373 33.941 0L285.475 239.03c9.373 9.372 9.373 24.568.001 33.941z\"><\/path><\/svg><\/div><\/div><\/div><div class=\"wdt-accordion-toggle-description\">S\u0142owa \u201eu201chard wateru201d\u201d opisuj\u0105 wod\u0119 zawieraj\u0105c\u0105 wap\u0144 i magnez, minera\u0142y odpowiedzialne za twardo\u015b\u0107. Woda deszczowa pocz\u0105tkowo jest mi\u0119kka, wolna od tych minera\u0142\u00f3w, a przep\u0142ywaj\u0105c przez ziemi\u0119, wp\u0142ywaj\u0105c do jezior, rzek, strumieni i w\u00f3d gruntowych, absorbuje minera\u0142y odpowiedzialne za twardo\u015b\u0107. Chocia\u017c minera\u0142y te nie s\u0105 szkodliwe dla zdrowia, wp\u0142ywaj\u0105 na w\u0142a\u015bciwo\u015bci wody i jej skuteczno\u015b\u0107 w praniu i czyszczeniu.<\/div><\/div><div class=\"wdt-accordion-toggle-wrapper\"><div class=\"wdt-accordion-toggle-title-holder\"><div class=\"wdt-accordion-toggle-title\"><div class=\"wdt-accordion-toggle-title-prefix number\">3<\/div>Jak dzia\u0142a twarda woda?<\/div><div class=\"wdt-accordion-toggle-icon\"><div class=\"wdt-accordion-toggle-icon-expand\"><svg aria-hidden=\"true\" class=\"e-font-icon-svg e-fas-chevron-down\" viewBox=\"0 0 448 512\" xmlns=\"http:\/\/www.w3.org\/2000\/svg\"><path d=\"M207.029 381.476L12.686 187.132c-9.373-9.373-9.373-24.569 0-33.941l22.667-22.667c9.357-9.357 24.522-9.375 33.901-.04L224 284.505l154.745-154.021c9.379-9.335 24.544-9.317 33.901.04l22.667 22.667c9.373 9.373 9.373 24.569 0 33.941L240.971 381.476c-9.373 9.372-24.569 9.372-33.942 0z\"><\/path><\/svg><\/div><div class=\"wdt-accordion-toggle-icon-collapse\"><svg aria-hidden=\"true\" class=\"e-font-icon-svg e-fas-chevron-right\" viewBox=\"0 0 320 512\" xmlns=\"http:\/\/www.w3.org\/2000\/svg\"><path d=\"M285.476 272.971L91.132 467.314c-9.373 9.373-24.569 9.373-33.941 0l-22.667-22.667c-9.357-9.357-9.375-24.522-.04-33.901L188.505 256 34.484 101.255c-9.335-9.379-9.317-24.544.04-33.901l22.667-22.667c9.373-9.373 24.569-9.373 33.941 0L285.475 239.03c9.373 9.372 9.373 24.568.001 33.941z\"><\/path><\/svg><\/div><\/div><\/div><div class=\"wdt-accordion-toggle-description\">Twarda woda mo\u017ce zamieni\u0107 najprostsze domowe czynno\u015bci w ci\u0119\u017ck\u0105 prac\u0119. Na szkle i naczyniach pozostaj\u0105 plamy. Ubrania wygl\u0105daj\u0105 matowo i nie s\u0105 ju\u017c tak mi\u0119kkie w dotyku. Armatura \u0142azienkowa pokrywa si\u0119 nieestetycznym osadem. Myd\u0142a i detergenty do prania nie pieni\u0105 si\u0119 tak dobrze. Nawet sk\u00f3ra i w\u0142osy nie s\u0105 tak czyste. Twarda woda jest r\u00f3wnie\u017c szkodliwa dla urz\u0105dze\u0144, zw\u0142aszcza pralek, zmywarek i podgrzewaczy wody.<\/div><\/div><\/div>\t\t\t\t<\/div>\n\t\t\t\t<\/div>\n\t\t\t\t\t<\/div>\n\t\t\t\t<\/div>\n\t\t\t\t<\/div>\n\t\t","protected":false},"excerpt":{"rendered":"<p>MOSES, S\u00f3l do zmi\u0119kczania wody Co sprawia, \u017ce \u200b\u200bmi\u0119kka woda jest lepsza? I jak pomaga s\u00f3l do zmi\u0119kczania wody? Woda zmi\u0119kczona przez zmi\u0119kczacz pozostawia w\u0142osy i sk\u00f3r\u0119 mi\u0119kk\u0105 po porannym prysznicu i mo\u017ce poprawi\u0107 smak wody pitnej. S\u00f3l do zmi\u0119kczaczy wody pomaga utrzyma\u0107 zmi\u0119kczacze w doskona\u0142ym stanie, aby mog\u0142y nadal dostarcza\u0107 mi\u0119kk\u0105 wod\u0119. Nie wybieraj [&hellip;]<\/p>\n","protected":false},"author":1,"featured_media":32094,"parent":22092,"menu_order":0,"comment_status":"closed","ping_status":"closed","template":"","meta":{"footnotes":""},"class_list":["post-21985","page","type-page","status-publish","has-post-thumbnail","hentry"],"_links":{"self":[{"href":"https:\/\/uae.mosesexport.com\/pl\/wp-json\/wp\/v2\/pages\/21985","targetHints":{"allow":["GET"]}}],"collection":[{"href":"https:\/\/uae.mosesexport.com\/pl\/wp-json\/wp\/v2\/pages"}],"about":[{"href":"https:\/\/uae.mosesexport.com\/pl\/wp-json\/wp\/v2\/types\/page"}],"author":[{"embeddable":true,"href":"https:\/\/uae.mosesexport.com\/pl\/wp-json\/wp\/v2\/users\/1"}],"replies":[{"embeddable":true,"href":"https:\/\/uae.mosesexport.com\/pl\/wp-json\/wp\/v2\/comments?post=21985"}],"version-history":[{"count":0,"href":"https:\/\/uae.mosesexport.com\/pl\/wp-json\/wp\/v2\/pages\/21985\/revisions"}],"up":[{"embeddable":true,"href":"https:\/\/uae.mosesexport.com\/pl\/wp-json\/wp\/v2\/pages\/22092"}],"wp:featuredmedia":[{"embeddable":true,"href":"https:\/\/uae.mosesexport.com\/pl\/wp-json\/wp\/v2\/media\/32094"}],"wp:attachment":[{"href":"https:\/\/uae.mosesexport.com\/pl\/wp-json\/wp\/v2\/media?parent=21985"}],"curies":[{"name":"wp","href":"https:\/\/api.w.org\/{rel}","templated":true}]}}