{"id":22092,"date":"2024-12-22T13:28:42","date_gmt":"2024-12-22T11:28:42","guid":{"rendered":"https:\/\/uae.mosesexport.com\/sol-do-uzdatniania-wody\/"},"modified":"2026-01-15T16:26:12","modified_gmt":"2026-01-15T14:26:12","slug":"sol-do-uzdatniania-wody","status":"publish","type":"page","link":"https:\/\/uae.mosesexport.com\/pl\/sol\/sol-do-uzdatniania-wody\/","title":{"rendered":"S\u00f3l do uzdatniania wody"},"content":{"rendered":"\t\t<div data-elementor-type=\"wp-page\" data-elementor-id=\"22092\" class=\"elementor elementor-22092 elementor-16574\">\n\t\t\t\t<div class=\"elementor-element elementor-element-41bee14 e-flex e-con-boxed e-con e-parent\" data-id=\"41bee14\" data-element_type=\"container\" data-e-type=\"container\" data-settings=\"{&quot;background_background&quot;:&quot;classic&quot;}\">\n\t\t\t\t\t<div class=\"e-con-inner\">\n\t\t\t\t<div class=\"elementor-element elementor-element-0272542 elementor-widget elementor-widget-heading\" data-id=\"0272542\" data-element_type=\"widget\" data-e-type=\"widget\" data-settings=\"{&quot;wdt_animation_effect&quot;:&quot;none&quot;}\" data-widget_type=\"heading.default\">\n\t\t\t\t<div class=\"elementor-widget-container\">\n\t\t\t\t\t<h3 class=\"elementor-heading-title elementor-size-default\">S\u00f3l do uzdatniania wody Kategorie<\/h3>\t\t\t\t<\/div>\n\t\t\t\t<\/div>\n\t\t\t\t<div class=\"elementor-element elementor-element-4adc56e elementor-widget elementor-widget-text-editor\" data-id=\"4adc56e\" data-element_type=\"widget\" data-e-type=\"widget\" data-settings=\"{&quot;wdt_animation_effect&quot;:&quot;none&quot;}\" data-widget_type=\"text-editor.default\">\n\t\t\t\t<div class=\"elementor-widget-container\">\n\t\t\t\t\t\t\t\t\t<p>S\u00f3l do uzdatniania wody jest niezb\u0119dna do bezsolnych zmi\u0119kczaczy wody i bezsolnych system\u00f3w uzdatniania wody, skutecznie redukuj\u0105c zawarto\u015b\u0107 minera\u0142\u00f3w powoduj\u0105cych twardo\u015b\u0107, takich jak wap\u0144 i magnez. Idealna do domowych system\u00f3w filtracji wody s\u0142onej, system\u00f3w filtracji wody s\u0142onej oraz system\u00f3w odwr\u00f3conej osmozy wody s\u0142onej.<\/p>\t\t\t\t\t\t\t\t<\/div>\n\t\t\t\t<\/div>\n\t\t\t\t\t<\/div>\n\t\t\t\t<\/div>\n\t\t<div class=\"elementor-element elementor-element-e5ae213 e-flex e-con-boxed e-con e-parent\" data-id=\"e5ae213\" data-element_type=\"container\" data-e-type=\"container\">\n\t\t\t\t\t<div class=\"e-con-inner\">\n\t\t\t\t<div class=\"elementor-element elementor-element-1d42109 start start elementor-widget-mobile__width-inherit wdt-cus-service-style-01 elementor-widget elementor-widget-wdt-image-box\" data-id=\"1d42109\" data-element_type=\"widget\" data-e-type=\"widget\" data-settings=\"{&quot;button_normal_background_background&quot;:&quot;classic&quot;,&quot;button_normal_background_color&quot;:&quot;#FFC52700&quot;,&quot;button_hover_background_background&quot;:&quot;classic&quot;,&quot;button_hover_background_color&quot;:&quot;#FFC52700&quot;,&quot;columns&quot;:&quot;3&quot;,&quot;item_normal_background_background&quot;:&quot;gradient&quot;,&quot;item_normal_background_color&quot;:&quot;#003057&quot;,&quot;item_hover_background_background&quot;:&quot;gradient&quot;,&quot;_animation&quot;:&quot;none&quot;,&quot;columns_tablet&quot;:2,&quot;columns_mobile&quot;:1,&quot;carousel_arrows_prev_arrow_vertical_top_indent&quot;:{&quot;unit&quot;:&quot;%&quot;,&quot;size&quot;:&quot;&quot;,&quot;sizes&quot;:[]},&quot;carousel_arrows_prev_arrow_vertical_top_indent_tablet&quot;:{&quot;unit&quot;:&quot;%&quot;,&quot;size&quot;:&quot;&quot;,&quot;sizes&quot;:[]},&quot;carousel_arrows_prev_arrow_vertical_top_indent_mobile&quot;:{&quot;unit&quot;:&quot;%&quot;,&quot;size&quot;:&quot;&quot;,&quot;sizes&quot;:[]},&quot;carousel_arrows_prev_arrow_horizontal_left_indent&quot;:{&quot;unit&quot;:&quot;%&quot;,&quot;size&quot;:&quot;&quot;,&quot;sizes&quot;:[]},&quot;carousel_arrows_prev_arrow_horizontal_left_indent_tablet&quot;:{&quot;unit&quot;:&quot;%&quot;,&quot;size&quot;:&quot;&quot;,&quot;sizes&quot;:[]},&quot;carousel_arrows_prev_arrow_horizontal_left_indent_mobile&quot;:{&quot;unit&quot;:&quot;%&quot;,&quot;size&quot;:&quot;&quot;,&quot;sizes&quot;:[]},&quot;carousel_arrows_next_arrow_vertical_top_indent&quot;:{&quot;unit&quot;:&quot;%&quot;,&quot;size&quot;:&quot;&quot;,&quot;sizes&quot;:[]},&quot;carousel_arrows_next_arrow_vertical_top_indent_tablet&quot;:{&quot;unit&quot;:&quot;%&quot;,&quot;size&quot;:&quot;&quot;,&quot;sizes&quot;:[]},&quot;carousel_arrows_next_arrow_vertical_top_indent_mobile&quot;:{&quot;unit&quot;:&quot;%&quot;,&quot;size&quot;:&quot;&quot;,&quot;sizes&quot;:[]},&quot;carousel_arrows_next_arrow_horizontal_left_indent&quot;:{&quot;unit&quot;:&quot;%&quot;,&quot;size&quot;:&quot;&quot;,&quot;sizes&quot;:[]},&quot;carousel_arrows_next_arrow_horizontal_left_indent_tablet&quot;:{&quot;unit&quot;:&quot;%&quot;,&quot;size&quot;:&quot;&quot;,&quot;sizes&quot;:[]},&quot;carousel_arrows_next_arrow_horizontal_left_indent_mobile&quot;:{&quot;unit&quot;:&quot;%&quot;,&quot;size&quot;:&quot;&quot;,&quot;sizes&quot;:[]},&quot;wdt_animation_effect&quot;:&quot;none&quot;}\" data-widget_type=\"wdt-image-box.default\">\n\t\t\t\t<div class=\"elementor-widget-container\">\n\t\t\t\t\t<div class=\"wdt-image-box-holder wdt-content-item-holder wdt-column-holder wdt-rc-template-custom-template wdt-image-lightbox-popup wdt-image-active-class\" id=\"wdt-image-box-1d42109\" data-settings=\"{&quot;enable_popup&quot;:&quot;yes&quot;,&quot;enable_hover_class&quot;:&quot;yes&quot;}\"><div class=\"wdt-column-wrapper wdt-column-gap-wide wdt-snap-scroll-enabled\" data-column-settings=\"{&quot;columnDevices&quot;:[&quot;tablet&quot;,&quot;mobile&quot;]}\" data-module-id=\"wdt-module-id-1d42109\" id=\"wdt-module-id-1d42109\"><div class=\"wdt-column\"><div class=\"wdt-content-item\"><div class=\"wdt-content-media-group\"><div class=\"wdt-content-elements-group wdt-media-group wdt-media-image-cover\"><div class=\"wdt-content-image-wrapper \"><div class=\"wdt-content-image\"><a href=\"https:\/\/uae.mosesexport.com\/pl\/sol-do-zmiekczania-wody\/\"><img fetchpriority=\"high\" decoding=\"async\" width=\"800\" height=\"433\" src=\"https:\/\/uae.mosesexport.com\/wp-content\/uploads\/2026\/01\/Untitled-design.png\" class=\"attachment-full size-full wp-image-33106\" alt=\"Salt For Water Softening\" srcset=\"https:\/\/uae.mosesexport.com\/wp-content\/uploads\/2026\/01\/Untitled-design.png 800w, https:\/\/uae.mosesexport.com\/wp-content\/uploads\/2026\/01\/Untitled-design-600x325.png 600w, https:\/\/uae.mosesexport.com\/wp-content\/uploads\/2026\/01\/Untitled-design-300x162.png 300w, https:\/\/uae.mosesexport.com\/wp-content\/uploads\/2026\/01\/Untitled-design-768x416.png 768w\" sizes=\"(max-width: 800px) 100vw, 800px\" title=\"\"><\/a><\/div><\/div><div class=\"wdt-media-image-cover-container\"><div class=\"wdt-content-button wdt-button-clone\"><a href=\"https:\/\/uae.mosesexport.com\/pl\/sol-do-zmiekczania-wody\/\"><div class=\"wdt-button-text\"><span>View<\/span><\/div><\/a><\/div><\/div><\/div><\/div><div class=\"wdt-content-detail-group\"><div class=\"wdt-content-title\"><h5><a href=\"https:\/\/uae.mosesexport.com\/pl\/sol-do-zmiekczania-wody\/\">S\u00f3l do zmi\u0119kczania wody<\/a><\/h5><\/div><div class=\"wdt-content-description\">S\u00f3l do zmi\u0119kczania wody zmniejsza twardo\u015b\u0107 wody i zapobiega osadzaniu si\u0119 kamienia w urz\u0105dzeniach. Idealna jako s\u00f3l zmi\u0119kczaj\u0105ca do zmi\u0119kczaczy wody Morton, BWT, Nuvo, Aquasana lub system\u00f3w zmi\u0119kczania wody bez soli.<\/div><\/div><\/div><\/div><div class=\"wdt-column\"><div class=\"wdt-content-item\"><div class=\"wdt-content-media-group\"><div class=\"wdt-content-elements-group wdt-media-group wdt-media-image-cover\"><div class=\"wdt-content-image-wrapper \"><div class=\"wdt-content-image\"><a href=\"https:\/\/uae.mosesexport.com\/pl\/sol-do-zmywarek\/\"><img decoding=\"async\" width=\"600\" height=\"402\" src=\"https:\/\/uae.mosesexport.com\/wp-content\/uploads\/2026\/01\/Dishwasher-Salt.png\" class=\"attachment-full size-full wp-image-33107\" alt=\"Dishwasher Salt\" srcset=\"https:\/\/uae.mosesexport.com\/wp-content\/uploads\/2026\/01\/Dishwasher-Salt.png 600w, https:\/\/uae.mosesexport.com\/wp-content\/uploads\/2026\/01\/Dishwasher-Salt-300x201.png 300w\" sizes=\"(max-width: 600px) 100vw, 600px\" title=\"\"><\/a><\/div><\/div><div class=\"wdt-media-image-cover-container\"><div class=\"wdt-content-button wdt-button-clone\"><a href=\"https:\/\/uae.mosesexport.com\/pl\/sol-do-zmywarek\/\"><div class=\"wdt-button-text\"><span>View<\/span><\/div><\/a><\/div><\/div><\/div><\/div><div class=\"wdt-content-detail-group\"><div class=\"wdt-content-title\"><h5><a href=\"https:\/\/uae.mosesexport.com\/pl\/sol-do-zmywarek\/\">S\u00f3l do zmywarki<\/a><\/h5><\/div><div class=\"wdt-content-description\">S\u00f3l do zmywarki zosta\u0142a opracowana specjalnie, aby zapobiega\u0107 osadzaniu si\u0119 kamienia w zmywarce, zapewniaj\u0105c optymaln\u0105 wydajno\u015b\u0107 i trwa\u0142o\u015b\u0107. Idealnie wsp\u00f3\u0142pracuje z systemami soli do zmywarek Miele, Finish i Bosch.<\/div><\/div><\/div><\/div><div class=\"wdt-column\"><div class=\"wdt-content-item\"><div class=\"wdt-content-media-group\"><div class=\"wdt-content-elements-group wdt-media-group wdt-media-image-cover\"><div class=\"wdt-content-image-wrapper \"><div class=\"wdt-content-image\"><a href=\"https:\/\/uae.mosesexport.com\/pl\/sol-do-basenow\/\"><img decoding=\"async\" width=\"750\" height=\"500\" src=\"https:\/\/uae.mosesexport.com\/wp-content\/uploads\/2026\/01\/Swimming-Pool-Salt.png\" class=\"attachment-full size-full wp-image-33108\" alt=\"Swimming Pool Salt\" srcset=\"https:\/\/uae.mosesexport.com\/wp-content\/uploads\/2026\/01\/Swimming-Pool-Salt.png 750w, https:\/\/uae.mosesexport.com\/wp-content\/uploads\/2026\/01\/Swimming-Pool-Salt-600x400.png 600w, https:\/\/uae.mosesexport.com\/wp-content\/uploads\/2026\/01\/Swimming-Pool-Salt-300x200.png 300w\" sizes=\"(max-width: 750px) 100vw, 750px\" title=\"\"><\/a><\/div><\/div><div class=\"wdt-media-image-cover-container\"><div class=\"wdt-content-button wdt-button-clone\"><a href=\"https:\/\/uae.mosesexport.com\/pl\/sol-do-basenow\/\"><div class=\"wdt-button-text\"><span>View<\/span><\/div><\/a><\/div><\/div><\/div><\/div><div class=\"wdt-content-detail-group\"><div class=\"wdt-content-title\"><h5><a href=\"https:\/\/uae.mosesexport.com\/pl\/sol-do-basenow\/\">S\u00f3l do basenu<\/a><\/h5><\/div><div class=\"wdt-content-description\">S\u00f3l basenowa firmy Moses to najlepszy wyb\u00f3r do basen\u00f3w z wod\u0105 s\u0142on\u0105, oferuj\u0105cy najwy\u017csz\u0105 jako\u015b\u0107 i bezpiecze\u0144stwo. Uznana za lidera na rynku, spe\u0142nia najsurowsze standardy, zapewniaj\u0105c czyste i komfortowe warunki do p\u0142ywania.<\/div><\/div><\/div><\/div><\/div><div class=\"wdt-column-pagination wdt-snap-scroll-pagination\">\n\t\t\t\t\t\t<button class=\"wdt-pagination-prev wdt-module-id-1d42109\">Poprzedni<\/button>\n\t\t\t\t\t\t<button class=\"wdt-pagination-next wdt-module-id-1d42109\">Nast\u0119pny<\/button><\/div><\/div>\t\t\t\t<\/div>\n\t\t\t\t<\/div>\n\t\t\t\t\t<\/div>\n\t\t\t\t<\/div>\n\t\t<div class=\"elementor-element elementor-element-03aff1b e-flex e-con-boxed e-con e-parent\" data-id=\"03aff1b\" data-element_type=\"container\" data-e-type=\"container\">\n\t\t\t\t\t<div class=\"e-con-inner\">\n\t\t\t\t<div class=\"elementor-element elementor-element-378fc33 wdt-cus-accordion1 elementor-widget elementor-widget-wdt-accordion-and-toggle\" data-id=\"378fc33\" data-element_type=\"widget\" data-e-type=\"widget\" data-settings=\"{&quot;wdt_animation_effect&quot;:&quot;none&quot;}\" data-widget_type=\"wdt-accordion-and-toggle.default\">\n\t\t\t\t<div class=\"elementor-widget-container\">\n\t\t\t\t\t<div class=\"wdt-accordion-toggle-holder wdt-module-toggle wdt-template-classic wdt-expand-collapse-position-end\" id=\"wdt-accordion-and-toggle-378fc33\"><div class=\"wdt-accordion-toggle-wrapper\"><div class=\"wdt-accordion-toggle-title-holder\"><div class=\"wdt-accordion-toggle-title\"><div class=\"wdt-accordion-toggle-title-prefix number\">1<\/div>Czym jest s\u00f3l do uzdatniania wody lub s\u00f3l do zmi\u0119kczania wody?<\/div><div class=\"wdt-accordion-toggle-icon\"><div class=\"wdt-accordion-toggle-icon-expand\"><svg aria-hidden=\"true\" class=\"e-font-icon-svg e-fas-chevron-down\" viewBox=\"0 0 448 512\" xmlns=\"http:\/\/www.w3.org\/2000\/svg\"><path d=\"M207.029 381.476L12.686 187.132c-9.373-9.373-9.373-24.569 0-33.941l22.667-22.667c9.357-9.357 24.522-9.375 33.901-.04L224 284.505l154.745-154.021c9.379-9.335 24.544-9.317 33.901.04l22.667 22.667c9.373 9.373 9.373 24.569 0 33.941L240.971 381.476c-9.373 9.372-24.569 9.372-33.942 0z\"><\/path><\/svg><\/div><div class=\"wdt-accordion-toggle-icon-collapse\"><svg aria-hidden=\"true\" class=\"e-font-icon-svg e-fas-chevron-right\" viewBox=\"0 0 320 512\" xmlns=\"http:\/\/www.w3.org\/2000\/svg\"><path d=\"M285.476 272.971L91.132 467.314c-9.373 9.373-24.569 9.373-33.941 0l-22.667-22.667c-9.357-9.357-9.375-24.522-.04-33.901L188.505 256 34.484 101.255c-9.335-9.379-9.317-24.544.04-33.901l22.667-22.667c9.373-9.373 24.569-9.373 33.941 0L285.475 239.03c9.373 9.372 9.373 24.568.001 33.941z\"><\/path><\/svg><\/div><\/div><\/div><div class=\"wdt-accordion-toggle-description\">S\u00f3l do uzdatniania wody to substancja stosowana w zmi\u0119kczaczach wody w procesie regeneracji \u017cywicy jonowymiennej. Zawiera zwi\u0105zki chemiczne, kt\u00f3re pomagaj\u0105 usuwa\u0107 nadmiar minera\u0142\u00f3w, takich jak wap\u0144 i magnez, kt\u00f3re powoduj\u0105 twardo\u015b\u0107 wody. Proces regeneracji \u017cywicy jonowymiennej polega na zast\u0105pieniu jon\u00f3w wapnia i magnezu jonami sodu poprzez p\u0142ukanie sol\u0105. S\u00f3l do zmi\u0119kczaczy wody umo\u017cliwia skuteczn\u0105 redukcj\u0119 twardo\u015bci wody, przyczyniaj\u0105c si\u0119 do poprawy jej smaku i zapobiegaj\u0105c osadzaniu si\u0119 kamienia w rurach i urz\u0105dzeniach. Jest kluczowym elementem procesu uzdatniania wody, szczeg\u00f3lnie w obszarach, gdzie twarda woda stanowi problem. Dzi\u0119ki soli do uzdatniania wody mo\u017cemy cieszy\u0107 si\u0119 czyst\u0105 i zmi\u0119kczon\u0105 wod\u0105 do picia, gotowania i u\u017cytku domowego.<\/div><\/div><div class=\"wdt-accordion-toggle-wrapper\"><div class=\"wdt-accordion-toggle-title-holder\"><div class=\"wdt-accordion-toggle-title\"><div class=\"wdt-accordion-toggle-title-prefix number\">2<\/div>Jak pozyskuje si\u0119 s\u00f3l do zmi\u0119kczaczy wody?<\/div><div class=\"wdt-accordion-toggle-icon\"><div class=\"wdt-accordion-toggle-icon-expand\"><svg aria-hidden=\"true\" class=\"e-font-icon-svg e-fas-chevron-down\" viewBox=\"0 0 448 512\" xmlns=\"http:\/\/www.w3.org\/2000\/svg\"><path d=\"M207.029 381.476L12.686 187.132c-9.373-9.373-9.373-24.569 0-33.941l22.667-22.667c9.357-9.357 24.522-9.375 33.901-.04L224 284.505l154.745-154.021c9.379-9.335 24.544-9.317 33.901.04l22.667 22.667c9.373 9.373 9.373 24.569 0 33.941L240.971 381.476c-9.373 9.372-24.569 9.372-33.942 0z\"><\/path><\/svg><\/div><div class=\"wdt-accordion-toggle-icon-collapse\"><svg aria-hidden=\"true\" class=\"e-font-icon-svg e-fas-chevron-right\" viewBox=\"0 0 320 512\" xmlns=\"http:\/\/www.w3.org\/2000\/svg\"><path d=\"M285.476 272.971L91.132 467.314c-9.373 9.373-24.569 9.373-33.941 0l-22.667-22.667c-9.357-9.357-9.375-24.522-.04-33.901L188.505 256 34.484 101.255c-9.335-9.379-9.317-24.544.04-33.901l22.667-22.667c9.373-9.373 24.569-9.373 33.941 0L285.475 239.03c9.373 9.372 9.373 24.568.001 33.941z\"><\/path><\/svg><\/div><\/div><\/div><div class=\"wdt-accordion-toggle-description\">S\u00f3l do zmi\u0119kczania wody pozyskuje si\u0119 g\u0142\u00f3wnie ze z\u0142\u00f3\u017c soli kamiennej lub z m\u00f3rz i ocean\u00f3w. Proces pozyskiwania soli rozpoczyna si\u0119 od wydobycia surowca z kopalni soli lub odparowywania wody morskiej w specjalnych basenach solnych. Nast\u0119pnie s\u00f3l poddawana jest procesowi oczyszczania i rafinacji w celu uzyskania po\u017c\u0105danej czysto\u015bci i jako\u015bci. Cz\u0119sto dodawane s\u0105 dodatkowe sk\u0142adniki, takie jak \u015brodki przeciwzbrylaj\u0105ce, w celu poprawy efektywno\u015bci procesu zmi\u0119kczania wody. S\u00f3l do zmi\u0119kczania wody mo\u017ce by\u0107 dost\u0119pna w postaci tabletek, kryszta\u0142k\u00f3w lub granulek, w zale\u017cno\u015bci od potrzeb. Docelowo s\u00f3l ta jest wykorzystywana w specjalnych filtrach zmi\u0119kczaj\u0105cych wod\u0119.<\/div><\/div><div class=\"wdt-accordion-toggle-wrapper\"><div class=\"wdt-accordion-toggle-title-holder\"><div class=\"wdt-accordion-toggle-title\"><div class=\"wdt-accordion-toggle-title-prefix number\">3<\/div>Jak dzia\u0142a s\u00f3l do uzdatniania wody?<\/div><div class=\"wdt-accordion-toggle-icon\"><div class=\"wdt-accordion-toggle-icon-expand\"><svg aria-hidden=\"true\" class=\"e-font-icon-svg e-fas-chevron-down\" viewBox=\"0 0 448 512\" xmlns=\"http:\/\/www.w3.org\/2000\/svg\"><path d=\"M207.029 381.476L12.686 187.132c-9.373-9.373-9.373-24.569 0-33.941l22.667-22.667c9.357-9.357 24.522-9.375 33.901-.04L224 284.505l154.745-154.021c9.379-9.335 24.544-9.317 33.901.04l22.667 22.667c9.373 9.373 9.373 24.569 0 33.941L240.971 381.476c-9.373 9.372-24.569 9.372-33.942 0z\"><\/path><\/svg><\/div><div class=\"wdt-accordion-toggle-icon-collapse\"><svg aria-hidden=\"true\" class=\"e-font-icon-svg e-fas-chevron-right\" viewBox=\"0 0 320 512\" xmlns=\"http:\/\/www.w3.org\/2000\/svg\"><path d=\"M285.476 272.971L91.132 467.314c-9.373 9.373-24.569 9.373-33.941 0l-22.667-22.667c-9.357-9.357-9.375-24.522-.04-33.901L188.505 256 34.484 101.255c-9.335-9.379-9.317-24.544.04-33.901l22.667-22.667c9.373-9.373 24.569-9.373 33.941 0L285.475 239.03c9.373 9.372 9.373 24.568.001 33.941z\"><\/path><\/svg><\/div><\/div><\/div><div class=\"wdt-accordion-toggle-description\">S\u00f3l do uzdatniania wody dzia\u0142a przede wszystkim poprzez proces wymiany jonowej. Woda przep\u0142ywaj\u0105ca przez \u017cywic\u0119 jonowymienn\u0105, wyst\u0119puj\u0105c\u0105 w formie organicznej lub nieorganicznej, powoduje uwalnianie jon\u00f3w sodu z \u017cywicy. Nast\u0119pnie \u017cywica jonowymienna absorbuje niepo\u017c\u0105dane jony, takie jak jony magnezu lub wapnia. W rezultacie naturalne zanieczyszczenia i sole mineralne s\u0105 zatrzymywane przez \u017cywic\u0119, a jony kationowe zwi\u0105zane z jonami sodu s\u0105 uwalniane do wody przeznaczonej do spo\u017cycia. Dzi\u0119ki temu procesowi s\u00f3l do uzdatniania wody pozwala na usuwanie szkodliwych substancji i zmi\u0119kczanie wody, poprawiaj\u0105c jej smak i zapobiegaj\u0105c osadzaniu si\u0119 kamienia w instalacjach wodno-kanalizacyjnych. Jest to skuteczna metoda uzdatniania wody stosowana zar\u00f3wno w gospodarstwach domowych, jak i w przemy\u015ble czy rolnictwie.<\/div><\/div><div class=\"wdt-accordion-toggle-wrapper\"><div class=\"wdt-accordion-toggle-title-holder\"><div class=\"wdt-accordion-toggle-title\"><div class=\"wdt-accordion-toggle-title-prefix number\">4<\/div>Gdzie stosuje si\u0119 s\u00f3l do uzdatniania i zmi\u0119kczania wody?<\/div><div class=\"wdt-accordion-toggle-icon\"><div class=\"wdt-accordion-toggle-icon-expand\"><svg aria-hidden=\"true\" class=\"e-font-icon-svg e-fas-chevron-down\" viewBox=\"0 0 448 512\" xmlns=\"http:\/\/www.w3.org\/2000\/svg\"><path d=\"M207.029 381.476L12.686 187.132c-9.373-9.373-9.373-24.569 0-33.941l22.667-22.667c9.357-9.357 24.522-9.375 33.901-.04L224 284.505l154.745-154.021c9.379-9.335 24.544-9.317 33.901.04l22.667 22.667c9.373 9.373 9.373 24.569 0 33.941L240.971 381.476c-9.373 9.372-24.569 9.372-33.942 0z\"><\/path><\/svg><\/div><div class=\"wdt-accordion-toggle-icon-collapse\"><svg aria-hidden=\"true\" class=\"e-font-icon-svg e-fas-chevron-right\" viewBox=\"0 0 320 512\" xmlns=\"http:\/\/www.w3.org\/2000\/svg\"><path d=\"M285.476 272.971L91.132 467.314c-9.373 9.373-24.569 9.373-33.941 0l-22.667-22.667c-9.357-9.357-9.375-24.522-.04-33.901L188.505 256 34.484 101.255c-9.335-9.379-9.317-24.544.04-33.901l22.667-22.667c9.373-9.373 24.569-9.373 33.941 0L285.475 239.03c9.373 9.372 9.373 24.568.001 33.941z\"><\/path><\/svg><\/div><\/div><\/div><div class=\"wdt-accordion-toggle-description\">S\u00f3l do uzdatniania i zmi\u0119kczania wody jest stosowana w wielu miejscach, gdzie konieczne jest utrzymanie czystej i zmi\u0119kczonej wody. Przede wszystkim jest stosowana w domach i mieszkaniach, gdzie problem twardo\u015bci wody jest powszechny. S\u00f3l do uzdatniania wody jest r\u00f3wnie\u017c szeroko stosowana w przemy\u015ble, szczeg\u00f3lnie chemicznym i spo\u017cywczym, gdzie czysta woda o odpowiedniej twardo\u015bci jest niezb\u0119dna do produkcji. R\u00f3wnie\u017c w zak\u0142adach produkcyjnych, takich jak pralnie, myjnie samochodowe czy hotele, s\u00f3l do zmi\u0119kczania wody odgrywa kluczow\u0105 rol\u0119 w utrzymaniu wysokiej jako\u015bci us\u0142ug. Ponadto jest stosowana w procesach oczyszczania i dezynfekcji wody, zar\u00f3wno w oczyszczalniach \u015bciek\u00f3w, jak i w systemach uzdatniania wody pitnej. Wreszcie, s\u00f3l do zmi\u0119kczania wody jest niezb\u0119dna w rolnictwie, gdzie mi\u0119kka woda jest wykorzystywana do nawadniania, nawo\u017cenia gleb i utrzymywania odpowiednich warunk\u00f3w do hodowli zwierz\u0105t. Dlatego s\u00f3l do uzdatniania wody jest niezwykle wa\u017cnym elementem w utrzymaniu odpowiedniej jako\u015bci wody w r\u00f3\u017cnych dziedzinach \u017cycia i dzia\u0142alno\u015bci cz\u0142owieka.<\/div><\/div><\/div>\t\t\t\t<\/div>\n\t\t\t\t<\/div>\n\t\t\t\t\t<\/div>\n\t\t\t\t<\/div>\n\t\t\t\t<\/div>\n\t\t","protected":false},"excerpt":{"rendered":"<p>S\u00f3l do uzdatniania wody Kategorie S\u00f3l do uzdatniania wody jest niezb\u0119dna do bezsolnych zmi\u0119kczaczy wody i bezsolnych system\u00f3w uzdatniania wody, skutecznie redukuj\u0105c zawarto\u015b\u0107 minera\u0142\u00f3w powoduj\u0105cych twardo\u015b\u0107, takich jak wap\u0144 i magnez. Idealna do domowych system\u00f3w filtracji wody s\u0142onej, system\u00f3w filtracji wody s\u0142onej oraz system\u00f3w odwr\u00f3conej osmozy wody s\u0142onej. View S\u00f3l do zmi\u0119kczania wody S\u00f3l do [&hellip;]<\/p>\n","protected":false},"author":1,"featured_media":19512,"parent":22105,"menu_order":0,"comment_status":"closed","ping_status":"closed","template":"","meta":{"footnotes":""},"class_list":["post-22092","page","type-page","status-publish","has-post-thumbnail","hentry"],"_links":{"self":[{"href":"https:\/\/uae.mosesexport.com\/pl\/wp-json\/wp\/v2\/pages\/22092","targetHints":{"allow":["GET"]}}],"collection":[{"href":"https:\/\/uae.mosesexport.com\/pl\/wp-json\/wp\/v2\/pages"}],"about":[{"href":"https:\/\/uae.mosesexport.com\/pl\/wp-json\/wp\/v2\/types\/page"}],"author":[{"embeddable":true,"href":"https:\/\/uae.mosesexport.com\/pl\/wp-json\/wp\/v2\/users\/1"}],"replies":[{"embeddable":true,"href":"https:\/\/uae.mosesexport.com\/pl\/wp-json\/wp\/v2\/comments?post=22092"}],"version-history":[{"count":0,"href":"https:\/\/uae.mosesexport.com\/pl\/wp-json\/wp\/v2\/pages\/22092\/revisions"}],"up":[{"embeddable":true,"href":"https:\/\/uae.mosesexport.com\/pl\/wp-json\/wp\/v2\/pages\/22105"}],"wp:featuredmedia":[{"embeddable":true,"href":"https:\/\/uae.mosesexport.com\/pl\/wp-json\/wp\/v2\/media\/19512"}],"wp:attachment":[{"href":"https:\/\/uae.mosesexport.com\/pl\/wp-json\/wp\/v2\/media?parent=22092"}],"curies":[{"name":"wp","href":"https:\/\/api.w.org\/{rel}","templated":true}]}}