{"id":28837,"date":"2024-12-22T13:46:37","date_gmt":"2024-12-22T11:46:37","guid":{"rendered":"https:\/\/uae.mosesexport.com\/moses-sal-marinho-para-o-setor-de-servicos-alimenticios\/"},"modified":"2025-10-07T14:39:33","modified_gmt":"2025-10-07T11:39:33","slug":"moses-sal-marinho-para-o-setor-de-servicos-alimenticios","status":"publish","type":"page","link":"https:\/\/uae.mosesexport.com\/pt-br\/sal\/moses-sal-marinho-para-o-setor-de-servicos-alimenticios\/","title":{"rendered":"MOSES\u00ae Sal marinho para o setor de servi\u00e7os aliment\u00edcios"},"content":{"rendered":"\t\t<div data-elementor-type=\"wp-page\" data-elementor-id=\"28837\" class=\"elementor elementor-28837 elementor-16587\">\n\t\t\t\t<div class=\"elementor-element elementor-element-98b70de e-flex e-con-boxed e-con e-parent\" data-id=\"98b70de\" data-element_type=\"container\" data-e-type=\"container\" data-settings=\"{&quot;background_background&quot;:&quot;classic&quot;}\">\n\t\t\t\t\t<div class=\"e-con-inner\">\n\t\t\t\t<div class=\"elementor-element elementor-element-b5a2963 elementor-widget elementor-widget-heading\" data-id=\"b5a2963\" data-element_type=\"widget\" data-e-type=\"widget\" data-settings=\"{&quot;wdt_animation_effect&quot;:&quot;none&quot;}\" data-widget_type=\"heading.default\">\n\t\t\t\t<div class=\"elementor-widget-container\">\n\t\t\t\t\t<h2 class=\"elementor-heading-title elementor-size-default\"><a href=\"https:\/\/uae.mosesexport.com\/pt-br\/moses-sal-marinho-para-o-setor-de-servicos-alimenticios\/\">MOSES\u00ae Sal marinho para o setor de servi\u00e7os aliment\u00edcios<\/a><\/h2>\t\t\t\t<\/div>\n\t\t\t\t<\/div>\n\t\t\t\t\t<\/div>\n\t\t\t\t<\/div>\n\t\t\t\t<section class=\"elementor-section elementor-top-section elementor-element elementor-element-e824e9f wdt-no-full-section elementor-section-boxed elementor-section-height-default elementor-section-height-default\" data-id=\"e824e9f\" data-element_type=\"section\" data-e-type=\"section\" data-settings=\"{&quot;background_background&quot;:&quot;classic&quot;,&quot;wdt_bg_image&quot;:{&quot;url&quot;:&quot;&quot;,&quot;id&quot;:&quot;&quot;,&quot;size&quot;:&quot;&quot;},&quot;wdt_bg_image_tablet&quot;:{&quot;url&quot;:&quot;&quot;,&quot;id&quot;:&quot;&quot;,&quot;size&quot;:&quot;&quot;},&quot;wdt_bg_image_mobile&quot;:{&quot;url&quot;:&quot;&quot;,&quot;id&quot;:&quot;&quot;,&quot;size&quot;:&quot;&quot;},&quot;wdt_bg_position&quot;:&quot;center center&quot;,&quot;wdt_animation_effect&quot;:&quot;none&quot;}\">\n\t\t\t\t\t\t<div class=\"elementor-container elementor-column-gap-no\">\n\t\t\t\t\t<div class=\"elementor-column elementor-col-50 elementor-top-column elementor-element elementor-element-cf20340 animated-fast elementor-invisible\" data-id=\"cf20340\" data-element_type=\"column\" data-e-type=\"column\" data-settings=\"{&quot;animation&quot;:&quot;fadeInLeft&quot;,&quot;animation_delay&quot;:&quot;100&quot;}\">\n\t\t\t<div class=\"elementor-widget-wrap elementor-element-populated\">\n\t\t\t\t\t\t<div class=\"elementor-element elementor-element-c8767bd start elementor-widget elementor-widget-wdt-heading\" data-id=\"c8767bd\" data-element_type=\"widget\" data-e-type=\"widget\" data-settings=\"{&quot;wdt_animation_effect&quot;:&quot;none&quot;}\" data-widget_type=\"wdt-heading.default\">\n\t\t\t\t<div class=\"elementor-widget-container\">\n\t\t\t\t\t<div class=\"wdt-heading-holder \" id=\"wdt-heading-c8767bd\"><div class=\"wdt-heading-content-wrapper\">De batatas fritas a pratos gourmet, MOSES\u00ae \u00e9 o criador de sabor ideal para qualquer prato. Elimine aqueles sach\u00eas individuais sem gra\u00e7a e os moedores de sal comuns do card\u00e1pio. Com MOSES\u00ae, voc\u00ea conquistar\u00e1 o cora\u00e7\u00e3o (e o paladar) dos seus clientes.<\/div><\/div>\t\t\t\t<\/div>\n\t\t\t\t<\/div>\n\t\t\t\t\t<\/div>\n\t\t<\/div>\n\t\t\t\t<div class=\"wdt-sticky-column elementor-column elementor-col-50 elementor-top-column elementor-element elementor-element-9853173 wdt-cus-grid-img-counter\" data-wdt-settings=\"{&quot;id&quot;:&quot;9853173&quot;,&quot;sticky&quot;:true,&quot;topSpacing&quot;:50,&quot;bottomSpacing&quot;:50,&quot;stickyOn&quot;:[&quot;laptop&quot;,&quot;tablet_extra&quot;],&quot;overflowHidden&quot;:false}\" data-id=\"9853173\" data-element_type=\"column\" data-e-type=\"column\">\n\t\t\t<div class=\"elementor-widget-wrap elementor-element-populated\">\n\t\t\t\t\t\t<div class=\"elementor-element elementor-element-b304407 elementor-widget elementor-widget-image\" data-id=\"b304407\" data-element_type=\"widget\" data-e-type=\"widget\" data-settings=\"{&quot;wdt_animation_effect&quot;:&quot;none&quot;}\" data-widget_type=\"image.default\">\n\t\t\t\t<div class=\"elementor-widget-container\">\n\t\t\t\t\t\t\t\t\t\t\t\t\t\t\t<img fetchpriority=\"high\" decoding=\"async\" width=\"1546\" height=\"1056\" src=\"https:\/\/uae.mosesexport.com\/wp-content\/uploads\/2025\/01\/\u0637\u0639\u0627\u0645-3.jpg\" class=\"attachment-full size-full wp-image-28839\" alt=\"MOSES\u00ae Sea Salt For The Food Service Sector\" srcset=\"https:\/\/uae.mosesexport.com\/wp-content\/uploads\/2025\/01\/\u0637\u0639\u0627\u0645-3.jpg 1546w, https:\/\/uae.mosesexport.com\/wp-content\/uploads\/2025\/01\/\u0637\u0639\u0627\u0645-3-1000x683.jpg 1000w, https:\/\/uae.mosesexport.com\/wp-content\/uploads\/2025\/01\/\u0637\u0639\u0627\u0645-3-300x205.jpg 300w, https:\/\/uae.mosesexport.com\/wp-content\/uploads\/2025\/01\/\u0637\u0639\u0627\u0645-3-1024x699.jpg 1024w, https:\/\/uae.mosesexport.com\/wp-content\/uploads\/2025\/01\/\u0637\u0639\u0627\u0645-3-768x525.jpg 768w, https:\/\/uae.mosesexport.com\/wp-content\/uploads\/2025\/01\/\u0637\u0639\u0627\u0645-3-1536x1049.jpg 1536w\" sizes=\"(max-width: 1546px) 100vw, 1546px\" title=\"\">\t\t\t\t\t\t\t\t\t\t\t\t\t\t\t<\/div>\n\t\t\t\t<\/div>\n\t\t\t\t\t<\/div>\n\t\t<\/div>\n\t\t\t\t\t<\/div>\n\t\t<\/section>\n\t\t<div class=\"elementor-element elementor-element-bdb997a e-flex e-con-boxed e-con e-parent\" data-id=\"bdb997a\" data-element_type=\"container\" data-e-type=\"container\" data-settings=\"{&quot;background_background&quot;:&quot;classic&quot;}\">\n\t\t\t\t\t<div class=\"e-con-inner\">\n\t\t\t\t<div class=\"elementor-element elementor-element-aebebe8 elementor-widget elementor-widget-heading\" data-id=\"aebebe8\" data-element_type=\"widget\" data-e-type=\"widget\" data-settings=\"{&quot;wdt_animation_effect&quot;:&quot;none&quot;}\" data-widget_type=\"heading.default\">\n\t\t\t\t<div class=\"elementor-widget-container\">\n\t\t\t\t\t<p class=\"elementor-heading-title elementor-size-default\"><a href=\"https:\/\/uae.mosesexport.com\/pt-br\/moses-sal-marinho-para-o-setor-de-servicos-alimenticios\/\">sal de cozinha<\/a><\/p>\t\t\t\t<\/div>\n\t\t\t\t<\/div>\n\t\t\t\t\t<\/div>\n\t\t\t\t<\/div>\n\t\t<div class=\"elementor-element elementor-element-cb31b98 e-flex e-con-boxed e-con e-parent\" data-id=\"cb31b98\" data-element_type=\"container\" data-e-type=\"container\">\n\t\t\t\t\t<div class=\"e-con-inner\">\n\t\t\t\t<div class=\"elementor-element elementor-element-0292802 start start elementor-widget-mobile__width-inherit wdt-cus-service-style-01 elementor-widget elementor-widget-wdt-image-box\" data-id=\"0292802\" data-element_type=\"widget\" data-e-type=\"widget\" data-settings=\"{&quot;button_normal_background_background&quot;:&quot;classic&quot;,&quot;button_normal_background_color&quot;:&quot;#FFC52700&quot;,&quot;button_hover_background_background&quot;:&quot;classic&quot;,&quot;button_hover_background_color&quot;:&quot;#FFC52700&quot;,&quot;columns&quot;:&quot;3&quot;,&quot;item_normal_background_background&quot;:&quot;gradient&quot;,&quot;item_normal_background_color&quot;:&quot;#003057&quot;,&quot;item_hover_background_background&quot;:&quot;gradient&quot;,&quot;_animation&quot;:&quot;none&quot;,&quot;columns_tablet&quot;:2,&quot;columns_mobile&quot;:1,&quot;carousel_arrows_prev_arrow_vertical_top_indent&quot;:{&quot;unit&quot;:&quot;%&quot;,&quot;size&quot;:&quot;&quot;,&quot;sizes&quot;:[]},&quot;carousel_arrows_prev_arrow_vertical_top_indent_tablet&quot;:{&quot;unit&quot;:&quot;%&quot;,&quot;size&quot;:&quot;&quot;,&quot;sizes&quot;:[]},&quot;carousel_arrows_prev_arrow_vertical_top_indent_mobile&quot;:{&quot;unit&quot;:&quot;%&quot;,&quot;size&quot;:&quot;&quot;,&quot;sizes&quot;:[]},&quot;carousel_arrows_prev_arrow_horizontal_left_indent&quot;:{&quot;unit&quot;:&quot;%&quot;,&quot;size&quot;:&quot;&quot;,&quot;sizes&quot;:[]},&quot;carousel_arrows_prev_arrow_horizontal_left_indent_tablet&quot;:{&quot;unit&quot;:&quot;%&quot;,&quot;size&quot;:&quot;&quot;,&quot;sizes&quot;:[]},&quot;carousel_arrows_prev_arrow_horizontal_left_indent_mobile&quot;:{&quot;unit&quot;:&quot;%&quot;,&quot;size&quot;:&quot;&quot;,&quot;sizes&quot;:[]},&quot;carousel_arrows_next_arrow_vertical_top_indent&quot;:{&quot;unit&quot;:&quot;%&quot;,&quot;size&quot;:&quot;&quot;,&quot;sizes&quot;:[]},&quot;carousel_arrows_next_arrow_vertical_top_indent_tablet&quot;:{&quot;unit&quot;:&quot;%&quot;,&quot;size&quot;:&quot;&quot;,&quot;sizes&quot;:[]},&quot;carousel_arrows_next_arrow_vertical_top_indent_mobile&quot;:{&quot;unit&quot;:&quot;%&quot;,&quot;size&quot;:&quot;&quot;,&quot;sizes&quot;:[]},&quot;carousel_arrows_next_arrow_horizontal_left_indent&quot;:{&quot;unit&quot;:&quot;%&quot;,&quot;size&quot;:&quot;&quot;,&quot;sizes&quot;:[]},&quot;carousel_arrows_next_arrow_horizontal_left_indent_tablet&quot;:{&quot;unit&quot;:&quot;%&quot;,&quot;size&quot;:&quot;&quot;,&quot;sizes&quot;:[]},&quot;carousel_arrows_next_arrow_horizontal_left_indent_mobile&quot;:{&quot;unit&quot;:&quot;%&quot;,&quot;size&quot;:&quot;&quot;,&quot;sizes&quot;:[]},&quot;wdt_animation_effect&quot;:&quot;none&quot;}\" data-widget_type=\"wdt-image-box.default\">\n\t\t\t\t<div class=\"elementor-widget-container\">\n\t\t\t\t\t<div class=\"wdt-image-box-holder wdt-content-item-holder wdt-column-holder wdt-rc-template-custom-template\" id=\"wdt-image-box-0292802\" data-settings=\"{&quot;enable_popup&quot;:&quot;&quot;,&quot;enable_hover_class&quot;:&quot;&quot;}\"><div class=\"wdt-column-wrapper wdt-column-gap-wide \" data-column-settings=\"\" data-module-id=\"wdt-module-id-0292802\" id=\"wdt-module-id-0292802\"><div class=\"wdt-column\"><div class=\"wdt-content-item\"><div class=\"wdt-content-media-group\"><div class=\"wdt-content-elements-group wdt-media-group wdt-media-image-cover\"><div class=\"wdt-content-image-wrapper \"><div class=\"wdt-content-image\"><a href=\"https:\/\/uae.mosesexport.com\/pt-br\/sal-marinho-fino-moses\/\"rel=\"nofollow\" ><img decoding=\"async\" width=\"800\" height=\"600\" src=\"https:\/\/uae.mosesexport.com\/wp-content\/uploads\/2025\/01\/\u0645\u0644\u062d-\u0637\u0639\u0627\u0645-\u0646\u0627\u0639\u0645.png\" class=\"attachment-full size-full wp-image-17296\" alt=\"MOSES\u00ae fine salt\" srcset=\"https:\/\/uae.mosesexport.com\/wp-content\/uploads\/2025\/01\/\u0645\u0644\u062d-\u0637\u0639\u0627\u0645-\u0646\u0627\u0639\u0645.png 800w, https:\/\/uae.mosesexport.com\/wp-content\/uploads\/2025\/01\/\u0645\u0644\u062d-\u0637\u0639\u0627\u0645-\u0646\u0627\u0639\u0645-600x450.png 600w, https:\/\/uae.mosesexport.com\/wp-content\/uploads\/2025\/01\/\u0645\u0644\u062d-\u0637\u0639\u0627\u0645-\u0646\u0627\u0639\u0645-300x225.png 300w, https:\/\/uae.mosesexport.com\/wp-content\/uploads\/2025\/01\/\u0645\u0644\u062d-\u0637\u0639\u0627\u0645-\u0646\u0627\u0639\u0645-768x576.png 768w\" sizes=\"(max-width: 800px) 100vw, 800px\" title=\"\"><\/a><\/div><\/div><div class=\"wdt-media-image-cover-container\"><div class=\"wdt-content-button wdt-button-clone\"><a href=\"https:\/\/uae.mosesexport.com\/pt-br\/sal-marinho-fino-moses\/\"rel=\"nofollow\" ><div class=\"wdt-button-text\"><span>View<\/span><\/div><\/a><\/div><\/div><\/div><\/div><div class=\"wdt-content-detail-group\"><div class=\"wdt-content-title\"><h5><a href=\"https:\/\/uae.mosesexport.com\/pt-br\/sal-marinho-fino-moses\/\"rel=\"nofollow\" >MOSES\u00ae Sal fino<\/a><\/h5><\/div><div class=\"wdt-content-description\">O melhor sal da natureza com granulometria fina para o setor de servi\u00e7os aliment\u00edcios.<\/div><\/div><\/div><\/div><div class=\"wdt-column\"><div class=\"wdt-content-item\"><div class=\"wdt-content-media-group\"><div class=\"wdt-content-elements-group wdt-media-group wdt-media-image-cover\"><div class=\"wdt-content-image-wrapper \"><div class=\"wdt-content-image\"><a href=\"https:\/\/uae.mosesexport.com\/pt-br\/sal-marinho-grosso-moses\/\"rel=\"nofollow\" ><img decoding=\"async\" width=\"800\" height=\"600\" src=\"https:\/\/uae.mosesexport.com\/wp-content\/uploads\/2025\/01\/\u0645\u0644\u062d-\u0637\u0639\u0627\u0645-\u062e\u0634\u0646.png\" class=\"attachment-full size-full wp-image-17294\" alt=\"MOSES\u00ae coarse salt\" srcset=\"https:\/\/uae.mosesexport.com\/wp-content\/uploads\/2025\/01\/\u0645\u0644\u062d-\u0637\u0639\u0627\u0645-\u062e\u0634\u0646.png 800w, https:\/\/uae.mosesexport.com\/wp-content\/uploads\/2025\/01\/\u0645\u0644\u062d-\u0637\u0639\u0627\u0645-\u062e\u0634\u0646-600x450.png 600w, https:\/\/uae.mosesexport.com\/wp-content\/uploads\/2025\/01\/\u0645\u0644\u062d-\u0637\u0639\u0627\u0645-\u062e\u0634\u0646-300x225.png 300w, https:\/\/uae.mosesexport.com\/wp-content\/uploads\/2025\/01\/\u0645\u0644\u062d-\u0637\u0639\u0627\u0645-\u062e\u0634\u0646-768x576.png 768w\" sizes=\"(max-width: 800px) 100vw, 800px\" title=\"\"><\/a><\/div><\/div><div class=\"wdt-media-image-cover-container\"><div class=\"wdt-content-button wdt-button-clone\"><a href=\"https:\/\/uae.mosesexport.com\/pt-br\/sal-marinho-grosso-moses\/\"rel=\"nofollow\" ><div class=\"wdt-button-text\"><span>View<\/span><\/div><\/a><\/div><\/div><\/div><\/div><div class=\"wdt-content-detail-group\"><div class=\"wdt-content-title\"><h5><a href=\"https:\/\/uae.mosesexport.com\/pt-br\/sal-marinho-grosso-moses\/\"rel=\"nofollow\" >MOSES\u00ae Sal grosso<\/a><\/h5><\/div><div class=\"wdt-content-description\">Sal grosso para o setor de alimenta\u00e7\u00e3o<\/div><\/div><\/div><\/div><div class=\"wdt-column\"><div class=\"wdt-content-item\"><div class=\"wdt-content-media-group\"><div class=\"wdt-content-elements-group wdt-media-group wdt-media-image-cover\"><div class=\"wdt-content-image-wrapper \"><div class=\"wdt-content-image\"><a href=\"https:\/\/uae.mosesexport.com\/pt-br\/moses-flor-de-sal\/\"rel=\"nofollow\" ><img loading=\"lazy\" decoding=\"async\" width=\"800\" height=\"600\" src=\"https:\/\/uae.mosesexport.com\/wp-content\/uploads\/2025\/01\/\u0645\u0644\u062d-\u0637\u0639\u0627\u0645-\u0632\u0647\u0631\u0629-\u0627\u0644\u0628\u062d\u0631.png\" class=\"attachment-full size-full wp-image-17295\" alt=\"MOSES\u00ae fleur de sel\" srcset=\"https:\/\/uae.mosesexport.com\/wp-content\/uploads\/2025\/01\/\u0645\u0644\u062d-\u0637\u0639\u0627\u0645-\u0632\u0647\u0631\u0629-\u0627\u0644\u0628\u062d\u0631.png 800w, https:\/\/uae.mosesexport.com\/wp-content\/uploads\/2025\/01\/\u0645\u0644\u062d-\u0637\u0639\u0627\u0645-\u0632\u0647\u0631\u0629-\u0627\u0644\u0628\u062d\u0631-600x450.png 600w, https:\/\/uae.mosesexport.com\/wp-content\/uploads\/2025\/01\/\u0645\u0644\u062d-\u0637\u0639\u0627\u0645-\u0632\u0647\u0631\u0629-\u0627\u0644\u0628\u062d\u0631-300x225.png 300w, https:\/\/uae.mosesexport.com\/wp-content\/uploads\/2025\/01\/\u0645\u0644\u062d-\u0637\u0639\u0627\u0645-\u0632\u0647\u0631\u0629-\u0627\u0644\u0628\u062d\u0631-768x576.png 768w\" sizes=\"(max-width: 800px) 100vw, 800px\" title=\"\"><\/a><\/div><\/div><div class=\"wdt-media-image-cover-container\"><div class=\"wdt-content-button wdt-button-clone\"><a href=\"https:\/\/uae.mosesexport.com\/pt-br\/moses-flor-de-sal\/\"rel=\"nofollow\" ><div class=\"wdt-button-text\"><span>View<\/span><\/div><\/a><\/div><\/div><\/div><\/div><div class=\"wdt-content-detail-group\"><div class=\"wdt-content-title\"><h5><a href=\"https:\/\/uae.mosesexport.com\/pt-br\/moses-flor-de-sal\/\"rel=\"nofollow\" >MOSES\u00ae flor de sal<\/a><\/h5><\/div><div class=\"wdt-content-description\">Este sal marinho exclusivo \u00e9 essencial para qualquer profissional de cozinha.<\/div><\/div><\/div><\/div><\/div><\/div>\t\t\t\t<\/div>\n\t\t\t\t<\/div>\n\t\t\t\t\t<\/div>\n\t\t\t\t<\/div>\n\t\t\t\t<\/div>\n\t\t","protected":false},"excerpt":{"rendered":"<p>MOSES\u00ae Sal marinho para o setor de servi\u00e7os aliment\u00edcios De batatas fritas a pratos gourmet, MOSES\u00ae \u00e9 o criador de sabor ideal para qualquer prato. Elimine aqueles sach\u00eas individuais sem gra\u00e7a e os moedores de sal comuns do card\u00e1pio. Com MOSES\u00ae, voc\u00ea conquistar\u00e1 o cora\u00e7\u00e3o (e o paladar) dos seus clientes. sal de cozinha View [&hellip;]<\/p>\n","protected":false},"author":2,"featured_media":31938,"parent":28867,"menu_order":0,"comment_status":"closed","ping_status":"closed","template":"","meta":{"footnotes":""},"class_list":["post-28837","page","type-page","status-publish","has-post-thumbnail","hentry"],"_links":{"self":[{"href":"https:\/\/uae.mosesexport.com\/pt-br\/wp-json\/wp\/v2\/pages\/28837","targetHints":{"allow":["GET"]}}],"collection":[{"href":"https:\/\/uae.mosesexport.com\/pt-br\/wp-json\/wp\/v2\/pages"}],"about":[{"href":"https:\/\/uae.mosesexport.com\/pt-br\/wp-json\/wp\/v2\/types\/page"}],"author":[{"embeddable":true,"href":"https:\/\/uae.mosesexport.com\/pt-br\/wp-json\/wp\/v2\/users\/2"}],"replies":[{"embeddable":true,"href":"https:\/\/uae.mosesexport.com\/pt-br\/wp-json\/wp\/v2\/comments?post=28837"}],"version-history":[{"count":0,"href":"https:\/\/uae.mosesexport.com\/pt-br\/wp-json\/wp\/v2\/pages\/28837\/revisions"}],"up":[{"embeddable":true,"href":"https:\/\/uae.mosesexport.com\/pt-br\/wp-json\/wp\/v2\/pages\/28867"}],"wp:featuredmedia":[{"embeddable":true,"href":"https:\/\/uae.mosesexport.com\/pt-br\/wp-json\/wp\/v2\/media\/31938"}],"wp:attachment":[{"href":"https:\/\/uae.mosesexport.com\/pt-br\/wp-json\/wp\/v2\/media?parent=28837"}],"curies":[{"name":"wp","href":"https:\/\/api.w.org\/{rel}","templated":true}]}}