{"id":28926,"date":"2024-12-22T13:28:42","date_gmt":"2024-12-22T11:28:42","guid":{"rendered":"https:\/\/uae.mosesexport.com\/sal-para-tratamento-de-aguas\/"},"modified":"2026-02-03T15:14:01","modified_gmt":"2026-02-03T13:14:01","slug":"sal-para-tratamento-de-aguas","status":"publish","type":"page","link":"https:\/\/uae.mosesexport.com\/pt-pt\/sal\/sal-para-tratamento-de-aguas\/","title":{"rendered":"Sal para tratamento de \u00e1guas"},"content":{"rendered":"\t\t<div data-elementor-type=\"wp-page\" data-elementor-id=\"28926\" class=\"elementor elementor-28926 elementor-16574\">\n\t\t\t\t<div class=\"elementor-element elementor-element-41bee14 e-flex e-con-boxed e-con e-parent\" data-id=\"41bee14\" data-element_type=\"container\" data-e-type=\"container\" data-settings=\"{&quot;background_background&quot;:&quot;classic&quot;}\">\n\t\t\t\t\t<div class=\"e-con-inner\">\n\t\t\t\t<div class=\"elementor-element elementor-element-0272542 elementor-widget elementor-widget-heading\" data-id=\"0272542\" data-element_type=\"widget\" data-e-type=\"widget\" data-settings=\"{&quot;wdt_animation_effect&quot;:&quot;none&quot;}\" data-widget_type=\"heading.default\">\n\t\t\t\t<div class=\"elementor-widget-container\">\n\t\t\t\t\t<h3 class=\"elementor-heading-title elementor-size-default\">Sal para tratamento de \u00e1gua Categorias<\/h3>\t\t\t\t<\/div>\n\t\t\t\t<\/div>\n\t\t\t\t<div class=\"elementor-element elementor-element-4adc56e elementor-widget elementor-widget-text-editor\" data-id=\"4adc56e\" data-element_type=\"widget\" data-e-type=\"widget\" data-settings=\"{&quot;wdt_animation_effect&quot;:&quot;none&quot;}\" data-widget_type=\"text-editor.default\">\n\t\t\t\t<div class=\"elementor-widget-container\">\n\t\t\t\t\t\t\t\t\t<p>O sal para tratamento de \u00e1gua \u00e9 essencial para os sistemas de amaciamento e condicionamento de \u00e1gua sem sal, reduzindo eficazmente os minerais causadores de dureza, como o c\u00e1lcio e o magn\u00e9sio. Ideal para sistemas de filtragem de \u00e1gua salgada para toda a casa, sistemas de filtragem de \u00e1gua salgada e sistemas de osmose inversa salina. <\/p>\t\t\t\t\t\t\t\t<\/div>\n\t\t\t\t<\/div>\n\t\t\t\t\t<\/div>\n\t\t\t\t<\/div>\n\t\t<div class=\"elementor-element elementor-element-e5ae213 e-flex e-con-boxed e-con e-parent\" data-id=\"e5ae213\" data-element_type=\"container\" data-e-type=\"container\">\n\t\t\t\t\t<div class=\"e-con-inner\">\n\t\t\t\t<div class=\"elementor-element elementor-element-1d42109 start start elementor-widget-mobile__width-inherit wdt-cus-service-style-01 elementor-widget elementor-widget-wdt-image-box\" data-id=\"1d42109\" data-element_type=\"widget\" data-e-type=\"widget\" data-settings=\"{&quot;button_normal_background_background&quot;:&quot;classic&quot;,&quot;button_normal_background_color&quot;:&quot;#FFC52700&quot;,&quot;button_hover_background_background&quot;:&quot;classic&quot;,&quot;button_hover_background_color&quot;:&quot;#FFC52700&quot;,&quot;columns&quot;:&quot;3&quot;,&quot;item_normal_background_background&quot;:&quot;gradient&quot;,&quot;item_normal_background_color&quot;:&quot;#003057&quot;,&quot;item_hover_background_background&quot;:&quot;gradient&quot;,&quot;_animation&quot;:&quot;none&quot;,&quot;columns_tablet&quot;:2,&quot;columns_mobile&quot;:1,&quot;carousel_arrows_prev_arrow_vertical_top_indent&quot;:{&quot;unit&quot;:&quot;%&quot;,&quot;size&quot;:&quot;&quot;,&quot;sizes&quot;:[]},&quot;carousel_arrows_prev_arrow_vertical_top_indent_tablet&quot;:{&quot;unit&quot;:&quot;%&quot;,&quot;size&quot;:&quot;&quot;,&quot;sizes&quot;:[]},&quot;carousel_arrows_prev_arrow_vertical_top_indent_mobile&quot;:{&quot;unit&quot;:&quot;%&quot;,&quot;size&quot;:&quot;&quot;,&quot;sizes&quot;:[]},&quot;carousel_arrows_prev_arrow_horizontal_left_indent&quot;:{&quot;unit&quot;:&quot;%&quot;,&quot;size&quot;:&quot;&quot;,&quot;sizes&quot;:[]},&quot;carousel_arrows_prev_arrow_horizontal_left_indent_tablet&quot;:{&quot;unit&quot;:&quot;%&quot;,&quot;size&quot;:&quot;&quot;,&quot;sizes&quot;:[]},&quot;carousel_arrows_prev_arrow_horizontal_left_indent_mobile&quot;:{&quot;unit&quot;:&quot;%&quot;,&quot;size&quot;:&quot;&quot;,&quot;sizes&quot;:[]},&quot;carousel_arrows_next_arrow_vertical_top_indent&quot;:{&quot;unit&quot;:&quot;%&quot;,&quot;size&quot;:&quot;&quot;,&quot;sizes&quot;:[]},&quot;carousel_arrows_next_arrow_vertical_top_indent_tablet&quot;:{&quot;unit&quot;:&quot;%&quot;,&quot;size&quot;:&quot;&quot;,&quot;sizes&quot;:[]},&quot;carousel_arrows_next_arrow_vertical_top_indent_mobile&quot;:{&quot;unit&quot;:&quot;%&quot;,&quot;size&quot;:&quot;&quot;,&quot;sizes&quot;:[]},&quot;carousel_arrows_next_arrow_horizontal_left_indent&quot;:{&quot;unit&quot;:&quot;%&quot;,&quot;size&quot;:&quot;&quot;,&quot;sizes&quot;:[]},&quot;carousel_arrows_next_arrow_horizontal_left_indent_tablet&quot;:{&quot;unit&quot;:&quot;%&quot;,&quot;size&quot;:&quot;&quot;,&quot;sizes&quot;:[]},&quot;carousel_arrows_next_arrow_horizontal_left_indent_mobile&quot;:{&quot;unit&quot;:&quot;%&quot;,&quot;size&quot;:&quot;&quot;,&quot;sizes&quot;:[]},&quot;wdt_animation_effect&quot;:&quot;none&quot;}\" data-widget_type=\"wdt-image-box.default\">\n\t\t\t\t<div class=\"elementor-widget-container\">\n\t\t\t\t\t<div class=\"wdt-image-box-holder wdt-content-item-holder wdt-column-holder wdt-rc-template-custom-template wdt-image-lightbox-popup wdt-image-active-class\" id=\"wdt-image-box-1d42109\" data-settings=\"{&quot;enable_popup&quot;:&quot;yes&quot;,&quot;enable_hover_class&quot;:&quot;yes&quot;}\"><div class=\"wdt-column-wrapper wdt-column-gap-wide wdt-snap-scroll-enabled\" data-column-settings=\"{&quot;columnDevices&quot;:[&quot;tablet&quot;,&quot;mobile&quot;]}\" data-module-id=\"wdt-module-id-1d42109\" id=\"wdt-module-id-1d42109\"><div class=\"wdt-column\"><div class=\"wdt-content-item\"><div class=\"wdt-content-media-group\"><div class=\"wdt-content-elements-group wdt-media-group wdt-media-image-cover\"><div class=\"wdt-content-image-wrapper \"><div class=\"wdt-content-image\"><a href=\"https:\/\/uae.mosesexport.com\/pt-pt\/sal-para-amaciamento-de-agua\/\"><img fetchpriority=\"high\" decoding=\"async\" width=\"800\" height=\"433\" src=\"https:\/\/uae.mosesexport.com\/wp-content\/uploads\/2026\/01\/Untitled-design.png\" class=\"attachment-full size-full wp-image-33106\" alt=\"Salt For Water Softening\" srcset=\"https:\/\/uae.mosesexport.com\/wp-content\/uploads\/2026\/01\/Untitled-design.png 800w, https:\/\/uae.mosesexport.com\/wp-content\/uploads\/2026\/01\/Untitled-design-600x325.png 600w, https:\/\/uae.mosesexport.com\/wp-content\/uploads\/2026\/01\/Untitled-design-300x162.png 300w, https:\/\/uae.mosesexport.com\/wp-content\/uploads\/2026\/01\/Untitled-design-768x416.png 768w\" sizes=\"(max-width: 800px) 100vw, 800px\" title=\"\"><\/a><\/div><\/div><div class=\"wdt-media-image-cover-container\"><div class=\"wdt-content-button wdt-button-clone\"><a href=\"https:\/\/uae.mosesexport.com\/pt-pt\/sal-para-amaciamento-de-agua\/\"><div class=\"wdt-button-text\"><span>View<\/span><\/div><\/a><\/div><\/div><\/div><\/div><div class=\"wdt-content-detail-group\"><div class=\"wdt-content-title\"><h5><a href=\"https:\/\/uae.mosesexport.com\/pt-pt\/sal-para-amaciamento-de-agua\/\">Sal para amaciamento de \u00e1gua<\/a><\/h5><\/div><div class=\"wdt-content-description\">O sal para amaciamento da \u00e1gua reduz a dureza da \u00e1gua e previne a forma\u00e7\u00e3o de calc\u00e1rio nos aparelhos. Ideal como sal para amaciadores de \u00e1gua Morton, BWT, Nuvo, Aquasana ou sistemas de amaciamento de \u00e1gua sem sal.<\/div><\/div><\/div><\/div><div class=\"wdt-column\"><div class=\"wdt-content-item\"><div class=\"wdt-content-media-group\"><div class=\"wdt-content-elements-group wdt-media-group wdt-media-image-cover\"><div class=\"wdt-content-image-wrapper \"><div class=\"wdt-content-image\"><a href=\"https:\/\/uae.mosesexport.com\/pt-pt\/sal-para-maquina-de-lavar-louca\/\"><img decoding=\"async\" width=\"600\" height=\"402\" src=\"https:\/\/uae.mosesexport.com\/wp-content\/uploads\/2026\/01\/Dishwasher-Salt.png\" class=\"attachment-full size-full wp-image-33107\" alt=\"Dishwasher Salt\" srcset=\"https:\/\/uae.mosesexport.com\/wp-content\/uploads\/2026\/01\/Dishwasher-Salt.png 600w, https:\/\/uae.mosesexport.com\/wp-content\/uploads\/2026\/01\/Dishwasher-Salt-300x201.png 300w\" sizes=\"(max-width: 600px) 100vw, 600px\" title=\"\"><\/a><\/div><\/div><div class=\"wdt-media-image-cover-container\"><div class=\"wdt-content-button wdt-button-clone\"><a href=\"https:\/\/uae.mosesexport.com\/pt-pt\/sal-para-maquina-de-lavar-louca\/\"><div class=\"wdt-button-text\"><span>View<\/span><\/div><\/a><\/div><\/div><\/div><\/div><div class=\"wdt-content-detail-group\"><div class=\"wdt-content-title\"><h5><a href=\"https:\/\/uae.mosesexport.com\/pt-pt\/sal-para-maquina-de-lavar-louca\/\">Sal para m\u00e1quina de lavar lou\u00e7a<\/a><\/h5><\/div><div class=\"wdt-content-description\">O sal para m\u00e1quina de lavar lou\u00e7a \u00e9 especialmente formulado para prevenir a acumula\u00e7\u00e3o de calc\u00e1rio na sua m\u00e1quina de lavar lou\u00e7a, garantindo um desempenho ideal e uma maior durabilidade. Funciona perfeitamente com os sistemas de sal para m\u00e1quinas de lavar loi\u00e7a Miele, Finish e Bosch.<\/div><\/div><\/div><\/div><div class=\"wdt-column\"><div class=\"wdt-content-item\"><div class=\"wdt-content-media-group\"><div class=\"wdt-content-elements-group wdt-media-group wdt-media-image-cover\"><div class=\"wdt-content-image-wrapper \"><div class=\"wdt-content-image\"><a href=\"https:\/\/uae.mosesexport.com\/pt-pt\/sal-de-piscina\/\"><img decoding=\"async\" width=\"750\" height=\"500\" src=\"https:\/\/uae.mosesexport.com\/wp-content\/uploads\/2026\/01\/Swimming-Pool-Salt.png\" class=\"attachment-full size-full wp-image-33108\" alt=\"Swimming Pool Salt\" srcset=\"https:\/\/uae.mosesexport.com\/wp-content\/uploads\/2026\/01\/Swimming-Pool-Salt.png 750w, https:\/\/uae.mosesexport.com\/wp-content\/uploads\/2026\/01\/Swimming-Pool-Salt-600x400.png 600w, https:\/\/uae.mosesexport.com\/wp-content\/uploads\/2026\/01\/Swimming-Pool-Salt-300x200.png 300w\" sizes=\"(max-width: 750px) 100vw, 750px\" title=\"\"><\/a><\/div><\/div><div class=\"wdt-media-image-cover-container\"><div class=\"wdt-content-button wdt-button-clone\"><a href=\"https:\/\/uae.mosesexport.com\/pt-pt\/sal-de-piscina\/\"><div class=\"wdt-button-text\"><span>View<\/span><\/div><\/a><\/div><\/div><\/div><\/div><div class=\"wdt-content-detail-group\"><div class=\"wdt-content-title\"><h5><a href=\"https:\/\/uae.mosesexport.com\/pt-pt\/sal-de-piscina\/\">Sal para piscina<\/a><\/h5><\/div><div class=\"wdt-content-description\">O sal para piscinas da Moses \u00e9 a melhor op\u00e7\u00e3o para piscinas de \u00e1gua salgada, oferecendo uma qualidade e seguran\u00e7a superiores. Reconhecido como l\u00edder de mercado, cumpre os mais rigorosos padr\u00f5es para uma experi\u00eancia de nata\u00e7\u00e3o limpa e confort\u00e1vel.<\/div><\/div><\/div><\/div><\/div><div class=\"wdt-column-pagination wdt-snap-scroll-pagination\">\n\t\t\t\t\t\t<button class=\"wdt-pagination-prev wdt-module-id-1d42109\">Previous<\/button>\n\t\t\t\t\t\t<button class=\"wdt-pagination-next wdt-module-id-1d42109\">Next<\/button><\/div><\/div>\t\t\t\t<\/div>\n\t\t\t\t<\/div>\n\t\t\t\t\t<\/div>\n\t\t\t\t<\/div>\n\t\t<div class=\"elementor-element elementor-element-03aff1b e-flex e-con-boxed e-con e-parent\" data-id=\"03aff1b\" data-element_type=\"container\" data-e-type=\"container\">\n\t\t\t\t\t<div class=\"e-con-inner\">\n\t\t\t\t<div class=\"elementor-element elementor-element-378fc33 wdt-cus-accordion1 elementor-widget elementor-widget-wdt-accordion-and-toggle\" data-id=\"378fc33\" data-element_type=\"widget\" data-e-type=\"widget\" data-settings=\"{&quot;wdt_animation_effect&quot;:&quot;none&quot;}\" data-widget_type=\"wdt-accordion-and-toggle.default\">\n\t\t\t\t<div class=\"elementor-widget-container\">\n\t\t\t\t\t<div class=\"wdt-accordion-toggle-holder wdt-module-toggle wdt-template-classic wdt-expand-collapse-position-end\" id=\"wdt-accordion-and-toggle-378fc33\"><div class=\"wdt-accordion-toggle-wrapper\"><div class=\"wdt-accordion-toggle-title-holder\"><div class=\"wdt-accordion-toggle-title\"><div class=\"wdt-accordion-toggle-title-prefix number\">1<\/div>O que \u00e9 o sal para tratamento de \u00e1gua ou o sal para amaciador de \u00e1gua?<\/div><div class=\"wdt-accordion-toggle-icon\"><div class=\"wdt-accordion-toggle-icon-expand\"><svg aria-hidden=\"true\" class=\"e-font-icon-svg e-fas-chevron-down\" viewBox=\"0 0 448 512\" xmlns=\"http:\/\/www.w3.org\/2000\/svg\"><path d=\"M207.029 381.476L12.686 187.132c-9.373-9.373-9.373-24.569 0-33.941l22.667-22.667c9.357-9.357 24.522-9.375 33.901-.04L224 284.505l154.745-154.021c9.379-9.335 24.544-9.317 33.901.04l22.667 22.667c9.373 9.373 9.373 24.569 0 33.941L240.971 381.476c-9.373 9.372-24.569 9.372-33.942 0z\"><\/path><\/svg><\/div><div class=\"wdt-accordion-toggle-icon-collapse\"><svg aria-hidden=\"true\" class=\"e-font-icon-svg e-fas-chevron-right\" viewBox=\"0 0 320 512\" xmlns=\"http:\/\/www.w3.org\/2000\/svg\"><path d=\"M285.476 272.971L91.132 467.314c-9.373 9.373-24.569 9.373-33.941 0l-22.667-22.667c-9.357-9.357-9.375-24.522-.04-33.901L188.505 256 34.484 101.255c-9.335-9.379-9.317-24.544.04-33.901l22.667-22.667c9.373-9.373 24.569-9.373 33.941 0L285.475 239.03c9.373 9.372 9.373 24.568.001 33.941z\"><\/path><\/svg><\/div><\/div><\/div><div class=\"wdt-accordion-toggle-description\">O sal para tratamento de \u00e1gua \u00e9 uma subst\u00e2ncia utilizada nos amaciadores de \u00e1gua no processo de regenera\u00e7\u00e3o da resina de permuta i\u00f3nica. Cont\u00e9m compostos qu\u00edmicos que ajudam a remover o excesso de minerais, como o c\u00e1lcio e o magn\u00e9sio, que tornam a \u00e1gua dura. O processo de regenera\u00e7\u00e3o da resina de troca i\u00f3nica envolve a substitui\u00e7\u00e3o dos i\u00f5es de c\u00e1lcio e magn\u00e9sio por i\u00f5es de s\u00f3dio atrav\u00e9s da lavagem com sal. O sal para amaciador de \u00e1gua permite uma redu\u00e7\u00e3o eficaz da dureza da \u00e1gua, contribuindo para um melhor sabor e prevenindo a forma\u00e7\u00e3o de incrusta\u00e7\u00f5es em tubagens e eletrodom\u00e9sticos. \u00c9 um componente essencial no processo de tratamento de \u00e1gua, especialmente em \u00e1reas onde a dureza da \u00e1gua \u00e9 um problema. Com a utiliza\u00e7\u00e3o do sal para o tratamento de \u00e1gua, podemos desfrutar de \u00e1gua limpa e amaciada para beber, cozinhar e utilizar em casa.<\/div><\/div><div class=\"wdt-accordion-toggle-wrapper\"><div class=\"wdt-accordion-toggle-title-holder\"><div class=\"wdt-accordion-toggle-title\"><div class=\"wdt-accordion-toggle-title-prefix number\">2<\/div>Como se obt\u00e9m o sal para amaciador de \u00e1gua?<\/div><div class=\"wdt-accordion-toggle-icon\"><div class=\"wdt-accordion-toggle-icon-expand\"><svg aria-hidden=\"true\" class=\"e-font-icon-svg e-fas-chevron-down\" viewBox=\"0 0 448 512\" xmlns=\"http:\/\/www.w3.org\/2000\/svg\"><path d=\"M207.029 381.476L12.686 187.132c-9.373-9.373-9.373-24.569 0-33.941l22.667-22.667c9.357-9.357 24.522-9.375 33.901-.04L224 284.505l154.745-154.021c9.379-9.335 24.544-9.317 33.901.04l22.667 22.667c9.373 9.373 9.373 24.569 0 33.941L240.971 381.476c-9.373 9.372-24.569 9.372-33.942 0z\"><\/path><\/svg><\/div><div class=\"wdt-accordion-toggle-icon-collapse\"><svg aria-hidden=\"true\" class=\"e-font-icon-svg e-fas-chevron-right\" viewBox=\"0 0 320 512\" xmlns=\"http:\/\/www.w3.org\/2000\/svg\"><path d=\"M285.476 272.971L91.132 467.314c-9.373 9.373-24.569 9.373-33.941 0l-22.667-22.667c-9.357-9.357-9.375-24.522-.04-33.901L188.505 256 34.484 101.255c-9.335-9.379-9.317-24.544.04-33.901l22.667-22.667c9.373-9.373 24.569-9.373 33.941 0L285.475 239.03c9.373 9.372 9.373 24.568.001 33.941z\"><\/path><\/svg><\/div><\/div><\/div><div class=\"wdt-accordion-toggle-description\">O sal para amaciador de \u00e1gua \u00e9 obtido principalmente a partir de dep\u00f3sitos de sal-gema ou de mares e oceanos. O processo de obten\u00e7\u00e3o do sal inicia-se com a extra\u00e7\u00e3o da mat\u00e9ria-prima de minas de sal ou com a evapora\u00e7\u00e3o da \u00e1gua do mar em salinas especiais. De seguida, o sal passa por um processo de purifica\u00e7\u00e3o e refina\u00e7\u00e3o para atingir a pureza e a qualidade desejadas. S\u00e3o frequentemente adicionados ingredientes adicionais para melhorar a efici\u00eancia do processo de amaciamento da \u00e1gua, como os agentes antiaglomerantes. O sal para amaciamento de \u00e1gua pode estar dispon\u00edvel sob a forma de pastilhas, cristais ou gr\u00e2nulos, dependendo das necessidades. Por fim, este sal \u00e9 utilizado em filtros especiais para amaciadores de \u00e1gua.<\/div><\/div><div class=\"wdt-accordion-toggle-wrapper\"><div class=\"wdt-accordion-toggle-title-holder\"><div class=\"wdt-accordion-toggle-title\"><div class=\"wdt-accordion-toggle-title-prefix number\">3<\/div>Como funciona o sal para o tratamento de \u00e1gua?<\/div><div class=\"wdt-accordion-toggle-icon\"><div class=\"wdt-accordion-toggle-icon-expand\"><svg aria-hidden=\"true\" class=\"e-font-icon-svg e-fas-chevron-down\" viewBox=\"0 0 448 512\" xmlns=\"http:\/\/www.w3.org\/2000\/svg\"><path d=\"M207.029 381.476L12.686 187.132c-9.373-9.373-9.373-24.569 0-33.941l22.667-22.667c9.357-9.357 24.522-9.375 33.901-.04L224 284.505l154.745-154.021c9.379-9.335 24.544-9.317 33.901.04l22.667 22.667c9.373 9.373 9.373 24.569 0 33.941L240.971 381.476c-9.373 9.372-24.569 9.372-33.942 0z\"><\/path><\/svg><\/div><div class=\"wdt-accordion-toggle-icon-collapse\"><svg aria-hidden=\"true\" class=\"e-font-icon-svg e-fas-chevron-right\" viewBox=\"0 0 320 512\" xmlns=\"http:\/\/www.w3.org\/2000\/svg\"><path d=\"M285.476 272.971L91.132 467.314c-9.373 9.373-24.569 9.373-33.941 0l-22.667-22.667c-9.357-9.357-9.375-24.522-.04-33.901L188.505 256 34.484 101.255c-9.335-9.379-9.317-24.544.04-33.901l22.667-22.667c9.373-9.373 24.569-9.373 33.941 0L285.475 239.03c9.373 9.372 9.373 24.568.001 33.941z\"><\/path><\/svg><\/div><\/div><\/div><div class=\"wdt-accordion-toggle-description\">O sal para tratamento de \u00e1gua funciona principalmente atrav\u00e9s do processo de permuta i\u00f3nica. A \u00e1gua, ao passar por uma resina de permuta i\u00f3nica, que pode ser org\u00e2nica ou inorg\u00e2nica, liberta i\u00f5es de s\u00f3dio. Em seguida, a resina absorve i\u00f5es indesejados, como o magn\u00e9sio ou o c\u00e1lcio. Como resultado, as impurezas naturais e os sais minerais s\u00e3o retidos pela resina, e os i\u00f5es cati\u00f3nicos associados aos i\u00f5es de s\u00f3dio s\u00e3o libertados para a \u00e1gua destinada ao consumo. Atrav\u00e9s deste processo, o sal para tratamento de \u00e1guas permite a remo\u00e7\u00e3o de subst\u00e2ncias nocivas e o amaciamento da \u00e1gua, melhorando o seu sabor e prevenindo a forma\u00e7\u00e3o de incrusta\u00e7\u00f5es nas instala\u00e7\u00f5es hidr\u00e1ulicas. \u00c9 um m\u00e9todo eficaz de tratamento de \u00e1gua utilizado tanto em habita\u00e7\u00f5es como em ind\u00fastrias e na agricultura.<\/div><\/div><div class=\"wdt-accordion-toggle-wrapper\"><div class=\"wdt-accordion-toggle-title-holder\"><div class=\"wdt-accordion-toggle-title\"><div class=\"wdt-accordion-toggle-title-prefix number\">4<\/div>Onde se utiliza o sal para o tratamento e amaciamento da \u00e1gua?<\/div><div class=\"wdt-accordion-toggle-icon\"><div class=\"wdt-accordion-toggle-icon-expand\"><svg aria-hidden=\"true\" class=\"e-font-icon-svg e-fas-chevron-down\" viewBox=\"0 0 448 512\" xmlns=\"http:\/\/www.w3.org\/2000\/svg\"><path d=\"M207.029 381.476L12.686 187.132c-9.373-9.373-9.373-24.569 0-33.941l22.667-22.667c9.357-9.357 24.522-9.375 33.901-.04L224 284.505l154.745-154.021c9.379-9.335 24.544-9.317 33.901.04l22.667 22.667c9.373 9.373 9.373 24.569 0 33.941L240.971 381.476c-9.373 9.372-24.569 9.372-33.942 0z\"><\/path><\/svg><\/div><div class=\"wdt-accordion-toggle-icon-collapse\"><svg aria-hidden=\"true\" class=\"e-font-icon-svg e-fas-chevron-right\" viewBox=\"0 0 320 512\" xmlns=\"http:\/\/www.w3.org\/2000\/svg\"><path d=\"M285.476 272.971L91.132 467.314c-9.373 9.373-24.569 9.373-33.941 0l-22.667-22.667c-9.357-9.357-9.375-24.522-.04-33.901L188.505 256 34.484 101.255c-9.335-9.379-9.317-24.544.04-33.901l22.667-22.667c9.373-9.373 24.569-9.373 33.941 0L285.475 239.03c9.373 9.372 9.373 24.568.001 33.941z\"><\/path><\/svg><\/div><\/div><\/div><div class=\"wdt-accordion-toggle-description\">O sal para tratamento e amaciamento de \u00e1gua \u00e9 utilizado em diversos locais onde a manuten\u00e7\u00e3o de \u00e1gua limpa e amaciada \u00e9 essencial. \u00c9 utilizado principalmente em habita\u00e7\u00f5es e apartamentos, onde o problema da dureza da \u00e1gua \u00e9 comum. O sal para tratamento de \u00e1gua \u00e9 tamb\u00e9m muito utilizado na ind\u00fastria, particularmente nas ind\u00fastrias qu\u00edmica e alimentar, onde a \u00e1gua limpa com a dureza adequada \u00e9 fundamental para a produ\u00e7\u00e3o. Al\u00e9m disso, em instala\u00e7\u00f5es industriais como lavandarias, lavagens de autom\u00f3veis e hot\u00e9is, o sal para amaciamento de \u00e1gua desempenha um papel crucial na manuten\u00e7\u00e3o de servi\u00e7os de elevada qualidade. \u00c9 tamb\u00e9m utilizado em processos de purifica\u00e7\u00e3o e desinfe\u00e7\u00e3o da \u00e1gua, tanto em esta\u00e7\u00f5es de tratamento de \u00e1guas residuais como em sistemas de tratamento de \u00e1gua pot\u00e1vel. Por fim, o sal para amaciamento de \u00e1gua \u00e9 indispens\u00e1vel na agricultura, onde a \u00e1gua amaciada \u00e9 utilizada para a irriga\u00e7\u00e3o, fertiliza\u00e7\u00e3o do solo e para manter as condi\u00e7\u00f5es adequadas para a cria\u00e7\u00e3o de animais. Assim sendo, o sal para tratamento de \u00e1gua \u00e9 um componente extremamente importante para manter a qualidade da \u00e1gua em diversas \u00e1reas da vida e das atividades humanas.<\/div><\/div><\/div>\t\t\t\t<\/div>\n\t\t\t\t<\/div>\n\t\t\t\t\t<\/div>\n\t\t\t\t<\/div>\n\t\t\t\t<\/div>\n\t\t","protected":false},"excerpt":{"rendered":"<p>Sal para tratamento de \u00e1gua Categorias O sal para tratamento de \u00e1gua \u00e9 essencial para os sistemas de amaciamento e condicionamento de \u00e1gua sem sal, reduzindo eficazmente os minerais causadores de dureza, como o c\u00e1lcio e o magn\u00e9sio. Ideal para sistemas de filtragem de \u00e1gua salgada para toda a casa, sistemas de filtragem de \u00e1gua [&hellip;]<\/p>\n","protected":false},"author":1,"featured_media":32111,"parent":28951,"menu_order":0,"comment_status":"closed","ping_status":"closed","template":"","meta":{"footnotes":""},"class_list":["post-28926","page","type-page","status-publish","has-post-thumbnail","hentry"],"_links":{"self":[{"href":"https:\/\/uae.mosesexport.com\/pt-pt\/wp-json\/wp\/v2\/pages\/28926","targetHints":{"allow":["GET"]}}],"collection":[{"href":"https:\/\/uae.mosesexport.com\/pt-pt\/wp-json\/wp\/v2\/pages"}],"about":[{"href":"https:\/\/uae.mosesexport.com\/pt-pt\/wp-json\/wp\/v2\/types\/page"}],"author":[{"embeddable":true,"href":"https:\/\/uae.mosesexport.com\/pt-pt\/wp-json\/wp\/v2\/users\/1"}],"replies":[{"embeddable":true,"href":"https:\/\/uae.mosesexport.com\/pt-pt\/wp-json\/wp\/v2\/comments?post=28926"}],"version-history":[{"count":0,"href":"https:\/\/uae.mosesexport.com\/pt-pt\/wp-json\/wp\/v2\/pages\/28926\/revisions"}],"up":[{"embeddable":true,"href":"https:\/\/uae.mosesexport.com\/pt-pt\/wp-json\/wp\/v2\/pages\/28951"}],"wp:featuredmedia":[{"embeddable":true,"href":"https:\/\/uae.mosesexport.com\/pt-pt\/wp-json\/wp\/v2\/media\/32111"}],"wp:attachment":[{"href":"https:\/\/uae.mosesexport.com\/pt-pt\/wp-json\/wp\/v2\/media?parent=28926"}],"curies":[{"name":"wp","href":"https:\/\/api.w.org\/{rel}","templated":true}]}}