{"id":29005,"date":"2024-12-19T12:54:26","date_gmt":"2024-12-19T10:54:26","guid":{"rendered":"https:\/\/uae.mosesexport.com\/sarea-de-drum\/"},"modified":"2025-09-29T16:21:59","modified_gmt":"2025-09-29T13:21:59","slug":"sarea-de-drum","status":"publish","type":"page","link":"https:\/\/uae.mosesexport.com\/ro\/sare\/sarea-de-drum\/","title":{"rendered":"Sarea de drum"},"content":{"rendered":"\t\t<div data-elementor-type=\"wp-page\" data-elementor-id=\"29005\" class=\"elementor elementor-29005 elementor-16549\">\n\t\t\t\t<div class=\"elementor-element elementor-element-6048ffb e-flex e-con-boxed e-con e-parent\" data-id=\"6048ffb\" data-element_type=\"container\" data-e-type=\"container\" data-settings=\"{&quot;background_background&quot;:&quot;classic&quot;}\">\n\t\t\t\t\t<div class=\"e-con-inner\">\n\t\t\t\t<div class=\"elementor-element elementor-element-04c4b03 elementor-widget elementor-widget-heading\" data-id=\"04c4b03\" data-element_type=\"widget\" data-e-type=\"widget\" data-settings=\"{&quot;wdt_animation_effect&quot;:&quot;none&quot;}\" data-widget_type=\"heading.default\">\n\t\t\t\t<div class=\"elementor-widget-container\">\n\t\t\t\t\t<h2 class=\"elementor-heading-title elementor-size-default\"><a href=\"https:\/\/uae.mosesexport.com\/ro\/sarea-de-drum\/\">Sarea de drum<\/a><\/h2>\t\t\t\t<\/div>\n\t\t\t\t<\/div>\n\t\t\t\t\t<\/div>\n\t\t\t\t<\/div>\n\t\t\t\t<section class=\"elementor-section elementor-top-section elementor-element elementor-element-cd5d985 wdt-no-full-section elementor-section-boxed elementor-section-height-default elementor-section-height-default\" data-id=\"cd5d985\" data-element_type=\"section\" data-e-type=\"section\" data-settings=\"{&quot;background_background&quot;:&quot;classic&quot;,&quot;wdt_bg_image&quot;:{&quot;url&quot;:&quot;&quot;,&quot;id&quot;:&quot;&quot;,&quot;size&quot;:&quot;&quot;},&quot;wdt_bg_image_tablet&quot;:{&quot;url&quot;:&quot;&quot;,&quot;id&quot;:&quot;&quot;,&quot;size&quot;:&quot;&quot;},&quot;wdt_bg_image_mobile&quot;:{&quot;url&quot;:&quot;&quot;,&quot;id&quot;:&quot;&quot;,&quot;size&quot;:&quot;&quot;},&quot;wdt_bg_position&quot;:&quot;center center&quot;,&quot;wdt_animation_effect&quot;:&quot;none&quot;}\">\n\t\t\t\t\t\t<div class=\"elementor-container elementor-column-gap-no\">\n\t\t\t\t\t<div class=\"elementor-column elementor-col-50 elementor-top-column elementor-element elementor-element-0dc7431 animated-fast elementor-invisible\" data-id=\"0dc7431\" data-element_type=\"column\" data-e-type=\"column\" data-settings=\"{&quot;animation&quot;:&quot;fadeInLeft&quot;,&quot;animation_delay&quot;:&quot;100&quot;}\">\n\t\t\t<div class=\"elementor-widget-wrap elementor-element-populated\">\n\t\t\t\t\t\t<div class=\"elementor-element elementor-element-df96fc3 start center elementor-widget elementor-widget-wdt-heading\" data-id=\"df96fc3\" data-element_type=\"widget\" data-e-type=\"widget\" data-settings=\"{&quot;item_background_background&quot;:&quot;classic&quot;,&quot;wdt_animation_effect&quot;:&quot;none&quot;}\" data-widget_type=\"wdt-heading.default\">\n\t\t\t\t<div class=\"elementor-widget-container\">\n\t\t\t\t\t<div class=\"wdt-heading-holder \" id=\"wdt-heading-df96fc3\"><div class=\"wdt-heading-content-wrapper\">Nu toate tipurile de sare de drum au aceea\u0219i calitate. \u00cen primul r\u00e2nd, sarea de drum variaz\u0103 foarte mult \u00een ceea ce prive\u0219te dimensiunea granulelor, ceea ce poate avea un impact uria\u0219 asupra timpului necesar pentru cur\u0103\u021barea z\u0103pezii de pe proprietatea dumneavoastr\u0103. Sarea de drum format\u0103 din granule de sare excesiv de mici va ac\u021biona rapid, dar \u00ee\u0219i va pierde rapid \u0219i efectul. \u00cen acest caz, ve\u021bi r\u0103m\u00e2ne cu un n\u0103mol nepl\u0103cut de z\u0103pad\u0103 \u0219i ghea\u021b\u0103 netopit\u0103. Dac\u0103 folosi\u021bi granule de sare prea grosiere, z\u0103pada va dura mai mult p\u00e2n\u0103 se va topi. Partea bun\u0103 este c\u0103 proprietatea dumneavoastr\u0103 va r\u0103m\u00e2ne f\u0103r\u0103 ghea\u021b\u0103 pentru mai mult timp. Sarea de drum de calitate, cum ar fi MOSES ROAD SALT, are amestecul perfect de granule fine \u0219i grosiere, asigur\u00e2ndu-v\u0103 c\u0103 aleea de drum \u0219i proprietatea dumneavoastr\u0103 sunt dezghe\u021bate rapid \u0219i pentru mai mult timp.<\/div><\/div>\t\t\t\t<\/div>\n\t\t\t\t<\/div>\n\t\t\t\t\t<\/div>\n\t\t<\/div>\n\t\t\t\t<div class=\"wdt-sticky-column elementor-column elementor-col-50 elementor-top-column elementor-element elementor-element-cc0e283 wdt-cus-grid-img-counter\" data-wdt-settings=\"{&quot;id&quot;:&quot;cc0e283&quot;,&quot;sticky&quot;:true,&quot;topSpacing&quot;:50,&quot;bottomSpacing&quot;:50,&quot;stickyOn&quot;:[&quot;laptop&quot;,&quot;tablet_extra&quot;],&quot;overflowHidden&quot;:false}\" data-id=\"cc0e283\" data-element_type=\"column\" data-e-type=\"column\">\n\t\t\t<div class=\"elementor-widget-wrap elementor-element-populated\">\n\t\t\t\t\t\t<div class=\"elementor-element elementor-element-4d681eb elementor-widget elementor-widget-image\" data-id=\"4d681eb\" data-element_type=\"widget\" data-e-type=\"widget\" data-settings=\"{&quot;wdt_animation_effect&quot;:&quot;none&quot;}\" data-widget_type=\"image.default\">\n\t\t\t\t<div class=\"elementor-widget-container\">\n\t\t\t\t\t\t\t\t\t\t\t\t\t\t\t<img fetchpriority=\"high\" decoding=\"async\" width=\"905\" height=\"573\" src=\"https:\/\/uae.mosesexport.com\/wp-content\/uploads\/2024\/05\/82d8439aba70e804340636d6ac56fe49ebdf090b.jpeg\" class=\"attachment-full size-full wp-image-26957\" alt=\"road salt\" srcset=\"https:\/\/uae.mosesexport.com\/wp-content\/uploads\/2024\/05\/82d8439aba70e804340636d6ac56fe49ebdf090b.jpeg 905w, https:\/\/uae.mosesexport.com\/wp-content\/uploads\/2024\/05\/82d8439aba70e804340636d6ac56fe49ebdf090b-600x380.jpeg 600w, https:\/\/uae.mosesexport.com\/wp-content\/uploads\/2024\/05\/82d8439aba70e804340636d6ac56fe49ebdf090b-300x190.jpeg 300w, https:\/\/uae.mosesexport.com\/wp-content\/uploads\/2024\/05\/82d8439aba70e804340636d6ac56fe49ebdf090b-768x486.jpeg 768w\" sizes=\"(max-width: 905px) 100vw, 905px\" title=\"\">\t\t\t\t\t\t\t\t\t\t\t\t\t\t\t<\/div>\n\t\t\t\t<\/div>\n\t\t\t\t\t<\/div>\n\t\t<\/div>\n\t\t\t\t\t<\/div>\n\t\t<\/section>\n\t\t<div class=\"elementor-element elementor-element-2663e42 e-flex e-con-boxed e-con e-parent\" data-id=\"2663e42\" data-element_type=\"container\" data-e-type=\"container\" data-settings=\"{&quot;background_background&quot;:&quot;classic&quot;}\">\n\t\t\t\t\t<div class=\"e-con-inner\">\n\t\t\t\t<div class=\"elementor-element elementor-element-99ade0e elementor-widget elementor-widget-heading\" data-id=\"99ade0e\" data-element_type=\"widget\" data-e-type=\"widget\" data-settings=\"{&quot;wdt_animation_effect&quot;:&quot;none&quot;}\" data-widget_type=\"heading.default\">\n\t\t\t\t<div class=\"elementor-widget-container\">\n\t\t\t\t\t<h3 class=\"elementor-heading-title elementor-size-default\"><a href=\"https:\/\/uae.mosesexport.com\/ro\/sarea-de-drum\/\">Sare de drum<\/a><\/h3>\t\t\t\t<\/div>\n\t\t\t\t<\/div>\n\t\t\t\t\t<\/div>\n\t\t\t\t<\/div>\n\t\t<div class=\"elementor-element elementor-element-342fe50 e-flex e-con-boxed e-con e-parent\" data-id=\"342fe50\" data-element_type=\"container\" data-e-type=\"container\">\n\t\t\t\t\t<div class=\"e-con-inner\">\n\t\t\t\t<div class=\"elementor-element elementor-element-3a4367e start start elementor-widget-mobile__width-inherit wdt-cus-service-style-01 elementor-widget elementor-widget-wdt-image-box\" data-id=\"3a4367e\" data-element_type=\"widget\" data-e-type=\"widget\" data-settings=\"{&quot;button_normal_background_background&quot;:&quot;classic&quot;,&quot;button_normal_background_color&quot;:&quot;#FFC52700&quot;,&quot;button_hover_background_background&quot;:&quot;classic&quot;,&quot;button_hover_background_color&quot;:&quot;#FFC52700&quot;,&quot;columns&quot;:&quot;3&quot;,&quot;item_normal_background_background&quot;:&quot;gradient&quot;,&quot;item_normal_background_color&quot;:&quot;#003057&quot;,&quot;item_hover_background_background&quot;:&quot;gradient&quot;,&quot;_animation&quot;:&quot;none&quot;,&quot;columns_tablet&quot;:2,&quot;columns_mobile&quot;:1,&quot;carousel_arrows_prev_arrow_vertical_top_indent&quot;:{&quot;unit&quot;:&quot;%&quot;,&quot;size&quot;:&quot;&quot;,&quot;sizes&quot;:[]},&quot;carousel_arrows_prev_arrow_vertical_top_indent_tablet&quot;:{&quot;unit&quot;:&quot;%&quot;,&quot;size&quot;:&quot;&quot;,&quot;sizes&quot;:[]},&quot;carousel_arrows_prev_arrow_vertical_top_indent_mobile&quot;:{&quot;unit&quot;:&quot;%&quot;,&quot;size&quot;:&quot;&quot;,&quot;sizes&quot;:[]},&quot;carousel_arrows_prev_arrow_horizontal_left_indent&quot;:{&quot;unit&quot;:&quot;%&quot;,&quot;size&quot;:&quot;&quot;,&quot;sizes&quot;:[]},&quot;carousel_arrows_prev_arrow_horizontal_left_indent_tablet&quot;:{&quot;unit&quot;:&quot;%&quot;,&quot;size&quot;:&quot;&quot;,&quot;sizes&quot;:[]},&quot;carousel_arrows_prev_arrow_horizontal_left_indent_mobile&quot;:{&quot;unit&quot;:&quot;%&quot;,&quot;size&quot;:&quot;&quot;,&quot;sizes&quot;:[]},&quot;carousel_arrows_next_arrow_vertical_top_indent&quot;:{&quot;unit&quot;:&quot;%&quot;,&quot;size&quot;:&quot;&quot;,&quot;sizes&quot;:[]},&quot;carousel_arrows_next_arrow_vertical_top_indent_tablet&quot;:{&quot;unit&quot;:&quot;%&quot;,&quot;size&quot;:&quot;&quot;,&quot;sizes&quot;:[]},&quot;carousel_arrows_next_arrow_vertical_top_indent_mobile&quot;:{&quot;unit&quot;:&quot;%&quot;,&quot;size&quot;:&quot;&quot;,&quot;sizes&quot;:[]},&quot;carousel_arrows_next_arrow_horizontal_left_indent&quot;:{&quot;unit&quot;:&quot;%&quot;,&quot;size&quot;:&quot;&quot;,&quot;sizes&quot;:[]},&quot;carousel_arrows_next_arrow_horizontal_left_indent_tablet&quot;:{&quot;unit&quot;:&quot;%&quot;,&quot;size&quot;:&quot;&quot;,&quot;sizes&quot;:[]},&quot;carousel_arrows_next_arrow_horizontal_left_indent_mobile&quot;:{&quot;unit&quot;:&quot;%&quot;,&quot;size&quot;:&quot;&quot;,&quot;sizes&quot;:[]},&quot;wdt_animation_effect&quot;:&quot;none&quot;}\" data-widget_type=\"wdt-image-box.default\">\n\t\t\t\t<div class=\"elementor-widget-container\">\n\t\t\t\t\t<div class=\"wdt-image-box-holder wdt-content-item-holder wdt-column-holder wdt-rc-template-custom-template\" id=\"wdt-image-box-3a4367e\" data-settings=\"{&quot;enable_popup&quot;:&quot;&quot;,&quot;enable_hover_class&quot;:&quot;&quot;}\"><div class=\"wdt-column-wrapper wdt-column-gap-wide \" data-column-settings=\"\" data-module-id=\"wdt-module-id-3a4367e\" id=\"wdt-module-id-3a4367e\"><div class=\"wdt-column\"><div class=\"wdt-content-item\"><div class=\"wdt-content-media-group\"><div class=\"wdt-content-elements-group wdt-media-group wdt-media-image-cover\"><div class=\"wdt-content-image-wrapper \"><div class=\"wdt-content-image\"><a href=\"https:\/\/uae.mosesexport.com\/ro\/sare-de-drum-fina-moses-0-1\/\"><img decoding=\"async\" width=\"450\" height=\"340\" src=\"https:\/\/uae.mosesexport.com\/wp-content\/uploads\/2024\/12\/f1663efdfb1064d7a7346f0c68dd4d0b3237f637_Korrel_MARSEL_SALCO_VAATWASZOUT_1_3_1440x952px.png\" class=\"attachment-full size-full wp-image-16624\" alt=\"MOSES\u00ae 1-3, medium coarse sea salt\" srcset=\"https:\/\/uae.mosesexport.com\/wp-content\/uploads\/2024\/12\/f1663efdfb1064d7a7346f0c68dd4d0b3237f637_Korrel_MARSEL_SALCO_VAATWASZOUT_1_3_1440x952px.png 450w, https:\/\/uae.mosesexport.com\/wp-content\/uploads\/2024\/12\/f1663efdfb1064d7a7346f0c68dd4d0b3237f637_Korrel_MARSEL_SALCO_VAATWASZOUT_1_3_1440x952px-300x227.png 300w\" sizes=\"(max-width: 450px) 100vw, 450px\" title=\"\"><\/a><\/div><\/div><div class=\"wdt-media-image-cover-container\"><div class=\"wdt-content-button wdt-button-clone\"><a href=\"https:\/\/uae.mosesexport.com\/ro\/sare-de-drum-fina-moses-0-1\/\"><div class=\"wdt-button-text\"><span>View<\/span><\/div><\/a><\/div><\/div><\/div><\/div><div class=\"wdt-content-detail-group\"><div class=\"wdt-content-title\"><h5><a href=\"https:\/\/uae.mosesexport.com\/ro\/sare-de-drum-fina-moses-0-1\/\">Moses\u00ae 0-1 Sare de drum fin\u0103<\/a><\/h5><\/div><div class=\"wdt-content-description\">sare cu granule dure \u0219i pure, cu o dimensiune cuprins\u0103 \u00eentre 0 \u0219i 1 mm<\/div><\/div><\/div><\/div><div class=\"wdt-column\"><div class=\"wdt-content-item\"><div class=\"wdt-content-media-group\"><div class=\"wdt-content-elements-group wdt-media-group wdt-media-image-cover\"><div class=\"wdt-content-image-wrapper \"><div class=\"wdt-content-image\"><a href=\"https:\/\/uae.mosesexport.com\/ro\/moses-1-4-sare-de-drum-grosiera\/\"><img decoding=\"async\" width=\"800\" height=\"600\" src=\"https:\/\/uae.mosesexport.com\/wp-content\/uploads\/2025\/01\/1-4-RODE-SALT.png\" class=\"attachment-full size-full wp-image-17190\" alt=\"\" srcset=\"https:\/\/uae.mosesexport.com\/wp-content\/uploads\/2025\/01\/1-4-RODE-SALT.png 800w, https:\/\/uae.mosesexport.com\/wp-content\/uploads\/2025\/01\/1-4-RODE-SALT-600x450.png 600w, https:\/\/uae.mosesexport.com\/wp-content\/uploads\/2025\/01\/1-4-RODE-SALT-300x225.png 300w, https:\/\/uae.mosesexport.com\/wp-content\/uploads\/2025\/01\/1-4-RODE-SALT-768x576.png 768w\" sizes=\"(max-width: 800px) 100vw, 800px\" title=\"\"><\/a><\/div><\/div><div class=\"wdt-media-image-cover-container\"><div class=\"wdt-content-button wdt-button-clone\"><a href=\"https:\/\/uae.mosesexport.com\/ro\/moses-1-4-sare-de-drum-grosiera\/\"><div class=\"wdt-button-text\"><span>View<\/span><\/div><\/a><\/div><\/div><\/div><\/div><div class=\"wdt-content-detail-group\"><div class=\"wdt-content-title\"><h5><a href=\"https:\/\/uae.mosesexport.com\/ro\/moses-1-4-sare-de-drum-grosiera\/\">MOSES\u00ae 1-4, Sare de drum grosier\u0103<\/a><\/h5><\/div><div class=\"wdt-content-description\">sare cu granule dure \u0219i pure, cu o dimensiune cuprins\u0103 \u00eentre 1 \u0219i 4 mm<\/div><\/div><\/div><\/div><div class=\"wdt-column\"><div class=\"wdt-content-item\"><div class=\"wdt-content-media-group\"><div class=\"wdt-content-elements-group wdt-media-group wdt-media-image-cover\"><div class=\"wdt-content-image-wrapper \"><div class=\"wdt-content-image\"><a href=\"https:\/\/uae.mosesexport.com\/ro\/sare-de-degivrare-moses-road-salt\/\"><img loading=\"lazy\" decoding=\"async\" width=\"800\" height=\"600\" src=\"https:\/\/uae.mosesexport.com\/wp-content\/uploads\/2025\/01\/RODE-SALT-5MM.png\" class=\"attachment-full size-full wp-image-17206\" alt=\"RODE SALT 5MM\" srcset=\"https:\/\/uae.mosesexport.com\/wp-content\/uploads\/2025\/01\/RODE-SALT-5MM.png 800w, https:\/\/uae.mosesexport.com\/wp-content\/uploads\/2025\/01\/RODE-SALT-5MM-600x450.png 600w, https:\/\/uae.mosesexport.com\/wp-content\/uploads\/2025\/01\/RODE-SALT-5MM-300x225.png 300w, https:\/\/uae.mosesexport.com\/wp-content\/uploads\/2025\/01\/RODE-SALT-5MM-768x576.png 768w\" sizes=\"(max-width: 800px) 100vw, 800px\" title=\"\"><\/a><\/div><\/div><div class=\"wdt-media-image-cover-container\"><div class=\"wdt-content-button wdt-button-clone\"><a href=\"https:\/\/uae.mosesexport.com\/ro\/sare-de-degivrare-moses-road-salt\/\"><div class=\"wdt-button-text\"><span>View<\/span><\/div><\/a><\/div><\/div><\/div><\/div><div class=\"wdt-content-detail-group\"><div class=\"wdt-content-title\"><h5><a href=\"https:\/\/uae.mosesexport.com\/ro\/sare-de-degivrare-moses-road-salt\/\">MOSES ROAD SALT\u00ae Sare de degivrare<\/a><\/h5><\/div><div class=\"wdt-content-description\">Sare de degivrare uscat\u0103 \u0219i u\u0219or de \u00eentins, cu granule de p\u00e2n\u0103 la 5 mm.<\/div><\/div><\/div><\/div><\/div><\/div>\t\t\t\t<\/div>\n\t\t\t\t<\/div>\n\t\t\t\t\t<\/div>\n\t\t\t\t<\/div>\n\t\t<div class=\"elementor-element elementor-element-f1bd8f2 e-flex e-con-boxed e-con e-parent\" data-id=\"f1bd8f2\" data-element_type=\"container\" data-e-type=\"container\">\n\t\t\t\t\t<div class=\"e-con-inner\">\n\t\t\t\t<div class=\"elementor-element elementor-element-f28c0b9 wdt-cus-accordion1 elementor-widget elementor-widget-wdt-accordion-and-toggle\" data-id=\"f28c0b9\" data-element_type=\"widget\" data-e-type=\"widget\" data-settings=\"{&quot;wdt_animation_effect&quot;:&quot;none&quot;}\" data-widget_type=\"wdt-accordion-and-toggle.default\">\n\t\t\t\t<div class=\"elementor-widget-container\">\n\t\t\t\t\t<div class=\"wdt-accordion-toggle-holder wdt-module-accordion wdt-template-classic wdt-expand-collapse-position-end\" id=\"wdt-accordion-and-toggle-f28c0b9\"><div class=\"wdt-accordion-toggle-wrapper\"><div class=\"wdt-accordion-toggle-title-holder\"><div class=\"wdt-accordion-toggle-title\">Cum se produce sarea de drum?<\/div><div class=\"wdt-accordion-toggle-icon\"><div class=\"wdt-accordion-toggle-icon-expand\"><svg aria-hidden=\"true\" class=\"e-font-icon-svg e-fas-chevron-down\" viewBox=\"0 0 448 512\" xmlns=\"http:\/\/www.w3.org\/2000\/svg\"><path d=\"M207.029 381.476L12.686 187.132c-9.373-9.373-9.373-24.569 0-33.941l22.667-22.667c9.357-9.357 24.522-9.375 33.901-.04L224 284.505l154.745-154.021c9.379-9.335 24.544-9.317 33.901.04l22.667 22.667c9.373 9.373 9.373 24.569 0 33.941L240.971 381.476c-9.373 9.372-24.569 9.372-33.942 0z\"><\/path><\/svg><\/div><div class=\"wdt-accordion-toggle-icon-collapse\"><svg aria-hidden=\"true\" class=\"e-font-icon-svg e-fas-chevron-right\" viewBox=\"0 0 320 512\" xmlns=\"http:\/\/www.w3.org\/2000\/svg\"><path d=\"M285.476 272.971L91.132 467.314c-9.373 9.373-24.569 9.373-33.941 0l-22.667-22.667c-9.357-9.357-9.375-24.522-.04-33.901L188.505 256 34.484 101.255c-9.335-9.379-9.317-24.544.04-33.901l22.667-22.667c9.373-9.373 24.569-9.373 33.941 0L285.475 239.03c9.373 9.372 9.373 24.568.001 33.941z\"><\/path><\/svg><\/div><\/div><\/div><div class=\"wdt-accordion-toggle-description\">Sarea de drum din Egipt este produs\u0103 din sare natural\u0103, fie recoltat\u0103 din apa de mare prin evaporare solar\u0103, fie extras\u0103 din z\u0103c\u0103mintele locale de sare. Sarea, care este \u00een principal clorur\u0103 de sodiu (NaCl), este colectat\u0103, sp\u0103lat\u0103 pentru a \u00eendep\u0103rta impurit\u0103\u021bile, uscat\u0103 \u0219i apoi zdrobit\u0103 \u0219i cernut\u0103 \u00een granule uniforme. Uneori, se adaug\u0103 agen\u021bi antiaglomeran\u021bi sau aditivi precum clorura de calciu pentru a \u00eembun\u0103t\u0103\u021bi performan\u021ba \u00een condi\u021bii de frig \u00eenainte de a fi ambalat\u0103 \u0219i distribuit\u0103 pentru utilizare pe drumuri, prevenind acumularea de ghea\u021b\u0103 \u0219i z\u0103pad\u0103.<\/div><\/div><div class=\"wdt-accordion-toggle-wrapper\"><div class=\"wdt-accordion-toggle-title-holder\"><div class=\"wdt-accordion-toggle-title\">La ce se folose\u0219te sarea de drum?<\/div><div class=\"wdt-accordion-toggle-icon\"><div class=\"wdt-accordion-toggle-icon-expand\"><svg aria-hidden=\"true\" class=\"e-font-icon-svg e-fas-chevron-down\" viewBox=\"0 0 448 512\" xmlns=\"http:\/\/www.w3.org\/2000\/svg\"><path d=\"M207.029 381.476L12.686 187.132c-9.373-9.373-9.373-24.569 0-33.941l22.667-22.667c9.357-9.357 24.522-9.375 33.901-.04L224 284.505l154.745-154.021c9.379-9.335 24.544-9.317 33.901.04l22.667 22.667c9.373 9.373 9.373 24.569 0 33.941L240.971 381.476c-9.373 9.372-24.569 9.372-33.942 0z\"><\/path><\/svg><\/div><div class=\"wdt-accordion-toggle-icon-collapse\"><svg aria-hidden=\"true\" class=\"e-font-icon-svg e-fas-chevron-right\" viewBox=\"0 0 320 512\" xmlns=\"http:\/\/www.w3.org\/2000\/svg\"><path d=\"M285.476 272.971L91.132 467.314c-9.373 9.373-24.569 9.373-33.941 0l-22.667-22.667c-9.357-9.357-9.375-24.522-.04-33.901L188.505 256 34.484 101.255c-9.335-9.379-9.317-24.544.04-33.901l22.667-22.667c9.373-9.373 24.569-9.373 33.941 0L285.475 239.03c9.373 9.372 9.373 24.568.001 33.941z\"><\/path><\/svg><\/div><\/div><\/div><div class=\"wdt-accordion-toggle-description\">Sarea de drum, de obicei sarea grunjoas\u0103 (clorur\u0103 de sodiu), este utilizat\u0103 iarna pentru dezghe\u021barea drumurilor \u0219i prevenirea form\u0103rii ghe\u021bii prin sc\u0103derea punctului de \u00eenghe\u021b al apei. Tope\u0219te ghea\u021ba pentru a forma o solu\u021bie salin\u0103, care ajut\u0103 la men\u021binerea drumurilor curate. Se \u00eempr\u0103\u0219tie pe str\u0103zi \u0219i autostr\u0103zi pentru a \u00eembun\u0103t\u0103\u021bi trac\u021biunea prin asigurarea unei suprafe\u021be nisipoase \u0219i pentru a preveni lipirea z\u0103pezii \u0219i a ghe\u021bii de carosabil.<\/div><\/div><div class=\"wdt-accordion-toggle-wrapper\"><div class=\"wdt-accordion-toggle-title-holder\"><div class=\"wdt-accordion-toggle-title\">Cine are sare de strad\u0103 \u00een apropiere?<\/div><div class=\"wdt-accordion-toggle-icon\"><div class=\"wdt-accordion-toggle-icon-expand\"><svg aria-hidden=\"true\" class=\"e-font-icon-svg e-fas-chevron-down\" viewBox=\"0 0 448 512\" xmlns=\"http:\/\/www.w3.org\/2000\/svg\"><path d=\"M207.029 381.476L12.686 187.132c-9.373-9.373-9.373-24.569 0-33.941l22.667-22.667c9.357-9.357 24.522-9.375 33.901-.04L224 284.505l154.745-154.021c9.379-9.335 24.544-9.317 33.901.04l22.667 22.667c9.373 9.373 9.373 24.569 0 33.941L240.971 381.476c-9.373 9.372-24.569 9.372-33.942 0z\"><\/path><\/svg><\/div><div class=\"wdt-accordion-toggle-icon-collapse\"><svg aria-hidden=\"true\" class=\"e-font-icon-svg e-fas-chevron-right\" viewBox=\"0 0 320 512\" xmlns=\"http:\/\/www.w3.org\/2000\/svg\"><path d=\"M285.476 272.971L91.132 467.314c-9.373 9.373-24.569 9.373-33.941 0l-22.667-22.667c-9.357-9.357-9.375-24.522-.04-33.901L188.505 256 34.484 101.255c-9.335-9.379-9.317-24.544.04-33.901l22.667-22.667c9.373-9.373 24.569-9.373 33.941 0L285.475 239.03c9.373 9.372 9.373 24.568.001 33.941z\"><\/path><\/svg><\/div><\/div><\/div><div class=\"wdt-accordion-toggle-description\">Ob\u021bine\u021bi sare de drum de \u00eenalt\u0103 calitate direct din Egipt. Disponibil\u0103 \u00een vrac pentru export, gata de expediere pentru a satisface nevoile dumneavoastr\u0103 de degivrare.<\/div><\/div><div class=\"wdt-accordion-toggle-wrapper\"><div class=\"wdt-accordion-toggle-title-holder\"><div class=\"wdt-accordion-toggle-title\">Poate sarea de drum s\u0103 omoare buruienile?<\/div><div class=\"wdt-accordion-toggle-icon\"><div class=\"wdt-accordion-toggle-icon-expand\"><svg aria-hidden=\"true\" class=\"e-font-icon-svg e-fas-chevron-down\" viewBox=\"0 0 448 512\" xmlns=\"http:\/\/www.w3.org\/2000\/svg\"><path d=\"M207.029 381.476L12.686 187.132c-9.373-9.373-9.373-24.569 0-33.941l22.667-22.667c9.357-9.357 24.522-9.375 33.901-.04L224 284.505l154.745-154.021c9.379-9.335 24.544-9.317 33.901.04l22.667 22.667c9.373 9.373 9.373 24.569 0 33.941L240.971 381.476c-9.373 9.372-24.569 9.372-33.942 0z\"><\/path><\/svg><\/div><div class=\"wdt-accordion-toggle-icon-collapse\"><svg aria-hidden=\"true\" class=\"e-font-icon-svg e-fas-chevron-right\" viewBox=\"0 0 320 512\" xmlns=\"http:\/\/www.w3.org\/2000\/svg\"><path d=\"M285.476 272.971L91.132 467.314c-9.373 9.373-24.569 9.373-33.941 0l-22.667-22.667c-9.357-9.357-9.375-24.522-.04-33.901L188.505 256 34.484 101.255c-9.335-9.379-9.317-24.544.04-33.901l22.667-22.667c9.373-9.373 24.569-9.373 33.941 0L285.475 239.03c9.373 9.372 9.373 24.568.001 33.941z\"><\/path><\/svg><\/div><\/div><\/div><div class=\"wdt-accordion-toggle-description\">Da, sarea de drum, sau sarea gem\u0103, ucide buruienile prin extragerea umezelii din celulele acestora, dar \u0219i sare solul, \u00eempiedic\u00e2nd orice cre\u0219tere viitoare a plantelor \u00een acea zon\u0103 pentru o perioad\u0103 lung\u0103 de timp. Este un erbicid eficient pentru locuri precum cr\u0103p\u0103turile din pavaj sau aleile cu pietri\u0219, dar nu ar trebui utilizat\u0103 \u00een gr\u0103dini sau peluze unde dori\u021bi s\u0103 creasc\u0103 plante noi.<\/div><\/div><div class=\"wdt-accordion-toggle-wrapper\"><div class=\"wdt-accordion-toggle-title-holder\"><div class=\"wdt-accordion-toggle-title\">Cine vinde sare de drum?<\/div><div class=\"wdt-accordion-toggle-icon\"><div class=\"wdt-accordion-toggle-icon-expand\"><svg aria-hidden=\"true\" class=\"e-font-icon-svg e-fas-chevron-down\" viewBox=\"0 0 448 512\" xmlns=\"http:\/\/www.w3.org\/2000\/svg\"><path d=\"M207.029 381.476L12.686 187.132c-9.373-9.373-9.373-24.569 0-33.941l22.667-22.667c9.357-9.357 24.522-9.375 33.901-.04L224 284.505l154.745-154.021c9.379-9.335 24.544-9.317 33.901.04l22.667 22.667c9.373 9.373 9.373 24.569 0 33.941L240.971 381.476c-9.373 9.372-24.569 9.372-33.942 0z\"><\/path><\/svg><\/div><div class=\"wdt-accordion-toggle-icon-collapse\"><svg aria-hidden=\"true\" class=\"e-font-icon-svg e-fas-chevron-right\" viewBox=\"0 0 320 512\" xmlns=\"http:\/\/www.w3.org\/2000\/svg\"><path d=\"M285.476 272.971L91.132 467.314c-9.373 9.373-24.569 9.373-33.941 0l-22.667-22.667c-9.357-9.357-9.375-24.522-.04-33.901L188.505 256 34.484 101.255c-9.335-9.379-9.317-24.544.04-33.901l22.667-22.667c9.373-9.373 24.569-9.373 33.941 0L285.475 239.03c9.373 9.372 9.373 24.568.001 33.941z\"><\/path><\/svg><\/div><\/div><\/div><div class=\"wdt-accordion-toggle-description\">Compania Moses furnizeaz\u0103 \u0219i export\u0103 sare de \u00eenalt\u0103 calitate de toate tipurile \u00een \u00eentreaga lume.<\/div><\/div><\/div>\t\t\t\t<\/div>\n\t\t\t\t<\/div>\n\t\t\t\t\t<\/div>\n\t\t\t\t<\/div>\n\t\t\t\t<\/div>\n\t\t","protected":false},"excerpt":{"rendered":"<p>Sarea de drum Nu toate tipurile de sare de drum au aceea\u0219i calitate. \u00cen primul r\u00e2nd, sarea de drum variaz\u0103 foarte mult \u00een ceea ce prive\u0219te dimensiunea granulelor, ceea ce poate avea un impact uria\u0219 asupra timpului necesar pentru cur\u0103\u021barea z\u0103pezii de pe proprietatea dumneavoastr\u0103. Sarea de drum format\u0103 din granule de sare excesiv de [&hellip;]<\/p>\n","protected":false},"author":2,"featured_media":32052,"parent":29003,"menu_order":0,"comment_status":"closed","ping_status":"closed","template":"","meta":{"footnotes":""},"class_list":["post-29005","page","type-page","status-publish","has-post-thumbnail","hentry"],"_links":{"self":[{"href":"https:\/\/uae.mosesexport.com\/ro\/wp-json\/wp\/v2\/pages\/29005","targetHints":{"allow":["GET"]}}],"collection":[{"href":"https:\/\/uae.mosesexport.com\/ro\/wp-json\/wp\/v2\/pages"}],"about":[{"href":"https:\/\/uae.mosesexport.com\/ro\/wp-json\/wp\/v2\/types\/page"}],"author":[{"embeddable":true,"href":"https:\/\/uae.mosesexport.com\/ro\/wp-json\/wp\/v2\/users\/2"}],"replies":[{"embeddable":true,"href":"https:\/\/uae.mosesexport.com\/ro\/wp-json\/wp\/v2\/comments?post=29005"}],"version-history":[{"count":0,"href":"https:\/\/uae.mosesexport.com\/ro\/wp-json\/wp\/v2\/pages\/29005\/revisions"}],"up":[{"embeddable":true,"href":"https:\/\/uae.mosesexport.com\/ro\/wp-json\/wp\/v2\/pages\/29003"}],"wp:featuredmedia":[{"embeddable":true,"href":"https:\/\/uae.mosesexport.com\/ro\/wp-json\/wp\/v2\/media\/32052"}],"wp:attachment":[{"href":"https:\/\/uae.mosesexport.com\/ro\/wp-json\/wp\/v2\/media?parent=29005"}],"curies":[{"name":"wp","href":"https:\/\/api.w.org\/{rel}","templated":true}]}}