{"id":29026,"date":"2024-12-22T13:28:42","date_gmt":"2024-12-22T11:28:42","guid":{"rendered":"https:\/\/uae.mosesexport.com\/sare-pentru-tratarea-apei\/"},"modified":"2026-02-03T15:19:08","modified_gmt":"2026-02-03T13:19:08","slug":"sare-pentru-tratarea-apei","status":"publish","type":"page","link":"https:\/\/uae.mosesexport.com\/ro\/sare\/sare-pentru-tratarea-apei\/","title":{"rendered":"Sare pentru tratarea apei"},"content":{"rendered":"\t\t<div data-elementor-type=\"wp-page\" data-elementor-id=\"29026\" class=\"elementor elementor-29026 elementor-16574\">\n\t\t\t\t<div class=\"elementor-element elementor-element-41bee14 e-flex e-con-boxed e-con e-parent\" data-id=\"41bee14\" data-element_type=\"container\" data-e-type=\"container\" data-settings=\"{&quot;background_background&quot;:&quot;classic&quot;}\">\n\t\t\t\t\t<div class=\"e-con-inner\">\n\t\t\t\t<div class=\"elementor-element elementor-element-0272542 elementor-widget elementor-widget-heading\" data-id=\"0272542\" data-element_type=\"widget\" data-e-type=\"widget\" data-settings=\"{&quot;wdt_animation_effect&quot;:&quot;none&quot;}\" data-widget_type=\"heading.default\">\n\t\t\t\t<div class=\"elementor-widget-container\">\n\t\t\t\t\t<h3 class=\"elementor-heading-title elementor-size-default\">Categorii de sare pentru tratarea apei<\/h3>\t\t\t\t<\/div>\n\t\t\t\t<\/div>\n\t\t\t\t<div class=\"elementor-element elementor-element-4adc56e elementor-widget elementor-widget-text-editor\" data-id=\"4adc56e\" data-element_type=\"widget\" data-e-type=\"widget\" data-settings=\"{&quot;wdt_animation_effect&quot;:&quot;none&quot;}\" data-widget_type=\"text-editor.default\">\n\t\t\t\t<div class=\"elementor-widget-container\">\n\t\t\t\t\t\t\t\t\t<p>Sarea pentru tratarea apei este esen\u021bial\u0103 pentru sistemele de dedurizare a apei f\u0103r\u0103 sare \u0219i pentru sistemele de tratare a apei f\u0103r\u0103 sare, reduc\u00e2nd eficient mineralele care cauzeaz\u0103 duritatea apei, cum ar fi calciul \u0219i magneziul. Ideal\u0103 pentru sistemele de filtrare a apei s\u0103rate pentru \u00eentreaga cas\u0103, sistemele de filtrare a apei s\u0103rate \u0219i sistemele de osmoz\u0103 invers\u0103 a apei s\u0103rate.<\/p>\t\t\t\t\t\t\t\t<\/div>\n\t\t\t\t<\/div>\n\t\t\t\t\t<\/div>\n\t\t\t\t<\/div>\n\t\t<div class=\"elementor-element elementor-element-e5ae213 e-flex e-con-boxed e-con e-parent\" data-id=\"e5ae213\" data-element_type=\"container\" data-e-type=\"container\">\n\t\t\t\t\t<div class=\"e-con-inner\">\n\t\t\t\t<div class=\"elementor-element elementor-element-1d42109 start start elementor-widget-mobile__width-inherit wdt-cus-service-style-01 elementor-widget elementor-widget-wdt-image-box\" data-id=\"1d42109\" data-element_type=\"widget\" data-e-type=\"widget\" data-settings=\"{&quot;button_normal_background_background&quot;:&quot;classic&quot;,&quot;button_normal_background_color&quot;:&quot;#FFC52700&quot;,&quot;button_hover_background_background&quot;:&quot;classic&quot;,&quot;button_hover_background_color&quot;:&quot;#FFC52700&quot;,&quot;columns&quot;:&quot;3&quot;,&quot;item_normal_background_background&quot;:&quot;gradient&quot;,&quot;item_normal_background_color&quot;:&quot;#003057&quot;,&quot;item_hover_background_background&quot;:&quot;gradient&quot;,&quot;_animation&quot;:&quot;none&quot;,&quot;columns_tablet&quot;:2,&quot;columns_mobile&quot;:1,&quot;carousel_arrows_prev_arrow_vertical_top_indent&quot;:{&quot;unit&quot;:&quot;%&quot;,&quot;size&quot;:&quot;&quot;,&quot;sizes&quot;:[]},&quot;carousel_arrows_prev_arrow_vertical_top_indent_tablet&quot;:{&quot;unit&quot;:&quot;%&quot;,&quot;size&quot;:&quot;&quot;,&quot;sizes&quot;:[]},&quot;carousel_arrows_prev_arrow_vertical_top_indent_mobile&quot;:{&quot;unit&quot;:&quot;%&quot;,&quot;size&quot;:&quot;&quot;,&quot;sizes&quot;:[]},&quot;carousel_arrows_prev_arrow_horizontal_left_indent&quot;:{&quot;unit&quot;:&quot;%&quot;,&quot;size&quot;:&quot;&quot;,&quot;sizes&quot;:[]},&quot;carousel_arrows_prev_arrow_horizontal_left_indent_tablet&quot;:{&quot;unit&quot;:&quot;%&quot;,&quot;size&quot;:&quot;&quot;,&quot;sizes&quot;:[]},&quot;carousel_arrows_prev_arrow_horizontal_left_indent_mobile&quot;:{&quot;unit&quot;:&quot;%&quot;,&quot;size&quot;:&quot;&quot;,&quot;sizes&quot;:[]},&quot;carousel_arrows_next_arrow_vertical_top_indent&quot;:{&quot;unit&quot;:&quot;%&quot;,&quot;size&quot;:&quot;&quot;,&quot;sizes&quot;:[]},&quot;carousel_arrows_next_arrow_vertical_top_indent_tablet&quot;:{&quot;unit&quot;:&quot;%&quot;,&quot;size&quot;:&quot;&quot;,&quot;sizes&quot;:[]},&quot;carousel_arrows_next_arrow_vertical_top_indent_mobile&quot;:{&quot;unit&quot;:&quot;%&quot;,&quot;size&quot;:&quot;&quot;,&quot;sizes&quot;:[]},&quot;carousel_arrows_next_arrow_horizontal_left_indent&quot;:{&quot;unit&quot;:&quot;%&quot;,&quot;size&quot;:&quot;&quot;,&quot;sizes&quot;:[]},&quot;carousel_arrows_next_arrow_horizontal_left_indent_tablet&quot;:{&quot;unit&quot;:&quot;%&quot;,&quot;size&quot;:&quot;&quot;,&quot;sizes&quot;:[]},&quot;carousel_arrows_next_arrow_horizontal_left_indent_mobile&quot;:{&quot;unit&quot;:&quot;%&quot;,&quot;size&quot;:&quot;&quot;,&quot;sizes&quot;:[]},&quot;wdt_animation_effect&quot;:&quot;none&quot;}\" data-widget_type=\"wdt-image-box.default\">\n\t\t\t\t<div class=\"elementor-widget-container\">\n\t\t\t\t\t<div class=\"wdt-image-box-holder wdt-content-item-holder wdt-column-holder wdt-rc-template-custom-template wdt-image-lightbox-popup wdt-image-active-class\" id=\"wdt-image-box-1d42109\" data-settings=\"{&quot;enable_popup&quot;:&quot;yes&quot;,&quot;enable_hover_class&quot;:&quot;yes&quot;}\"><div class=\"wdt-column-wrapper wdt-column-gap-wide wdt-snap-scroll-enabled\" data-column-settings=\"{&quot;columnDevices&quot;:[&quot;tablet&quot;,&quot;mobile&quot;]}\" data-module-id=\"wdt-module-id-1d42109\" id=\"wdt-module-id-1d42109\"><div class=\"wdt-column\"><div class=\"wdt-content-item\"><div class=\"wdt-content-media-group\"><div class=\"wdt-content-elements-group wdt-media-group wdt-media-image-cover\"><div class=\"wdt-content-image-wrapper \"><div class=\"wdt-content-image\"><a href=\"https:\/\/uae.mosesexport.com\/ro\/sare-pentru-dedurizarea-apei\/\"><img fetchpriority=\"high\" decoding=\"async\" width=\"800\" height=\"433\" src=\"https:\/\/uae.mosesexport.com\/wp-content\/uploads\/2026\/01\/Untitled-design.png\" class=\"attachment-full size-full wp-image-33106\" alt=\"Salt For Water Softening\" srcset=\"https:\/\/uae.mosesexport.com\/wp-content\/uploads\/2026\/01\/Untitled-design.png 800w, https:\/\/uae.mosesexport.com\/wp-content\/uploads\/2026\/01\/Untitled-design-600x325.png 600w, https:\/\/uae.mosesexport.com\/wp-content\/uploads\/2026\/01\/Untitled-design-300x162.png 300w, https:\/\/uae.mosesexport.com\/wp-content\/uploads\/2026\/01\/Untitled-design-768x416.png 768w\" sizes=\"(max-width: 800px) 100vw, 800px\" title=\"\"><\/a><\/div><\/div><div class=\"wdt-media-image-cover-container\"><div class=\"wdt-content-button wdt-button-clone\"><a href=\"https:\/\/uae.mosesexport.com\/ro\/sare-pentru-dedurizarea-apei\/\"><div class=\"wdt-button-text\"><span>View<\/span><\/div><\/a><\/div><\/div><\/div><\/div><div class=\"wdt-content-detail-group\"><div class=\"wdt-content-title\"><h5><a href=\"https:\/\/uae.mosesexport.com\/ro\/sare-pentru-dedurizarea-apei\/\">Sare pentru dedurizarea apei<\/a><\/h5><\/div><div class=\"wdt-content-description\">Sarea pentru dedurizare a apei reduce duritatea apei \u0219i previne depunerile de calcar \u00een aparate. Ideal\u0103 ca sare de dedurizare pentru dedurizatoarele de ap\u0103 Morton, BWT Salt, Nuvo, Aquasana sau sisteme de dedurizare a apei f\u0103r\u0103 sare.<\/div><\/div><\/div><\/div><div class=\"wdt-column\"><div class=\"wdt-content-item\"><div class=\"wdt-content-media-group\"><div class=\"wdt-content-elements-group wdt-media-group wdt-media-image-cover\"><div class=\"wdt-content-image-wrapper \"><div class=\"wdt-content-image\"><a href=\"https:\/\/uae.mosesexport.com\/ro\/sare-pentru-masina-de-spalat-vase\/\"><img decoding=\"async\" width=\"600\" height=\"402\" src=\"https:\/\/uae.mosesexport.com\/wp-content\/uploads\/2026\/01\/Dishwasher-Salt.png\" class=\"attachment-full size-full wp-image-33107\" alt=\"Dishwasher Salt\" srcset=\"https:\/\/uae.mosesexport.com\/wp-content\/uploads\/2026\/01\/Dishwasher-Salt.png 600w, https:\/\/uae.mosesexport.com\/wp-content\/uploads\/2026\/01\/Dishwasher-Salt-300x201.png 300w\" sizes=\"(max-width: 600px) 100vw, 600px\" title=\"\"><\/a><\/div><\/div><div class=\"wdt-media-image-cover-container\"><div class=\"wdt-content-button wdt-button-clone\"><a href=\"https:\/\/uae.mosesexport.com\/ro\/sare-pentru-masina-de-spalat-vase\/\"><div class=\"wdt-button-text\"><span>View<\/span><\/div><\/a><\/div><\/div><\/div><\/div><div class=\"wdt-content-detail-group\"><div class=\"wdt-content-title\"><h5><a href=\"https:\/\/uae.mosesexport.com\/ro\/sare-pentru-masina-de-spalat-vase\/\">Sare pentru ma\u0219ina de sp\u0103lat vase<\/a><\/h5><\/div><div class=\"wdt-content-description\">Sarea pentru ma\u0219ina de sp\u0103lat vase este special formulat\u0103 pentru a preveni acumularea de calcar \u00een ma\u0219ina de sp\u0103lat vase, asigur\u00e2nd performan\u021be optime \u0219i longevitate. Func\u021bioneaz\u0103 perfect cu sarea pentru ma\u0219ina de sp\u0103lat vase Miele, sarea pentru ma\u0219ina de sp\u0103lat vase Finish \u0219i sistemele de sare pentru ma\u0219ina de sp\u0103lat vase Bosch.<\/div><\/div><\/div><\/div><div class=\"wdt-column\"><div class=\"wdt-content-item\"><div class=\"wdt-content-media-group\"><div class=\"wdt-content-elements-group wdt-media-group wdt-media-image-cover\"><div class=\"wdt-content-image-wrapper \"><div class=\"wdt-content-image\"><a href=\"https:\/\/uae.mosesexport.com\/ro\/sare-de-piscina\/\"><img decoding=\"async\" width=\"750\" height=\"500\" src=\"https:\/\/uae.mosesexport.com\/wp-content\/uploads\/2026\/01\/Swimming-Pool-Salt.png\" class=\"attachment-full size-full wp-image-33108\" alt=\"Swimming Pool Salt\" srcset=\"https:\/\/uae.mosesexport.com\/wp-content\/uploads\/2026\/01\/Swimming-Pool-Salt.png 750w, https:\/\/uae.mosesexport.com\/wp-content\/uploads\/2026\/01\/Swimming-Pool-Salt-600x400.png 600w, https:\/\/uae.mosesexport.com\/wp-content\/uploads\/2026\/01\/Swimming-Pool-Salt-300x200.png 300w\" sizes=\"(max-width: 750px) 100vw, 750px\" title=\"\"><\/a><\/div><\/div><div class=\"wdt-media-image-cover-container\"><div class=\"wdt-content-button wdt-button-clone\"><a href=\"https:\/\/uae.mosesexport.com\/ro\/sare-de-piscina\/\"><div class=\"wdt-button-text\"><span>View<\/span><\/div><\/a><\/div><\/div><\/div><\/div><div class=\"wdt-content-detail-group\"><div class=\"wdt-content-title\"><h5><a href=\"https:\/\/uae.mosesexport.com\/ro\/sare-de-piscina\/\">Sare pentru piscin\u0103<\/a><\/h5><\/div><div class=\"wdt-content-description\">Sarea pentru piscine de la Moses este alegerea ideal\u0103 pentru piscinele cu ap\u0103 s\u0103rat\u0103, oferind calitate \u0219i siguran\u021b\u0103 superioare. Fiind lider de pia\u021b\u0103 \u0219i fiind de \u00eencredere, aceasta \u00eendepline\u0219te cele mai stricte standarde pentru o experien\u021b\u0103 de \u00eenot curat\u0103 \u0219i confortabil\u0103.<\/div><\/div><\/div><\/div><\/div><div class=\"wdt-column-pagination wdt-snap-scroll-pagination\">\n\t\t\t\t\t\t<button class=\"wdt-pagination-prev wdt-module-id-1d42109\">Previous<\/button>\n\t\t\t\t\t\t<button class=\"wdt-pagination-next wdt-module-id-1d42109\">Next<\/button><\/div><\/div>\t\t\t\t<\/div>\n\t\t\t\t<\/div>\n\t\t\t\t\t<\/div>\n\t\t\t\t<\/div>\n\t\t<div class=\"elementor-element elementor-element-03aff1b e-flex e-con-boxed e-con e-parent\" data-id=\"03aff1b\" data-element_type=\"container\" data-e-type=\"container\">\n\t\t\t\t\t<div class=\"e-con-inner\">\n\t\t\t\t<div class=\"elementor-element elementor-element-378fc33 wdt-cus-accordion1 elementor-widget elementor-widget-wdt-accordion-and-toggle\" data-id=\"378fc33\" data-element_type=\"widget\" data-e-type=\"widget\" data-settings=\"{&quot;wdt_animation_effect&quot;:&quot;none&quot;}\" data-widget_type=\"wdt-accordion-and-toggle.default\">\n\t\t\t\t<div class=\"elementor-widget-container\">\n\t\t\t\t\t<div class=\"wdt-accordion-toggle-holder wdt-module-toggle wdt-template-classic wdt-expand-collapse-position-end\" id=\"wdt-accordion-and-toggle-378fc33\"><div class=\"wdt-accordion-toggle-wrapper\"><div class=\"wdt-accordion-toggle-title-holder\"><div class=\"wdt-accordion-toggle-title\"><div class=\"wdt-accordion-toggle-title-prefix number\">1<\/div>Ce este sarea de tratare a apei sau sarea de dedurizare a apei?<\/div><div class=\"wdt-accordion-toggle-icon\"><div class=\"wdt-accordion-toggle-icon-expand\"><svg aria-hidden=\"true\" class=\"e-font-icon-svg e-fas-chevron-down\" viewBox=\"0 0 448 512\" xmlns=\"http:\/\/www.w3.org\/2000\/svg\"><path d=\"M207.029 381.476L12.686 187.132c-9.373-9.373-9.373-24.569 0-33.941l22.667-22.667c9.357-9.357 24.522-9.375 33.901-.04L224 284.505l154.745-154.021c9.379-9.335 24.544-9.317 33.901.04l22.667 22.667c9.373 9.373 9.373 24.569 0 33.941L240.971 381.476c-9.373 9.372-24.569 9.372-33.942 0z\"><\/path><\/svg><\/div><div class=\"wdt-accordion-toggle-icon-collapse\"><svg aria-hidden=\"true\" class=\"e-font-icon-svg e-fas-chevron-right\" viewBox=\"0 0 320 512\" xmlns=\"http:\/\/www.w3.org\/2000\/svg\"><path d=\"M285.476 272.971L91.132 467.314c-9.373 9.373-24.569 9.373-33.941 0l-22.667-22.667c-9.357-9.357-9.375-24.522-.04-33.901L188.505 256 34.484 101.255c-9.335-9.379-9.317-24.544.04-33.901l22.667-22.667c9.373-9.373 24.569-9.373 33.941 0L285.475 239.03c9.373 9.372 9.373 24.568.001 33.941z\"><\/path><\/svg><\/div><\/div><\/div><div class=\"wdt-accordion-toggle-description\">Sarea de tratare a apei este o substan\u021b\u0103 utilizat\u0103 \u00een dedurizatoarele de ap\u0103 \u00een procesul de regenerare a r\u0103\u0219inii schimb\u0103toare de ioni. Con\u021bine compu\u0219i chimici care ajut\u0103 la eliminarea excesului de minerale, cum ar fi calciul \u0219i magneziul, care fac apa dur\u0103. Procesul de regenerare a r\u0103\u0219inii schimb\u0103toare de ioni implic\u0103 \u00eenlocuirea ionilor de calciu \u0219i magneziu cu ioni de sodiu prin cl\u0103tire cu sare. Sarea de dedurizator de ap\u0103 permite reducerea eficient\u0103 a durit\u0103\u021bii apei, contribuind la \u00eembun\u0103t\u0103\u021birea gustului \u0219i prevenind acumularea de calcar \u00een \u021bevi \u0219i aparate. Este o component\u0103 cheie \u00een procesul de tratare a apei, \u00een special \u00een zonele \u00een care apa dur\u0103 este o problem\u0103. Cu ajutorul s\u0103rii de tratare a apei, ne putem bucura de ap\u0103 curat\u0103 \u0219i dedurizat\u0103 pentru b\u0103ut, g\u0103tit \u0219i uz casnic.<\/div><\/div><div class=\"wdt-accordion-toggle-wrapper\"><div class=\"wdt-accordion-toggle-title-holder\"><div class=\"wdt-accordion-toggle-title\"><div class=\"wdt-accordion-toggle-title-prefix number\">2<\/div>Cum se ob\u021bine sarea pentru dedurizatorul de ap\u0103?<\/div><div class=\"wdt-accordion-toggle-icon\"><div class=\"wdt-accordion-toggle-icon-expand\"><svg aria-hidden=\"true\" class=\"e-font-icon-svg e-fas-chevron-down\" viewBox=\"0 0 448 512\" xmlns=\"http:\/\/www.w3.org\/2000\/svg\"><path d=\"M207.029 381.476L12.686 187.132c-9.373-9.373-9.373-24.569 0-33.941l22.667-22.667c9.357-9.357 24.522-9.375 33.901-.04L224 284.505l154.745-154.021c9.379-9.335 24.544-9.317 33.901.04l22.667 22.667c9.373 9.373 9.373 24.569 0 33.941L240.971 381.476c-9.373 9.372-24.569 9.372-33.942 0z\"><\/path><\/svg><\/div><div class=\"wdt-accordion-toggle-icon-collapse\"><svg aria-hidden=\"true\" class=\"e-font-icon-svg e-fas-chevron-right\" viewBox=\"0 0 320 512\" xmlns=\"http:\/\/www.w3.org\/2000\/svg\"><path d=\"M285.476 272.971L91.132 467.314c-9.373 9.373-24.569 9.373-33.941 0l-22.667-22.667c-9.357-9.357-9.375-24.522-.04-33.901L188.505 256 34.484 101.255c-9.335-9.379-9.317-24.544.04-33.901l22.667-22.667c9.373-9.373 24.569-9.373 33.941 0L285.475 239.03c9.373 9.372 9.373 24.568.001 33.941z\"><\/path><\/svg><\/div><\/div><\/div><div class=\"wdt-accordion-toggle-description\">Sarea pentru dedurizare a apei se ob\u021bine \u00een principal din z\u0103c\u0103minte de sare grunjoas\u0103 sau din m\u0103ri \u0219i oceane. Procesul de ob\u021binere a s\u0103rii \u00eencepe cu extragerea materiei prime din minele de sare sau evaporarea apei de mare \u00een saline speciale. Apoi, sarea trece printr-un proces de purificare \u0219i rafinare pentru a ob\u021bine puritatea \u0219i calitatea dorite. Adesea se adaug\u0103 ingrediente suplimentare pentru a \u00eembun\u0103t\u0103\u021bi eficien\u021ba procesului de dedurizare a apei, cum ar fi agen\u021bii antiaglomeran\u021bi. Sarea pentru dedurizare a apei poate fi disponibil\u0103 sub form\u0103 de tablete, cristale sau granule, \u00een func\u021bie de cerin\u021be. \u00cen cele din urm\u0103, aceast\u0103 sare este utilizat\u0103 \u00een filtre speciale pentru dedurizare a apei.<\/div><\/div><div class=\"wdt-accordion-toggle-wrapper\"><div class=\"wdt-accordion-toggle-title-holder\"><div class=\"wdt-accordion-toggle-title\"><div class=\"wdt-accordion-toggle-title-prefix number\">3<\/div>Cum func\u021bioneaz\u0103 sarea pentru tratarea apei?<\/div><div class=\"wdt-accordion-toggle-icon\"><div class=\"wdt-accordion-toggle-icon-expand\"><svg aria-hidden=\"true\" class=\"e-font-icon-svg e-fas-chevron-down\" viewBox=\"0 0 448 512\" xmlns=\"http:\/\/www.w3.org\/2000\/svg\"><path d=\"M207.029 381.476L12.686 187.132c-9.373-9.373-9.373-24.569 0-33.941l22.667-22.667c9.357-9.357 24.522-9.375 33.901-.04L224 284.505l154.745-154.021c9.379-9.335 24.544-9.317 33.901.04l22.667 22.667c9.373 9.373 9.373 24.569 0 33.941L240.971 381.476c-9.373 9.372-24.569 9.372-33.942 0z\"><\/path><\/svg><\/div><div class=\"wdt-accordion-toggle-icon-collapse\"><svg aria-hidden=\"true\" class=\"e-font-icon-svg e-fas-chevron-right\" viewBox=\"0 0 320 512\" xmlns=\"http:\/\/www.w3.org\/2000\/svg\"><path d=\"M285.476 272.971L91.132 467.314c-9.373 9.373-24.569 9.373-33.941 0l-22.667-22.667c-9.357-9.357-9.375-24.522-.04-33.901L188.505 256 34.484 101.255c-9.335-9.379-9.317-24.544.04-33.901l22.667-22.667c9.373-9.373 24.569-9.373 33.941 0L285.475 239.03c9.373 9.372 9.373 24.568.001 33.941z\"><\/path><\/svg><\/div><\/div><\/div><div class=\"wdt-accordion-toggle-description\">Sarea de tratare a apei func\u021bioneaz\u0103 \u00een principal prin procesul de schimb ionic. Apa care trece prin r\u0103\u0219ina schimb\u0103toare de ioni, care exist\u0103 fie \u00een form\u0103 organic\u0103, fie anorganic\u0103, provoac\u0103 eliberarea de ioni de sodiu din r\u0103\u0219in\u0103. Ulterior, r\u0103\u0219ina schimb\u0103toare de ioni absoarbe ionii nedori\u021bi, cum ar fi ionii de magneziu sau calciu. Drept urmare, impurit\u0103\u021bile naturale \u0219i s\u0103rurile minerale sunt re\u021binute de r\u0103\u0219in\u0103, iar ionii cationici asocia\u021bi cu ionii de sodiu sunt elibera\u021bi \u00een apa destinat\u0103 consumului. Prin acest proces, sarea de tratare a apei permite \u00eendep\u0103rtarea substan\u021belor nocive \u0219i dedurizarea apei, \u00eembun\u0103t\u0103\u021bind gustul acesteia \u0219i prevenind acumularea de calcar \u00een instala\u021biile sanitare. Este o metod\u0103 eficient\u0103 de tratare a apei utilizat\u0103 at\u00e2t \u00een \u200b\u200bgospod\u0103riile private, c\u00e2t \u0219i \u00een industrie sau agricultur\u0103.<\/div><\/div><div class=\"wdt-accordion-toggle-wrapper\"><div class=\"wdt-accordion-toggle-title-holder\"><div class=\"wdt-accordion-toggle-title\"><div class=\"wdt-accordion-toggle-title-prefix number\">4<\/div>Unde se utilizeaz\u0103 sarea de tratare a apei \u0219i de dedurizare?<\/div><div class=\"wdt-accordion-toggle-icon\"><div class=\"wdt-accordion-toggle-icon-expand\"><svg aria-hidden=\"true\" class=\"e-font-icon-svg e-fas-chevron-down\" viewBox=\"0 0 448 512\" xmlns=\"http:\/\/www.w3.org\/2000\/svg\"><path d=\"M207.029 381.476L12.686 187.132c-9.373-9.373-9.373-24.569 0-33.941l22.667-22.667c9.357-9.357 24.522-9.375 33.901-.04L224 284.505l154.745-154.021c9.379-9.335 24.544-9.317 33.901.04l22.667 22.667c9.373 9.373 9.373 24.569 0 33.941L240.971 381.476c-9.373 9.372-24.569 9.372-33.942 0z\"><\/path><\/svg><\/div><div class=\"wdt-accordion-toggle-icon-collapse\"><svg aria-hidden=\"true\" class=\"e-font-icon-svg e-fas-chevron-right\" viewBox=\"0 0 320 512\" xmlns=\"http:\/\/www.w3.org\/2000\/svg\"><path d=\"M285.476 272.971L91.132 467.314c-9.373 9.373-24.569 9.373-33.941 0l-22.667-22.667c-9.357-9.357-9.375-24.522-.04-33.901L188.505 256 34.484 101.255c-9.335-9.379-9.317-24.544.04-33.901l22.667-22.667c9.373-9.373 24.569-9.373 33.941 0L285.475 239.03c9.373 9.372 9.373 24.568.001 33.941z\"><\/path><\/svg><\/div><\/div><\/div><div class=\"wdt-accordion-toggle-description\">Sarea de tratare \u0219i dedurizare a apei este utilizat\u0103 \u00een multe locuri diferite unde este necesar\u0103 men\u021binerea unei ape curate \u0219i dedurizate. \u00cen principal, este utilizat\u0103 \u00een case \u0219i apartamente unde problema durit\u0103\u021bii apei este frecvent\u0103. Sarea de tratare a apei este, de asemenea, utilizat\u0103 pe scar\u0103 larg\u0103 \u00een industrie, \u00een special \u00een industria chimic\u0103 \u0219i alimentar\u0103, unde apa curat\u0103 cu duritatea potrivit\u0103 este esen\u021bial\u0103 pentru produc\u021bie. De asemenea, \u00een unit\u0103\u021bi de produc\u021bie precum sp\u0103l\u0103torii, sp\u0103l\u0103torii auto sau hoteluri, sarea de dedurizare a apei joac\u0103 un rol crucial \u00een men\u021binerea serviciilor de \u00eenalt\u0103 calitate. \u00cen plus, este utilizat\u0103 \u00een procesele de purificare \u0219i dezinfectare a apei, at\u00e2t \u00een \u200b\u200bsta\u021biile de epurare a apelor uzate, c\u00e2t \u0219i \u00een sistemele de tratare a apei potabile. \u00cen cele din urm\u0103, sarea de dedurizare a apei este indispensabil\u0103 \u00een agricultur\u0103, unde apa dedurizat\u0103 este utilizat\u0103 pentru iriga\u021bii, fertilizarea solului \u0219i men\u021binerea unor condi\u021bii adecvate pentru cre\u0219terea animalelor. Prin urmare, sarea de tratare a apei este o component\u0103 incredibil de important\u0103 \u00een men\u021binerea calit\u0103\u021bii adecvate a apei \u00een diverse domenii ale vie\u021bii \u0219i activit\u0103\u021bii umane.<\/div><\/div><\/div>\t\t\t\t<\/div>\n\t\t\t\t<\/div>\n\t\t\t\t\t<\/div>\n\t\t\t\t<\/div>\n\t\t\t\t<\/div>\n\t\t","protected":false},"excerpt":{"rendered":"<p>Categorii de sare pentru tratarea apei Sarea pentru tratarea apei este esen\u021bial\u0103 pentru sistemele de dedurizare a apei f\u0103r\u0103 sare \u0219i pentru sistemele de tratare a apei f\u0103r\u0103 sare, reduc\u00e2nd eficient mineralele care cauzeaz\u0103 duritatea apei, cum ar fi calciul \u0219i magneziul. Ideal\u0103 pentru sistemele de filtrare a apei s\u0103rate pentru \u00eentreaga cas\u0103, sistemele de [&hellip;]<\/p>\n","protected":false},"author":1,"featured_media":32112,"parent":29003,"menu_order":0,"comment_status":"closed","ping_status":"closed","template":"","meta":{"footnotes":""},"class_list":["post-29026","page","type-page","status-publish","has-post-thumbnail","hentry"],"_links":{"self":[{"href":"https:\/\/uae.mosesexport.com\/ro\/wp-json\/wp\/v2\/pages\/29026","targetHints":{"allow":["GET"]}}],"collection":[{"href":"https:\/\/uae.mosesexport.com\/ro\/wp-json\/wp\/v2\/pages"}],"about":[{"href":"https:\/\/uae.mosesexport.com\/ro\/wp-json\/wp\/v2\/types\/page"}],"author":[{"embeddable":true,"href":"https:\/\/uae.mosesexport.com\/ro\/wp-json\/wp\/v2\/users\/1"}],"replies":[{"embeddable":true,"href":"https:\/\/uae.mosesexport.com\/ro\/wp-json\/wp\/v2\/comments?post=29026"}],"version-history":[{"count":0,"href":"https:\/\/uae.mosesexport.com\/ro\/wp-json\/wp\/v2\/pages\/29026\/revisions"}],"up":[{"embeddable":true,"href":"https:\/\/uae.mosesexport.com\/ro\/wp-json\/wp\/v2\/pages\/29003"}],"wp:featuredmedia":[{"embeddable":true,"href":"https:\/\/uae.mosesexport.com\/ro\/wp-json\/wp\/v2\/media\/32112"}],"wp:attachment":[{"href":"https:\/\/uae.mosesexport.com\/ro\/wp-json\/wp\/v2\/media?parent=29026"}],"curies":[{"name":"wp","href":"https:\/\/api.w.org\/{rel}","templated":true}]}}