{"id":29136,"date":"2024-12-19T12:54:26","date_gmt":"2024-12-19T10:54:26","guid":{"rendered":"https:\/\/uae.mosesexport.com\/vagsalt\/"},"modified":"2026-03-01T21:56:48","modified_gmt":"2026-03-01T19:56:48","slug":"vagsalt","status":"publish","type":"page","link":"https:\/\/uae.mosesexport.com\/sv\/salt\/vagsalt\/","title":{"rendered":"V\u00e4gsalt"},"content":{"rendered":"\t\t<div data-elementor-type=\"wp-page\" data-elementor-id=\"29136\" class=\"elementor elementor-29136 elementor-16549\">\n\t\t\t\t<div class=\"elementor-element elementor-element-6048ffb e-flex e-con-boxed e-con e-parent\" data-id=\"6048ffb\" data-element_type=\"container\" data-e-type=\"container\" data-settings=\"{&quot;background_background&quot;:&quot;classic&quot;}\">\n\t\t\t\t\t<div class=\"e-con-inner\">\n\t\t\t\t<div class=\"elementor-element elementor-element-04c4b03 elementor-widget elementor-widget-heading\" data-id=\"04c4b03\" data-element_type=\"widget\" data-e-type=\"widget\" data-settings=\"{&quot;wdt_animation_effect&quot;:&quot;none&quot;}\" data-widget_type=\"heading.default\">\n\t\t\t\t<div class=\"elementor-widget-container\">\n\t\t\t\t\t<h2 class=\"elementor-heading-title elementor-size-default\"><a href=\"https:\/\/uae.mosesexport.com\/sv\/vagsalt\/\">MOSES\u00ae V\u00e4gsalt<\/a><\/h2>\t\t\t\t<\/div>\n\t\t\t\t<\/div>\n\t\t\t\t\t<\/div>\n\t\t\t\t<\/div>\n\t\t\t\t<section class=\"elementor-section elementor-top-section elementor-element elementor-element-cd5d985 wdt-no-full-section elementor-section-boxed elementor-section-height-default elementor-section-height-default\" data-id=\"cd5d985\" data-element_type=\"section\" data-e-type=\"section\" data-settings=\"{&quot;background_background&quot;:&quot;classic&quot;,&quot;wdt_bg_image&quot;:{&quot;url&quot;:&quot;&quot;,&quot;id&quot;:&quot;&quot;,&quot;size&quot;:&quot;&quot;},&quot;wdt_bg_image_tablet&quot;:{&quot;url&quot;:&quot;&quot;,&quot;id&quot;:&quot;&quot;,&quot;size&quot;:&quot;&quot;},&quot;wdt_bg_image_mobile&quot;:{&quot;url&quot;:&quot;&quot;,&quot;id&quot;:&quot;&quot;,&quot;size&quot;:&quot;&quot;},&quot;wdt_bg_position&quot;:&quot;center center&quot;,&quot;wdt_animation_effect&quot;:&quot;none&quot;}\">\n\t\t\t\t\t\t<div class=\"elementor-container elementor-column-gap-no\">\n\t\t\t\t\t<div class=\"elementor-column elementor-col-50 elementor-top-column elementor-element elementor-element-0dc7431 animated-fast elementor-invisible\" data-id=\"0dc7431\" data-element_type=\"column\" data-e-type=\"column\" data-settings=\"{&quot;animation&quot;:&quot;fadeInLeft&quot;,&quot;animation_delay&quot;:&quot;100&quot;}\">\n\t\t\t<div class=\"elementor-widget-wrap elementor-element-populated\">\n\t\t\t\t\t\t<div class=\"elementor-element elementor-element-df96fc3 start elementor-widget elementor-widget-wdt-heading\" data-id=\"df96fc3\" data-element_type=\"widget\" data-e-type=\"widget\" data-settings=\"{&quot;item_background_background&quot;:&quot;classic&quot;,&quot;wdt_animation_effect&quot;:&quot;none&quot;}\" data-widget_type=\"wdt-heading.default\">\n\t\t\t\t<div class=\"elementor-widget-container\">\n\t\t\t\t\t<div class=\"wdt-heading-holder \" id=\"wdt-heading-df96fc3\"><div class=\"wdt-heading-content-wrapper\">Sn\u00f6saltning Allt v\u00e4gsalt \u00e4r inte av samma kvalitet. F\u00f6r det f\u00f6rsta varierar v\u00e4gsaltets kornstorlek kraftigt, vilket kan ha en enorm inverkan p\u00e5 den tid det tar att r\u00f6ja sn\u00f6 fr\u00e5n dina lokaler. V\u00e4gsalt som best\u00e5r av alltf\u00f6r sm\u00e5 saltkorn verkar snabbt, men det f\u00f6rlorar ocks\u00e5 snabbt sin effekt. I s\u00e5 fall f\u00e5r du ett obehagligt, osm\u00e4lt slam av sn\u00f6 och is. Anv\u00e4nd saltkorn som \u00e4r f\u00f6r grova, s\u00e5 tar det l\u00e4ngre tid f\u00f6r sn\u00f6n att sm\u00e4lta. P\u00e5 plussidan kommer dina lokaler att f\u00f6rbli isfria l\u00e4ngre. Kvalitetsv\u00e4gsalt, som MOSES ROAD SALT, har den perfekta blandningen av fina och grova korn, vilket s\u00e4kerst\u00e4ller att din uppfart och dina lokaler snabbt avisas l\u00e4ngre.<\/div><\/div>\t\t\t\t<\/div>\n\t\t\t\t<\/div>\n\t\t\t\t\t<\/div>\n\t\t<\/div>\n\t\t\t\t<div class=\"wdt-sticky-column elementor-column elementor-col-50 elementor-top-column elementor-element elementor-element-cc0e283 wdt-cus-grid-img-counter\" data-wdt-settings=\"{&quot;id&quot;:&quot;cc0e283&quot;,&quot;sticky&quot;:true,&quot;topSpacing&quot;:50,&quot;bottomSpacing&quot;:50,&quot;stickyOn&quot;:[&quot;laptop&quot;,&quot;tablet_extra&quot;],&quot;overflowHidden&quot;:false}\" data-id=\"cc0e283\" data-element_type=\"column\" data-e-type=\"column\">\n\t\t\t<div class=\"elementor-widget-wrap elementor-element-populated\">\n\t\t\t\t\t\t<div class=\"elementor-element elementor-element-4d681eb elementor-widget elementor-widget-image\" data-id=\"4d681eb\" data-element_type=\"widget\" data-e-type=\"widget\" data-settings=\"{&quot;wdt_animation_effect&quot;:&quot;none&quot;}\" data-widget_type=\"image.default\">\n\t\t\t\t<div class=\"elementor-widget-container\">\n\t\t\t\t\t\t\t\t\t\t\t\t\t\t\t<img fetchpriority=\"high\" decoding=\"async\" width=\"905\" height=\"573\" src=\"https:\/\/uae.mosesexport.com\/wp-content\/uploads\/2024\/05\/82d8439aba70e804340636d6ac56fe49ebdf090b.jpeg\" class=\"attachment-full size-full wp-image-27270\" alt=\"road salt\" srcset=\"https:\/\/uae.mosesexport.com\/wp-content\/uploads\/2024\/05\/82d8439aba70e804340636d6ac56fe49ebdf090b.jpeg 905w, https:\/\/uae.mosesexport.com\/wp-content\/uploads\/2024\/05\/82d8439aba70e804340636d6ac56fe49ebdf090b-600x380.jpeg 600w, https:\/\/uae.mosesexport.com\/wp-content\/uploads\/2024\/05\/82d8439aba70e804340636d6ac56fe49ebdf090b-300x190.jpeg 300w, https:\/\/uae.mosesexport.com\/wp-content\/uploads\/2024\/05\/82d8439aba70e804340636d6ac56fe49ebdf090b-768x486.jpeg 768w\" sizes=\"(max-width: 905px) 100vw, 905px\" title=\"\">\t\t\t\t\t\t\t\t\t\t\t\t\t\t\t<\/div>\n\t\t\t\t<\/div>\n\t\t\t\t\t<\/div>\n\t\t<\/div>\n\t\t\t\t\t<\/div>\n\t\t<\/section>\n\t\t<div class=\"elementor-element elementor-element-2663e42 e-flex e-con-boxed e-con e-parent\" data-id=\"2663e42\" data-element_type=\"container\" data-e-type=\"container\" data-settings=\"{&quot;background_background&quot;:&quot;classic&quot;}\">\n\t\t\t\t\t<div class=\"e-con-inner\">\n\t\t\t\t<div class=\"elementor-element elementor-element-99ade0e elementor-widget elementor-widget-heading\" data-id=\"99ade0e\" data-element_type=\"widget\" data-e-type=\"widget\" data-settings=\"{&quot;wdt_animation_effect&quot;:&quot;none&quot;}\" data-widget_type=\"heading.default\">\n\t\t\t\t<div class=\"elementor-widget-container\">\n\t\t\t\t\t<h3 class=\"elementor-heading-title elementor-size-default\"><a href=\"https:\/\/uae.mosesexport.com\/sv\/vagsalt\/\">v\u00e4gsalt biltema<\/a><\/h3>\t\t\t\t<\/div>\n\t\t\t\t<\/div>\n\t\t\t\t\t<\/div>\n\t\t\t\t<\/div>\n\t\t<div class=\"elementor-element elementor-element-342fe50 e-flex e-con-boxed e-con e-parent\" data-id=\"342fe50\" data-element_type=\"container\" data-e-type=\"container\">\n\t\t\t\t\t<div class=\"e-con-inner\">\n\t\t\t\t<div class=\"elementor-element elementor-element-3a4367e start start elementor-widget-mobile__width-inherit wdt-cus-service-style-01 elementor-widget elementor-widget-wdt-image-box\" data-id=\"3a4367e\" data-element_type=\"widget\" data-e-type=\"widget\" data-settings=\"{&quot;button_normal_background_background&quot;:&quot;classic&quot;,&quot;button_normal_background_color&quot;:&quot;#FFC52700&quot;,&quot;button_hover_background_background&quot;:&quot;classic&quot;,&quot;button_hover_background_color&quot;:&quot;#FFC52700&quot;,&quot;columns&quot;:&quot;3&quot;,&quot;item_normal_background_background&quot;:&quot;gradient&quot;,&quot;item_normal_background_color&quot;:&quot;#003057&quot;,&quot;item_hover_background_background&quot;:&quot;gradient&quot;,&quot;_animation&quot;:&quot;none&quot;,&quot;columns_tablet&quot;:2,&quot;columns_mobile&quot;:1,&quot;carousel_arrows_prev_arrow_vertical_top_indent&quot;:{&quot;unit&quot;:&quot;%&quot;,&quot;size&quot;:&quot;&quot;,&quot;sizes&quot;:[]},&quot;carousel_arrows_prev_arrow_vertical_top_indent_tablet&quot;:{&quot;unit&quot;:&quot;%&quot;,&quot;size&quot;:&quot;&quot;,&quot;sizes&quot;:[]},&quot;carousel_arrows_prev_arrow_vertical_top_indent_mobile&quot;:{&quot;unit&quot;:&quot;%&quot;,&quot;size&quot;:&quot;&quot;,&quot;sizes&quot;:[]},&quot;carousel_arrows_prev_arrow_horizontal_left_indent&quot;:{&quot;unit&quot;:&quot;%&quot;,&quot;size&quot;:&quot;&quot;,&quot;sizes&quot;:[]},&quot;carousel_arrows_prev_arrow_horizontal_left_indent_tablet&quot;:{&quot;unit&quot;:&quot;%&quot;,&quot;size&quot;:&quot;&quot;,&quot;sizes&quot;:[]},&quot;carousel_arrows_prev_arrow_horizontal_left_indent_mobile&quot;:{&quot;unit&quot;:&quot;%&quot;,&quot;size&quot;:&quot;&quot;,&quot;sizes&quot;:[]},&quot;carousel_arrows_next_arrow_vertical_top_indent&quot;:{&quot;unit&quot;:&quot;%&quot;,&quot;size&quot;:&quot;&quot;,&quot;sizes&quot;:[]},&quot;carousel_arrows_next_arrow_vertical_top_indent_tablet&quot;:{&quot;unit&quot;:&quot;%&quot;,&quot;size&quot;:&quot;&quot;,&quot;sizes&quot;:[]},&quot;carousel_arrows_next_arrow_vertical_top_indent_mobile&quot;:{&quot;unit&quot;:&quot;%&quot;,&quot;size&quot;:&quot;&quot;,&quot;sizes&quot;:[]},&quot;carousel_arrows_next_arrow_horizontal_left_indent&quot;:{&quot;unit&quot;:&quot;%&quot;,&quot;size&quot;:&quot;&quot;,&quot;sizes&quot;:[]},&quot;carousel_arrows_next_arrow_horizontal_left_indent_tablet&quot;:{&quot;unit&quot;:&quot;%&quot;,&quot;size&quot;:&quot;&quot;,&quot;sizes&quot;:[]},&quot;carousel_arrows_next_arrow_horizontal_left_indent_mobile&quot;:{&quot;unit&quot;:&quot;%&quot;,&quot;size&quot;:&quot;&quot;,&quot;sizes&quot;:[]},&quot;wdt_animation_effect&quot;:&quot;none&quot;}\" data-widget_type=\"wdt-image-box.default\">\n\t\t\t\t<div class=\"elementor-widget-container\">\n\t\t\t\t\t<div class=\"wdt-image-box-holder wdt-content-item-holder wdt-column-holder wdt-rc-template-custom-template\" id=\"wdt-image-box-3a4367e\" data-settings=\"{&quot;enable_popup&quot;:&quot;&quot;,&quot;enable_hover_class&quot;:&quot;&quot;}\"><div class=\"wdt-column-wrapper wdt-column-gap-wide \" data-column-settings=\"\" data-module-id=\"wdt-module-id-3a4367e\" id=\"wdt-module-id-3a4367e\"><div class=\"wdt-column\"><div class=\"wdt-content-item\"><div class=\"wdt-content-media-group\"><div class=\"wdt-content-elements-group wdt-media-group wdt-media-image-cover\"><div class=\"wdt-content-image-wrapper \"><div class=\"wdt-content-image\"><a href=\"https:\/\/uae.mosesexport.com\/sv\/moses-0-1-fint-vagsalt\/\"><img decoding=\"async\" width=\"450\" height=\"340\" src=\"https:\/\/uae.mosesexport.com\/wp-content\/uploads\/2024\/12\/f1663efdfb1064d7a7346f0c68dd4d0b3237f637_Korrel_MARSEL_SALCO_VAATWASZOUT_1_3_1440x952px.png\" class=\"attachment-full size-full wp-image-16624\" alt=\"MOSES\u00ae 1-3, medium coarse sea salt\" srcset=\"https:\/\/uae.mosesexport.com\/wp-content\/uploads\/2024\/12\/f1663efdfb1064d7a7346f0c68dd4d0b3237f637_Korrel_MARSEL_SALCO_VAATWASZOUT_1_3_1440x952px.png 450w, https:\/\/uae.mosesexport.com\/wp-content\/uploads\/2024\/12\/f1663efdfb1064d7a7346f0c68dd4d0b3237f637_Korrel_MARSEL_SALCO_VAATWASZOUT_1_3_1440x952px-300x227.png 300w\" sizes=\"(max-width: 450px) 100vw, 450px\" title=\"\"><\/a><\/div><\/div><div class=\"wdt-media-image-cover-container\"><div class=\"wdt-content-button wdt-button-clone\"><a href=\"https:\/\/uae.mosesexport.com\/sv\/moses-0-1-fint-vagsalt\/\"><div class=\"wdt-button-text\"><span>View<\/span><\/div><\/a><\/div><\/div><\/div><\/div><div class=\"wdt-content-detail-group\"><div class=\"wdt-content-title\"><h5><a href=\"https:\/\/uae.mosesexport.com\/sv\/moses-0-1-fint-vagsalt\/\">Moses\u00ae 0-1 fint v\u00e4gsalt<\/a><\/h5><\/div><div class=\"wdt-content-description\">salt med en h\u00e5rd och ren kornstorlek varierar mellan 0 och 1 mm<\/div><\/div><\/div><\/div><div class=\"wdt-column\"><div class=\"wdt-content-item\"><div class=\"wdt-content-media-group\"><div class=\"wdt-content-elements-group wdt-media-group wdt-media-image-cover\"><div class=\"wdt-content-image-wrapper \"><div class=\"wdt-content-image\"><a href=\"https:\/\/uae.mosesexport.com\/sv\/moses-1-4-grovt-vagsalt\/\"><img decoding=\"async\" width=\"800\" height=\"600\" src=\"https:\/\/uae.mosesexport.com\/wp-content\/uploads\/2025\/01\/1-4-RODE-SALT.png\" class=\"attachment-full size-full wp-image-17190\" alt=\"\" srcset=\"https:\/\/uae.mosesexport.com\/wp-content\/uploads\/2025\/01\/1-4-RODE-SALT.png 800w, https:\/\/uae.mosesexport.com\/wp-content\/uploads\/2025\/01\/1-4-RODE-SALT-600x450.png 600w, https:\/\/uae.mosesexport.com\/wp-content\/uploads\/2025\/01\/1-4-RODE-SALT-300x225.png 300w, https:\/\/uae.mosesexport.com\/wp-content\/uploads\/2025\/01\/1-4-RODE-SALT-768x576.png 768w\" sizes=\"(max-width: 800px) 100vw, 800px\" title=\"\"><\/a><\/div><\/div><div class=\"wdt-media-image-cover-container\"><div class=\"wdt-content-button wdt-button-clone\"><a href=\"https:\/\/uae.mosesexport.com\/sv\/moses-1-4-grovt-vagsalt\/\"><div class=\"wdt-button-text\"><span>View<\/span><\/div><\/a><\/div><\/div><\/div><\/div><div class=\"wdt-content-detail-group\"><div class=\"wdt-content-title\"><h5><a href=\"https:\/\/uae.mosesexport.com\/sv\/moses-1-4-grovt-vagsalt\/\">MOSES\u00ae 1-4, Grovt v\u00e4gsalt<\/a><\/h5><\/div><div class=\"wdt-content-description\">salt med en h\u00e5rd och ren kornstorlek varierar mellan 1 och 4 mm<\/div><\/div><\/div><\/div><div class=\"wdt-column\"><div class=\"wdt-content-item\"><div class=\"wdt-content-media-group\"><div class=\"wdt-content-elements-group wdt-media-group wdt-media-image-cover\"><div class=\"wdt-content-image-wrapper \"><div class=\"wdt-content-image\"><a href=\"https:\/\/uae.mosesexport.com\/sv\/moses-road-salt-de-icing-salt\/\"><img loading=\"lazy\" decoding=\"async\" width=\"800\" height=\"600\" src=\"https:\/\/uae.mosesexport.com\/wp-content\/uploads\/2025\/01\/RODE-SALT-5MM.png\" class=\"attachment-full size-full wp-image-17206\" alt=\"RODE SALT 5MM\" srcset=\"https:\/\/uae.mosesexport.com\/wp-content\/uploads\/2025\/01\/RODE-SALT-5MM.png 800w, https:\/\/uae.mosesexport.com\/wp-content\/uploads\/2025\/01\/RODE-SALT-5MM-600x450.png 600w, https:\/\/uae.mosesexport.com\/wp-content\/uploads\/2025\/01\/RODE-SALT-5MM-300x225.png 300w, https:\/\/uae.mosesexport.com\/wp-content\/uploads\/2025\/01\/RODE-SALT-5MM-768x576.png 768w\" sizes=\"(max-width: 800px) 100vw, 800px\" title=\"\"><\/a><\/div><\/div><div class=\"wdt-media-image-cover-container\"><div class=\"wdt-content-button wdt-button-clone\"><a href=\"https:\/\/uae.mosesexport.com\/sv\/moses-road-salt-de-icing-salt\/\"><div class=\"wdt-button-text\"><span>View<\/span><\/div><\/a><\/div><\/div><\/div><\/div><div class=\"wdt-content-detail-group\"><div class=\"wdt-content-title\"><h5><a href=\"https:\/\/uae.mosesexport.com\/sv\/moses-road-salt-de-icing-salt\/\">MOSES ROAD SALT\u00ae avisningssalt<\/a><\/h5><\/div><div class=\"wdt-content-description\">Torrt och l\u00e4ttspritt halkbek\u00e4mpningssalt med kornstorlek upp till 5 mm.<\/div><\/div><\/div><\/div><\/div><\/div>\t\t\t\t<\/div>\n\t\t\t\t<\/div>\n\t\t\t\t\t<\/div>\n\t\t\t\t<\/div>\n\t\t<div class=\"elementor-element elementor-element-280af6e e-flex e-con-boxed e-con e-parent\" data-id=\"280af6e\" data-element_type=\"container\" data-e-type=\"container\">\n\t\t\t\t\t<div class=\"e-con-inner\">\n\t\t\t\t<div class=\"elementor-element elementor-element-e368153 wdt-cus-accordion1 elementor-widget elementor-widget-wdt-accordion-and-toggle\" data-id=\"e368153\" data-element_type=\"widget\" data-e-type=\"widget\" data-settings=\"{&quot;wdt_animation_effect&quot;:&quot;none&quot;}\" data-widget_type=\"wdt-accordion-and-toggle.default\">\n\t\t\t\t<div class=\"elementor-widget-container\">\n\t\t\t\t\t<div class=\"wdt-accordion-toggle-holder wdt-module-accordion wdt-template-classic wdt-expand-collapse-position-end\" id=\"wdt-accordion-and-toggle-e368153\"><div class=\"wdt-accordion-toggle-wrapper\"><div class=\"wdt-accordion-toggle-title-holder\"><div class=\"wdt-accordion-toggle-title\">hur tillverkas v\u00e4gsalt?<\/div><div class=\"wdt-accordion-toggle-icon\"><div class=\"wdt-accordion-toggle-icon-expand\"><svg aria-hidden=\"true\" class=\"e-font-icon-svg e-fas-chevron-down\" viewBox=\"0 0 448 512\" xmlns=\"http:\/\/www.w3.org\/2000\/svg\"><path d=\"M207.029 381.476L12.686 187.132c-9.373-9.373-9.373-24.569 0-33.941l22.667-22.667c9.357-9.357 24.522-9.375 33.901-.04L224 284.505l154.745-154.021c9.379-9.335 24.544-9.317 33.901.04l22.667 22.667c9.373 9.373 9.373 24.569 0 33.941L240.971 381.476c-9.373 9.372-24.569 9.372-33.942 0z\"><\/path><\/svg><\/div><div class=\"wdt-accordion-toggle-icon-collapse\"><svg aria-hidden=\"true\" class=\"e-font-icon-svg e-fas-chevron-right\" viewBox=\"0 0 320 512\" xmlns=\"http:\/\/www.w3.org\/2000\/svg\"><path d=\"M285.476 272.971L91.132 467.314c-9.373 9.373-24.569 9.373-33.941 0l-22.667-22.667c-9.357-9.357-9.375-24.522-.04-33.901L188.505 256 34.484 101.255c-9.335-9.379-9.317-24.544.04-33.901l22.667-22.667c9.373-9.373 24.569-9.373 33.941 0L285.475 239.03c9.373 9.372 9.373 24.568.001 33.941z\"><\/path><\/svg><\/div><\/div><\/div><div class=\"wdt-accordion-toggle-description\">V\u00e4gsalt i Egypten tillverkas av naturligt f\u00f6rekommande salt, antingen utvunnet fr\u00e5n havsvatten genom solavdunstning eller utvunnet fr\u00e5n lokala saltfyndigheter. Saltet, som huvudsakligen best\u00e5r av natriumklorid (NaCl), samlas in, tv\u00e4ttas f\u00f6r att avl\u00e4gsna f\u00f6roreningar, torkas och krossas sedan och siktas till enhetliga korn. Ibland tills\u00e4tts klumpf\u00f6rebyggande medel eller tillsatser som kalciumklorid f\u00f6r att f\u00f6rb\u00e4ttra prestandan i kalla f\u00f6rh\u00e5llanden innan det f\u00f6rpackas och distribueras f\u00f6r anv\u00e4ndning p\u00e5 v\u00e4gar f\u00f6r att f\u00f6rhindra is- och sn\u00f6bildning.<\/div><\/div><div class=\"wdt-accordion-toggle-wrapper\"><div class=\"wdt-accordion-toggle-title-holder\"><div class=\"wdt-accordion-toggle-title\">vad anv\u00e4nds v\u00e4gsalt till?<\/div><div class=\"wdt-accordion-toggle-icon\"><div class=\"wdt-accordion-toggle-icon-expand\"><svg aria-hidden=\"true\" class=\"e-font-icon-svg e-fas-chevron-down\" viewBox=\"0 0 448 512\" xmlns=\"http:\/\/www.w3.org\/2000\/svg\"><path d=\"M207.029 381.476L12.686 187.132c-9.373-9.373-9.373-24.569 0-33.941l22.667-22.667c9.357-9.357 24.522-9.375 33.901-.04L224 284.505l154.745-154.021c9.379-9.335 24.544-9.317 33.901.04l22.667 22.667c9.373 9.373 9.373 24.569 0 33.941L240.971 381.476c-9.373 9.372-24.569 9.372-33.942 0z\"><\/path><\/svg><\/div><div class=\"wdt-accordion-toggle-icon-collapse\"><svg aria-hidden=\"true\" class=\"e-font-icon-svg e-fas-chevron-right\" viewBox=\"0 0 320 512\" xmlns=\"http:\/\/www.w3.org\/2000\/svg\"><path d=\"M285.476 272.971L91.132 467.314c-9.373 9.373-24.569 9.373-33.941 0l-22.667-22.667c-9.357-9.357-9.375-24.522-.04-33.901L188.505 256 34.484 101.255c-9.335-9.379-9.317-24.544.04-33.901l22.667-22.667c9.373-9.373 24.569-9.373 33.941 0L285.475 239.03c9.373 9.372 9.373 24.568.001 33.941z\"><\/path><\/svg><\/div><\/div><\/div><div class=\"wdt-accordion-toggle-description\">V\u00e4gsalt, vanligtvis bergsalt (natriumklorid), anv\u00e4nds p\u00e5 vintern f\u00f6r att hala bort is p\u00e5 v\u00e4gar och f\u00f6rhindra isbildning genom att s\u00e4nka vattnets fryspunkt. Det sm\u00e4lter is och bildar en saltl\u00f6sning som hj\u00e4lper till att h\u00e5lla v\u00e4garna fria. Det sprids p\u00e5 gator och motorv\u00e4gar f\u00f6r att f\u00f6rb\u00e4ttra v\u00e4ggreppet genom att ge en grusig yta och f\u00f6r att f\u00f6rhindra att sn\u00f6 och is fastnar p\u00e5 v\u00e4gbanan.<\/div><\/div><div class=\"wdt-accordion-toggle-wrapper\"><div class=\"wdt-accordion-toggle-title-holder\"><div class=\"wdt-accordion-toggle-title\">Vem har v\u00e4gsalt n\u00e4ra mig?<\/div><div class=\"wdt-accordion-toggle-icon\"><div class=\"wdt-accordion-toggle-icon-expand\"><svg aria-hidden=\"true\" class=\"e-font-icon-svg e-fas-chevron-down\" viewBox=\"0 0 448 512\" xmlns=\"http:\/\/www.w3.org\/2000\/svg\"><path d=\"M207.029 381.476L12.686 187.132c-9.373-9.373-9.373-24.569 0-33.941l22.667-22.667c9.357-9.357 24.522-9.375 33.901-.04L224 284.505l154.745-154.021c9.379-9.335 24.544-9.317 33.901.04l22.667 22.667c9.373 9.373 9.373 24.569 0 33.941L240.971 381.476c-9.373 9.372-24.569 9.372-33.942 0z\"><\/path><\/svg><\/div><div class=\"wdt-accordion-toggle-icon-collapse\"><svg aria-hidden=\"true\" class=\"e-font-icon-svg e-fas-chevron-right\" viewBox=\"0 0 320 512\" xmlns=\"http:\/\/www.w3.org\/2000\/svg\"><path d=\"M285.476 272.971L91.132 467.314c-9.373 9.373-24.569 9.373-33.941 0l-22.667-22.667c-9.357-9.357-9.375-24.522-.04-33.901L188.505 256 34.484 101.255c-9.335-9.379-9.317-24.544.04-33.901l22.667-22.667c9.373-9.373 24.569-9.373 33.941 0L285.475 239.03c9.373 9.372 9.373 24.568.001 33.941z\"><\/path><\/svg><\/div><\/div><\/div><div class=\"wdt-accordion-toggle-description\">F\u00e5 h\u00f6gkvalitativt v\u00e4gsalt direkt fr\u00e5n Egypten. Tillg\u00e4ngligt i bulk f\u00f6r export, klart f\u00f6r leverans f\u00f6r att m\u00f6ta dina behov av avisning.<\/div><\/div><div class=\"wdt-accordion-toggle-wrapper\"><div class=\"wdt-accordion-toggle-title-holder\"><div class=\"wdt-accordion-toggle-title\">Kan v\u00e4gsalt d\u00f6da ogr\u00e4s?<\/div><div class=\"wdt-accordion-toggle-icon\"><div class=\"wdt-accordion-toggle-icon-expand\"><svg aria-hidden=\"true\" class=\"e-font-icon-svg e-fas-chevron-down\" viewBox=\"0 0 448 512\" xmlns=\"http:\/\/www.w3.org\/2000\/svg\"><path d=\"M207.029 381.476L12.686 187.132c-9.373-9.373-9.373-24.569 0-33.941l22.667-22.667c9.357-9.357 24.522-9.375 33.901-.04L224 284.505l154.745-154.021c9.379-9.335 24.544-9.317 33.901.04l22.667 22.667c9.373 9.373 9.373 24.569 0 33.941L240.971 381.476c-9.373 9.372-24.569 9.372-33.942 0z\"><\/path><\/svg><\/div><div class=\"wdt-accordion-toggle-icon-collapse\"><svg aria-hidden=\"true\" class=\"e-font-icon-svg e-fas-chevron-right\" viewBox=\"0 0 320 512\" xmlns=\"http:\/\/www.w3.org\/2000\/svg\"><path d=\"M285.476 272.971L91.132 467.314c-9.373 9.373-24.569 9.373-33.941 0l-22.667-22.667c-9.357-9.357-9.375-24.522-.04-33.901L188.505 256 34.484 101.255c-9.335-9.379-9.317-24.544.04-33.901l22.667-22.667c9.373-9.373 24.569-9.373 33.941 0L285.475 239.03c9.373 9.372 9.373 24.568.001 33.941z\"><\/path><\/svg><\/div><\/div><\/div><div class=\"wdt-accordion-toggle-description\">Ja, v\u00e4gsalt, eller bergsalt, d\u00f6dar ogr\u00e4s genom att dra fukt fr\u00e5n deras celler, men det saltar ocks\u00e5 jorden och f\u00f6rhindrar framtida v\u00e4xttillv\u00e4xt i det omr\u00e5det under en l\u00e4ngre tid. Det \u00e4r ett effektivt ogr\u00e4smedel f\u00f6r platser som sprickor i trottoarer eller grusg\u00e5ngar, men b\u00f6r inte anv\u00e4ndas i tr\u00e4dg\u00e5rdar eller gr\u00e4smattor d\u00e4r du vill att nya v\u00e4xter ska v\u00e4xa.<\/div><\/div><div class=\"wdt-accordion-toggle-wrapper\"><div class=\"wdt-accordion-toggle-title-holder\"><div class=\"wdt-accordion-toggle-title\">Vem s\u00e4ljer v\u00e4gsalt?<\/div><div class=\"wdt-accordion-toggle-icon\"><div class=\"wdt-accordion-toggle-icon-expand\"><svg aria-hidden=\"true\" class=\"e-font-icon-svg e-fas-chevron-down\" viewBox=\"0 0 448 512\" xmlns=\"http:\/\/www.w3.org\/2000\/svg\"><path d=\"M207.029 381.476L12.686 187.132c-9.373-9.373-9.373-24.569 0-33.941l22.667-22.667c9.357-9.357 24.522-9.375 33.901-.04L224 284.505l154.745-154.021c9.379-9.335 24.544-9.317 33.901.04l22.667 22.667c9.373 9.373 9.373 24.569 0 33.941L240.971 381.476c-9.373 9.372-24.569 9.372-33.942 0z\"><\/path><\/svg><\/div><div class=\"wdt-accordion-toggle-icon-collapse\"><svg aria-hidden=\"true\" class=\"e-font-icon-svg e-fas-chevron-right\" viewBox=\"0 0 320 512\" xmlns=\"http:\/\/www.w3.org\/2000\/svg\"><path d=\"M285.476 272.971L91.132 467.314c-9.373 9.373-24.569 9.373-33.941 0l-22.667-22.667c-9.357-9.357-9.375-24.522-.04-33.901L188.505 256 34.484 101.255c-9.335-9.379-9.317-24.544.04-33.901l22.667-22.667c9.373-9.373 24.569-9.373 33.941 0L285.475 239.03c9.373 9.372 9.373 24.568.001 33.941z\"><\/path><\/svg><\/div><\/div><\/div><div class=\"wdt-accordion-toggle-description\">Moses Company levererar och exporterar h\u00f6gkvalitativt salt av alla typer \u00f6ver hela v\u00e4rlden.<\/div><\/div><\/div>\t\t\t\t<\/div>\n\t\t\t\t<\/div>\n\t\t\t\t\t<\/div>\n\t\t\t\t<\/div>\n\t\t\t\t<\/div>\n\t\t","protected":false},"excerpt":{"rendered":"<p>MOSES\u00ae V\u00e4gsalt Sn\u00f6saltning Allt v\u00e4gsalt \u00e4r inte av samma kvalitet. F\u00f6r det f\u00f6rsta varierar v\u00e4gsaltets kornstorlek kraftigt, vilket kan ha en enorm inverkan p\u00e5 den tid det tar att r\u00f6ja sn\u00f6 fr\u00e5n dina lokaler. V\u00e4gsalt som best\u00e5r av alltf\u00f6r sm\u00e5 saltkorn verkar snabbt, men det f\u00f6rlorar ocks\u00e5 snabbt sin effekt. I s\u00e5 fall f\u00e5r du [&hellip;]<\/p>\n","protected":false},"author":2,"featured_media":32054,"parent":29134,"menu_order":0,"comment_status":"closed","ping_status":"closed","template":"","meta":{"footnotes":""},"class_list":["post-29136","page","type-page","status-publish","has-post-thumbnail","hentry"],"_links":{"self":[{"href":"https:\/\/uae.mosesexport.com\/sv\/wp-json\/wp\/v2\/pages\/29136","targetHints":{"allow":["GET"]}}],"collection":[{"href":"https:\/\/uae.mosesexport.com\/sv\/wp-json\/wp\/v2\/pages"}],"about":[{"href":"https:\/\/uae.mosesexport.com\/sv\/wp-json\/wp\/v2\/types\/page"}],"author":[{"embeddable":true,"href":"https:\/\/uae.mosesexport.com\/sv\/wp-json\/wp\/v2\/users\/2"}],"replies":[{"embeddable":true,"href":"https:\/\/uae.mosesexport.com\/sv\/wp-json\/wp\/v2\/comments?post=29136"}],"version-history":[{"count":0,"href":"https:\/\/uae.mosesexport.com\/sv\/wp-json\/wp\/v2\/pages\/29136\/revisions"}],"up":[{"embeddable":true,"href":"https:\/\/uae.mosesexport.com\/sv\/wp-json\/wp\/v2\/pages\/29134"}],"wp:featuredmedia":[{"embeddable":true,"href":"https:\/\/uae.mosesexport.com\/sv\/wp-json\/wp\/v2\/media\/32054"}],"wp:attachment":[{"href":"https:\/\/uae.mosesexport.com\/sv\/wp-json\/wp\/v2\/media?parent=29136"}],"curies":[{"name":"wp","href":"https:\/\/api.w.org\/{rel}","templated":true}]}}