{"id":29144,"date":"2024-12-26T15:04:27","date_gmt":"2024-12-26T13:04:27","guid":{"rendered":"https:\/\/uae.mosesexport.com\/salt-for-vattenavhardning\/"},"modified":"2026-02-03T15:31:14","modified_gmt":"2026-02-03T13:31:14","slug":"salt-for-vattenavhardning","status":"publish","type":"page","link":"https:\/\/uae.mosesexport.com\/sv\/salt\/salt-for-vattenbehandling\/salt-for-vattenavhardning\/","title":{"rendered":"Salt f\u00f6r vattenavh\u00e4rdning"},"content":{"rendered":"\t\t<div data-elementor-type=\"wp-page\" data-elementor-id=\"29144\" class=\"elementor elementor-29144 elementor-16866\">\n\t\t\t\t<div class=\"elementor-element elementor-element-f5593c4 e-flex e-con-boxed e-con e-parent\" data-id=\"f5593c4\" data-element_type=\"container\" data-e-type=\"container\" data-settings=\"{&quot;background_background&quot;:&quot;classic&quot;}\">\n\t\t\t\t\t<div class=\"e-con-inner\">\n\t\t\t\t<div class=\"elementor-element elementor-element-c145dc6 elementor-widget elementor-widget-heading\" data-id=\"c145dc6\" data-element_type=\"widget\" data-e-type=\"widget\" data-settings=\"{&quot;wdt_animation_effect&quot;:&quot;none&quot;}\" data-widget_type=\"heading.default\">\n\t\t\t\t<div class=\"elementor-widget-container\">\n\t\t\t\t\t<h3 class=\"elementor-heading-title elementor-size-default\">MOSES, salt f\u00f6r vattenmjukg\u00f6ring<\/h3>\t\t\t\t<\/div>\n\t\t\t\t<\/div>\n\t\t\t\t<div class=\"elementor-element elementor-element-5800ac6 elementor-widget elementor-widget-heading\" data-id=\"5800ac6\" data-element_type=\"widget\" data-e-type=\"widget\" data-settings=\"{&quot;wdt_animation_effect&quot;:&quot;none&quot;}\" data-widget_type=\"heading.default\">\n\t\t\t\t<div class=\"elementor-widget-container\">\n\t\t\t\t\t<p class=\"elementor-heading-title elementor-size-default\">Vad g\u00f6r mjukare vatten b\u00e4ttre vatten? Och hur hj\u00e4lper vattenavh\u00e4rdare salt? Vatten som avh\u00e4rdats med en vattenavh\u00e4rdare g\u00f6r att ditt h\u00e5r och din hud k\u00e4nns mjuka efter din morgondusch och kan f\u00f6rb\u00e4ttra smaken p\u00e5 ditt dricksvatten. Vattenavh\u00e4rdare salt hj\u00e4lper till att h\u00e5lla vattenavh\u00e4rdare i toppskick s\u00e5 att de kan forts\u00e4tta att ge mjukt vatten.   <\/p>\t\t\t\t<\/div>\n\t\t\t\t<\/div>\n\t\t\t\t\t<\/div>\n\t\t\t\t<\/div>\n\t\t\t\t<section class=\"elementor-section elementor-top-section elementor-element elementor-element-73e3c6d wdt-no-full-section elementor-section-boxed elementor-section-height-default elementor-section-height-default\" data-id=\"73e3c6d\" data-element_type=\"section\" data-e-type=\"section\" data-settings=\"{&quot;background_background&quot;:&quot;classic&quot;,&quot;wdt_bg_image&quot;:{&quot;url&quot;:&quot;&quot;,&quot;id&quot;:&quot;&quot;,&quot;size&quot;:&quot;&quot;},&quot;wdt_bg_image_tablet&quot;:{&quot;url&quot;:&quot;&quot;,&quot;id&quot;:&quot;&quot;,&quot;size&quot;:&quot;&quot;},&quot;wdt_bg_image_mobile&quot;:{&quot;url&quot;:&quot;&quot;,&quot;id&quot;:&quot;&quot;,&quot;size&quot;:&quot;&quot;},&quot;wdt_bg_position&quot;:&quot;center center&quot;,&quot;wdt_animation_effect&quot;:&quot;none&quot;}\">\n\t\t\t\t\t\t<div class=\"elementor-container elementor-column-gap-no\">\n\t\t\t\t\t<div class=\"elementor-column elementor-col-50 elementor-top-column elementor-element elementor-element-5647eac animated-fast elementor-invisible\" data-id=\"5647eac\" data-element_type=\"column\" data-e-type=\"column\" data-settings=\"{&quot;animation&quot;:&quot;fadeInLeft&quot;,&quot;animation_delay&quot;:&quot;100&quot;}\">\n\t\t\t<div class=\"elementor-widget-wrap elementor-element-populated\">\n\t\t\t\t\t\t<div class=\"elementor-element elementor-element-9f85b57 start elementor-widget elementor-widget-wdt-heading\" data-id=\"9f85b57\" data-element_type=\"widget\" data-e-type=\"widget\" data-settings=\"{&quot;item_background_background&quot;:&quot;classic&quot;,&quot;wdt_animation_effect&quot;:&quot;none&quot;}\" data-widget_type=\"wdt-heading.default\">\n\t\t\t\t<div class=\"elementor-widget-container\">\n\t\t\t\t\t<div class=\"wdt-heading-holder \" id=\"wdt-heading-9f85b57\"><div class=\"wdt-heading-content-wrapper\">V\u00e4lj inte vilket salt som helst f\u00f6r vattenavh\u00e4rdning. Kvaliteten p\u00e5 ditt vatten beror trots allt till stor del p\u00e5 vilket salt du anv\u00e4nder. MOSES\u00ae \u00e4r salt av livsmedelskvalitet. Det ger dig mjukt och rent vatten utan bekymmer hela tiden. MOSES\u00ae h\u00f6ga renhetsniv\u00e5 s\u00e4kerst\u00e4ller att din vattenavh\u00e4rdare fungerar b\u00e4ttre och har en l\u00e4ngre livsl\u00e4ngd.<\/div><\/div>\t\t\t\t<\/div>\n\t\t\t\t<\/div>\n\t\t\t\t\t<\/div>\n\t\t<\/div>\n\t\t\t\t<div class=\"wdt-sticky-column elementor-column elementor-col-50 elementor-top-column elementor-element elementor-element-796fc76 wdt-cus-grid-img-counter\" data-wdt-settings=\"{&quot;id&quot;:&quot;796fc76&quot;,&quot;sticky&quot;:true,&quot;topSpacing&quot;:50,&quot;bottomSpacing&quot;:50,&quot;stickyOn&quot;:[&quot;laptop&quot;,&quot;tablet_extra&quot;],&quot;overflowHidden&quot;:false}\" data-id=\"796fc76\" data-element_type=\"column\" data-e-type=\"column\">\n\t\t\t<div class=\"elementor-widget-wrap elementor-element-populated\">\n\t\t\t\t\t\t<div class=\"elementor-element elementor-element-3e2e91b elementor-widget elementor-widget-image\" data-id=\"3e2e91b\" data-element_type=\"widget\" data-e-type=\"widget\" data-settings=\"{&quot;wdt_animation_effect&quot;:&quot;none&quot;}\" data-widget_type=\"image.default\">\n\t\t\t\t<div class=\"elementor-widget-container\">\n\t\t\t\t\t\t\t\t\t\t\t\t\t\t\t<img fetchpriority=\"high\" decoding=\"async\" width=\"1138\" height=\"1200\" src=\"https:\/\/uae.mosesexport.com\/wp-content\/uploads\/2024\/12\/\u0628\u062f\u0648\u0646-\u062e\u0644\u0641\u064a\u0629-\u062c\u0647\u0627\u0632-\u062a\u0646\u0642\u064a\u0629-\u0627\u0644\u0645\u064a\u0627\u06471.png\" class=\"attachment-full size-full wp-image-29146\" alt=\"saltfri vattenavh\u00e4rdare\" srcset=\"https:\/\/uae.mosesexport.com\/wp-content\/uploads\/2024\/12\/\u0628\u062f\u0648\u0646-\u062e\u0644\u0641\u064a\u0629-\u062c\u0647\u0627\u0632-\u062a\u0646\u0642\u064a\u0629-\u0627\u0644\u0645\u064a\u0627\u06471.png 1138w, https:\/\/uae.mosesexport.com\/wp-content\/uploads\/2024\/12\/\u0628\u062f\u0648\u0646-\u062e\u0644\u0641\u064a\u0629-\u062c\u0647\u0627\u0632-\u062a\u0646\u0642\u064a\u0629-\u0627\u0644\u0645\u064a\u0627\u06471-1000x1054.png 1000w, https:\/\/uae.mosesexport.com\/wp-content\/uploads\/2024\/12\/\u0628\u062f\u0648\u0646-\u062e\u0644\u0641\u064a\u0629-\u062c\u0647\u0627\u0632-\u062a\u0646\u0642\u064a\u0629-\u0627\u0644\u0645\u064a\u0627\u06471-285x300.png 285w, https:\/\/uae.mosesexport.com\/wp-content\/uploads\/2024\/12\/\u0628\u062f\u0648\u0646-\u062e\u0644\u0641\u064a\u0629-\u062c\u0647\u0627\u0632-\u062a\u0646\u0642\u064a\u0629-\u0627\u0644\u0645\u064a\u0627\u06471-971x1024.png 971w, https:\/\/uae.mosesexport.com\/wp-content\/uploads\/2024\/12\/\u0628\u062f\u0648\u0646-\u062e\u0644\u0641\u064a\u0629-\u062c\u0647\u0627\u0632-\u062a\u0646\u0642\u064a\u0629-\u0627\u0644\u0645\u064a\u0627\u06471-768x810.png 768w\" sizes=\"(max-width: 1138px) 100vw, 1138px\" title=\"\">\t\t\t\t\t\t\t\t\t\t\t\t\t\t\t<\/div>\n\t\t\t\t<\/div>\n\t\t\t\t\t<\/div>\n\t\t<\/div>\n\t\t\t\t\t<\/div>\n\t\t<\/section>\n\t\t<div class=\"elementor-element elementor-element-5e15de5 e-flex e-con-boxed e-con e-parent\" data-id=\"5e15de5\" data-element_type=\"container\" data-e-type=\"container\" data-settings=\"{&quot;background_background&quot;:&quot;classic&quot;}\">\n\t\t\t\t\t<div class=\"e-con-inner\">\n\t\t\t\t<div class=\"elementor-element elementor-element-6d94779 elementor-widget elementor-widget-heading\" data-id=\"6d94779\" data-element_type=\"widget\" data-e-type=\"widget\" data-settings=\"{&quot;wdt_animation_effect&quot;:&quot;none&quot;}\" data-widget_type=\"heading.default\">\n\t\t\t\t<div class=\"elementor-widget-container\">\n\t\t\t\t\t<h4 class=\"elementor-heading-title elementor-size-default\">mjukg\u00f6rande salt<\/h4>\t\t\t\t<\/div>\n\t\t\t\t<\/div>\n\t\t\t\t<div class=\"elementor-element elementor-element-095208e elementor-widget elementor-widget-heading\" data-id=\"095208e\" data-element_type=\"widget\" data-e-type=\"widget\" data-settings=\"{&quot;wdt_animation_effect&quot;:&quot;none&quot;}\" data-widget_type=\"heading.default\">\n\t\t\t\t<div class=\"elementor-widget-container\">\n\t\t\t\t\t<p class=\"elementor-heading-title elementor-size-default\">Skillnaden mellan mjukt och h\u00e5rt vatten \u00e4r ljusare tv\u00e4tt, mjukare handdukar, skinande disk och mindre smuts p\u00e5 r\u00f6r och hush\u00e5llsapparater. Med mjukare vatten kan du njuta av ett mer v\u00e4lkomnande hem.  <\/p>\t\t\t\t<\/div>\n\t\t\t\t<\/div>\n\t\t\t\t\t<\/div>\n\t\t\t\t<\/div>\n\t\t<div class=\"elementor-element elementor-element-5d13082 e-flex e-con-boxed e-con e-parent\" data-id=\"5d13082\" data-element_type=\"container\" data-e-type=\"container\">\n\t\t\t\t\t<div class=\"e-con-inner\">\n\t\t\t\t<div class=\"elementor-element elementor-element-8ae8894 start start wdt-cus-service-style-01 elementor-widget elementor-widget-wdt-image-box\" data-id=\"8ae8894\" data-element_type=\"widget\" data-e-type=\"widget\" data-settings=\"{&quot;button_normal_background_background&quot;:&quot;classic&quot;,&quot;button_normal_background_color&quot;:&quot;#FFC52700&quot;,&quot;button_hover_background_background&quot;:&quot;classic&quot;,&quot;button_hover_background_color&quot;:&quot;#FFC52700&quot;,&quot;columns&quot;:&quot;3&quot;,&quot;item_normal_background_background&quot;:&quot;classic&quot;,&quot;item_hover_background_background&quot;:&quot;gradient&quot;,&quot;_animation&quot;:&quot;none&quot;,&quot;columns_tablet&quot;:2,&quot;columns_mobile&quot;:1,&quot;carousel_arrows_prev_arrow_vertical_top_indent&quot;:{&quot;unit&quot;:&quot;%&quot;,&quot;size&quot;:&quot;&quot;,&quot;sizes&quot;:[]},&quot;carousel_arrows_prev_arrow_vertical_top_indent_tablet&quot;:{&quot;unit&quot;:&quot;%&quot;,&quot;size&quot;:&quot;&quot;,&quot;sizes&quot;:[]},&quot;carousel_arrows_prev_arrow_vertical_top_indent_mobile&quot;:{&quot;unit&quot;:&quot;%&quot;,&quot;size&quot;:&quot;&quot;,&quot;sizes&quot;:[]},&quot;carousel_arrows_prev_arrow_horizontal_left_indent&quot;:{&quot;unit&quot;:&quot;%&quot;,&quot;size&quot;:&quot;&quot;,&quot;sizes&quot;:[]},&quot;carousel_arrows_prev_arrow_horizontal_left_indent_tablet&quot;:{&quot;unit&quot;:&quot;%&quot;,&quot;size&quot;:&quot;&quot;,&quot;sizes&quot;:[]},&quot;carousel_arrows_prev_arrow_horizontal_left_indent_mobile&quot;:{&quot;unit&quot;:&quot;%&quot;,&quot;size&quot;:&quot;&quot;,&quot;sizes&quot;:[]},&quot;carousel_arrows_next_arrow_vertical_top_indent&quot;:{&quot;unit&quot;:&quot;%&quot;,&quot;size&quot;:&quot;&quot;,&quot;sizes&quot;:[]},&quot;carousel_arrows_next_arrow_vertical_top_indent_tablet&quot;:{&quot;unit&quot;:&quot;%&quot;,&quot;size&quot;:&quot;&quot;,&quot;sizes&quot;:[]},&quot;carousel_arrows_next_arrow_vertical_top_indent_mobile&quot;:{&quot;unit&quot;:&quot;%&quot;,&quot;size&quot;:&quot;&quot;,&quot;sizes&quot;:[]},&quot;carousel_arrows_next_arrow_horizontal_left_indent&quot;:{&quot;unit&quot;:&quot;%&quot;,&quot;size&quot;:&quot;&quot;,&quot;sizes&quot;:[]},&quot;carousel_arrows_next_arrow_horizontal_left_indent_tablet&quot;:{&quot;unit&quot;:&quot;%&quot;,&quot;size&quot;:&quot;&quot;,&quot;sizes&quot;:[]},&quot;carousel_arrows_next_arrow_horizontal_left_indent_mobile&quot;:{&quot;unit&quot;:&quot;%&quot;,&quot;size&quot;:&quot;&quot;,&quot;sizes&quot;:[]},&quot;wdt_animation_effect&quot;:&quot;none&quot;}\" data-widget_type=\"wdt-image-box.default\">\n\t\t\t\t<div class=\"elementor-widget-container\">\n\t\t\t\t\t<div class=\"wdt-image-box-holder wdt-content-item-holder wdt-column-holder wdt-rc-template-custom-template\" id=\"wdt-image-box-8ae8894\" data-settings=\"{&quot;enable_popup&quot;:&quot;&quot;,&quot;enable_hover_class&quot;:&quot;&quot;}\"><div class=\"wdt-column-wrapper wdt-column-gap-wide wdt-snap-scroll-enabled\" data-column-settings=\"{&quot;columnDevices&quot;:[&quot;tablet&quot;,&quot;mobile&quot;]}\" data-module-id=\"wdt-module-id-8ae8894\" id=\"wdt-module-id-8ae8894\"><div class=\"wdt-column\"><div class=\"wdt-content-item\"><div class=\"wdt-content-media-group\"><div class=\"wdt-content-elements-group wdt-media-group wdt-media-image-cover\"><div class=\"wdt-content-image-wrapper \"><div class=\"wdt-content-image\"><a href=\"https:\/\/uae.mosesexport.com\/sv\/moses-regular-salttabletter-2\/\"><img decoding=\"async\" width=\"800\" height=\"600\" src=\"https:\/\/uae.mosesexport.com\/wp-content\/uploads\/2024\/12\/\u0627\u0642\u0631\u0627\u0635.png\" class=\"attachment-full size-full wp-image-15943\" alt=\"MOSES\u00ae REGULAR, Salt Tablets\" srcset=\"https:\/\/uae.mosesexport.com\/wp-content\/uploads\/2024\/12\/\u0627\u0642\u0631\u0627\u0635.png 800w, https:\/\/uae.mosesexport.com\/wp-content\/uploads\/2024\/12\/\u0627\u0642\u0631\u0627\u0635-600x450.png 600w, https:\/\/uae.mosesexport.com\/wp-content\/uploads\/2024\/12\/\u0627\u0642\u0631\u0627\u0635-300x225.png 300w, https:\/\/uae.mosesexport.com\/wp-content\/uploads\/2024\/12\/\u0627\u0642\u0631\u0627\u0635-768x576.png 768w\" sizes=\"(max-width: 800px) 100vw, 800px\" title=\"\"><\/a><\/div><\/div><div class=\"wdt-media-image-cover-container\"><div class=\"wdt-content-button wdt-button-clone\"><a href=\"https:\/\/uae.mosesexport.com\/sv\/moses-regular-salttabletter-2\/\"><div class=\"wdt-button-text\"><span>View<\/span><\/div><\/a><\/div><\/div><\/div><\/div><div class=\"wdt-content-detail-group\"><div class=\"wdt-content-title\"><h5><a href=\"https:\/\/uae.mosesexport.com\/sv\/moses-regular-salttabletter-2\/\">MOSES\u00ae REGULAR, Salttabletter<\/a><\/h5><\/div><div class=\"wdt-content-description\">Kvalitetssalttabletter f\u00f6r alla typer av vattenavh\u00e4rdare.<\/div><\/div><\/div><\/div><div class=\"wdt-column\"><div class=\"wdt-content-item\"><div class=\"wdt-content-media-group\"><div class=\"wdt-content-elements-group wdt-media-group wdt-media-image-cover\"><div class=\"wdt-content-image-wrapper \"><div class=\"wdt-content-image\"><a href=\"https:\/\/uae.mosesexport.com\/sv\/moses-kristaller-saltkristaller\/\"><img decoding=\"async\" width=\"800\" height=\"600\" src=\"https:\/\/uae.mosesexport.com\/wp-content\/uploads\/2024\/12\/\u0645\u0644\u062d-\u0628\u062d\u0631.png\" class=\"attachment-full size-full wp-image-16308\" alt=\"\" srcset=\"https:\/\/uae.mosesexport.com\/wp-content\/uploads\/2024\/12\/\u0645\u0644\u062d-\u0628\u062d\u0631.png 800w, https:\/\/uae.mosesexport.com\/wp-content\/uploads\/2024\/12\/\u0645\u0644\u062d-\u0628\u062d\u0631-600x450.png 600w, https:\/\/uae.mosesexport.com\/wp-content\/uploads\/2024\/12\/\u0645\u0644\u062d-\u0628\u062d\u0631-300x225.png 300w, https:\/\/uae.mosesexport.com\/wp-content\/uploads\/2024\/12\/\u0645\u0644\u062d-\u0628\u062d\u0631-768x576.png 768w\" sizes=\"(max-width: 800px) 100vw, 800px\" title=\"\"><\/a><\/div><\/div><div class=\"wdt-media-image-cover-container\"><div class=\"wdt-content-button wdt-button-clone\"><a href=\"https:\/\/uae.mosesexport.com\/sv\/moses-kristaller-saltkristaller\/\"><div class=\"wdt-button-text\"><span>View<\/span><\/div><\/a><\/div><\/div><\/div><\/div><div class=\"wdt-content-detail-group\"><div class=\"wdt-content-title\"><h5><a href=\"https:\/\/uae.mosesexport.com\/sv\/moses-kristaller-saltkristaller\/\">MOSES\u00ae KRISTALLER, Saltkristaller<\/a><\/h5><\/div><div class=\"wdt-content-description\">100 % naturliga saltkristaller. Den ultimata referensen f\u00f6r vattenmjukg\u00f6rande salt.<\/div><\/div><\/div><\/div><\/div><div class=\"wdt-column-pagination wdt-snap-scroll-pagination\">\n\t\t\t\t\t\t<button class=\"wdt-pagination-prev wdt-module-id-8ae8894\">Previous<\/button>\n\t\t\t\t\t\t<button class=\"wdt-pagination-next wdt-module-id-8ae8894\">Next<\/button><\/div><\/div>\t\t\t\t<\/div>\n\t\t\t\t<\/div>\n\t\t\t\t\t<\/div>\n\t\t\t\t<\/div>\n\t\t<div class=\"elementor-element elementor-element-5496e84 e-flex e-con-boxed e-con e-parent\" data-id=\"5496e84\" data-element_type=\"container\" data-e-type=\"container\">\n\t\t\t\t\t<div class=\"e-con-inner\">\n\t\t\t\t<div class=\"elementor-element elementor-element-125031a wdt-cus-accordion1 elementor-widget elementor-widget-wdt-accordion-and-toggle\" data-id=\"125031a\" data-element_type=\"widget\" data-e-type=\"widget\" data-settings=\"{&quot;wdt_animation_effect&quot;:&quot;none&quot;}\" data-widget_type=\"wdt-accordion-and-toggle.default\">\n\t\t\t\t<div class=\"elementor-widget-container\">\n\t\t\t\t\t<div class=\"wdt-accordion-toggle-holder wdt-module-toggle wdt-template-classic wdt-expand-collapse-position-end\" id=\"wdt-accordion-and-toggle-125031a\"><div class=\"wdt-accordion-toggle-wrapper\"><div class=\"wdt-accordion-toggle-title-holder\"><div class=\"wdt-accordion-toggle-title\"><div class=\"wdt-accordion-toggle-title-prefix number\">1<\/div>Varf\u00f6r salt?<\/div><div class=\"wdt-accordion-toggle-icon\"><div class=\"wdt-accordion-toggle-icon-expand\"><svg aria-hidden=\"true\" class=\"e-font-icon-svg e-fas-chevron-down\" viewBox=\"0 0 448 512\" xmlns=\"http:\/\/www.w3.org\/2000\/svg\"><path d=\"M207.029 381.476L12.686 187.132c-9.373-9.373-9.373-24.569 0-33.941l22.667-22.667c9.357-9.357 24.522-9.375 33.901-.04L224 284.505l154.745-154.021c9.379-9.335 24.544-9.317 33.901.04l22.667 22.667c9.373 9.373 9.373 24.569 0 33.941L240.971 381.476c-9.373 9.372-24.569 9.372-33.942 0z\"><\/path><\/svg><\/div><div class=\"wdt-accordion-toggle-icon-collapse\"><svg aria-hidden=\"true\" class=\"e-font-icon-svg e-fas-chevron-right\" viewBox=\"0 0 320 512\" xmlns=\"http:\/\/www.w3.org\/2000\/svg\"><path d=\"M285.476 272.971L91.132 467.314c-9.373 9.373-24.569 9.373-33.941 0l-22.667-22.667c-9.357-9.357-9.375-24.522-.04-33.901L188.505 256 34.484 101.255c-9.335-9.379-9.317-24.544.04-33.901l22.667-22.667c9.373-9.373 24.569-9.373 33.941 0L285.475 239.03c9.373 9.372 9.373 24.568.001 33.941z\"><\/path><\/svg><\/div><\/div><\/div><div class=\"wdt-accordion-toggle-description\">Salt anv\u00e4nds f\u00f6r att g\u00f6ra saltlake f\u00f6r att spola rent, eller \u201dregenerera\u201d, hartsp\u00e4rlorna.\n\nAnv\u00e4nd alltid en h\u00f6grenhetssaltprodukt som \u00e4r speciellt utformad f\u00f6r anv\u00e4ndning i vattenavh\u00e4rdare. Fint koksalt eller bordssalt kan st\u00f6ra avh\u00e4rdarens prestanda, medan grovt havs- eller bergsalt kan inneh\u00e5lla f\u00f6roreningar.\n\nDet \u00e4r s\u00e4rskilt viktigt att anv\u00e4nda en vattenavh\u00e4rdare med \u201djonbyte\u201d \u2013 det vill s\u00e4ga en som anv\u00e4nder salt f\u00f6r att reng\u00f6ra hartset vilket f\u00e5ngar upp h\u00e5rdhetsmineralerna. Enheter som p\u00e5st\u00e5r sig anv\u00e4nda magnetiska eller elektriska krafter kan vara billigare, men kommer inte att ta bort h\u00e5rdheten.<\/div><\/div><div class=\"wdt-accordion-toggle-wrapper\"><div class=\"wdt-accordion-toggle-title-holder\"><div class=\"wdt-accordion-toggle-title\"><div class=\"wdt-accordion-toggle-title-prefix number\">2<\/div>Vad g\u00f6r vatten h\u00e5rt?<\/div><div class=\"wdt-accordion-toggle-icon\"><div class=\"wdt-accordion-toggle-icon-expand\"><svg aria-hidden=\"true\" class=\"e-font-icon-svg e-fas-chevron-down\" viewBox=\"0 0 448 512\" xmlns=\"http:\/\/www.w3.org\/2000\/svg\"><path d=\"M207.029 381.476L12.686 187.132c-9.373-9.373-9.373-24.569 0-33.941l22.667-22.667c9.357-9.357 24.522-9.375 33.901-.04L224 284.505l154.745-154.021c9.379-9.335 24.544-9.317 33.901.04l22.667 22.667c9.373 9.373 9.373 24.569 0 33.941L240.971 381.476c-9.373 9.372-24.569 9.372-33.942 0z\"><\/path><\/svg><\/div><div class=\"wdt-accordion-toggle-icon-collapse\"><svg aria-hidden=\"true\" class=\"e-font-icon-svg e-fas-chevron-right\" viewBox=\"0 0 320 512\" xmlns=\"http:\/\/www.w3.org\/2000\/svg\"><path d=\"M285.476 272.971L91.132 467.314c-9.373 9.373-24.569 9.373-33.941 0l-22.667-22.667c-9.357-9.357-9.375-24.522-.04-33.901L188.505 256 34.484 101.255c-9.335-9.379-9.317-24.544.04-33.901l22.667-22.667c9.373-9.373 24.569-9.373 33.941 0L285.475 239.03c9.373 9.372 9.373 24.568.001 33.941z\"><\/path><\/svg><\/div><\/div><\/div><div class=\"wdt-accordion-toggle-description\">Orden \"h\u00e5rt vatten\" beskriver vatten som inneh\u00e5ller kalcium och magnesium, h\u00e5rdhetsmineralerna. Regnvatten b\u00f6rjar som mjukt vatten, fritt fr\u00e5n dessa mineraler, och n\u00e4r det passerar \u00f6ver och genom jorden, och rinner ut i sj\u00f6ar, floder, vattendrag och grundvatten, absorberar det h\u00e5rdhetsmineralerna. \u00c4ven om dessa mineraler inte \u00e4r skadliga f\u00f6r din h\u00e4lsa, p\u00e5verkar de vattnets egenskaper och dess effektivitet vid tv\u00e4tt och reng\u00f6ring.<\/div><\/div><div class=\"wdt-accordion-toggle-wrapper\"><div class=\"wdt-accordion-toggle-title-holder\"><div class=\"wdt-accordion-toggle-title\"><div class=\"wdt-accordion-toggle-title-prefix number\">3<\/div>Vad g\u00f6r h\u00e5rt vatten?<\/div><div class=\"wdt-accordion-toggle-icon\"><div class=\"wdt-accordion-toggle-icon-expand\"><svg aria-hidden=\"true\" class=\"e-font-icon-svg e-fas-chevron-down\" viewBox=\"0 0 448 512\" xmlns=\"http:\/\/www.w3.org\/2000\/svg\"><path d=\"M207.029 381.476L12.686 187.132c-9.373-9.373-9.373-24.569 0-33.941l22.667-22.667c9.357-9.357 24.522-9.375 33.901-.04L224 284.505l154.745-154.021c9.379-9.335 24.544-9.317 33.901.04l22.667 22.667c9.373 9.373 9.373 24.569 0 33.941L240.971 381.476c-9.373 9.372-24.569 9.372-33.942 0z\"><\/path><\/svg><\/div><div class=\"wdt-accordion-toggle-icon-collapse\"><svg aria-hidden=\"true\" class=\"e-font-icon-svg e-fas-chevron-right\" viewBox=\"0 0 320 512\" xmlns=\"http:\/\/www.w3.org\/2000\/svg\"><path d=\"M285.476 272.971L91.132 467.314c-9.373 9.373-24.569 9.373-33.941 0l-22.667-22.667c-9.357-9.357-9.375-24.522-.04-33.901L188.505 256 34.484 101.255c-9.335-9.379-9.317-24.544.04-33.901l22.667-22.667c9.373-9.373 24.569-9.373 33.941 0L285.475 239.03c9.373 9.372 9.373 24.568.001 33.941z\"><\/path><\/svg><\/div><\/div><\/div><div class=\"wdt-accordion-toggle-description\">H\u00e5rt vatten kan f\u00f6rvandla de enklaste hush\u00e5llssysslor till h\u00e5rt arbete. Glas och disk blir fl\u00e4ckiga. Kl\u00e4derna ser mattare ut och k\u00e4nns inte lika mjuka. Badrumsinredning bildar en ful hinna. Tv\u00e5l och tv\u00e4ttmedel l\u00f6ddrar inte lika bra. Inte ens din hud och ditt h\u00e5r k\u00e4nns lika rent. H\u00e5rt vatten \u00e4r ocks\u00e5 tufft mot apparater, s\u00e4rskilt tv\u00e4ttmaskiner, diskmaskiner och varmvattenberedare.<\/div><\/div><\/div>\t\t\t\t<\/div>\n\t\t\t\t<\/div>\n\t\t\t\t\t<\/div>\n\t\t\t\t<\/div>\n\t\t\t\t<\/div>\n\t\t","protected":false},"excerpt":{"rendered":"<p>MOSES, salt f\u00f6r vattenmjukg\u00f6ring Vad g\u00f6r mjukare vatten b\u00e4ttre vatten? Och hur hj\u00e4lper vattenavh\u00e4rdare salt? Vatten som avh\u00e4rdats med en vattenavh\u00e4rdare g\u00f6r att ditt h\u00e5r och din hud k\u00e4nns mjuka efter din morgondusch och kan f\u00f6rb\u00e4ttra smaken p\u00e5 ditt dricksvatten. Vattenavh\u00e4rdare salt hj\u00e4lper till att h\u00e5lla vattenavh\u00e4rdare i toppskick s\u00e5 att de kan forts\u00e4tta att [&hellip;]<\/p>\n","protected":false},"author":1,"featured_media":32099,"parent":29170,"menu_order":0,"comment_status":"closed","ping_status":"closed","template":"","meta":{"footnotes":""},"class_list":["post-29144","page","type-page","status-publish","has-post-thumbnail","hentry"],"_links":{"self":[{"href":"https:\/\/uae.mosesexport.com\/sv\/wp-json\/wp\/v2\/pages\/29144","targetHints":{"allow":["GET"]}}],"collection":[{"href":"https:\/\/uae.mosesexport.com\/sv\/wp-json\/wp\/v2\/pages"}],"about":[{"href":"https:\/\/uae.mosesexport.com\/sv\/wp-json\/wp\/v2\/types\/page"}],"author":[{"embeddable":true,"href":"https:\/\/uae.mosesexport.com\/sv\/wp-json\/wp\/v2\/users\/1"}],"replies":[{"embeddable":true,"href":"https:\/\/uae.mosesexport.com\/sv\/wp-json\/wp\/v2\/comments?post=29144"}],"version-history":[{"count":0,"href":"https:\/\/uae.mosesexport.com\/sv\/wp-json\/wp\/v2\/pages\/29144\/revisions"}],"up":[{"embeddable":true,"href":"https:\/\/uae.mosesexport.com\/sv\/wp-json\/wp\/v2\/pages\/29170"}],"wp:featuredmedia":[{"embeddable":true,"href":"https:\/\/uae.mosesexport.com\/sv\/wp-json\/wp\/v2\/media\/32099"}],"wp:attachment":[{"href":"https:\/\/uae.mosesexport.com\/sv\/wp-json\/wp\/v2\/media?parent=29144"}],"curies":[{"name":"wp","href":"https:\/\/api.w.org\/{rel}","templated":true}]}}