{"id":29170,"date":"2024-12-22T13:28:42","date_gmt":"2024-12-22T11:28:42","guid":{"rendered":"https:\/\/uae.mosesexport.com\/salt-for-vattenbehandling\/"},"modified":"2026-02-03T15:30:54","modified_gmt":"2026-02-03T13:30:54","slug":"salt-for-vattenbehandling","status":"publish","type":"page","link":"https:\/\/uae.mosesexport.com\/sv\/salt\/salt-for-vattenbehandling\/","title":{"rendered":"Salt f\u00f6r vattenrening"},"content":{"rendered":"\t\t<div data-elementor-type=\"wp-page\" data-elementor-id=\"29170\" class=\"elementor elementor-29170 elementor-16574\">\n\t\t\t\t<div class=\"elementor-element elementor-element-41bee14 e-flex e-con-boxed e-con e-parent\" data-id=\"41bee14\" data-element_type=\"container\" data-e-type=\"container\" data-settings=\"{&quot;background_background&quot;:&quot;classic&quot;}\">\n\t\t\t\t\t<div class=\"e-con-inner\">\n\t\t\t\t<div class=\"elementor-element elementor-element-0272542 elementor-widget elementor-widget-heading\" data-id=\"0272542\" data-element_type=\"widget\" data-e-type=\"widget\" data-settings=\"{&quot;wdt_animation_effect&quot;:&quot;none&quot;}\" data-widget_type=\"heading.default\">\n\t\t\t\t<div class=\"elementor-widget-container\">\n\t\t\t\t\t<h3 class=\"elementor-heading-title elementor-size-default\">Salt f\u00f6r vattenrening Kategorier<\/h3>\t\t\t\t<\/div>\n\t\t\t\t<\/div>\n\t\t\t\t<div class=\"elementor-element elementor-element-4adc56e elementor-widget elementor-widget-text-editor\" data-id=\"4adc56e\" data-element_type=\"widget\" data-e-type=\"widget\" data-settings=\"{&quot;wdt_animation_effect&quot;:&quot;none&quot;}\" data-widget_type=\"text-editor.default\">\n\t\t\t\t<div class=\"elementor-widget-container\">\n\t\t\t\t\t\t\t\t\t<p>Salt f\u00f6r vattenrening \u00e4r viktigt f\u00f6r system utan saltvattenmjukg\u00f6rare och saltfria vattenbehandlingssystem, eftersom det effektivt minskar h\u00e5rdhetsframkallande mineraler som kalcium och magnesium. Perfekt f\u00f6r saltvattenfiltreringssystem f\u00f6r hela hush\u00e5ll, saltvattenfiltersystem och omv\u00e4nd osmos med saltvatten.<\/p>\t\t\t\t\t\t\t\t<\/div>\n\t\t\t\t<\/div>\n\t\t\t\t\t<\/div>\n\t\t\t\t<\/div>\n\t\t<div class=\"elementor-element elementor-element-e5ae213 e-flex e-con-boxed e-con e-parent\" data-id=\"e5ae213\" data-element_type=\"container\" data-e-type=\"container\">\n\t\t\t\t\t<div class=\"e-con-inner\">\n\t\t\t\t<div class=\"elementor-element elementor-element-1d42109 start start elementor-widget-mobile__width-inherit wdt-cus-service-style-01 elementor-widget elementor-widget-wdt-image-box\" data-id=\"1d42109\" data-element_type=\"widget\" data-e-type=\"widget\" data-settings=\"{&quot;button_normal_background_background&quot;:&quot;classic&quot;,&quot;button_normal_background_color&quot;:&quot;#FFC52700&quot;,&quot;button_hover_background_background&quot;:&quot;classic&quot;,&quot;button_hover_background_color&quot;:&quot;#FFC52700&quot;,&quot;columns&quot;:&quot;3&quot;,&quot;item_normal_background_background&quot;:&quot;gradient&quot;,&quot;item_normal_background_color&quot;:&quot;#003057&quot;,&quot;item_hover_background_background&quot;:&quot;gradient&quot;,&quot;_animation&quot;:&quot;none&quot;,&quot;columns_tablet&quot;:2,&quot;columns_mobile&quot;:1,&quot;carousel_arrows_prev_arrow_vertical_top_indent&quot;:{&quot;unit&quot;:&quot;%&quot;,&quot;size&quot;:&quot;&quot;,&quot;sizes&quot;:[]},&quot;carousel_arrows_prev_arrow_vertical_top_indent_tablet&quot;:{&quot;unit&quot;:&quot;%&quot;,&quot;size&quot;:&quot;&quot;,&quot;sizes&quot;:[]},&quot;carousel_arrows_prev_arrow_vertical_top_indent_mobile&quot;:{&quot;unit&quot;:&quot;%&quot;,&quot;size&quot;:&quot;&quot;,&quot;sizes&quot;:[]},&quot;carousel_arrows_prev_arrow_horizontal_left_indent&quot;:{&quot;unit&quot;:&quot;%&quot;,&quot;size&quot;:&quot;&quot;,&quot;sizes&quot;:[]},&quot;carousel_arrows_prev_arrow_horizontal_left_indent_tablet&quot;:{&quot;unit&quot;:&quot;%&quot;,&quot;size&quot;:&quot;&quot;,&quot;sizes&quot;:[]},&quot;carousel_arrows_prev_arrow_horizontal_left_indent_mobile&quot;:{&quot;unit&quot;:&quot;%&quot;,&quot;size&quot;:&quot;&quot;,&quot;sizes&quot;:[]},&quot;carousel_arrows_next_arrow_vertical_top_indent&quot;:{&quot;unit&quot;:&quot;%&quot;,&quot;size&quot;:&quot;&quot;,&quot;sizes&quot;:[]},&quot;carousel_arrows_next_arrow_vertical_top_indent_tablet&quot;:{&quot;unit&quot;:&quot;%&quot;,&quot;size&quot;:&quot;&quot;,&quot;sizes&quot;:[]},&quot;carousel_arrows_next_arrow_vertical_top_indent_mobile&quot;:{&quot;unit&quot;:&quot;%&quot;,&quot;size&quot;:&quot;&quot;,&quot;sizes&quot;:[]},&quot;carousel_arrows_next_arrow_horizontal_left_indent&quot;:{&quot;unit&quot;:&quot;%&quot;,&quot;size&quot;:&quot;&quot;,&quot;sizes&quot;:[]},&quot;carousel_arrows_next_arrow_horizontal_left_indent_tablet&quot;:{&quot;unit&quot;:&quot;%&quot;,&quot;size&quot;:&quot;&quot;,&quot;sizes&quot;:[]},&quot;carousel_arrows_next_arrow_horizontal_left_indent_mobile&quot;:{&quot;unit&quot;:&quot;%&quot;,&quot;size&quot;:&quot;&quot;,&quot;sizes&quot;:[]},&quot;wdt_animation_effect&quot;:&quot;none&quot;}\" data-widget_type=\"wdt-image-box.default\">\n\t\t\t\t<div class=\"elementor-widget-container\">\n\t\t\t\t\t<div class=\"wdt-image-box-holder wdt-content-item-holder wdt-column-holder wdt-rc-template-custom-template wdt-image-lightbox-popup wdt-image-active-class\" id=\"wdt-image-box-1d42109\" data-settings=\"{&quot;enable_popup&quot;:&quot;yes&quot;,&quot;enable_hover_class&quot;:&quot;yes&quot;}\"><div class=\"wdt-column-wrapper wdt-column-gap-wide wdt-snap-scroll-enabled\" data-column-settings=\"{&quot;columnDevices&quot;:[&quot;tablet&quot;,&quot;mobile&quot;]}\" data-module-id=\"wdt-module-id-1d42109\" id=\"wdt-module-id-1d42109\"><div class=\"wdt-column\"><div class=\"wdt-content-item\"><div class=\"wdt-content-media-group\"><div class=\"wdt-content-elements-group wdt-media-group wdt-media-image-cover\"><div class=\"wdt-content-image-wrapper \"><div class=\"wdt-content-image\"><a href=\"https:\/\/uae.mosesexport.com\/sv\/salt-for-vattenavhardning\/\"><img fetchpriority=\"high\" decoding=\"async\" width=\"800\" height=\"433\" src=\"https:\/\/uae.mosesexport.com\/wp-content\/uploads\/2026\/01\/Untitled-design.png\" class=\"attachment-full size-full wp-image-33106\" alt=\"Salt For Water Softening\" srcset=\"https:\/\/uae.mosesexport.com\/wp-content\/uploads\/2026\/01\/Untitled-design.png 800w, https:\/\/uae.mosesexport.com\/wp-content\/uploads\/2026\/01\/Untitled-design-600x325.png 600w, https:\/\/uae.mosesexport.com\/wp-content\/uploads\/2026\/01\/Untitled-design-300x162.png 300w, https:\/\/uae.mosesexport.com\/wp-content\/uploads\/2026\/01\/Untitled-design-768x416.png 768w\" sizes=\"(max-width: 800px) 100vw, 800px\" title=\"\"><\/a><\/div><\/div><div class=\"wdt-media-image-cover-container\"><div class=\"wdt-content-button wdt-button-clone\"><a href=\"https:\/\/uae.mosesexport.com\/sv\/salt-for-vattenavhardning\/\"><div class=\"wdt-button-text\"><span>View<\/span><\/div><\/a><\/div><\/div><\/div><\/div><div class=\"wdt-content-detail-group\"><div class=\"wdt-content-title\"><h5><a href=\"https:\/\/uae.mosesexport.com\/sv\/salt-for-vattenavhardning\/\">Salt f\u00f6r vattenavh\u00e4rdning<\/a><\/h5><\/div><div class=\"wdt-content-description\">Salt f\u00f6r vattenavh\u00e4rdning minskar vattnets h\u00e5rdhet och f\u00f6rhindrar kalkavlagringar i apparater. Idealiskt som avh\u00e4rdningssalt f\u00f6r Morton vattenavh\u00e4rdare, BWT-salt, Nuvo vattenavh\u00e4rdare, Aquasana vattenavh\u00e4rdare eller vattenavh\u00e4rdare utan saltsystem.<\/div><\/div><\/div><\/div><div class=\"wdt-column\"><div class=\"wdt-content-item\"><div class=\"wdt-content-media-group\"><div class=\"wdt-content-elements-group wdt-media-group wdt-media-image-cover\"><div class=\"wdt-content-image-wrapper \"><div class=\"wdt-content-image\"><a href=\"https:\/\/uae.mosesexport.com\/sv\/diskmaskin-salt\/\"><img decoding=\"async\" width=\"600\" height=\"402\" src=\"https:\/\/uae.mosesexport.com\/wp-content\/uploads\/2026\/01\/Dishwasher-Salt.png\" class=\"attachment-full size-full wp-image-33107\" alt=\"Dishwasher Salt\" srcset=\"https:\/\/uae.mosesexport.com\/wp-content\/uploads\/2026\/01\/Dishwasher-Salt.png 600w, https:\/\/uae.mosesexport.com\/wp-content\/uploads\/2026\/01\/Dishwasher-Salt-300x201.png 300w\" sizes=\"(max-width: 600px) 100vw, 600px\" title=\"\"><\/a><\/div><\/div><div class=\"wdt-media-image-cover-container\"><div class=\"wdt-content-button wdt-button-clone\"><a href=\"https:\/\/uae.mosesexport.com\/sv\/diskmaskin-salt\/\"><div class=\"wdt-button-text\"><span>View<\/span><\/div><\/a><\/div><\/div><\/div><\/div><div class=\"wdt-content-detail-group\"><div class=\"wdt-content-title\"><h5><a href=\"https:\/\/uae.mosesexport.com\/sv\/diskmaskin-salt\/\">Diskmaskinsalt<\/a><\/h5><\/div><div class=\"wdt-content-description\">Diskmaskinsalt \u00e4r speciellt framtaget f\u00f6r att f\u00f6rhindra kalkavlagringar i din diskmaskin, vilket s\u00e4kerst\u00e4ller optimal prestanda och l\u00e5ng livsl\u00e4ngd. Fungerar perfekt med Miele diskmaskinsalt, Finish diskmaskinsalt och Bosch diskmaskinsaltsystem.<\/div><\/div><\/div><\/div><div class=\"wdt-column\"><div class=\"wdt-content-item\"><div class=\"wdt-content-media-group\"><div class=\"wdt-content-elements-group wdt-media-group wdt-media-image-cover\"><div class=\"wdt-content-image-wrapper \"><div class=\"wdt-content-image\"><a href=\"https:\/\/uae.mosesexport.com\/sv\/poolsalt\/\"><img decoding=\"async\" width=\"750\" height=\"500\" src=\"https:\/\/uae.mosesexport.com\/wp-content\/uploads\/2026\/01\/Swimming-Pool-Salt.png\" class=\"attachment-full size-full wp-image-33108\" alt=\"Swimming Pool Salt\" srcset=\"https:\/\/uae.mosesexport.com\/wp-content\/uploads\/2026\/01\/Swimming-Pool-Salt.png 750w, https:\/\/uae.mosesexport.com\/wp-content\/uploads\/2026\/01\/Swimming-Pool-Salt-600x400.png 600w, https:\/\/uae.mosesexport.com\/wp-content\/uploads\/2026\/01\/Swimming-Pool-Salt-300x200.png 300w\" sizes=\"(max-width: 750px) 100vw, 750px\" title=\"\"><\/a><\/div><\/div><div class=\"wdt-media-image-cover-container\"><div class=\"wdt-content-button wdt-button-clone\"><a href=\"https:\/\/uae.mosesexport.com\/sv\/poolsalt\/\"><div class=\"wdt-button-text\"><span>View<\/span><\/div><\/a><\/div><\/div><\/div><\/div><div class=\"wdt-content-detail-group\"><div class=\"wdt-content-title\"><h5><a href=\"https:\/\/uae.mosesexport.com\/sv\/poolsalt\/\">Simbass\u00e4ngsalt<\/a><\/h5><\/div><div class=\"wdt-content-description\">Poolsalt fr\u00e5n Moses \u00e4r det b\u00e4sta valet f\u00f6r saltvattenpooler och erbjuder \u00f6verl\u00e4gsen kvalitet och s\u00e4kerhet. Som marknadsledare \u00e4r det betrott och uppfyller de str\u00e4ngaste standarderna f\u00f6r en ren och bekv\u00e4m simupplevelse.<\/div><\/div><\/div><\/div><\/div><div class=\"wdt-column-pagination wdt-snap-scroll-pagination\">\n\t\t\t\t\t\t<button class=\"wdt-pagination-prev wdt-module-id-1d42109\">Previous<\/button>\n\t\t\t\t\t\t<button class=\"wdt-pagination-next wdt-module-id-1d42109\">Next<\/button><\/div><\/div>\t\t\t\t<\/div>\n\t\t\t\t<\/div>\n\t\t\t\t\t<\/div>\n\t\t\t\t<\/div>\n\t\t<div class=\"elementor-element elementor-element-03aff1b e-flex e-con-boxed e-con e-parent\" data-id=\"03aff1b\" data-element_type=\"container\" data-e-type=\"container\">\n\t\t\t\t\t<div class=\"e-con-inner\">\n\t\t\t\t<div class=\"elementor-element elementor-element-378fc33 wdt-cus-accordion1 elementor-widget elementor-widget-wdt-accordion-and-toggle\" data-id=\"378fc33\" data-element_type=\"widget\" data-e-type=\"widget\" data-settings=\"{&quot;wdt_animation_effect&quot;:&quot;none&quot;}\" data-widget_type=\"wdt-accordion-and-toggle.default\">\n\t\t\t\t<div class=\"elementor-widget-container\">\n\t\t\t\t\t<div class=\"wdt-accordion-toggle-holder wdt-module-toggle wdt-template-classic wdt-expand-collapse-position-end\" id=\"wdt-accordion-and-toggle-378fc33\"><div class=\"wdt-accordion-toggle-wrapper\"><div class=\"wdt-accordion-toggle-title-holder\"><div class=\"wdt-accordion-toggle-title\"><div class=\"wdt-accordion-toggle-title-prefix number\">1<\/div>Vad \u00e4r vattenreningssalt eller vattenavh\u00e4rdarsalt?<\/div><div class=\"wdt-accordion-toggle-icon\"><div class=\"wdt-accordion-toggle-icon-expand\"><svg aria-hidden=\"true\" class=\"e-font-icon-svg e-fas-chevron-down\" viewBox=\"0 0 448 512\" xmlns=\"http:\/\/www.w3.org\/2000\/svg\"><path d=\"M207.029 381.476L12.686 187.132c-9.373-9.373-9.373-24.569 0-33.941l22.667-22.667c9.357-9.357 24.522-9.375 33.901-.04L224 284.505l154.745-154.021c9.379-9.335 24.544-9.317 33.901.04l22.667 22.667c9.373 9.373 9.373 24.569 0 33.941L240.971 381.476c-9.373 9.372-24.569 9.372-33.942 0z\"><\/path><\/svg><\/div><div class=\"wdt-accordion-toggle-icon-collapse\"><svg aria-hidden=\"true\" class=\"e-font-icon-svg e-fas-chevron-right\" viewBox=\"0 0 320 512\" xmlns=\"http:\/\/www.w3.org\/2000\/svg\"><path d=\"M285.476 272.971L91.132 467.314c-9.373 9.373-24.569 9.373-33.941 0l-22.667-22.667c-9.357-9.357-9.375-24.522-.04-33.901L188.505 256 34.484 101.255c-9.335-9.379-9.317-24.544.04-33.901l22.667-22.667c9.373-9.373 24.569-9.373 33.941 0L285.475 239.03c9.373 9.372 9.373 24.568.001 33.941z\"><\/path><\/svg><\/div><\/div><\/div><div class=\"wdt-accordion-toggle-description\">Vattenreningssalt \u00e4r ett \u00e4mne som anv\u00e4nds i vattenavh\u00e4rdare i processen att regenerera jonbytarharts. Det inneh\u00e5ller kemiska f\u00f6reningar som hj\u00e4lper till att avl\u00e4gsna \u00f6verskott av mineraler, s\u00e5som kalcium och magnesium, som g\u00f6r vattnet h\u00e5rt. Processen att regenerera jonbytarharts inneb\u00e4r att kalcium- och magnesiumjoner ers\u00e4tts med natriumjoner genom sk\u00f6ljning med salt. Vattenavh\u00e4rdarsalt m\u00f6jligg\u00f6r effektiv minskning av vattnets h\u00e5rdhet, vilket bidrar till f\u00f6rb\u00e4ttrad smak och f\u00f6rhindrar kalkavlagringar i r\u00f6r och apparater. Det \u00e4r en viktig komponent i vattenreningsprocessen, s\u00e4rskilt i omr\u00e5den d\u00e4r h\u00e5rt vatten \u00e4r ett problem. Med hj\u00e4lp av vattenreningssalt kan vi njuta av rent och avh\u00e4rdat vatten f\u00f6r dricks, matlagning och hush\u00e5llsbruk.<\/div><\/div><div class=\"wdt-accordion-toggle-wrapper\"><div class=\"wdt-accordion-toggle-title-holder\"><div class=\"wdt-accordion-toggle-title\"><div class=\"wdt-accordion-toggle-title-prefix number\">2<\/div>Hur framst\u00e4lls vattenavh\u00e4rdarsalt?<\/div><div class=\"wdt-accordion-toggle-icon\"><div class=\"wdt-accordion-toggle-icon-expand\"><svg aria-hidden=\"true\" class=\"e-font-icon-svg e-fas-chevron-down\" viewBox=\"0 0 448 512\" xmlns=\"http:\/\/www.w3.org\/2000\/svg\"><path d=\"M207.029 381.476L12.686 187.132c-9.373-9.373-9.373-24.569 0-33.941l22.667-22.667c9.357-9.357 24.522-9.375 33.901-.04L224 284.505l154.745-154.021c9.379-9.335 24.544-9.317 33.901.04l22.667 22.667c9.373 9.373 9.373 24.569 0 33.941L240.971 381.476c-9.373 9.372-24.569 9.372-33.942 0z\"><\/path><\/svg><\/div><div class=\"wdt-accordion-toggle-icon-collapse\"><svg aria-hidden=\"true\" class=\"e-font-icon-svg e-fas-chevron-right\" viewBox=\"0 0 320 512\" xmlns=\"http:\/\/www.w3.org\/2000\/svg\"><path d=\"M285.476 272.971L91.132 467.314c-9.373 9.373-24.569 9.373-33.941 0l-22.667-22.667c-9.357-9.357-9.375-24.522-.04-33.901L188.505 256 34.484 101.255c-9.335-9.379-9.317-24.544.04-33.901l22.667-22.667c9.373-9.373 24.569-9.373 33.941 0L285.475 239.03c9.373 9.372 9.373 24.568.001 33.941z\"><\/path><\/svg><\/div><\/div><\/div><div class=\"wdt-accordion-toggle-description\">Vattenavh\u00e4rdningssalt utvinns huvudsakligen fr\u00e5n bergsaltfyndigheter eller fr\u00e5n hav och oceaner. Processen f\u00f6r att utvinna salt b\u00f6rjar med att r\u00e5materialet utvinns fr\u00e5n saltgruvor eller att havsvatten indunstas i speciella saltpannor. Sedan genomg\u00e5r saltet en process av rening och f\u00f6rfining f\u00f6r att uppn\u00e5 \u00f6nskad renhet och kvalitet. Ytterligare ingredienser tills\u00e4tts ofta f\u00f6r att f\u00f6rb\u00e4ttra effektiviteten i vattenavh\u00e4rdningsprocessen, s\u00e5som klumpf\u00f6rebyggande medel. Vattenavh\u00e4rdningssalt kan finnas tillg\u00e4ngligt i form av tabletter, kristaller eller granuler, beroende p\u00e5 behovet. I slut\u00e4ndan anv\u00e4nds detta salt i speciella vattenavh\u00e4rdningsfilter.<\/div><\/div><div class=\"wdt-accordion-toggle-wrapper\"><div class=\"wdt-accordion-toggle-title-holder\"><div class=\"wdt-accordion-toggle-title\"><div class=\"wdt-accordion-toggle-title-prefix number\">3<\/div>Hur fungerar vattenreningssalt?<\/div><div class=\"wdt-accordion-toggle-icon\"><div class=\"wdt-accordion-toggle-icon-expand\"><svg aria-hidden=\"true\" class=\"e-font-icon-svg e-fas-chevron-down\" viewBox=\"0 0 448 512\" xmlns=\"http:\/\/www.w3.org\/2000\/svg\"><path d=\"M207.029 381.476L12.686 187.132c-9.373-9.373-9.373-24.569 0-33.941l22.667-22.667c9.357-9.357 24.522-9.375 33.901-.04L224 284.505l154.745-154.021c9.379-9.335 24.544-9.317 33.901.04l22.667 22.667c9.373 9.373 9.373 24.569 0 33.941L240.971 381.476c-9.373 9.372-24.569 9.372-33.942 0z\"><\/path><\/svg><\/div><div class=\"wdt-accordion-toggle-icon-collapse\"><svg aria-hidden=\"true\" class=\"e-font-icon-svg e-fas-chevron-right\" viewBox=\"0 0 320 512\" xmlns=\"http:\/\/www.w3.org\/2000\/svg\"><path d=\"M285.476 272.971L91.132 467.314c-9.373 9.373-24.569 9.373-33.941 0l-22.667-22.667c-9.357-9.357-9.375-24.522-.04-33.901L188.505 256 34.484 101.255c-9.335-9.379-9.317-24.544.04-33.901l22.667-22.667c9.373-9.373 24.569-9.373 33.941 0L285.475 239.03c9.373 9.372 9.373 24.568.001 33.941z\"><\/path><\/svg><\/div><\/div><\/div><div class=\"wdt-accordion-toggle-description\">Vattenreningssalt fungerar huvudsakligen genom jonbyte. Vatten som passerar genom jonbytarharts, som finns i antingen organisk eller oorganisk form, orsakar fris\u00e4ttning av natriumjoner fr\u00e5n hartset. D\u00e4refter absorberar jonbytarhartset o\u00f6nskade joner, s\u00e5som magnesium- eller kalciumjoner. Som ett resultat beh\u00e5lls naturliga f\u00f6roreningar och mineralsalter av hartset, och katjoniska joner associerade med natriumjoner frig\u00f6rs i det vatten som \u00e4r avsett f\u00f6r konsumtion. Genom denna process m\u00f6jligg\u00f6r vattenreningssalt avl\u00e4gsnande av skadliga \u00e4mnen och mjukg\u00f6ring av vattnet, vilket f\u00f6rb\u00e4ttrar dess smak och f\u00f6rhindrar kalkavlagringar i VVS-installationer. Det \u00e4r en effektiv metod f\u00f6r vattenrening som anv\u00e4nds b\u00e5de i privata hush\u00e5ll och inom industrier eller jordbruk.<\/div><\/div><div class=\"wdt-accordion-toggle-wrapper\"><div class=\"wdt-accordion-toggle-title-holder\"><div class=\"wdt-accordion-toggle-title\"><div class=\"wdt-accordion-toggle-title-prefix number\">4<\/div>Var anv\u00e4nds vattenrenings- och mjukg\u00f6ringssalt?<\/div><div class=\"wdt-accordion-toggle-icon\"><div class=\"wdt-accordion-toggle-icon-expand\"><svg aria-hidden=\"true\" class=\"e-font-icon-svg e-fas-chevron-down\" viewBox=\"0 0 448 512\" xmlns=\"http:\/\/www.w3.org\/2000\/svg\"><path d=\"M207.029 381.476L12.686 187.132c-9.373-9.373-9.373-24.569 0-33.941l22.667-22.667c9.357-9.357 24.522-9.375 33.901-.04L224 284.505l154.745-154.021c9.379-9.335 24.544-9.317 33.901.04l22.667 22.667c9.373 9.373 9.373 24.569 0 33.941L240.971 381.476c-9.373 9.372-24.569 9.372-33.942 0z\"><\/path><\/svg><\/div><div class=\"wdt-accordion-toggle-icon-collapse\"><svg aria-hidden=\"true\" class=\"e-font-icon-svg e-fas-chevron-right\" viewBox=\"0 0 320 512\" xmlns=\"http:\/\/www.w3.org\/2000\/svg\"><path d=\"M285.476 272.971L91.132 467.314c-9.373 9.373-24.569 9.373-33.941 0l-22.667-22.667c-9.357-9.357-9.375-24.522-.04-33.901L188.505 256 34.484 101.255c-9.335-9.379-9.317-24.544.04-33.901l22.667-22.667c9.373-9.373 24.569-9.373 33.941 0L285.475 239.03c9.373 9.372 9.373 24.568.001 33.941z\"><\/path><\/svg><\/div><\/div><\/div><div class=\"wdt-accordion-toggle-description\">Vattenrenings- och mjukg\u00f6ringssalt anv\u00e4nds p\u00e5 m\u00e5nga olika platser d\u00e4r det \u00e4r n\u00f6dv\u00e4ndigt att h\u00e5lla rent och mjukt vatten. Det anv\u00e4nds fr\u00e4mst i hem och l\u00e4genheter d\u00e4r problemet med vattenh\u00e5rdhet \u00e4r vanligt. Vattenreningssalt anv\u00e4nds ocks\u00e5 flitigt inom industrin, s\u00e4rskilt inom kemi- och livsmedelsindustrin, d\u00e4r rent vatten med r\u00e4tt h\u00e5rdhet \u00e4r avg\u00f6rande f\u00f6r produktionen. \u00c4ven i tillverkningsanl\u00e4ggningar som tv\u00e4tterier, biltv\u00e4ttar eller hotell spelar mjukg\u00f6ringssalt en avg\u00f6rande roll f\u00f6r att uppr\u00e4tth\u00e5lla h\u00f6gkvalitativa tj\u00e4nster. Dessutom anv\u00e4nds det i vattenrenings- och desinfektionsprocesser, b\u00e5de i avloppsreningsverk och i dricksvattenreningssystem. Slutligen \u00e4r mjukg\u00f6ringssalt oumb\u00e4rligt inom jordbruket, d\u00e4r mjukt vatten anv\u00e4nds f\u00f6r bevattning, jordg\u00f6dsling och f\u00f6r att uppr\u00e4tth\u00e5lla l\u00e4mpliga f\u00f6rh\u00e5llanden f\u00f6r djurh\u00e5llning. D\u00e4rf\u00f6r \u00e4r vattenreningssalt en otroligt viktig komponent f\u00f6r att uppr\u00e4tth\u00e5lla r\u00e4tt vattenkvalitet inom olika omr\u00e5den av m\u00e4nskligt liv och aktivitet.<\/div><\/div><\/div>\t\t\t\t<\/div>\n\t\t\t\t<\/div>\n\t\t\t\t\t<\/div>\n\t\t\t\t<\/div>\n\t\t\t\t<\/div>\n\t\t","protected":false},"excerpt":{"rendered":"<p>Salt f\u00f6r vattenrening Kategorier Salt f\u00f6r vattenrening \u00e4r viktigt f\u00f6r system utan saltvattenmjukg\u00f6rare och saltfria vattenbehandlingssystem, eftersom det effektivt minskar h\u00e5rdhetsframkallande mineraler som kalcium och magnesium. Perfekt f\u00f6r saltvattenfiltreringssystem f\u00f6r hela hush\u00e5ll, saltvattenfiltersystem och omv\u00e4nd osmos med saltvatten. View Salt f\u00f6r vattenavh\u00e4rdning Salt f\u00f6r vattenavh\u00e4rdning minskar vattnets h\u00e5rdhet och f\u00f6rhindrar kalkavlagringar i apparater. Idealiskt som [&hellip;]<\/p>\n","protected":false},"author":1,"featured_media":32114,"parent":29134,"menu_order":0,"comment_status":"closed","ping_status":"closed","template":"","meta":{"footnotes":""},"class_list":["post-29170","page","type-page","status-publish","has-post-thumbnail","hentry"],"_links":{"self":[{"href":"https:\/\/uae.mosesexport.com\/sv\/wp-json\/wp\/v2\/pages\/29170","targetHints":{"allow":["GET"]}}],"collection":[{"href":"https:\/\/uae.mosesexport.com\/sv\/wp-json\/wp\/v2\/pages"}],"about":[{"href":"https:\/\/uae.mosesexport.com\/sv\/wp-json\/wp\/v2\/types\/page"}],"author":[{"embeddable":true,"href":"https:\/\/uae.mosesexport.com\/sv\/wp-json\/wp\/v2\/users\/1"}],"replies":[{"embeddable":true,"href":"https:\/\/uae.mosesexport.com\/sv\/wp-json\/wp\/v2\/comments?post=29170"}],"version-history":[{"count":0,"href":"https:\/\/uae.mosesexport.com\/sv\/wp-json\/wp\/v2\/pages\/29170\/revisions"}],"up":[{"embeddable":true,"href":"https:\/\/uae.mosesexport.com\/sv\/wp-json\/wp\/v2\/pages\/29134"}],"wp:featuredmedia":[{"embeddable":true,"href":"https:\/\/uae.mosesexport.com\/sv\/wp-json\/wp\/v2\/media\/32114"}],"wp:attachment":[{"href":"https:\/\/uae.mosesexport.com\/sv\/wp-json\/wp\/v2\/media?parent=29170"}],"curies":[{"name":"wp","href":"https:\/\/api.w.org\/{rel}","templated":true}]}}